{"id":11075,"date":"2024-06-25T01:58:28","date_gmt":"2024-06-24T23:58:28","guid":{"rendered":"https:\/\/frutilu.com\/report-an-issue\/"},"modified":"2024-08-15T00:02:57","modified_gmt":"2024-08-14T22:02:57","slug":"ein-problem-melden","status":"publish","type":"page","link":"https:\/\/frutilu.com\/de\/ein-problem-melden\/","title":{"rendered":"Ein Problem melden?"},"content":{"rendered":"\t\t<div data-elementor-type=\"wp-page\" data-elementor-id=\"11075\" class=\"elementor elementor-11075 elementor-7476\" data-elementor-post-type=\"page\">\n\t\t\t\t<div class=\"elementor-element elementor-element-03b9a98 e-con-full e-flex e-con e-parent\" data-id=\"03b9a98\" data-element_type=\"container\" data-e-type=\"container\">\n\t\t\t\t<div class=\"elementor-element elementor-element-debe21b elementor-widget elementor-widget-grogin-page-banner\" data-id=\"debe21b\" data-element_type=\"widget\" data-e-type=\"widget\" data-widget_type=\"grogin-page-banner.default\">\n\t\t\t\t<div class=\"elementor-widget-container\">\n\t\t\t\t\t<div class=\"page-header text-center\"><div class=\"container\"><h3 class=\"entry-subtitle text-12 sm-text-13\">Meldung eines Fehlers<\/h3><h1 class=\"entry-title sm-text-56\">Haben Sie ein Problem auf der Website gefunden?<\/h1><div class=\"max-w-520 mx-auto text-13 sm-text-15\"><p class=\"mb-0\">Wenn Sie ein Problem mit der Website haben, Probleme beim Kauf haben oder \u00e4hnliches, benutzen Sie bitte das untenstehende Formular, um den Fehler zu melden.<\/p><\/div><!-- entry-teaser --><\/div><!-- container --><\/div>\t\t\t\t<\/div>\n\t\t\t\t<\/div>\n\t\t\t\t<\/div>\n\t\t<div class=\"elementor-element elementor-element-8ca1e0b e-flex e-con-boxed e-con e-parent\" data-id=\"8ca1e0b\" data-element_type=\"container\" data-e-type=\"container\">\n\t\t\t\t\t<div class=\"e-con-inner\">\n\t\t\t\t<div class=\"elementor-element elementor-element-53dd08a elementor-widget elementor-widget-text-editor\" data-id=\"53dd08a\" data-element_type=\"widget\" data-e-type=\"widget\" data-widget_type=\"text-editor.default\">\n\t\t\t\t<div class=\"elementor-widget-container\">\n\t\t\t\t\t\t\t\t\t<p style=\"text-align: center;\"><span style=\"font-size: 10pt;\">Das Formular ist nicht f\u00fcr Kommunikationszwecke gedacht und ist einseitig (keine Antwort).<\/span><\/p>\t\t\t\t\t\t\t\t<\/div>\n\t\t\t\t<\/div>\n\t\t\t\t\t<\/div>\n\t\t\t\t<\/div>\n\t\t<div class=\"elementor-element elementor-element-5946440 e-flex e-con-boxed e-con e-parent\" data-id=\"5946440\" data-element_type=\"container\" data-e-type=\"container\">\n\t\t\t\t\t<div class=\"e-con-inner\">\n\t\t<div class=\"elementor-element elementor-element-1e182ff e-con-full e-flex e-con e-child\" data-id=\"1e182ff\" data-element_type=\"container\" data-e-type=\"container\">\n\t\t\t\t<\/div>\n\t\t<div class=\"elementor-element elementor-element-7ef0667 e-con-full e-flex e-con e-child\" data-id=\"7ef0667\" data-element_type=\"container\" data-e-type=\"container\">\n\t\t\t\t<div class=\"elementor-element elementor-element-900b30a elementor-widget elementor-widget-grogin-contact-form-7\" data-id=\"900b30a\" data-element_type=\"widget\" data-e-type=\"widget\" data-widget_type=\"grogin-contact-form-7.default\">\n\t\t\t\t<div class=\"elementor-widget-container\">\n\t\t\t\t\t<div class=\"klb-contact-form contact-form-wrapper\">\n<div class=\"wpcf7 no-js\" id=\"wpcf7-f11083-o1\" lang=\"de-DE\" dir=\"ltr\" data-wpcf7-id=\"11083\">\n<div class=\"screen-reader-response\"><p role=\"status\" aria-live=\"polite\" aria-atomic=\"true\"><\/p> <ul><\/ul><\/div>\n<form action=\"\/de\/wp-json\/wp\/v2\/pages\/11075#wpcf7-f11083-o1\" method=\"post\" class=\"wpcf7-form init\" aria-label=\"Kontaktformular\" enctype=\"multipart\/form-data\" novalidate=\"novalidate\" data-status=\"init\">\n<fieldset class=\"hidden-fields-container\"><input type=\"hidden\" name=\"_wpcf7\" value=\"11083\" \/><input type=\"hidden\" name=\"_wpcf7_version\" value=\"6.1.5\" \/><input type=\"hidden\" name=\"_wpcf7_locale\" value=\"de_DE\" \/><input type=\"hidden\" name=\"_wpcf7_unit_tag\" value=\"wpcf7-f11083-o1\" \/><input type=\"hidden\" name=\"_wpcf7_container_post\" value=\"0\" \/><input type=\"hidden\" name=\"_wpcf7_posted_data_hash\" value=\"\" \/>\n<\/fieldset>\n<p><label> Ihre E-Mail <span class=\"wpcf7-form-control-wrap\" data-name=\"email-293\"><input size=\"40\" maxlength=\"400\" class=\"wpcf7-form-control wpcf7-email wpcf7-validates-as-required wpcf7-text wpcf7-validates-as-email\" aria-required=\"true\" aria-invalid=\"false\" value=\"\" type=\"email\" name=\"email-293\" \/><\/span><\/label>\n<\/p>\n<p><label> Kurze Beschreibung des Fehlers<br \/>\n<span class=\"wpcf7-form-control-wrap\" data-name=\"your-subject\"><input size=\"40\" maxlength=\"400\" class=\"wpcf7-form-control wpcf7-text wpcf7-validates-as-required\" aria-required=\"true\" aria-invalid=\"false\" value=\"\" type=\"text\" name=\"your-subject\" \/><\/span> <\/label>\n<\/p>\n<p><label> Art des Ger\u00e4ts<br \/>\n<span class=\"wpcf7-form-control-wrap\" data-name=\"menu-626\"><select class=\"wpcf7-form-control wpcf7-select wpcf7-validates-as-required\" aria-required=\"true\" aria-invalid=\"false\" name=\"menu-626\"><option value=\"Computer\">Computer<\/option><option value=\"Tablet\">Tablet<\/option><option value=\"Telefon\">Telefon<\/option><\/select><\/span> <\/label>\n<\/p>\n<p><label> Art des Betriebssystems<br \/>\n<span class=\"wpcf7-form-control-wrap\" data-name=\"menu-627\"><select class=\"wpcf7-form-control wpcf7-select wpcf7-validates-as-required\" aria-required=\"true\" aria-invalid=\"false\" name=\"menu-627\"><option value=\"Windows\">Windows<\/option><option value=\"Linux\">Linux<\/option><option value=\"Android\">Android<\/option><option value=\"iOS\">iOS<\/option><option value=\"Sonstiges\">Sonstiges<\/option><\/select><\/span> <\/label>\n<\/p>\n<p><label> Lange Beschreibung des Fehlers (optional)<br \/>\n<span class=\"wpcf7-form-control-wrap\" data-name=\"your-message\"><textarea cols=\"40\" rows=\"10\" maxlength=\"2000\" class=\"wpcf7-form-control wpcf7-textarea\" aria-invalid=\"false\" name=\"your-message\"><\/textarea><\/span> <\/label>\n<\/p>\n<p><label> URL (Link) des Fehlers (optional)<br \/>\n<span class=\"wpcf7-form-control-wrap\" data-name=\"url-571\"><input size=\"40\" maxlength=\"400\" class=\"wpcf7-form-control wpcf7-url wpcf7-text wpcf7-validates-as-url\" aria-invalid=\"false\" placeholder=\"URL eingeben\" value=\"\" type=\"url\" name=\"url-571\" \/><\/span> <\/label>\n<\/p>\n<p><label> Bildschirmfoto anh\u00e4ngen (optional)<br \/>\n<span class=\"wpcf7-form-control-wrap\" data-name=\"file-843\"><input size=\"40\" class=\"wpcf7-form-control wpcf7-file\" accept=\".jpeg,.jpg,.png,.pdf\" aria-invalid=\"false\" type=\"file\" name=\"file-843\" \/><\/span> <\/label>\n<\/p>\n<p><div class=\"cf7-cf-turnstile\" style=\"margin-top: 0px; margin-bottom: -15px;\"> <div id=\"cf-turnstile-cf7-3089281696\" class=\"cf-turnstile\" data-sitekey=\"0x4AAAAAAA1W-XNiR1wkWleS\" data-theme=\"light\" data-language=\"auto\" data-size=\"normal\" data-retry=\"auto\" data-retry-interval=\"1000\" data-refresh-expired=\"auto\" data-action=\"contact-form-7\" data-appearance=\"always\"><\/div> <script>document.addEventListener(\"DOMContentLoaded\", function() { setTimeout(function(){ var e=document.getElementById(\"cf-turnstile-cf7-3089281696\"); e&&!e.innerHTML.trim()&&(turnstile.remove(\"#cf-turnstile-cf7-3089281696\"), turnstile.render(\"#cf-turnstile-cf7-3089281696\", {sitekey:\"0x4AAAAAAA1W-XNiR1wkWleS\"})); }, 100); });<\/script> <br class=\"cf-turnstile-br cf-turnstile-br-cf7-3089281696\"> <style>#cf-turnstile-cf7-3089281696 { margin-left: -15px; }<\/style> <script>document.addEventListener(\"DOMContentLoaded\",function(){document.querySelectorAll('.wpcf7-form').forEach(function(e){e.addEventListener('submit',function(){if(document.getElementById('cf-turnstile-cf7-3089281696')){setTimeout(function(){turnstile.reset('#cf-turnstile-cf7-3089281696');},1000)}})})});<\/script> <\/div><br\/><input class=\"wpcf7-form-control wpcf7-submit has-spinner\" type=\"submit\" value=\"Senden\" \/>\n<\/p><div class=\"wpcf7-response-output\" aria-hidden=\"true\"><\/div>\n<\/form>\n<\/div>\n<\/div><!-- contact-form -->\t\t\t\t<\/div>\n\t\t\t\t<\/div>\n\t\t\t\t<\/div>\n\t\t<div class=\"elementor-element elementor-element-a28cbd8 e-con-full e-flex e-con e-child\" data-id=\"a28cbd8\" data-element_type=\"container\" data-e-type=\"container\">\n\t\t\t\t<\/div>\n\t\t\t\t\t<\/div>\n\t\t\t\t<\/div>\n\t\t<div class=\"elementor-element elementor-element-53fa539f e-flex e-con-boxed e-con e-parent\" data-id=\"53fa539f\" data-element_type=\"container\" data-e-type=\"container\" data-settings=\"{&quot;background_background&quot;:&quot;gradient&quot;}\">\n\t\t\t\t\t<div class=\"e-con-inner\">\n\t\t<div class=\"elementor-element elementor-element-41b3ca19 e-con-full e-flex e-con e-child\" data-id=\"41b3ca19\" data-element_type=\"container\" data-e-type=\"container\">\n\t\t\t\t<div class=\"elementor-element elementor-element-54fe91d9 elementor-widget elementor-widget-grogin-icon-box\" data-id=\"54fe91d9\" data-element_type=\"widget\" data-e-type=\"widget\" data-widget_type=\"grogin-icon-box.default\">\n\t\t\t\t<div class=\"elementor-widget-container\">\n\t\t\t\t\t<div class=\"site-iconbox d-flex align-items-start\"><div class=\"site-iconbox-icon\"><img decoding=\"async\" src=\"https:\/\/frutilu.com\/wp-content\/uploads\/2024\/04\/brezplacna-postnina.png\"><\/div><div class=\"site-iconbox-detail\"><h3 class=\"entry-title text-15 sm-text-16\">Brezpla\u010dna po\u0161tnina<\/h3><p class=\"text-13 text-gray-500 mb-0\">Pri nakupu izdelkov v vrednosti nad 30 EUR vam nudimo brezpla\u010dno po\u0161tnino!<\/p><\/div><\/div>\t\t\t\t<\/div>\n\t\t\t\t<\/div>\n\t\t\t\t<\/div>\n\t\t<div class=\"elementor-element elementor-element-1c155f0 e-con-full e-flex e-con e-child\" data-id=\"1c155f0\" data-element_type=\"container\" data-e-type=\"container\">\n\t\t\t\t<div class=\"elementor-element elementor-element-6df3eb0e elementor-widget elementor-widget-grogin-icon-box\" data-id=\"6df3eb0e\" data-element_type=\"widget\" data-e-type=\"widget\" data-widget_type=\"grogin-icon-box.default\">\n\t\t\t\t<div class=\"elementor-widget-container\">\n\t\t\t\t\t<div class=\"site-iconbox d-flex align-items-start\"><div class=\"site-iconbox-icon\"><img decoding=\"async\" src=\"https:\/\/frutilu.com\/wp-content\/uploads\/2024\/04\/hitra-dostava.png\"><\/div><div class=\"site-iconbox-detail\"><h3 class=\"entry-title text-15 sm-text-16\">Hitra dostava\n<\/h3><p class=\"text-13 text-gray-500 mb-0\">Zagotavljamo vam hitro in zanesljivo dostavo v najkraj\u0161em mo\u017enem \u010dasu.<\/p><\/div><\/div>\t\t\t\t<\/div>\n\t\t\t\t<\/div>\n\t\t\t\t<\/div>\n\t\t<div class=\"elementor-element elementor-element-3492227 e-con-full e-flex e-con e-child\" data-id=\"3492227\" data-element_type=\"container\" data-e-type=\"container\">\n\t\t\t\t<div class=\"elementor-element elementor-element-5ef06ba9 elementor-widget elementor-widget-grogin-icon-box\" data-id=\"5ef06ba9\" data-element_type=\"widget\" data-e-type=\"widget\" data-widget_type=\"grogin-icon-box.default\">\n\t\t\t\t<div class=\"elementor-widget-container\">\n\t\t\t\t\t<div class=\"site-iconbox d-flex align-items-start\"><div class=\"site-iconbox-icon\"><img decoding=\"async\" src=\"https:\/\/frutilu.com\/wp-content\/uploads\/2024\/04\/zagotavljena-kakovost.png\"><\/div><div class=\"site-iconbox-detail\"><h3 class=\"entry-title text-15 sm-text-16\">Preverjena kakovost<\/h3><p class=\"text-13 text-gray-500 mb-0\">Ponosni smo na preverjeno kakovost. Imamo izdelke vrhunskega standarda.<\/p><\/div><\/div>\t\t\t\t<\/div>\n\t\t\t\t<\/div>\n\t\t\t\t<\/div>\n\t\t<div class=\"elementor-element elementor-element-3ecfc9c0 e-con-full e-flex e-con e-child\" data-id=\"3ecfc9c0\" data-element_type=\"container\" data-e-type=\"container\">\n\t\t\t\t<div class=\"elementor-element elementor-element-53fcc802 elementor-widget elementor-widget-grogin-icon-box\" data-id=\"53fcc802\" data-element_type=\"widget\" data-e-type=\"widget\" data-widget_type=\"grogin-icon-box.default\">\n\t\t\t\t<div class=\"elementor-widget-container\">\n\t\t\t\t\t<div class=\"site-iconbox d-flex align-items-start\"><div class=\"site-iconbox-icon\"><img decoding=\"async\" src=\"https:\/\/frutilu.com\/wp-content\/uploads\/2024\/04\/varen-nakup.png\"><\/div><div class=\"site-iconbox-detail\"><h3 class=\"entry-title text-15 sm-text-16\">Varen nakup\n<\/h3><p class=\"text-13 text-gray-500 mb-0\">Pri nas varno nakupujete z najnovej\u0161imi varnostnimi tehnologijami (SSL itd.).<\/p><\/div><\/div>\t\t\t\t<\/div>\n\t\t\t\t<\/div>\n\t\t\t\t<\/div>\n\t\t\t\t\t<\/div>\n\t\t\t\t<\/div>\n\t\t\t\t<\/div>\n\t\t","protected":false},"excerpt":{"rendered":"<p>Meldung eines Fehlers Haben Sie ein Problem auf der Website gefunden? Wenn Sie ein Problem&#8230;<\/p>\n","protected":false},"author":1,"featured_media":0,"parent":0,"menu_order":0,"comment_status":"closed","ping_status":"closed","template":"","meta":{"footnotes":""},"class_list":["post-11075","page","type-page","status-publish","hentry"],"yoast_head":"<!-- This site is optimized with the Yoast SEO plugin v27.3 - https:\/\/yoast.com\/product\/yoast-seo-wordpress\/ -->\n<title>Ein Problem melden? - Frutilu.com<\/title>\n<meta name=\"robots\" content=\"index, follow, max-snippet:-1, max-image-preview:large, max-video-preview:-1\" \/>\n<link rel=\"canonical\" href=\"https:\/\/frutilu.com\/de\/ein-problem-melden\/\" \/>\n<meta property=\"og:locale\" content=\"de_DE\" \/>\n<meta property=\"og:type\" content=\"article\" \/>\n<meta property=\"og:title\" content=\"Ein Problem melden? - Frutilu.com\" \/>\n<meta property=\"og:description\" content=\"Meldung eines Fehlers Haben Sie ein Problem auf der Website gefunden? Wenn Sie ein Problem...\" \/>\n<meta property=\"og:url\" content=\"https:\/\/frutilu.com\/de\/ein-problem-melden\/\" \/>\n<meta property=\"og:site_name\" content=\"Frutilu.com\" \/>\n<meta property=\"article:publisher\" content=\"https:\/\/www.facebook.com\/people\/Frutilu-drinks\/61558194795721\/\" \/>\n<meta property=\"article:modified_time\" content=\"2024-08-14T22:02:57+00:00\" \/>\n<meta property=\"og:image\" content=\"https:\/\/frutilu.com\/wp-content\/uploads\/2024\/04\/brezplacna-postnina.png\" \/>\n<meta name=\"twitter:card\" content=\"summary_large_image\" \/>\n<meta name=\"twitter:label1\" content=\"Gesch\u00e4tzte Lesezeit\" \/>\n\t<meta name=\"twitter:data1\" content=\"2\u00a0Minute\" \/>\n<script type=\"application\/ld+json\" class=\"yoast-schema-graph\">{\"@context\":\"https:\\\/\\\/schema.org\",\"@graph\":[{\"@type\":\"WebPage\",\"@id\":\"https:\\\/\\\/frutilu.com\\\/de\\\/ein-problem-melden\\\/\",\"url\":\"https:\\\/\\\/frutilu.com\\\/de\\\/ein-problem-melden\\\/\",\"name\":\"Ein Problem melden? - Frutilu.com\",\"isPartOf\":{\"@id\":\"https:\\\/\\\/frutilu.com\\\/de\\\/#website\"},\"primaryImageOfPage\":{\"@id\":\"https:\\\/\\\/frutilu.com\\\/de\\\/ein-problem-melden\\\/#primaryimage\"},\"image\":{\"@id\":\"https:\\\/\\\/frutilu.com\\\/de\\\/ein-problem-melden\\\/#primaryimage\"},\"thumbnailUrl\":\"https:\\\/\\\/frutilu.com\\\/wp-content\\\/uploads\\\/2024\\\/04\\\/brezplacna-postnina.png\",\"datePublished\":\"2024-06-24T23:58:28+00:00\",\"dateModified\":\"2024-08-14T22:02:57+00:00\",\"inLanguage\":\"de\",\"potentialAction\":[{\"@type\":\"ReadAction\",\"target\":[\"https:\\\/\\\/frutilu.com\\\/de\\\/ein-problem-melden\\\/\"]}]},{\"@type\":\"ImageObject\",\"inLanguage\":\"de\",\"@id\":\"https:\\\/\\\/frutilu.com\\\/de\\\/ein-problem-melden\\\/#primaryimage\",\"url\":\"https:\\\/\\\/frutilu.com\\\/wp-content\\\/uploads\\\/2024\\\/04\\\/brezplacna-postnina.png\",\"contentUrl\":\"https:\\\/\\\/frutilu.com\\\/wp-content\\\/uploads\\\/2024\\\/04\\\/brezplacna-postnina.png\"},{\"@type\":\"WebSite\",\"@id\":\"https:\\\/\\\/frutilu.com\\\/de\\\/#website\",\"url\":\"https:\\\/\\\/frutilu.com\\\/de\\\/\",\"name\":\"Frutilu.com\",\"description\":\"Stay hydrated!\",\"publisher\":{\"@id\":\"https:\\\/\\\/frutilu.com\\\/de\\\/#organization\"},\"potentialAction\":[{\"@type\":\"SearchAction\",\"target\":{\"@type\":\"EntryPoint\",\"urlTemplate\":\"https:\\\/\\\/frutilu.com\\\/de\\\/?s={search_term_string}\"},\"query-input\":{\"@type\":\"PropertyValueSpecification\",\"valueRequired\":true,\"valueName\":\"search_term_string\"}}],\"inLanguage\":\"de\"},{\"@type\":\"Organization\",\"@id\":\"https:\\\/\\\/frutilu.com\\\/de\\\/#organization\",\"name\":\"Frutilu.com\",\"url\":\"https:\\\/\\\/frutilu.com\\\/de\\\/\",\"logo\":{\"@type\":\"ImageObject\",\"inLanguage\":\"de\",\"@id\":\"https:\\\/\\\/frutilu.com\\\/de\\\/#\\\/schema\\\/logo\\\/image\\\/\",\"url\":\"https:\\\/\\\/frutilu.com\\\/wp-content\\\/uploads\\\/2024\\\/04\\\/frutilu-logo-BLK-02.png\",\"contentUrl\":\"https:\\\/\\\/frutilu.com\\\/wp-content\\\/uploads\\\/2024\\\/04\\\/frutilu-logo-BLK-02.png\",\"width\":1714,\"height\":571,\"caption\":\"Frutilu.com\"},\"image\":{\"@id\":\"https:\\\/\\\/frutilu.com\\\/de\\\/#\\\/schema\\\/logo\\\/image\\\/\"},\"sameAs\":[\"https:\\\/\\\/www.facebook.com\\\/people\\\/Frutilu-drinks\\\/61558194795721\\\/\",\"https:\\\/\\\/www.instagram.com\\\/frutiludeutschland\",\"https:\\\/\\\/www.youtube.com\\\/@FrutiluDrinks\"]}]}<\/script>\n<!-- \/ Yoast SEO plugin. -->","yoast_head_json":{"title":"Ein Problem melden? - Frutilu.com","robots":{"index":"index","follow":"follow","max-snippet":"max-snippet:-1","max-image-preview":"max-image-preview:large","max-video-preview":"max-video-preview:-1"},"canonical":"https:\/\/frutilu.com\/de\/ein-problem-melden\/","og_locale":"de_DE","og_type":"article","og_title":"Ein Problem melden? - Frutilu.com","og_description":"Meldung eines Fehlers Haben Sie ein Problem auf der Website gefunden? Wenn Sie ein Problem...","og_url":"https:\/\/frutilu.com\/de\/ein-problem-melden\/","og_site_name":"Frutilu.com","article_publisher":"https:\/\/www.facebook.com\/people\/Frutilu-drinks\/61558194795721\/","article_modified_time":"2024-08-14T22:02:57+00:00","og_image":[{"url":"https:\/\/frutilu.com\/wp-content\/uploads\/2024\/04\/brezplacna-postnina.png","type":"","width":"","height":""}],"twitter_card":"summary_large_image","twitter_misc":{"Gesch\u00e4tzte Lesezeit":"2\u00a0Minute"},"schema":{"@context":"https:\/\/schema.org","@graph":[{"@type":"WebPage","@id":"https:\/\/frutilu.com\/de\/ein-problem-melden\/","url":"https:\/\/frutilu.com\/de\/ein-problem-melden\/","name":"Ein Problem melden? - Frutilu.com","isPartOf":{"@id":"https:\/\/frutilu.com\/de\/#website"},"primaryImageOfPage":{"@id":"https:\/\/frutilu.com\/de\/ein-problem-melden\/#primaryimage"},"image":{"@id":"https:\/\/frutilu.com\/de\/ein-problem-melden\/#primaryimage"},"thumbnailUrl":"https:\/\/frutilu.com\/wp-content\/uploads\/2024\/04\/brezplacna-postnina.png","datePublished":"2024-06-24T23:58:28+00:00","dateModified":"2024-08-14T22:02:57+00:00","inLanguage":"de","potentialAction":[{"@type":"ReadAction","target":["https:\/\/frutilu.com\/de\/ein-problem-melden\/"]}]},{"@type":"ImageObject","inLanguage":"de","@id":"https:\/\/frutilu.com\/de\/ein-problem-melden\/#primaryimage","url":"https:\/\/frutilu.com\/wp-content\/uploads\/2024\/04\/brezplacna-postnina.png","contentUrl":"https:\/\/frutilu.com\/wp-content\/uploads\/2024\/04\/brezplacna-postnina.png"},{"@type":"WebSite","@id":"https:\/\/frutilu.com\/de\/#website","url":"https:\/\/frutilu.com\/de\/","name":"Frutilu.com","description":"Stay hydrated!","publisher":{"@id":"https:\/\/frutilu.com\/de\/#organization"},"potentialAction":[{"@type":"SearchAction","target":{"@type":"EntryPoint","urlTemplate":"https:\/\/frutilu.com\/de\/?s={search_term_string}"},"query-input":{"@type":"PropertyValueSpecification","valueRequired":true,"valueName":"search_term_string"}}],"inLanguage":"de"},{"@type":"Organization","@id":"https:\/\/frutilu.com\/de\/#organization","name":"Frutilu.com","url":"https:\/\/frutilu.com\/de\/","logo":{"@type":"ImageObject","inLanguage":"de","@id":"https:\/\/frutilu.com\/de\/#\/schema\/logo\/image\/","url":"https:\/\/frutilu.com\/wp-content\/uploads\/2024\/04\/frutilu-logo-BLK-02.png","contentUrl":"https:\/\/frutilu.com\/wp-content\/uploads\/2024\/04\/frutilu-logo-BLK-02.png","width":1714,"height":571,"caption":"Frutilu.com"},"image":{"@id":"https:\/\/frutilu.com\/de\/#\/schema\/logo\/image\/"},"sameAs":["https:\/\/www.facebook.com\/people\/Frutilu-drinks\/61558194795721\/","https:\/\/www.instagram.com\/frutiludeutschland","https:\/\/www.youtube.com\/@FrutiluDrinks"]}]}},"_links":{"self":[{"href":"https:\/\/frutilu.com\/de\/wp-json\/wp\/v2\/pages\/11075","targetHints":{"allow":["GET"]}}],"collection":[{"href":"https:\/\/frutilu.com\/de\/wp-json\/wp\/v2\/pages"}],"about":[{"href":"https:\/\/frutilu.com\/de\/wp-json\/wp\/v2\/types\/page"}],"author":[{"embeddable":true,"href":"https:\/\/frutilu.com\/de\/wp-json\/wp\/v2\/users\/1"}],"replies":[{"embeddable":true,"href":"https:\/\/frutilu.com\/de\/wp-json\/wp\/v2\/comments?post=11075"}],"version-history":[{"count":0,"href":"https:\/\/frutilu.com\/de\/wp-json\/wp\/v2\/pages\/11075\/revisions"}],"wp:attachment":[{"href":"https:\/\/frutilu.com\/de\/wp-json\/wp\/v2\/media?parent=11075"}],"curies":[{"name":"wp","href":"https:\/\/api.w.org\/{rel}","templated":true}]}}