{"id":11107,"date":"2024-05-26T23:18:23","date_gmt":"2024-05-26T21:18:23","guid":{"rendered":"https:\/\/frutilu.com\/questions-and-answers\/"},"modified":"2025-09-04T15:12:20","modified_gmt":"2025-09-04T13:12:20","slug":"fragen-und-antworten","status":"publish","type":"page","link":"https:\/\/frutilu.com\/de\/fragen-und-antworten\/","title":{"rendered":"Fragen und Antworten"},"content":{"rendered":"\t\t<div data-elementor-type=\"wp-page\" data-elementor-id=\"11107\" class=\"elementor elementor-11107 elementor-6190\">\n\t\t\t\t<div class=\"elementor-element elementor-element-469d082e e-flex e-con-boxed e-con e-parent\" data-id=\"469d082e\" data-element_type=\"container\" data-e-type=\"container\">\n\t\t\t\t\t<div class=\"e-con-inner\">\n\t\t\t\t<div class=\"elementor-element elementor-element-22d6f157 elementor-widget elementor-widget-shortcode\" data-id=\"22d6f157\" data-element_type=\"widget\" data-e-type=\"widget\" data-widget_type=\"shortcode.default\">\n\t\t\t\t<div class=\"elementor-widget-container\">\n\t\t\t\t\t\t\t<div class=\"elementor-shortcode\">\t\t\t<div class=\"yith-faqs\">\n\t\t\t\t\t\t\t\t\t<div class=\"yith-faqs-search\">\n\t\t\t\t\t\t<div class=\"yith-faqs-search-container\">\n\t\t\t\t\t\t\t<div class=\"yith-faqs-search-input\">\n\t\t\t\t\t\t\t\t<label class=\"screen-reader-text\">Suche FAQ<\/label>\n\t\t\t\t\t\t\t\t<input type=\"text\" value=\"\" name=\"search\" placeholder=\"Suche FAQ\"\/>\n\t\t\t\t\t\t\t<\/div>\n\t\t\t\t\t\t\t<div class=\"yith-faqs-search-button\">\n\t\t\t\t\t\t\t\t<button type=\"submit\"><i class=\"yfwp-search\"><\/i><\/button>\n\t\t\t\t\t\t\t<\/div>\n\t\t\t\t\t\t<\/div>\n\t\t\t\t\t\t<div class=\"yith-faqs-reset-container\">\n\t\t\t\t\t\t\t<a class=\"yith-faqs-reset\" href=\"https:\/\/frutilu.com\/de\/fragen-und-antworten\/\">Reset<\/a>\n\t\t\t\t\t\t<\/div>\n\t\t\t\t\t<\/div>\n\t\t\t\t\t\n\t\t\t\t\t<ul class=\"yith-faqs-categories pill\">\n\t\t\t\t\t\t<li>\n\t\t\t\t\t\t\t<a href=\"?term_id=all\" class=\"active\">ALLE<\/a>\n\t\t\t\t\t\t<\/li>\n\t\t\t\t\t\t\t\t\t\t\t\t\t<li>\n\t\t\t\t\t\t\t\t<a href=\"?term_id=1233\" class=\"\">LIEFERUNG<\/a>\n\t\t\t\t\t\t\t<\/li>\n\t\t\t\t\t\t\t\t\t\t\t\t\t<li>\n\t\t\t\t\t\t\t\t<a href=\"?term_id=1236\" class=\"\">PRODUKTE<\/a>\n\t\t\t\t\t\t\t<\/li>\n\t\t\t\t\t\t\t\t\t\t\t\t\t<li>\n\t\t\t\t\t\t\t\t<a href=\"?term_id=1239\" class=\"\">KAUF<\/a>\n\t\t\t\t\t\t\t<\/li>\n\t\t\t\t\t\t\t\t\t\t\t\t\t<li>\n\t\t\t\t\t\t\t\t<a href=\"?term_id=1241\" class=\"\">R\u00dcCKGABE<\/a>\n\t\t\t\t\t\t\t<\/li>\n\t\t\t\t\t\t\t\t\t\t\t<\/ul>\n\n\t\t\t\t\t\t\t\t<div id=\"yith-faqs-container\" class=\"yith-faqs-container yith-faq-type-accordion pill yith-faqs-no-page  default-loader\" style=\"--ywfp-icon-font-size: 14px;\">\n\n\t\t\t\t\t\n\t\t\t\t\t\n\t\t\t\t\t\t\t\t\t\t\t\t<div id=\"faq-21275\" class=\"yith-faqs-item icon-right opened active\">\n\t\t\t\t\t\t\t<div class=\"yith-faqs-title\">\n\t\t\t\t\t\t\t\t\t\t\t\t\t\t\t\t\t<div class=\"icon yfwp-chevron-down\"><\/div>\n\t\t\t\t\t\t\t\t\t\t\t\t\t\t\t\t<b>Wie viel Frutilu Instant-Getr\u00e4nk sollte ich mit Wasser mischen?<\/b>\n\t\t\t\t\t\t\t<\/div>\n\t\t\t\t\t\t\t<div class=\"yith-faqs-content-wrapper\">\n\t\t\t\t\t\t\t\t<div class=\"yith-faqs-content\">\n\t\t\t\t\t\t\t\t\t\n<p>Die Menge des Frutilu Instant-Getr\u00e4nks h\u00e4ngt davon ab, wie viel Getr\u00e4nk Sie zubereiten m\u00f6chten und wie intensiv Sie den Geschmack m\u00f6gen. Hier sind einige Richtwerte:<\/p>\n\n\n\n<ul class=\"wp-block-list\">\n<li>F\u00fcr <strong>3 dcl Wasser<\/strong>: etwa <strong>1\/4 Teel\u00f6ffel<\/strong> verwenden<\/li>\n\n\n\n<li>F\u00fcr <strong><sup>1<\/sup>\/<sub>2<\/sub> Liter (5 dcl) Wasser<\/strong>: etwa <strong><sup>1<\/sup>\/<sub>2<\/sub> Teel\u00f6ffel<\/strong> verwenden<\/li>\n\n\n\n<li>F\u00fcr <strong>1 Liter Wasser<\/strong>: etwa <strong>1 Teel\u00f6ffel<\/strong> verwenden<\/li>\n<\/ul>\n\n\n\n<p><strong>Passen Sie den Geschmack nat\u00fcrlich ganz nach Ihrem Wunsch an<\/strong>! Manche m\u00f6gen es intensiver, andere lieber milder. Frutilu gibt Ihnen die Freiheit, Ihr perfektes Getr\u00e4nk zu kreieren \u2013 immer ohne zugesetzten Zucker und mit nat\u00fcrlicher Frische.<\/p>\n\t\t\t\t\t\t\t\t<\/div>\n\t\t\t\t\t\t\t\t\t\t\t\t\t\t\t\t\t<div class=\"yith-faqs-link\">\n\t\t\t\t\t\t\t\t\t\t<a class=\"yith-faqs-copy\" href=\"#\" data-faq=\"https:\/\/frutilu.com\/de\/fragen-und-antworten\/#faq-21275\">\n\t\t\t\t\t\t\t\t\t\t\t<span class=\"hover-text\">Link kopieren<\/span>\n\t\t\t\t\t\t\t\t\t\t\t<span class=\"success-text\">Kopiert!<\/span>\n\t\t\t\t\t\t\t\t\t\t<\/a>\n\t\t\t\t\t\t\t\t\t<\/div>\n\t\t\t\t\t\t\t\t\t\t\t\t\t\t\t<\/div>\n\t\t\t\t\t\t<\/div>\n\n\t\t\t\t\t\n\t\t\t\t\t\t\t\t\t\t\t\t<div id=\"faq-11129\" class=\"yith-faqs-item icon-right\">\n\t\t\t\t\t\t\t<div class=\"yith-faqs-title\">\n\t\t\t\t\t\t\t\t\t\t\t\t\t\t\t\t\t<div class=\"icon yfwp-chevron-down\"><\/div>\n\t\t\t\t\t\t\t\t\t\t\t\t\t\t\t\t<b>Enthalten Frutilu-Getr\u00e4nke Zucker?<\/b>\n\t\t\t\t\t\t\t<\/div>\n\t\t\t\t\t\t\t<div class=\"yith-faqs-content-wrapper\">\n\t\t\t\t\t\t\t\t<div class=\"yith-faqs-content\">\n\t\t\t\t\t\t\t\t\t<p>Frutilu-Getr\u00e4nke enthalten keinen Zucker, sondern den nat\u00fcrlichen S\u00fc\u00dfstoff Stevia und den S\u00fc\u00dfstoff Sucralose.<\/p>\n\t\t\t\t\t\t\t\t<\/div>\n\t\t\t\t\t\t\t\t\t\t\t\t\t\t\t\t\t<div class=\"yith-faqs-link\">\n\t\t\t\t\t\t\t\t\t\t<a class=\"yith-faqs-copy\" href=\"#\" data-faq=\"https:\/\/frutilu.com\/de\/fragen-und-antworten\/#faq-11129\">\n\t\t\t\t\t\t\t\t\t\t\t<span class=\"hover-text\">Link kopieren<\/span>\n\t\t\t\t\t\t\t\t\t\t\t<span class=\"success-text\">Kopiert!<\/span>\n\t\t\t\t\t\t\t\t\t\t<\/a>\n\t\t\t\t\t\t\t\t\t<\/div>\n\t\t\t\t\t\t\t\t\t\t\t\t\t\t\t<\/div>\n\t\t\t\t\t\t<\/div>\n\n\t\t\t\t\t\n\t\t\t\t\t\t\t\t\t\t\t\t<div id=\"faq-18649\" class=\"yith-faqs-item icon-right\">\n\t\t\t\t\t\t\t<div class=\"yith-faqs-title\">\n\t\t\t\t\t\t\t\t\t\t\t\t\t\t\t\t\t<div class=\"icon yfwp-chevron-down\"><\/div>\n\t\t\t\t\t\t\t\t\t\t\t\t\t\t\t\t<b>Welche S\u00fc\u00dfstoffe werden in Frutilu-Getr\u00e4nken verwendet?<\/b>\n\t\t\t\t\t\t\t<\/div>\n\t\t\t\t\t\t\t<div class=\"yith-faqs-content-wrapper\">\n\t\t\t\t\t\t\t\t<div class=\"yith-faqs-content\">\n\t\t\t\t\t\t\t\t\t<p>Frutilu-Getr\u00e4nke enthalten den nat\u00fcrlichen S\u00fc\u00dfstoff Stevia und den S\u00fc\u00dfstoff Sucralose. Beide S\u00fc\u00dfstoffe sind energiefrei, erh\u00f6hen den Blutzucker nicht und sind auch f\u00fcr Diabetiker geeignet. Unser Ziel ist es, erfrischende Getr\u00e4nke mit nat\u00fcrlicher S\u00fc\u00dfe anzubieten.<\/p>\n\t\t\t\t\t\t\t\t<\/div>\n\t\t\t\t\t\t\t\t\t\t\t\t\t\t\t\t\t<div class=\"yith-faqs-link\">\n\t\t\t\t\t\t\t\t\t\t<a class=\"yith-faqs-copy\" href=\"#\" data-faq=\"https:\/\/frutilu.com\/de\/fragen-und-antworten\/#faq-18649\">\n\t\t\t\t\t\t\t\t\t\t\t<span class=\"hover-text\">Link kopieren<\/span>\n\t\t\t\t\t\t\t\t\t\t\t<span class=\"success-text\">Kopiert!<\/span>\n\t\t\t\t\t\t\t\t\t\t<\/a>\n\t\t\t\t\t\t\t\t\t<\/div>\n\t\t\t\t\t\t\t\t\t\t\t\t\t\t\t<\/div>\n\t\t\t\t\t\t<\/div>\n\n\t\t\t\t\t\n\t\t\t\t\t\t\t\t\t\t\t\t<div id=\"faq-18354\" class=\"yith-faqs-item icon-right\">\n\t\t\t\t\t\t\t<div class=\"yith-faqs-title\">\n\t\t\t\t\t\t\t\t\t\t\t\t\t\t\t\t\t<div class=\"icon yfwp-chevron-down\"><\/div>\n\t\t\t\t\t\t\t\t\t\t\t\t\t\t\t\t<b>Sind Frutilu-Getr\u00e4nke f\u00fcr Kinder geeignet?<\/b>\n\t\t\t\t\t\t\t<\/div>\n\t\t\t\t\t\t\t<div class=\"yith-faqs-content-wrapper\">\n\t\t\t\t\t\t\t\t<div class=\"yith-faqs-content\">\n\t\t\t\t\t\t\t\t\t<p>Frutilu-Getr\u00e4nke enthalten keine Schadstoffe und sind daher f\u00fcr Kinder geeignet, allerdings nur in moderaten Mengen.<\/p>\n\t\t\t\t\t\t\t\t<\/div>\n\t\t\t\t\t\t\t\t\t\t\t\t\t\t\t\t\t<div class=\"yith-faqs-link\">\n\t\t\t\t\t\t\t\t\t\t<a class=\"yith-faqs-copy\" href=\"#\" data-faq=\"https:\/\/frutilu.com\/de\/fragen-und-antworten\/#faq-18354\">\n\t\t\t\t\t\t\t\t\t\t\t<span class=\"hover-text\">Link kopieren<\/span>\n\t\t\t\t\t\t\t\t\t\t\t<span class=\"success-text\">Kopiert!<\/span>\n\t\t\t\t\t\t\t\t\t\t<\/a>\n\t\t\t\t\t\t\t\t\t<\/div>\n\t\t\t\t\t\t\t\t\t\t\t\t\t\t\t<\/div>\n\t\t\t\t\t\t<\/div>\n\n\t\t\t\t\t\n\t\t\t\t\t\t\t\t\t\t\t\t<div id=\"faq-18322\" class=\"yith-faqs-item icon-right\">\n\t\t\t\t\t\t\t<div class=\"yith-faqs-title\">\n\t\t\t\t\t\t\t\t\t\t\t\t\t\t\t\t\t<div class=\"icon yfwp-chevron-down\"><\/div>\n\t\t\t\t\t\t\t\t\t\t\t\t\t\t\t\t<b>Sind Frutilu-Getr\u00e4nke f\u00fcr Schwangere und Stillende geeignet?<\/b>\n\t\t\t\t\t\t\t<\/div>\n\t\t\t\t\t\t\t<div class=\"yith-faqs-content-wrapper\">\n\t\t\t\t\t\t\t\t<div class=\"yith-faqs-content\">\n\t\t\t\t\t\t\t\t\t<p>Frutilu-Getr\u00e4nke verf\u00fcgen \u00fcber ein Lebensmittelsicherheitszertifikat und sind daher f\u00fcr Schwangere und Stillende geeignet. Wir empfehlen jedoch, vor dem Verzehr Ihren Arzt zu konsultieren.<\/p>\n\t\t\t\t\t\t\t\t<\/div>\n\t\t\t\t\t\t\t\t\t\t\t\t\t\t\t\t\t<div class=\"yith-faqs-link\">\n\t\t\t\t\t\t\t\t\t\t<a class=\"yith-faqs-copy\" href=\"#\" data-faq=\"https:\/\/frutilu.com\/de\/fragen-und-antworten\/#faq-18322\">\n\t\t\t\t\t\t\t\t\t\t\t<span class=\"hover-text\">Link kopieren<\/span>\n\t\t\t\t\t\t\t\t\t\t\t<span class=\"success-text\">Kopiert!<\/span>\n\t\t\t\t\t\t\t\t\t\t<\/a>\n\t\t\t\t\t\t\t\t\t<\/div>\n\t\t\t\t\t\t\t\t\t\t\t\t\t\t\t<\/div>\n\t\t\t\t\t\t<\/div>\n\n\t\t\t\t\t\n\t\t\t\t\t\t\t\t\t\t\t\t<div id=\"faq-18316\" class=\"yith-faqs-item icon-right\">\n\t\t\t\t\t\t\t<div class=\"yith-faqs-title\">\n\t\t\t\t\t\t\t\t\t\t\t\t\t\t\t\t\t<div class=\"icon yfwp-chevron-down\"><\/div>\n\t\t\t\t\t\t\t\t\t\t\t\t\t\t\t\t<b>Sind Frutilu-Getr\u00e4nke f\u00fcr Diabetiker geeignet?<\/b>\n\t\t\t\t\t\t\t<\/div>\n\t\t\t\t\t\t\t<div class=\"yith-faqs-content-wrapper\">\n\t\t\t\t\t\t\t\t<div class=\"yith-faqs-content\">\n\t\t\t\t\t\t\t\t\t<p>Frutilu-Getr\u00e4nke enthalten keinen Zuckerzusatz und sind daher f\u00fcr Diabetiker geeignet. Wir empfehlen Ihnen jedoch, vor dem Verzehr Ihren Arzt zu konsultieren.<\/p>\n\t\t\t\t\t\t\t\t<\/div>\n\t\t\t\t\t\t\t\t\t\t\t\t\t\t\t\t\t<div class=\"yith-faqs-link\">\n\t\t\t\t\t\t\t\t\t\t<a class=\"yith-faqs-copy\" href=\"#\" data-faq=\"https:\/\/frutilu.com\/de\/fragen-und-antworten\/#faq-18316\">\n\t\t\t\t\t\t\t\t\t\t\t<span class=\"hover-text\">Link kopieren<\/span>\n\t\t\t\t\t\t\t\t\t\t\t<span class=\"success-text\">Kopiert!<\/span>\n\t\t\t\t\t\t\t\t\t\t<\/a>\n\t\t\t\t\t\t\t\t\t<\/div>\n\t\t\t\t\t\t\t\t\t\t\t\t\t\t\t<\/div>\n\t\t\t\t\t\t<\/div>\n\n\t\t\t\t\t\n\t\t\t\t\t\t\t\t\t\t\t\t<div id=\"faq-11125\" class=\"yith-faqs-item icon-right\">\n\t\t\t\t\t\t\t<div class=\"yith-faqs-title\">\n\t\t\t\t\t\t\t\t\t\t\t\t\t\t\t\t\t<div class=\"icon yfwp-chevron-down\"><\/div>\n\t\t\t\t\t\t\t\t\t\t\t\t\t\t\t\t<b>Sind Frutilu-Getr\u00e4nke zur Gewichtsabnahme geeignet?<\/b>\n\t\t\t\t\t\t\t<\/div>\n\t\t\t\t\t\t\t<div class=\"yith-faqs-content-wrapper\">\n\t\t\t\t\t\t\t\t<div class=\"yith-faqs-content\">\n\t\t\t\t\t\t\t\t\t<p>Frutilu-Getr\u00e4nke sind eine willkommene Erg\u00e4nzung zu Schlankheitskuren, da sie keinen Zucker enthalten und den Appetit auf S\u00fc\u00dfes d\u00e4mpfen. Die Getr\u00e4nke k\u00f6nnen auch als S\u00fc\u00dfungsmittel und Aromastoff f\u00fcr die Zubereitung zuckerfreier S\u00fc\u00dfspeisen oder Mocktails verwendet werden.<\/p>\n\t\t\t\t\t\t\t\t<\/div>\n\t\t\t\t\t\t\t\t\t\t\t\t\t\t\t\t\t<div class=\"yith-faqs-link\">\n\t\t\t\t\t\t\t\t\t\t<a class=\"yith-faqs-copy\" href=\"#\" data-faq=\"https:\/\/frutilu.com\/de\/fragen-und-antworten\/#faq-11125\">\n\t\t\t\t\t\t\t\t\t\t\t<span class=\"hover-text\">Link kopieren<\/span>\n\t\t\t\t\t\t\t\t\t\t\t<span class=\"success-text\">Kopiert!<\/span>\n\t\t\t\t\t\t\t\t\t\t<\/a>\n\t\t\t\t\t\t\t\t\t<\/div>\n\t\t\t\t\t\t\t\t\t\t\t\t\t\t\t<\/div>\n\t\t\t\t\t\t<\/div>\n\n\t\t\t\t\t\n\t\t\t\t\t\t\t\t\t\t\t\t<div id=\"faq-11127\" class=\"yith-faqs-item icon-right\">\n\t\t\t\t\t\t\t<div class=\"yith-faqs-title\">\n\t\t\t\t\t\t\t\t\t\t\t\t\t\t\t\t\t<div class=\"icon yfwp-chevron-down\"><\/div>\n\t\t\t\t\t\t\t\t\t\t\t\t\t\t\t\t<b>Welche Inhaltsstoffe enthalten die Frutilu-Getr\u00e4nke?<\/b>\n\t\t\t\t\t\t\t<\/div>\n\t\t\t\t\t\t\t<div class=\"yith-faqs-content-wrapper\">\n\t\t\t\t\t\t\t\t<div class=\"yith-faqs-content\">\n\t\t\t\t\t\t\t\t\t<p>Alle Zutaten und N\u00e4hrwerte sind unter jeder einzelnen Geschmacksrichtung auf der Registerkarte Zutaten und N\u00e4hrwerte aufgef\u00fchrt.<\/p>\n\t\t\t\t\t\t\t\t<\/div>\n\t\t\t\t\t\t\t\t\t\t\t\t\t\t\t\t\t<div class=\"yith-faqs-link\">\n\t\t\t\t\t\t\t\t\t\t<a class=\"yith-faqs-copy\" href=\"#\" data-faq=\"https:\/\/frutilu.com\/de\/fragen-und-antworten\/#faq-11127\">\n\t\t\t\t\t\t\t\t\t\t\t<span class=\"hover-text\">Link kopieren<\/span>\n\t\t\t\t\t\t\t\t\t\t\t<span class=\"success-text\">Kopiert!<\/span>\n\t\t\t\t\t\t\t\t\t\t<\/a>\n\t\t\t\t\t\t\t\t\t<\/div>\n\t\t\t\t\t\t\t\t\t\t\t\t\t\t\t<\/div>\n\t\t\t\t\t\t<\/div>\n\n\t\t\t\t\t\n\t\t\t\t\t\t\t\t\t\t\t\t<div id=\"faq-11123\" class=\"yith-faqs-item icon-right\">\n\t\t\t\t\t\t\t<div class=\"yith-faqs-title\">\n\t\t\t\t\t\t\t\t\t\t\t\t\t\t\t\t\t<div class=\"icon yfwp-chevron-down\"><\/div>\n\t\t\t\t\t\t\t\t\t\t\t\t\t\t\t\t<b>Wie viel Getr\u00e4nk kann ich mit einem 10g-Beutel herstellen?<\/b>\n\t\t\t\t\t\t\t<\/div>\n\t\t\t\t\t\t\t<div class=\"yith-faqs-content-wrapper\">\n\t\t\t\t\t\t\t\t<div class=\"yith-faqs-content\">\n\t\t\t\t\t\t\t\t\t<p>Mit einem 10-g-Beutel k\u00f6nnen Sie mindestens 1,5 l Getr\u00e4nk zubereiten, bis zu 3 l (je nach Geschmack).<\/p>\n\t\t\t\t\t\t\t\t<\/div>\n\t\t\t\t\t\t\t\t\t\t\t\t\t\t\t\t\t<div class=\"yith-faqs-link\">\n\t\t\t\t\t\t\t\t\t\t<a class=\"yith-faqs-copy\" href=\"#\" data-faq=\"https:\/\/frutilu.com\/de\/fragen-und-antworten\/#faq-11123\">\n\t\t\t\t\t\t\t\t\t\t\t<span class=\"hover-text\">Link kopieren<\/span>\n\t\t\t\t\t\t\t\t\t\t\t<span class=\"success-text\">Kopiert!<\/span>\n\t\t\t\t\t\t\t\t\t\t<\/a>\n\t\t\t\t\t\t\t\t\t<\/div>\n\t\t\t\t\t\t\t\t\t\t\t\t\t\t\t<\/div>\n\t\t\t\t\t\t<\/div>\n\n\t\t\t\t\t\n\t\t\t\t\t\t\t\t\t\t\t\t<div id=\"faq-11114\" class=\"yith-faqs-item icon-right\">\n\t\t\t\t\t\t\t<div class=\"yith-faqs-title\">\n\t\t\t\t\t\t\t\t\t\t\t\t\t\t\t\t\t<div class=\"icon yfwp-chevron-down\"><\/div>\n\t\t\t\t\t\t\t\t\t\t\t\t\t\t\t\t<b>An welche Adresse kann ich Produkte zur\u00fccksenden?<\/b>\n\t\t\t\t\t\t\t<\/div>\n\t\t\t\t\t\t\t<div class=\"yith-faqs-content-wrapper\">\n\t\t\t\t\t\t\t\t<div class=\"yith-faqs-content\">\n\t\t\t\t\t\t\t\t\t<p>Produkte k\u00f6nnen an die Adresse zur\u00fcckgeschickt werden: Frutilu d.o.o., \u017dlebe 78, 1215 Medvode, Slovenia.<\/p>\n\t\t\t\t\t\t\t\t<\/div>\n\t\t\t\t\t\t\t\t\t\t\t\t\t\t\t\t\t<div class=\"yith-faqs-link\">\n\t\t\t\t\t\t\t\t\t\t<a class=\"yith-faqs-copy\" href=\"#\" data-faq=\"https:\/\/frutilu.com\/de\/fragen-und-antworten\/#faq-11114\">\n\t\t\t\t\t\t\t\t\t\t\t<span class=\"hover-text\">Link kopieren<\/span>\n\t\t\t\t\t\t\t\t\t\t\t<span class=\"success-text\">Kopiert!<\/span>\n\t\t\t\t\t\t\t\t\t\t<\/a>\n\t\t\t\t\t\t\t\t\t<\/div>\n\t\t\t\t\t\t\t\t\t\t\t\t\t\t\t<\/div>\n\t\t\t\t\t\t<\/div>\n\n\t\t\t\t\t\n\t\t\t\t\t\t\t\t\t\t\t\t<div id=\"faq-11115\" class=\"yith-faqs-item icon-right\">\n\t\t\t\t\t\t\t<div class=\"yith-faqs-title\">\n\t\t\t\t\t\t\t\t\t\t\t\t\t\t\t\t\t<div class=\"icon yfwp-chevron-down\"><\/div>\n\t\t\t\t\t\t\t\t\t\t\t\t\t\t\t\t<b>Wie lauten die R\u00fcckgabebedingungen?<\/b>\n\t\t\t\t\t\t\t<\/div>\n\t\t\t\t\t\t\t<div class=\"yith-faqs-content-wrapper\">\n\t\t\t\t\t\t\t\t<div class=\"yith-faqs-content\">\n\t\t\t\t\t\t\t\t\t<p>Der K\u00e4ufer kann FRUTILU innerhalb von 14 Tagen nach Erhalt der Ware mitteilen, dass er die Produkte zur\u00fcckgeben m\u00f6chte. Die R\u00fccksendekosten (Porto) gehen zu Lasten des K\u00e4ufers. Der K\u00e4ufer muss die Produkte sp\u00e4testens 14 Tage nach der Mitteilung, dass er die Produkte zur\u00fcckgeben m\u00f6chte, zur\u00fcckgeben.<\/p>\n<p>Der K\u00e4ufer muss die Ware unbesch\u00e4digt, in der Originalverpackung und in der gleichen Menge zur\u00fccksenden.<\/p>\n<p>Ein R\u00fccktritt vom Vertrag ist in folgenden F\u00e4llen nicht m\u00f6glich:<\/p>\n<ul>\n<li>wenn die Ware besch\u00e4digt oder verschmutzt ist oder sichtbare Gebrauchsspuren aufweist (physische Besch\u00e4digung der Verpackung, Kontakt mit Fl\u00fcssigkeit),<\/li>\n<li>wenn die Verpackung ge\u00f6ffnet oder zerrissen wurde oder der Inhalt teilweise benutzt wurde,<\/li>\n<li>wenn die Ware gewaschen wurde,<\/li>\n<li>wenn der Stoff mit Fell oder Haaren bedeckt ist,<\/li>\n<li>wenn die Ware nicht vollst\u00e4ndig ist (z.z. B. wenn Bestandteile fehlen, die das Ganze ausmachen).<\/li>\n<li><strong>Warnung: Flaschen und Fl\u00e4schchen k\u00f6nnen aus hygienischen Gr\u00fcnden nicht zur\u00fcckgenommen werden.<\/strong><\/li>\n<\/ul>\n\t\t\t\t\t\t\t\t<\/div>\n\t\t\t\t\t\t\t\t\t\t\t\t\t\t\t\t\t<div class=\"yith-faqs-link\">\n\t\t\t\t\t\t\t\t\t\t<a class=\"yith-faqs-copy\" href=\"#\" data-faq=\"https:\/\/frutilu.com\/de\/fragen-und-antworten\/#faq-11115\">\n\t\t\t\t\t\t\t\t\t\t\t<span class=\"hover-text\">Link kopieren<\/span>\n\t\t\t\t\t\t\t\t\t\t\t<span class=\"success-text\">Kopiert!<\/span>\n\t\t\t\t\t\t\t\t\t\t<\/a>\n\t\t\t\t\t\t\t\t\t<\/div>\n\t\t\t\t\t\t\t\t\t\t\t\t\t\t\t<\/div>\n\t\t\t\t\t\t<\/div>\n\n\t\t\t\t\t\n\t\t\t\t\t\t\t\t\t\t\t\t<div id=\"faq-11117\" class=\"yith-faqs-item icon-right\">\n\t\t\t\t\t\t\t<div class=\"yith-faqs-title\">\n\t\t\t\t\t\t\t\t\t\t\t\t\t\t\t\t\t<div class=\"icon yfwp-chevron-down\"><\/div>\n\t\t\t\t\t\t\t\t\t\t\t\t\t\t\t\t<b>Versenden Sie Pakete weltweit?<\/b>\n\t\t\t\t\t\t\t<\/div>\n\t\t\t\t\t\t\t<div class=\"yith-faqs-content-wrapper\">\n\t\t\t\t\t\t\t\t<div class=\"yith-faqs-content\">\n\t\t\t\t\t\t\t\t\t<p>Ja, Frutilu versendet Pakete weltweit. Die H\u00f6he der Versandkosten h\u00e4ngt vom jeweiligen Land ab.<\/p>\n\t\t\t\t\t\t\t\t<\/div>\n\t\t\t\t\t\t\t\t\t\t\t\t\t\t\t\t\t<div class=\"yith-faqs-link\">\n\t\t\t\t\t\t\t\t\t\t<a class=\"yith-faqs-copy\" href=\"#\" data-faq=\"https:\/\/frutilu.com\/de\/fragen-und-antworten\/#faq-11117\">\n\t\t\t\t\t\t\t\t\t\t\t<span class=\"hover-text\">Link kopieren<\/span>\n\t\t\t\t\t\t\t\t\t\t\t<span class=\"success-text\">Kopiert!<\/span>\n\t\t\t\t\t\t\t\t\t\t<\/a>\n\t\t\t\t\t\t\t\t\t<\/div>\n\t\t\t\t\t\t\t\t\t\t\t\t\t\t\t<\/div>\n\t\t\t\t\t\t<\/div>\n\n\t\t\t\t\t\n\t\t\t\t\t\t\t\t\t\t\t\t<div id=\"faq-11119\" class=\"yith-faqs-item icon-right\">\n\t\t\t\t\t\t\t<div class=\"yith-faqs-title\">\n\t\t\t\t\t\t\t\t\t\t\t\t\t\t\t\t\t<div class=\"icon yfwp-chevron-down\"><\/div>\n\t\t\t\t\t\t\t\t\t\t\t\t\t\t\t\t<b>Wann erhalte ich kostenlosen Versand?<\/b>\n\t\t\t\t\t\t\t<\/div>\n\t\t\t\t\t\t\t<div class=\"yith-faqs-content-wrapper\">\n\t\t\t\t\t\t\t\t<div class=\"yith-faqs-content\">\n\t\t\t\t\t\t\t\t\t<p>Bestellungen mit einem Wert von 50,00\u20ac oder mehr sind versandkostenfrei, aber nur f\u00fcr Lieferungen innerhalb Sloweniens.<\/p>\n\t\t\t\t\t\t\t\t<\/div>\n\t\t\t\t\t\t\t\t\t\t\t\t\t\t\t\t\t<div class=\"yith-faqs-link\">\n\t\t\t\t\t\t\t\t\t\t<a class=\"yith-faqs-copy\" href=\"#\" data-faq=\"https:\/\/frutilu.com\/de\/fragen-und-antworten\/#faq-11119\">\n\t\t\t\t\t\t\t\t\t\t\t<span class=\"hover-text\">Link kopieren<\/span>\n\t\t\t\t\t\t\t\t\t\t\t<span class=\"success-text\">Kopiert!<\/span>\n\t\t\t\t\t\t\t\t\t\t<\/a>\n\t\t\t\t\t\t\t\t\t<\/div>\n\t\t\t\t\t\t\t\t\t\t\t\t\t\t\t<\/div>\n\t\t\t\t\t\t<\/div>\n\n\t\t\t\t\t\n\t\t\t\t\t\t\t\t\t\t\t\t<div id=\"faq-11121\" class=\"yith-faqs-item icon-right\">\n\t\t\t\t\t\t\t<div class=\"yith-faqs-title\">\n\t\t\t\t\t\t\t\t\t\t\t\t\t\t\t\t\t<div class=\"icon yfwp-chevron-down\"><\/div>\n\t\t\t\t\t\t\t\t\t\t\t\t\t\t\t\t<b>Wie hoch ist der Mindestbestellwert?<\/b>\n\t\t\t\t\t\t\t<\/div>\n\t\t\t\t\t\t\t<div class=\"yith-faqs-content-wrapper\">\n\t\t\t\t\t\t\t\t<div class=\"yith-faqs-content\">\n\t\t\t\t\t\t\t\t\t<p>Der Mindestwert betr\u00e4gt 10,00\u20ac.<\/p>\n\t\t\t\t\t\t\t\t<\/div>\n\t\t\t\t\t\t\t\t\t\t\t\t\t\t\t\t\t<div class=\"yith-faqs-link\">\n\t\t\t\t\t\t\t\t\t\t<a class=\"yith-faqs-copy\" href=\"#\" data-faq=\"https:\/\/frutilu.com\/de\/fragen-und-antworten\/#faq-11121\">\n\t\t\t\t\t\t\t\t\t\t\t<span class=\"hover-text\">Link kopieren<\/span>\n\t\t\t\t\t\t\t\t\t\t\t<span class=\"success-text\">Kopiert!<\/span>\n\t\t\t\t\t\t\t\t\t\t<\/a>\n\t\t\t\t\t\t\t\t\t<\/div>\n\t\t\t\t\t\t\t\t\t\t\t\t\t\t\t<\/div>\n\t\t\t\t\t\t<\/div>\n\n\t\t\t\t\t\n\t\t\t\t<\/div>\n\t\t\t\t\t\t\t<\/div>\n\t\t\t<\/div>\n\t\t\t\t\t\t<\/div>\n\t\t\t\t<\/div>\n\t\t\t\t\t<\/div>\n\t\t\t\t<\/div>\n\t\t\t\t<\/div>\n\t\t","protected":false},"excerpt":{"rendered":"","protected":false},"author":1,"featured_media":0,"parent":0,"menu_order":0,"comment_status":"closed","ping_status":"closed","template":"","meta":{"footnotes":""},"class_list":["post-11107","page","type-page","status-publish","hentry"],"yoast_head":"<!-- This site is optimized with the Yoast SEO plugin v27.5 - https:\/\/yoast.com\/product\/yoast-seo-wordpress\/ -->\n<title>Fragen und Antworten - Frutilu.com<\/title>\n<meta name=\"robots\" content=\"index, follow, max-snippet:-1, max-image-preview:large, max-video-preview:-1\" \/>\n<link rel=\"canonical\" href=\"https:\/\/frutilu.com\/de\/fragen-und-antworten\/\" \/>\n<meta property=\"og:locale\" content=\"de_DE\" \/>\n<meta property=\"og:type\" content=\"article\" \/>\n<meta property=\"og:title\" content=\"Fragen und Antworten - Frutilu.com\" \/>\n<meta property=\"og:url\" content=\"https:\/\/frutilu.com\/de\/fragen-und-antworten\/\" \/>\n<meta property=\"og:site_name\" content=\"Frutilu.com\" \/>\n<meta property=\"article:publisher\" content=\"https:\/\/www.facebook.com\/people\/Frutilu-drinks\/61558194795721\/\" \/>\n<meta property=\"article:modified_time\" content=\"2025-09-04T13:12:20+00:00\" \/>\n<meta property=\"og:image\" content=\"https:\/\/frutilu.com\/wp-content\/uploads\/2024\/06\/main_frutilu_picture.png\" \/>\n\t<meta property=\"og:image:width\" content=\"1080\" \/>\n\t<meta property=\"og:image:height\" content=\"1080\" \/>\n\t<meta property=\"og:image:type\" content=\"image\/png\" \/>\n<meta name=\"twitter:card\" content=\"summary_large_image\" \/>\n<script type=\"application\/ld+json\" class=\"yoast-schema-graph\">{\"@context\":\"https:\\\/\\\/schema.org\",\"@graph\":[{\"@type\":\"WebPage\",\"@id\":\"https:\\\/\\\/frutilu.com\\\/de\\\/fragen-und-antworten\\\/\",\"url\":\"https:\\\/\\\/frutilu.com\\\/de\\\/fragen-und-antworten\\\/\",\"name\":\"Fragen und Antworten - Frutilu.com\",\"isPartOf\":{\"@id\":\"https:\\\/\\\/frutilu.com\\\/de\\\/#website\"},\"datePublished\":\"2024-05-26T21:18:23+00:00\",\"dateModified\":\"2025-09-04T13:12:20+00:00\",\"inLanguage\":\"de\",\"potentialAction\":[{\"@type\":\"ReadAction\",\"target\":[\"https:\\\/\\\/frutilu.com\\\/de\\\/fragen-und-antworten\\\/\"]}]},{\"@type\":\"WebSite\",\"@id\":\"https:\\\/\\\/frutilu.com\\\/de\\\/#website\",\"url\":\"https:\\\/\\\/frutilu.com\\\/de\\\/\",\"name\":\"Frutilu.com\",\"description\":\"Stay hydrated!\",\"publisher\":{\"@id\":\"https:\\\/\\\/frutilu.com\\\/de\\\/#organization\"},\"potentialAction\":[{\"@type\":\"SearchAction\",\"target\":{\"@type\":\"EntryPoint\",\"urlTemplate\":\"https:\\\/\\\/frutilu.com\\\/de\\\/?s={search_term_string}\"},\"query-input\":{\"@type\":\"PropertyValueSpecification\",\"valueRequired\":true,\"valueName\":\"search_term_string\"}}],\"inLanguage\":\"de\"},{\"@type\":\"Organization\",\"@id\":\"https:\\\/\\\/frutilu.com\\\/de\\\/#organization\",\"name\":\"Frutilu.com\",\"url\":\"https:\\\/\\\/frutilu.com\\\/de\\\/\",\"logo\":{\"@type\":\"ImageObject\",\"inLanguage\":\"de\",\"@id\":\"https:\\\/\\\/frutilu.com\\\/de\\\/#\\\/schema\\\/logo\\\/image\\\/\",\"url\":\"https:\\\/\\\/frutilu.com\\\/wp-content\\\/uploads\\\/2024\\\/04\\\/frutilu-logo-BLK-02.png\",\"contentUrl\":\"https:\\\/\\\/frutilu.com\\\/wp-content\\\/uploads\\\/2024\\\/04\\\/frutilu-logo-BLK-02.png\",\"width\":1714,\"height\":571,\"caption\":\"Frutilu.com\"},\"image\":{\"@id\":\"https:\\\/\\\/frutilu.com\\\/de\\\/#\\\/schema\\\/logo\\\/image\\\/\"},\"sameAs\":[\"https:\\\/\\\/www.facebook.com\\\/people\\\/Frutilu-drinks\\\/61558194795721\\\/\",\"https:\\\/\\\/www.instagram.com\\\/frutiludeutschland\",\"https:\\\/\\\/www.youtube.com\\\/@FrutiluDrinks\"]}]}<\/script>\n<!-- \/ Yoast SEO plugin. -->","yoast_head_json":{"title":"Fragen und Antworten - Frutilu.com","robots":{"index":"index","follow":"follow","max-snippet":"max-snippet:-1","max-image-preview":"max-image-preview:large","max-video-preview":"max-video-preview:-1"},"canonical":"https:\/\/frutilu.com\/de\/fragen-und-antworten\/","og_locale":"de_DE","og_type":"article","og_title":"Fragen und Antworten - Frutilu.com","og_url":"https:\/\/frutilu.com\/de\/fragen-und-antworten\/","og_site_name":"Frutilu.com","article_publisher":"https:\/\/www.facebook.com\/people\/Frutilu-drinks\/61558194795721\/","article_modified_time":"2025-09-04T13:12:20+00:00","og_image":[{"width":1080,"height":1080,"url":"https:\/\/frutilu.com\/wp-content\/uploads\/2024\/06\/main_frutilu_picture.png","type":"image\/png"}],"twitter_card":"summary_large_image","schema":{"@context":"https:\/\/schema.org","@graph":[{"@type":"WebPage","@id":"https:\/\/frutilu.com\/de\/fragen-und-antworten\/","url":"https:\/\/frutilu.com\/de\/fragen-und-antworten\/","name":"Fragen und Antworten - Frutilu.com","isPartOf":{"@id":"https:\/\/frutilu.com\/de\/#website"},"datePublished":"2024-05-26T21:18:23+00:00","dateModified":"2025-09-04T13:12:20+00:00","inLanguage":"de","potentialAction":[{"@type":"ReadAction","target":["https:\/\/frutilu.com\/de\/fragen-und-antworten\/"]}]},{"@type":"WebSite","@id":"https:\/\/frutilu.com\/de\/#website","url":"https:\/\/frutilu.com\/de\/","name":"Frutilu.com","description":"Stay hydrated!","publisher":{"@id":"https:\/\/frutilu.com\/de\/#organization"},"potentialAction":[{"@type":"SearchAction","target":{"@type":"EntryPoint","urlTemplate":"https:\/\/frutilu.com\/de\/?s={search_term_string}"},"query-input":{"@type":"PropertyValueSpecification","valueRequired":true,"valueName":"search_term_string"}}],"inLanguage":"de"},{"@type":"Organization","@id":"https:\/\/frutilu.com\/de\/#organization","name":"Frutilu.com","url":"https:\/\/frutilu.com\/de\/","logo":{"@type":"ImageObject","inLanguage":"de","@id":"https:\/\/frutilu.com\/de\/#\/schema\/logo\/image\/","url":"https:\/\/frutilu.com\/wp-content\/uploads\/2024\/04\/frutilu-logo-BLK-02.png","contentUrl":"https:\/\/frutilu.com\/wp-content\/uploads\/2024\/04\/frutilu-logo-BLK-02.png","width":1714,"height":571,"caption":"Frutilu.com"},"image":{"@id":"https:\/\/frutilu.com\/de\/#\/schema\/logo\/image\/"},"sameAs":["https:\/\/www.facebook.com\/people\/Frutilu-drinks\/61558194795721\/","https:\/\/www.instagram.com\/frutiludeutschland","https:\/\/www.youtube.com\/@FrutiluDrinks"]}]}},"_links":{"self":[{"href":"https:\/\/frutilu.com\/de\/wp-json\/wp\/v2\/pages\/11107","targetHints":{"allow":["GET"]}}],"collection":[{"href":"https:\/\/frutilu.com\/de\/wp-json\/wp\/v2\/pages"}],"about":[{"href":"https:\/\/frutilu.com\/de\/wp-json\/wp\/v2\/types\/page"}],"author":[{"embeddable":true,"href":"https:\/\/frutilu.com\/de\/wp-json\/wp\/v2\/users\/1"}],"replies":[{"embeddable":true,"href":"https:\/\/frutilu.com\/de\/wp-json\/wp\/v2\/comments?post=11107"}],"version-history":[{"count":0,"href":"https:\/\/frutilu.com\/de\/wp-json\/wp\/v2\/pages\/11107\/revisions"}],"wp:attachment":[{"href":"https:\/\/frutilu.com\/de\/wp-json\/wp\/v2\/media?parent=11107"}],"curies":[{"name":"wp","href":"https:\/\/api.w.org\/{rel}","templated":true}]}}