{"id":12578,"date":"2024-06-27T01:00:38","date_gmt":"2024-06-26T23:00:38","guid":{"rendered":"https:\/\/frutilu.com\/?page_id=12578"},"modified":"2026-03-17T13:39:06","modified_gmt":"2026-03-17T12:39:06","slug":"erfolgreiches-abonnement-des-newsletters","status":"publish","type":"page","link":"https:\/\/frutilu.com\/de\/erfolgreiches-abonnement-des-newsletters\/","title":{"rendered":"Erfolgreiches Abonnement des Newsletters"},"content":{"rendered":"\t\t<div data-elementor-type=\"wp-page\" data-elementor-id=\"12578\" class=\"elementor elementor-12578 elementor-7662\" data-elementor-post-type=\"page\">\n\t\t\t\t<div class=\"elementor-element elementor-element-7ff9c9f2 e-flex e-con-boxed e-con e-parent\" data-id=\"7ff9c9f2\" data-element_type=\"container\" data-e-type=\"container\">\n\t\t\t\t\t<div class=\"e-con-inner\">\n\t\t\t\t<div class=\"elementor-element elementor-element-6801b elementor-widget elementor-widget-grogin-page-banner\" data-id=\"6801b\" data-element_type=\"widget\" data-e-type=\"widget\" data-widget_type=\"grogin-page-banner.default\">\n\t\t\t\t<div class=\"elementor-widget-container\">\n\t\t\t\t\t<div class=\"page-header text-center\"><div class=\"container\"><h3 class=\"entry-subtitle text-12 sm-text-13\">Anmeldung zum Newsletter<\/h3><h1 class=\"entry-title sm-text-56\">Vielen Dank f\u00fcr Ihre Anmeldung! \ud83d\udc9b<\/h1><div class=\"max-w-520 mx-auto text-13 sm-text-15\"><p class=\"mb-0\"><\/p><\/div><!-- entry-teaser --><\/div><!-- container --><\/div>\t\t\t\t<\/div>\n\t\t\t\t<\/div>\n\t\t\t\t<div class=\"elementor-element elementor-element-60e8f24e elementor-widget elementor-widget-text-editor\" data-id=\"60e8f24e\" data-element_type=\"widget\" data-e-type=\"widget\" data-widget_type=\"text-editor.default\">\n\t\t\t\t<div class=\"elementor-widget-container\">\n\t\t\t\t\t\t\t\t\t<p style=\"text-align: center;\">Wir haben Ihnen eine <b>Best\u00e4tigungsnachricht an Ihre E-Mail gesendet.<\/b><\/p><p style=\"text-align: center;\">Um Ihre Anmeldung abzuschlie\u00dfen, klicken Sie einfach auf den Link in der Nachricht \u2013 so wissen wir, dass Sie es wirklich sind.<\/p><p style=\"text-align: center;\">Nach der Best\u00e4tigung sind Sie erfolgreich f\u00fcr unseren Newsletter angemeldet <img decoding=\"async\" class=\"emoji\" role=\"img\" draggable=\"false\" src=\"https:\/\/s.w.org\/images\/core\/emoji\/17.0.2\/svg\/2709.svg\" alt=\"\u2709\ufe0f\" \/><\/p>\t\t\t\t\t\t\t\t<\/div>\n\t\t\t\t<\/div>\n\t\t\t\t<div class=\"elementor-element elementor-element-e7a0d7a elementor-widget elementor-widget-spacer\" data-id=\"e7a0d7a\" data-element_type=\"widget\" data-e-type=\"widget\" data-widget_type=\"spacer.default\">\n\t\t\t\t<div class=\"elementor-widget-container\">\n\t\t\t\t\t\t\t<div class=\"elementor-spacer\">\n\t\t\t<div class=\"elementor-spacer-inner\"><\/div>\n\t\t<\/div>\n\t\t\t\t\t\t<\/div>\n\t\t\t\t<\/div>\n\t\t\t\t<div class=\"elementor-element elementor-element-756e8dab elementor-widget elementor-widget-spacer\" data-id=\"756e8dab\" data-element_type=\"widget\" data-e-type=\"widget\" data-widget_type=\"spacer.default\">\n\t\t\t\t<div class=\"elementor-widget-container\">\n\t\t\t\t\t\t\t<div class=\"elementor-spacer\">\n\t\t\t<div class=\"elementor-spacer-inner\"><\/div>\n\t\t<\/div>\n\t\t\t\t\t\t<\/div>\n\t\t\t\t<\/div>\n\t\t\t\t\t<\/div>\n\t\t\t\t<\/div>\n\t\t<div class=\"elementor-element elementor-element-189f01d3 e-flex e-con-boxed e-con e-parent\" data-id=\"189f01d3\" data-element_type=\"container\" data-e-type=\"container\" data-settings=\"{&quot;background_background&quot;:&quot;gradient&quot;}\">\n\t\t\t\t\t<div class=\"e-con-inner\">\n\t\t<div class=\"elementor-element elementor-element-7eb23f1 e-con-full e-flex e-con e-child\" data-id=\"7eb23f1\" data-element_type=\"container\" data-e-type=\"container\">\n\t\t\t\t<div class=\"elementor-element elementor-element-fa16705 elementor-widget elementor-widget-grogin-icon-box\" data-id=\"fa16705\" data-element_type=\"widget\" data-e-type=\"widget\" data-widget_type=\"grogin-icon-box.default\">\n\t\t\t\t<div class=\"elementor-widget-container\">\n\t\t\t\t\t<div class=\"site-iconbox d-flex align-items-start\"><div class=\"site-iconbox-icon\"><img decoding=\"async\" src=\"https:\/\/frutilu.com\/wp-content\/uploads\/2024\/04\/brezplacna-postnina.png\"><\/div><div class=\"site-iconbox-detail\"><h3 class=\"entry-title text-15 sm-text-16\">Freies Porto<\/h3><p class=\"text-13 text-gray-500 mb-0\">Wir bieten Ihnen kostenlosen Versand beim Kauf von Produkten \u00fcber 50 \u20ac!<\/p><\/div><\/div>\t\t\t\t<\/div>\n\t\t\t\t<\/div>\n\t\t\t\t<\/div>\n\t\t<div class=\"elementor-element elementor-element-289a4a51 e-con-full e-flex e-con e-child\" data-id=\"289a4a51\" data-element_type=\"container\" data-e-type=\"container\">\n\t\t\t\t<div class=\"elementor-element elementor-element-39665f4d elementor-widget elementor-widget-grogin-icon-box\" data-id=\"39665f4d\" data-element_type=\"widget\" data-e-type=\"widget\" data-widget_type=\"grogin-icon-box.default\">\n\t\t\t\t<div class=\"elementor-widget-container\">\n\t\t\t\t\t<div class=\"site-iconbox d-flex align-items-start\"><div class=\"site-iconbox-icon\"><img decoding=\"async\" src=\"https:\/\/frutilu.com\/wp-content\/uploads\/2024\/04\/hitra-dostava.png\"><\/div><div class=\"site-iconbox-detail\"><h3 class=\"entry-title text-15 sm-text-16\">Schnelle Lieferung\n<\/h3><p class=\"text-13 text-gray-500 mb-0\">Wir garantieren eine schnelle und zuverl\u00e4ssige Lieferung so schnell wie m\u00f6glich.<\/p><\/div><\/div>\t\t\t\t<\/div>\n\t\t\t\t<\/div>\n\t\t\t\t<\/div>\n\t\t<div class=\"elementor-element elementor-element-3a2342cc e-con-full e-flex e-con e-child\" data-id=\"3a2342cc\" data-element_type=\"container\" data-e-type=\"container\">\n\t\t\t\t<div class=\"elementor-element elementor-element-36b3c9e9 elementor-widget elementor-widget-grogin-icon-box\" data-id=\"36b3c9e9\" data-element_type=\"widget\" data-e-type=\"widget\" data-widget_type=\"grogin-icon-box.default\">\n\t\t\t\t<div class=\"elementor-widget-container\">\n\t\t\t\t\t<div class=\"site-iconbox d-flex align-items-start\"><div class=\"site-iconbox-icon\"><img decoding=\"async\" src=\"https:\/\/frutilu.com\/wp-content\/uploads\/2024\/04\/zagotavljena-kakovost.png\"><\/div><div class=\"site-iconbox-detail\"><h3 class=\"entry-title text-15 sm-text-16\">Gepr\u00fcfte Qualit\u00e4t<\/h3><p class=\"text-13 text-gray-500 mb-0\">Wir sind stolz auf unsere bew\u00e4hrte Qualit\u00e4t. Wir haben Produkte von h\u00f6chstem Standard.<\/p><\/div><\/div>\t\t\t\t<\/div>\n\t\t\t\t<\/div>\n\t\t\t\t<\/div>\n\t\t<div class=\"elementor-element elementor-element-22949ac7 e-con-full e-flex e-con e-child\" data-id=\"22949ac7\" data-element_type=\"container\" data-e-type=\"container\">\n\t\t\t\t<div class=\"elementor-element elementor-element-45bab7df elementor-widget elementor-widget-grogin-icon-box\" data-id=\"45bab7df\" data-element_type=\"widget\" data-e-type=\"widget\" data-widget_type=\"grogin-icon-box.default\">\n\t\t\t\t<div class=\"elementor-widget-container\">\n\t\t\t\t\t<div class=\"site-iconbox d-flex align-items-start\"><div class=\"site-iconbox-icon\"><img decoding=\"async\" src=\"https:\/\/frutilu.com\/wp-content\/uploads\/2024\/04\/varen-nakup.png\"><\/div><div class=\"site-iconbox-detail\"><h3 class=\"entry-title text-15 sm-text-16\">Sicherer Kauf\n<\/h3><p class=\"text-13 text-gray-500 mb-0\">Sicheres Einkaufen mit den neuesten Sicherheitstechnologien (SSL, etc.).<\/p><\/div><\/div>\t\t\t\t<\/div>\n\t\t\t\t<\/div>\n\t\t\t\t<\/div>\n\t\t\t\t\t<\/div>\n\t\t\t\t<\/div>\n\t\t\t\t<\/div>\n\t\t","protected":false},"excerpt":{"rendered":"<p>Anmeldung zum Newsletter Vielen Dank f\u00fcr Ihre Anmeldung! \ud83d\udc9b Wir haben Ihnen eine Best\u00e4tigungsnachricht an&#8230;<\/p>\n","protected":false},"author":1,"featured_media":0,"parent":0,"menu_order":0,"comment_status":"closed","ping_status":"closed","template":"","meta":{"footnotes":""},"class_list":["post-12578","page","type-page","status-publish","hentry"],"yoast_head":"<!-- This site is optimized with the Yoast SEO plugin v27.4 - https:\/\/yoast.com\/product\/yoast-seo-wordpress\/ -->\n<title>Erfolgreiches Abonnement des Newsletters - Frutilu.com<\/title>\n<meta name=\"robots\" content=\"index, follow, max-snippet:-1, max-image-preview:large, max-video-preview:-1\" \/>\n<link rel=\"canonical\" href=\"https:\/\/frutilu.com\/de\/erfolgreiches-abonnement-des-newsletters\/\" \/>\n<meta property=\"og:locale\" content=\"de_DE\" \/>\n<meta property=\"og:type\" content=\"article\" \/>\n<meta property=\"og:title\" content=\"Erfolgreiches Abonnement des Newsletters - Frutilu.com\" \/>\n<meta property=\"og:description\" content=\"Anmeldung zum Newsletter Vielen Dank f\u00fcr Ihre Anmeldung! \ud83d\udc9b Wir haben Ihnen eine Best\u00e4tigungsnachricht an...\" \/>\n<meta property=\"og:url\" content=\"https:\/\/frutilu.com\/de\/erfolgreiches-abonnement-des-newsletters\/\" \/>\n<meta property=\"og:site_name\" content=\"Frutilu.com\" \/>\n<meta property=\"article:publisher\" content=\"https:\/\/www.facebook.com\/people\/Frutilu-drinks\/61558194795721\/\" \/>\n<meta property=\"article:modified_time\" content=\"2026-03-17T12:39:06+00:00\" \/>\n<meta property=\"og:image\" content=\"https:\/\/s.w.org\/images\/core\/emoji\/17.0.2\/svg\/2709.svg\" \/>\n<meta name=\"twitter:card\" content=\"summary_large_image\" \/>\n<meta name=\"twitter:label1\" content=\"Gesch\u00e4tzte Lesezeit\" \/>\n\t<meta name=\"twitter:data1\" content=\"2\u00a0Minute\" \/>\n<script type=\"application\/ld+json\" class=\"yoast-schema-graph\">{\"@context\":\"https:\\\/\\\/schema.org\",\"@graph\":[{\"@type\":\"WebPage\",\"@id\":\"https:\\\/\\\/frutilu.com\\\/de\\\/erfolgreiches-abonnement-des-newsletters\\\/\",\"url\":\"https:\\\/\\\/frutilu.com\\\/de\\\/erfolgreiches-abonnement-des-newsletters\\\/\",\"name\":\"Erfolgreiches Abonnement des Newsletters - Frutilu.com\",\"isPartOf\":{\"@id\":\"https:\\\/\\\/frutilu.com\\\/de\\\/#website\"},\"primaryImageOfPage\":{\"@id\":\"https:\\\/\\\/frutilu.com\\\/de\\\/erfolgreiches-abonnement-des-newsletters\\\/#primaryimage\"},\"image\":{\"@id\":\"https:\\\/\\\/frutilu.com\\\/de\\\/erfolgreiches-abonnement-des-newsletters\\\/#primaryimage\"},\"thumbnailUrl\":\"https:\\\/\\\/s.w.org\\\/images\\\/core\\\/emoji\\\/17.0.2\\\/svg\\\/2709.svg\",\"datePublished\":\"2024-06-26T23:00:38+00:00\",\"dateModified\":\"2026-03-17T12:39:06+00:00\",\"inLanguage\":\"de\",\"potentialAction\":[{\"@type\":\"ReadAction\",\"target\":[\"https:\\\/\\\/frutilu.com\\\/de\\\/erfolgreiches-abonnement-des-newsletters\\\/\"]}]},{\"@type\":\"ImageObject\",\"inLanguage\":\"de\",\"@id\":\"https:\\\/\\\/frutilu.com\\\/de\\\/erfolgreiches-abonnement-des-newsletters\\\/#primaryimage\",\"url\":\"https:\\\/\\\/s.w.org\\\/images\\\/core\\\/emoji\\\/17.0.2\\\/svg\\\/2709.svg\",\"contentUrl\":\"https:\\\/\\\/s.w.org\\\/images\\\/core\\\/emoji\\\/17.0.2\\\/svg\\\/2709.svg\"},{\"@type\":\"WebSite\",\"@id\":\"https:\\\/\\\/frutilu.com\\\/de\\\/#website\",\"url\":\"https:\\\/\\\/frutilu.com\\\/de\\\/\",\"name\":\"Frutilu.com\",\"description\":\"Stay hydrated!\",\"publisher\":{\"@id\":\"https:\\\/\\\/frutilu.com\\\/de\\\/#organization\"},\"potentialAction\":[{\"@type\":\"SearchAction\",\"target\":{\"@type\":\"EntryPoint\",\"urlTemplate\":\"https:\\\/\\\/frutilu.com\\\/de\\\/?s={search_term_string}\"},\"query-input\":{\"@type\":\"PropertyValueSpecification\",\"valueRequired\":true,\"valueName\":\"search_term_string\"}}],\"inLanguage\":\"de\"},{\"@type\":\"Organization\",\"@id\":\"https:\\\/\\\/frutilu.com\\\/de\\\/#organization\",\"name\":\"Frutilu.com\",\"url\":\"https:\\\/\\\/frutilu.com\\\/de\\\/\",\"logo\":{\"@type\":\"ImageObject\",\"inLanguage\":\"de\",\"@id\":\"https:\\\/\\\/frutilu.com\\\/de\\\/#\\\/schema\\\/logo\\\/image\\\/\",\"url\":\"https:\\\/\\\/frutilu.com\\\/wp-content\\\/uploads\\\/2024\\\/04\\\/frutilu-logo-BLK-02.png\",\"contentUrl\":\"https:\\\/\\\/frutilu.com\\\/wp-content\\\/uploads\\\/2024\\\/04\\\/frutilu-logo-BLK-02.png\",\"width\":1714,\"height\":571,\"caption\":\"Frutilu.com\"},\"image\":{\"@id\":\"https:\\\/\\\/frutilu.com\\\/de\\\/#\\\/schema\\\/logo\\\/image\\\/\"},\"sameAs\":[\"https:\\\/\\\/www.facebook.com\\\/people\\\/Frutilu-drinks\\\/61558194795721\\\/\",\"https:\\\/\\\/www.instagram.com\\\/frutiludeutschland\",\"https:\\\/\\\/www.youtube.com\\\/@FrutiluDrinks\"]}]}<\/script>\n<!-- \/ Yoast SEO plugin. -->","yoast_head_json":{"title":"Erfolgreiches Abonnement des Newsletters - Frutilu.com","robots":{"index":"index","follow":"follow","max-snippet":"max-snippet:-1","max-image-preview":"max-image-preview:large","max-video-preview":"max-video-preview:-1"},"canonical":"https:\/\/frutilu.com\/de\/erfolgreiches-abonnement-des-newsletters\/","og_locale":"de_DE","og_type":"article","og_title":"Erfolgreiches Abonnement des Newsletters - Frutilu.com","og_description":"Anmeldung zum Newsletter Vielen Dank f\u00fcr Ihre Anmeldung! \ud83d\udc9b Wir haben Ihnen eine Best\u00e4tigungsnachricht an...","og_url":"https:\/\/frutilu.com\/de\/erfolgreiches-abonnement-des-newsletters\/","og_site_name":"Frutilu.com","article_publisher":"https:\/\/www.facebook.com\/people\/Frutilu-drinks\/61558194795721\/","article_modified_time":"2026-03-17T12:39:06+00:00","og_image":[{"url":"https:\/\/s.w.org\/images\/core\/emoji\/17.0.2\/svg\/2709.svg","type":"","width":"","height":""}],"twitter_card":"summary_large_image","twitter_misc":{"Gesch\u00e4tzte Lesezeit":"2\u00a0Minute"},"schema":{"@context":"https:\/\/schema.org","@graph":[{"@type":"WebPage","@id":"https:\/\/frutilu.com\/de\/erfolgreiches-abonnement-des-newsletters\/","url":"https:\/\/frutilu.com\/de\/erfolgreiches-abonnement-des-newsletters\/","name":"Erfolgreiches Abonnement des Newsletters - Frutilu.com","isPartOf":{"@id":"https:\/\/frutilu.com\/de\/#website"},"primaryImageOfPage":{"@id":"https:\/\/frutilu.com\/de\/erfolgreiches-abonnement-des-newsletters\/#primaryimage"},"image":{"@id":"https:\/\/frutilu.com\/de\/erfolgreiches-abonnement-des-newsletters\/#primaryimage"},"thumbnailUrl":"https:\/\/s.w.org\/images\/core\/emoji\/17.0.2\/svg\/2709.svg","datePublished":"2024-06-26T23:00:38+00:00","dateModified":"2026-03-17T12:39:06+00:00","inLanguage":"de","potentialAction":[{"@type":"ReadAction","target":["https:\/\/frutilu.com\/de\/erfolgreiches-abonnement-des-newsletters\/"]}]},{"@type":"ImageObject","inLanguage":"de","@id":"https:\/\/frutilu.com\/de\/erfolgreiches-abonnement-des-newsletters\/#primaryimage","url":"https:\/\/s.w.org\/images\/core\/emoji\/17.0.2\/svg\/2709.svg","contentUrl":"https:\/\/s.w.org\/images\/core\/emoji\/17.0.2\/svg\/2709.svg"},{"@type":"WebSite","@id":"https:\/\/frutilu.com\/de\/#website","url":"https:\/\/frutilu.com\/de\/","name":"Frutilu.com","description":"Stay hydrated!","publisher":{"@id":"https:\/\/frutilu.com\/de\/#organization"},"potentialAction":[{"@type":"SearchAction","target":{"@type":"EntryPoint","urlTemplate":"https:\/\/frutilu.com\/de\/?s={search_term_string}"},"query-input":{"@type":"PropertyValueSpecification","valueRequired":true,"valueName":"search_term_string"}}],"inLanguage":"de"},{"@type":"Organization","@id":"https:\/\/frutilu.com\/de\/#organization","name":"Frutilu.com","url":"https:\/\/frutilu.com\/de\/","logo":{"@type":"ImageObject","inLanguage":"de","@id":"https:\/\/frutilu.com\/de\/#\/schema\/logo\/image\/","url":"https:\/\/frutilu.com\/wp-content\/uploads\/2024\/04\/frutilu-logo-BLK-02.png","contentUrl":"https:\/\/frutilu.com\/wp-content\/uploads\/2024\/04\/frutilu-logo-BLK-02.png","width":1714,"height":571,"caption":"Frutilu.com"},"image":{"@id":"https:\/\/frutilu.com\/de\/#\/schema\/logo\/image\/"},"sameAs":["https:\/\/www.facebook.com\/people\/Frutilu-drinks\/61558194795721\/","https:\/\/www.instagram.com\/frutiludeutschland","https:\/\/www.youtube.com\/@FrutiluDrinks"]}]}},"_links":{"self":[{"href":"https:\/\/frutilu.com\/de\/wp-json\/wp\/v2\/pages\/12578","targetHints":{"allow":["GET"]}}],"collection":[{"href":"https:\/\/frutilu.com\/de\/wp-json\/wp\/v2\/pages"}],"about":[{"href":"https:\/\/frutilu.com\/de\/wp-json\/wp\/v2\/types\/page"}],"author":[{"embeddable":true,"href":"https:\/\/frutilu.com\/de\/wp-json\/wp\/v2\/users\/1"}],"replies":[{"embeddable":true,"href":"https:\/\/frutilu.com\/de\/wp-json\/wp\/v2\/comments?post=12578"}],"version-history":[{"count":10,"href":"https:\/\/frutilu.com\/de\/wp-json\/wp\/v2\/pages\/12578\/revisions"}],"predecessor-version":[{"id":31213,"href":"https:\/\/frutilu.com\/de\/wp-json\/wp\/v2\/pages\/12578\/revisions\/31213"}],"wp:attachment":[{"href":"https:\/\/frutilu.com\/de\/wp-json\/wp\/v2\/media?parent=12578"}],"curies":[{"name":"wp","href":"https:\/\/api.w.org\/{rel}","templated":true}]}}