{"id":10797,"date":"2024-05-21T13:12:09","date_gmt":"2024-05-21T11:12:09","guid":{"rendered":"https:\/\/frutilu.com\/product\/frutilu-mischung-aller-geschmacksrichtungen-9-x-10g\/"},"modified":"2026-03-27T07:19:31","modified_gmt":"2026-03-27T06:19:31","slug":"frutilu-instantgetraenk-mischung-aller-geschmacksrichtungen-15-x-10-g","status":"publish","type":"product","link":"https:\/\/frutilu.com\/de\/produkt\/frutilu-instantgetraenk-mischung-aller-geschmacksrichtungen-15-x-10-g\/","title":{"rendered":"Frutilu Instantgetr\u00e4nk, Mischung aller Geschmacksrichtungen (15 x 10 g)"},"content":{"rendered":"<p><strong>Frutilu-Mix aus Instantgetr\u00e4nken. Sie erhalten alle Geschmacksrichtungen in der Packung (15 Beutel x 10 g).<\/strong><\/p>\n<p>Willkommen in der Frutilu Welt der reichhaltigen und leckeren Getr\u00e4nke, die Ihren Durst \u00fcberall und jederzeit l\u00f6schen. Mit einem Geschmack, den Sie sofort lieben werden, und einem praktischen Nutzen, der Ihr Leben einfacher macht, ist Frutilu ein unverzichtbarer Bestandteil Ihres aktiven Tagesablaufs. Von der belebenden Orange oder dem exotischen Tropengeschmack bis hin zur beliebten Cola und erfrischenden Zitrone bietet Frutilu etwas f\u00fcr jeden Geschmack. Bei der Entwicklung der Getr\u00e4nke wurde sorgf\u00e4ltig auf eine gesunde Lebensweise geachtet, so dass sie frei von Zucker und anderen unn\u00f6tigen Zusatzstoffen sind. Dank der praktischen Verpackung passen die Getr\u00e4nke in jede noch so kleine Tasche.<\/p>\n<p>Frutilu ist eine Reihe von <strong>zuckerfreien<\/strong> Instantgetr\u00e4nken in Pulverform. Sie schmecken hervorragend und sind voller Aroma, und mit dem Zusatz von <strong>Vitamin C<\/strong> tragen sie zur St\u00e4rkung des Immunsystems bei. Der s\u00fc\u00dfe Geschmack tr\u00e4gt dazu bei, <strong>den Hei\u00dfhunger auf S\u00fc\u00dfes zu reduzieren<\/strong>, so dass sie eine gro\u00dfe Hilfe f\u00fcr alle sind, die abnehmen wollen und eine <strong>zuckerfreie Di\u00e4t<\/strong> machen. Mit den Frutilu-Getr\u00e4nken ist es vorbei mit der Sorge um \u00fcberm\u00e4\u00dfige Kalorienzufuhr!<\/p>\n<p>Frutilu regt dank seines k\u00f6stlichen Geschmacks auch zum Trinken an, so dass man die empfohlene t\u00e4gliche Fl\u00fcssigkeitszufuhr leicht erreichen kann.<\/p>\n<p>Frutilu ist frei von herk\u00f6mmlichem Zucker und S\u00fc\u00dfungsmitteln wie Aspartam und Acesulfam K und damit eine willkommene Alternative zum Markt der Instant-Getr\u00e4nke, die in der Regel viel Zucker und andere ungesunde Inhaltsstoffe enthalten.<\/p>\n<p>Ein Beutel reicht f\u00fcr <strong>mindestens 1,5 l Getr\u00e4nk<\/strong>. Mischen Sie den Inhalt des Beutels mit Wasser, Limonade oder einem anderen Getr\u00e4nk Ihrer Wahl. F\u00fcr einen besseren Geschmack k\u00f6nnen Sie Eisw\u00fcrfel hinzuf\u00fcgen.<\/p>\n<p><em>Hinweis: Frutilu-Getr\u00e4nke k\u00f6nnen auch als Zutat f\u00fcr S\u00fc\u00dfspeisen, Cocktails, Shakes oder sogar zuckerfreie Eiscreme verwendet werden, da sie dank ihres vollen Geschmacks und Aromas jedes Gericht bereichern.<\/em><\/p>\n<p><strong>Die Getr\u00e4nke sind in praktischen Beuteln verpackt. Nettogewicht 15 x 10 g.<\/strong><\/p>\n","protected":false},"excerpt":{"rendered":"<p>Frutilu Instantgetr\u00e4nk. In diesem Paket erhalten Sie alle 15 verf\u00fcgbaren Geschmacksrichtungen.<\/p>\n","protected":false},"featured_media":21317,"comment_status":"open","ping_status":"closed","template":"","meta":[],"product_brand":[],"product_cat":[1156,685],"product_tag":[764,1305,1320],"class_list":{"0":"post-10797","1":"product","2":"type-product","3":"status-publish","4":"has-post-thumbnail","6":"product_cat-box-mix-de","7":"product_cat-getraenke","8":"product_tag-frutilu-de","9":"product_tag-instant-napitek-de","10":"product_tag-miks-de","12":"first","13":"instock","14":"sale","15":"taxable","16":"shipping-taxable","17":"purchasable","18":"product-type-simple"},"yoast_head":"<!-- This site is optimized with the Yoast SEO plugin v27.3 - https:\/\/yoast.com\/product\/yoast-seo-wordpress\/ -->\n<title>Frutilu Instantgetr\u00e4nk, Mischung aller Geschmacksrichtungen (15 x 10 g) - Frutilu.com<\/title>\n<meta name=\"description\" content=\"Genie\u00dfen Sie den erfrischenden Geschmack des Frutilu- Instantgetr\u00e4nks. Zuckerfrei und mit Vitamin C ist es ideal f\u00fcr einen gesunden Lebensstil. Mit Frutilu Mix k\u00f6nnen Sie alle 9 k\u00f6stlichen Geschmacksrichtungen probieren.\" \/>\n<meta name=\"robots\" content=\"index, follow, max-snippet:-1, max-image-preview:large, max-video-preview:-1\" \/>\n<link rel=\"canonical\" href=\"https:\/\/frutilu.com\/de\/produkt\/frutilu-instantgetraenk-mischung-aller-geschmacksrichtungen-15-x-10-g\/\" \/>\n<meta property=\"og:locale\" content=\"de_DE\" \/>\n<meta property=\"og:type\" content=\"article\" \/>\n<meta property=\"og:title\" content=\"Frutilu Instantgetr\u00e4nk, Mischung aller Geschmacksrichtungen (15 x 10 g) - Frutilu.com\" \/>\n<meta property=\"og:description\" content=\"Genie\u00dfen Sie den erfrischenden Geschmack des Frutilu- Instantgetr\u00e4nks. Zuckerfrei und mit Vitamin C ist es ideal f\u00fcr einen gesunden Lebensstil. Mit Frutilu Mix k\u00f6nnen Sie alle 9 k\u00f6stlichen Geschmacksrichtungen probieren.\" \/>\n<meta property=\"og:url\" content=\"https:\/\/frutilu.com\/de\/produkt\/frutilu-instantgetraenk-mischung-aller-geschmacksrichtungen-15-x-10-g\/\" \/>\n<meta property=\"og:site_name\" content=\"Frutilu.com\" \/>\n<meta property=\"article:publisher\" content=\"https:\/\/www.facebook.com\/people\/Frutilu-drinks\/61558194795721\/\" \/>\n<meta property=\"article:modified_time\" content=\"2026-03-27T06:19:31+00:00\" \/>\n<meta property=\"og:image\" content=\"https:\/\/frutilu.com\/wp-content\/uploads\/2025\/07\/novo-avgust-2025-10.png\" \/>\n\t<meta property=\"og:image:width\" content=\"1024\" \/>\n\t<meta property=\"og:image:height\" content=\"1024\" \/>\n\t<meta property=\"og:image:type\" content=\"image\/png\" \/>\n<meta name=\"twitter:card\" content=\"summary_large_image\" \/>\n<meta name=\"twitter:label1\" content=\"Gesch\u00e4tzte Lesezeit\" \/>\n\t<meta name=\"twitter:data1\" content=\"2\u00a0Minute\" \/>\n<script type=\"application\/ld+json\" class=\"yoast-schema-graph\">{\"@context\":\"https:\\\/\\\/schema.org\",\"@graph\":[{\"@type\":\"WebPage\",\"@id\":\"https:\\\/\\\/frutilu.com\\\/de\\\/produkt\\\/frutilu-instantgetraenk-mischung-aller-geschmacksrichtungen-15-x-10-g\\\/\",\"url\":\"https:\\\/\\\/frutilu.com\\\/de\\\/produkt\\\/frutilu-instantgetraenk-mischung-aller-geschmacksrichtungen-15-x-10-g\\\/\",\"name\":\"Frutilu Instantgetr\u00e4nk, Mischung aller Geschmacksrichtungen (15 x 10 g) - Frutilu.com\",\"isPartOf\":{\"@id\":\"https:\\\/\\\/frutilu.com\\\/de\\\/#website\"},\"primaryImageOfPage\":{\"@id\":\"https:\\\/\\\/frutilu.com\\\/de\\\/produkt\\\/frutilu-instantgetraenk-mischung-aller-geschmacksrichtungen-15-x-10-g\\\/#primaryimage\"},\"image\":{\"@id\":\"https:\\\/\\\/frutilu.com\\\/de\\\/produkt\\\/frutilu-instantgetraenk-mischung-aller-geschmacksrichtungen-15-x-10-g\\\/#primaryimage\"},\"thumbnailUrl\":\"https:\\\/\\\/frutilu.com\\\/wp-content\\\/uploads\\\/2025\\\/07\\\/novo-avgust-2025-10.png\",\"datePublished\":\"2024-05-21T11:12:09+00:00\",\"dateModified\":\"2026-03-27T06:19:31+00:00\",\"description\":\"Genie\u00dfen Sie den erfrischenden Geschmack des Frutilu- Instantgetr\u00e4nks. Zuckerfrei und mit Vitamin C ist es ideal f\u00fcr einen gesunden Lebensstil. Mit Frutilu Mix k\u00f6nnen Sie alle 9 k\u00f6stlichen Geschmacksrichtungen probieren.\",\"breadcrumb\":{\"@id\":\"https:\\\/\\\/frutilu.com\\\/de\\\/produkt\\\/frutilu-instantgetraenk-mischung-aller-geschmacksrichtungen-15-x-10-g\\\/#breadcrumb\"},\"inLanguage\":\"de\",\"potentialAction\":[{\"@type\":\"ReadAction\",\"target\":[\"https:\\\/\\\/frutilu.com\\\/de\\\/produkt\\\/frutilu-instantgetraenk-mischung-aller-geschmacksrichtungen-15-x-10-g\\\/\"]}]},{\"@type\":\"ImageObject\",\"inLanguage\":\"de\",\"@id\":\"https:\\\/\\\/frutilu.com\\\/de\\\/produkt\\\/frutilu-instantgetraenk-mischung-aller-geschmacksrichtungen-15-x-10-g\\\/#primaryimage\",\"url\":\"https:\\\/\\\/frutilu.com\\\/wp-content\\\/uploads\\\/2025\\\/07\\\/novo-avgust-2025-10.png\",\"contentUrl\":\"https:\\\/\\\/frutilu.com\\\/wp-content\\\/uploads\\\/2025\\\/07\\\/novo-avgust-2025-10.png\",\"width\":1024,\"height\":1024},{\"@type\":\"BreadcrumbList\",\"@id\":\"https:\\\/\\\/frutilu.com\\\/de\\\/produkt\\\/frutilu-instantgetraenk-mischung-aller-geschmacksrichtungen-15-x-10-g\\\/#breadcrumb\",\"itemListElement\":[{\"@type\":\"ListItem\",\"position\":1,\"name\":\"Shop\",\"item\":\"https:\\\/\\\/frutilu.com\\\/de\\\/shop\\\/\"},{\"@type\":\"ListItem\",\"position\":2,\"name\":\"Frutilu Instantgetr\u00e4nk, Mischung aller Geschmacksrichtungen (15 x 10 g)\"}]},{\"@type\":\"WebSite\",\"@id\":\"https:\\\/\\\/frutilu.com\\\/de\\\/#website\",\"url\":\"https:\\\/\\\/frutilu.com\\\/de\\\/\",\"name\":\"Frutilu.com\",\"description\":\"Stay hydrated!\",\"publisher\":{\"@id\":\"https:\\\/\\\/frutilu.com\\\/de\\\/#organization\"},\"potentialAction\":[{\"@type\":\"SearchAction\",\"target\":{\"@type\":\"EntryPoint\",\"urlTemplate\":\"https:\\\/\\\/frutilu.com\\\/de\\\/?s={search_term_string}\"},\"query-input\":{\"@type\":\"PropertyValueSpecification\",\"valueRequired\":true,\"valueName\":\"search_term_string\"}}],\"inLanguage\":\"de\"},{\"@type\":\"Organization\",\"@id\":\"https:\\\/\\\/frutilu.com\\\/de\\\/#organization\",\"name\":\"Frutilu.com\",\"url\":\"https:\\\/\\\/frutilu.com\\\/de\\\/\",\"logo\":{\"@type\":\"ImageObject\",\"inLanguage\":\"de\",\"@id\":\"https:\\\/\\\/frutilu.com\\\/de\\\/#\\\/schema\\\/logo\\\/image\\\/\",\"url\":\"https:\\\/\\\/frutilu.com\\\/wp-content\\\/uploads\\\/2024\\\/04\\\/frutilu-logo-BLK-02.png\",\"contentUrl\":\"https:\\\/\\\/frutilu.com\\\/wp-content\\\/uploads\\\/2024\\\/04\\\/frutilu-logo-BLK-02.png\",\"width\":1714,\"height\":571,\"caption\":\"Frutilu.com\"},\"image\":{\"@id\":\"https:\\\/\\\/frutilu.com\\\/de\\\/#\\\/schema\\\/logo\\\/image\\\/\"},\"sameAs\":[\"https:\\\/\\\/www.facebook.com\\\/people\\\/Frutilu-drinks\\\/61558194795721\\\/\",\"https:\\\/\\\/www.instagram.com\\\/frutiludeutschland\",\"https:\\\/\\\/www.youtube.com\\\/@FrutiluDrinks\"]}]}<\/script>\n<!-- \/ Yoast SEO plugin. -->","yoast_head_json":{"title":"Frutilu Instantgetr\u00e4nk, Mischung aller Geschmacksrichtungen (15 x 10 g) - Frutilu.com","description":"Genie\u00dfen Sie den erfrischenden Geschmack des Frutilu- Instantgetr\u00e4nks. Zuckerfrei und mit Vitamin C ist es ideal f\u00fcr einen gesunden Lebensstil. Mit Frutilu Mix k\u00f6nnen Sie alle 9 k\u00f6stlichen Geschmacksrichtungen probieren.","robots":{"index":"index","follow":"follow","max-snippet":"max-snippet:-1","max-image-preview":"max-image-preview:large","max-video-preview":"max-video-preview:-1"},"canonical":"https:\/\/frutilu.com\/de\/produkt\/frutilu-instantgetraenk-mischung-aller-geschmacksrichtungen-15-x-10-g\/","og_locale":"de_DE","og_type":"article","og_title":"Frutilu Instantgetr\u00e4nk, Mischung aller Geschmacksrichtungen (15 x 10 g) - Frutilu.com","og_description":"Genie\u00dfen Sie den erfrischenden Geschmack des Frutilu- Instantgetr\u00e4nks. Zuckerfrei und mit Vitamin C ist es ideal f\u00fcr einen gesunden Lebensstil. Mit Frutilu Mix k\u00f6nnen Sie alle 9 k\u00f6stlichen Geschmacksrichtungen probieren.","og_url":"https:\/\/frutilu.com\/de\/produkt\/frutilu-instantgetraenk-mischung-aller-geschmacksrichtungen-15-x-10-g\/","og_site_name":"Frutilu.com","article_publisher":"https:\/\/www.facebook.com\/people\/Frutilu-drinks\/61558194795721\/","article_modified_time":"2026-03-27T06:19:31+00:00","og_image":[{"width":1024,"height":1024,"url":"https:\/\/frutilu.com\/wp-content\/uploads\/2025\/07\/novo-avgust-2025-10.png","type":"image\/png"}],"twitter_card":"summary_large_image","twitter_misc":{"Gesch\u00e4tzte Lesezeit":"2\u00a0Minute"},"schema":{"@context":"https:\/\/schema.org","@graph":[{"@type":"WebPage","@id":"https:\/\/frutilu.com\/de\/produkt\/frutilu-instantgetraenk-mischung-aller-geschmacksrichtungen-15-x-10-g\/","url":"https:\/\/frutilu.com\/de\/produkt\/frutilu-instantgetraenk-mischung-aller-geschmacksrichtungen-15-x-10-g\/","name":"Frutilu Instantgetr\u00e4nk, Mischung aller Geschmacksrichtungen (15 x 10 g) - Frutilu.com","isPartOf":{"@id":"https:\/\/frutilu.com\/de\/#website"},"primaryImageOfPage":{"@id":"https:\/\/frutilu.com\/de\/produkt\/frutilu-instantgetraenk-mischung-aller-geschmacksrichtungen-15-x-10-g\/#primaryimage"},"image":{"@id":"https:\/\/frutilu.com\/de\/produkt\/frutilu-instantgetraenk-mischung-aller-geschmacksrichtungen-15-x-10-g\/#primaryimage"},"thumbnailUrl":"https:\/\/frutilu.com\/wp-content\/uploads\/2025\/07\/novo-avgust-2025-10.png","datePublished":"2024-05-21T11:12:09+00:00","dateModified":"2026-03-27T06:19:31+00:00","description":"Genie\u00dfen Sie den erfrischenden Geschmack des Frutilu- Instantgetr\u00e4nks. Zuckerfrei und mit Vitamin C ist es ideal f\u00fcr einen gesunden Lebensstil. Mit Frutilu Mix k\u00f6nnen Sie alle 9 k\u00f6stlichen Geschmacksrichtungen probieren.","breadcrumb":{"@id":"https:\/\/frutilu.com\/de\/produkt\/frutilu-instantgetraenk-mischung-aller-geschmacksrichtungen-15-x-10-g\/#breadcrumb"},"inLanguage":"de","potentialAction":[{"@type":"ReadAction","target":["https:\/\/frutilu.com\/de\/produkt\/frutilu-instantgetraenk-mischung-aller-geschmacksrichtungen-15-x-10-g\/"]}]},{"@type":"ImageObject","inLanguage":"de","@id":"https:\/\/frutilu.com\/de\/produkt\/frutilu-instantgetraenk-mischung-aller-geschmacksrichtungen-15-x-10-g\/#primaryimage","url":"https:\/\/frutilu.com\/wp-content\/uploads\/2025\/07\/novo-avgust-2025-10.png","contentUrl":"https:\/\/frutilu.com\/wp-content\/uploads\/2025\/07\/novo-avgust-2025-10.png","width":1024,"height":1024},{"@type":"BreadcrumbList","@id":"https:\/\/frutilu.com\/de\/produkt\/frutilu-instantgetraenk-mischung-aller-geschmacksrichtungen-15-x-10-g\/#breadcrumb","itemListElement":[{"@type":"ListItem","position":1,"name":"Shop","item":"https:\/\/frutilu.com\/de\/shop\/"},{"@type":"ListItem","position":2,"name":"Frutilu Instantgetr\u00e4nk, Mischung aller Geschmacksrichtungen (15 x 10 g)"}]},{"@type":"WebSite","@id":"https:\/\/frutilu.com\/de\/#website","url":"https:\/\/frutilu.com\/de\/","name":"Frutilu.com","description":"Stay hydrated!","publisher":{"@id":"https:\/\/frutilu.com\/de\/#organization"},"potentialAction":[{"@type":"SearchAction","target":{"@type":"EntryPoint","urlTemplate":"https:\/\/frutilu.com\/de\/?s={search_term_string}"},"query-input":{"@type":"PropertyValueSpecification","valueRequired":true,"valueName":"search_term_string"}}],"inLanguage":"de"},{"@type":"Organization","@id":"https:\/\/frutilu.com\/de\/#organization","name":"Frutilu.com","url":"https:\/\/frutilu.com\/de\/","logo":{"@type":"ImageObject","inLanguage":"de","@id":"https:\/\/frutilu.com\/de\/#\/schema\/logo\/image\/","url":"https:\/\/frutilu.com\/wp-content\/uploads\/2024\/04\/frutilu-logo-BLK-02.png","contentUrl":"https:\/\/frutilu.com\/wp-content\/uploads\/2024\/04\/frutilu-logo-BLK-02.png","width":1714,"height":571,"caption":"Frutilu.com"},"image":{"@id":"https:\/\/frutilu.com\/de\/#\/schema\/logo\/image\/"},"sameAs":["https:\/\/www.facebook.com\/people\/Frutilu-drinks\/61558194795721\/","https:\/\/www.instagram.com\/frutiludeutschland","https:\/\/www.youtube.com\/@FrutiluDrinks"]}]}},"tiered_pricing_type":"fixed","tiered_pricing_fixed_rules":[],"tiered_pricing_product_settings":{"layout":"default","base_unit_name":{"singular":null,"plural":null},"default_variation":null},"tiered_pricing_minimum_quantity":null,"tiered_pricing_roles_data":[],"tiered_pricing_percentage_rules":[],"tiered_pricing_maximum_quantity":null,"tiered_pricing_quantity_step":null,"_links":{"self":[{"href":"https:\/\/frutilu.com\/de\/wp-json\/wp\/v2\/product\/10797","targetHints":{"allow":["GET"]}}],"collection":[{"href":"https:\/\/frutilu.com\/de\/wp-json\/wp\/v2\/product"}],"about":[{"href":"https:\/\/frutilu.com\/de\/wp-json\/wp\/v2\/types\/product"}],"replies":[{"embeddable":true,"href":"https:\/\/frutilu.com\/de\/wp-json\/wp\/v2\/comments?post=10797"}],"wp:featuredmedia":[{"embeddable":true,"href":"https:\/\/frutilu.com\/de\/wp-json\/wp\/v2\/media\/21317"}],"wp:attachment":[{"href":"https:\/\/frutilu.com\/de\/wp-json\/wp\/v2\/media?parent=10797"}],"wp:term":[{"taxonomy":"product_brand","embeddable":true,"href":"https:\/\/frutilu.com\/de\/wp-json\/wp\/v2\/product_brand?post=10797"},{"taxonomy":"product_cat","embeddable":true,"href":"https:\/\/frutilu.com\/de\/wp-json\/wp\/v2\/product_cat?post=10797"},{"taxonomy":"product_tag","embeddable":true,"href":"https:\/\/frutilu.com\/de\/wp-json\/wp\/v2\/product_tag?post=10797"}],"curies":[{"name":"wp","href":"https:\/\/api.w.org\/{rel}","templated":true}]}}