{"id":10803,"date":"2024-05-21T12:59:35","date_gmt":"2024-05-21T10:59:35","guid":{"rendered":"https:\/\/frutilu.com\/product\/frutilu-mini-kuehltasche-aus-recyceltem-material-4-l\/"},"modified":"2024-08-14T18:17:42","modified_gmt":"2024-08-14T16:17:42","slug":"frutilu-mini-kuehltasche-aus-recyceltem-material-4-l","status":"publish","type":"product","link":"https:\/\/frutilu.com\/de\/produkt\/frutilu-mini-kuehltasche-aus-recyceltem-material-4-l\/","title":{"rendered":"Frutilu Mini-K\u00fchltasche aus recyceltem Material (4 L)"},"content":{"rendered":"<p>Diese recycelte Mini-K\u00fchltasche ist eine kleinere Version der klassischen K\u00fchltasche. Sie ist die perfekte Wahl f\u00fcr alle, die eine kompakte L\u00f6sung f\u00fcr die K\u00fchlung kleinerer Mengen von Lebensmitteln und Getr\u00e4nken ben\u00f6tigen. Die Tasche ist ideal f\u00fcr den Einsatz unterwegs, bei der Arbeit oder beim Picknick. Sie verf\u00fcgt \u00fcber eine praktische Tasche an der Au\u00dfenseite zur Aufbewahrung kleinerer Gegenst\u00e4nde.<\/p>\n<p data-sourcepos=\"3:1-3:57\"><strong>Pflegehinweise:<\/strong> Die Tasche hat eine glatte Innenseite, die mit einem feuchten Tuch abgewischt werden kann. Die Tasche sollte nicht in der Maschine gewaschen oder im Trockner getrocknet werden. Es sollten keine Reinigungsmittel verwendet werden.<\/p>\n<p><strong>Taschenmaterial:<\/strong> 100% Polyester (600D, recycelt)<br \/> <strong>Innenfutter:<\/strong> 100% Polyethylenvinylacetat (PEVA), BPA-frei<br \/> <strong>Abmessung:<\/strong> 24 x 17 x 17 cm<br \/> <strong>Gewicht:<\/strong> 220 g<\/p>\n","protected":false},"excerpt":{"rendered":"<p>Frutilu mini recycelte K\u00fchltasche Diese mini recycelte K\u00fchltasche ist eine kleinere Version der klassischen K\u00fchltasche&#8230;.<\/p>\n","protected":false},"featured_media":10805,"comment_status":"open","ping_status":"closed","template":"","meta":[],"product_brand":[],"product_cat":[686,779],"product_tag":[764,765],"class_list":{"0":"post-10803","1":"product","2":"type-product","3":"status-publish","4":"has-post-thumbnail","6":"product_cat-andere","7":"product_cat-taschen","8":"product_tag-frutilu-de","9":"product_tag-kuehltasche","11":"first","12":"instock","13":"taxable","14":"shipping-taxable","15":"purchasable","16":"product-type-simple"},"yoast_head":"<!-- This site is optimized with the Yoast SEO plugin v27.4 - https:\/\/yoast.com\/product\/yoast-seo-wordpress\/ -->\n<title>Frutilu Mini-K\u00fchltasche aus recyceltem Material (4 L) - Frutilu.com<\/title>\n<meta name=\"description\" content=\"Diese recycelte Mini-K\u00fchltasche ist eine kleinere Version der klassischen K\u00fchltasche. Sie ist ideal f\u00fcr den Einsatz unterwegs, bei der Arbeit oder beim Picknick.\" \/>\n<meta name=\"robots\" content=\"index, follow, max-snippet:-1, max-image-preview:large, max-video-preview:-1\" \/>\n<link rel=\"canonical\" href=\"https:\/\/frutilu.com\/de\/produkt\/frutilu-mini-kuehltasche-aus-recyceltem-material-4-l\/\" \/>\n<meta property=\"og:locale\" content=\"de_DE\" \/>\n<meta property=\"og:type\" content=\"article\" \/>\n<meta property=\"og:title\" content=\"Frutilu Mini-K\u00fchltasche aus recyceltem Material (4 L) - Frutilu.com\" \/>\n<meta property=\"og:description\" content=\"Diese recycelte Mini-K\u00fchltasche ist eine kleinere Version der klassischen K\u00fchltasche. Sie ist ideal f\u00fcr den Einsatz unterwegs, bei der Arbeit oder beim Picknick.\" \/>\n<meta property=\"og:url\" content=\"https:\/\/frutilu.com\/de\/produkt\/frutilu-mini-kuehltasche-aus-recyceltem-material-4-l\/\" \/>\n<meta property=\"og:site_name\" content=\"Frutilu.com\" \/>\n<meta property=\"article:publisher\" content=\"https:\/\/www.facebook.com\/people\/Frutilu-drinks\/61558194795721\/\" \/>\n<meta property=\"article:modified_time\" content=\"2024-08-14T16:17:42+00:00\" \/>\n<meta property=\"og:image\" content=\"https:\/\/frutilu.com\/wp-content\/uploads\/2024\/05\/mini-cooler-bag-jpg.webp\" \/>\n\t<meta property=\"og:image:width\" content=\"1391\" \/>\n\t<meta property=\"og:image:height\" content=\"1772\" \/>\n\t<meta property=\"og:image:type\" content=\"image\/jpeg\" \/>\n<meta name=\"twitter:card\" content=\"summary_large_image\" \/>\n<meta name=\"twitter:label1\" content=\"Gesch\u00e4tzte Lesezeit\" \/>\n\t<meta name=\"twitter:data1\" content=\"1\u00a0Minute\" \/>\n<script type=\"application\/ld+json\" class=\"yoast-schema-graph\">{\"@context\":\"https:\\\/\\\/schema.org\",\"@graph\":[{\"@type\":\"WebPage\",\"@id\":\"https:\\\/\\\/frutilu.com\\\/de\\\/produkt\\\/frutilu-mini-kuehltasche-aus-recyceltem-material-4-l\\\/\",\"url\":\"https:\\\/\\\/frutilu.com\\\/de\\\/produkt\\\/frutilu-mini-kuehltasche-aus-recyceltem-material-4-l\\\/\",\"name\":\"Frutilu Mini-K\u00fchltasche aus recyceltem Material (4 L) - Frutilu.com\",\"isPartOf\":{\"@id\":\"https:\\\/\\\/frutilu.com\\\/de\\\/#website\"},\"primaryImageOfPage\":{\"@id\":\"https:\\\/\\\/frutilu.com\\\/de\\\/produkt\\\/frutilu-mini-kuehltasche-aus-recyceltem-material-4-l\\\/#primaryimage\"},\"image\":{\"@id\":\"https:\\\/\\\/frutilu.com\\\/de\\\/produkt\\\/frutilu-mini-kuehltasche-aus-recyceltem-material-4-l\\\/#primaryimage\"},\"thumbnailUrl\":\"https:\\\/\\\/frutilu.com\\\/wp-content\\\/uploads\\\/2024\\\/05\\\/mini-cooler-bag-jpg.webp\",\"datePublished\":\"2024-05-21T10:59:35+00:00\",\"dateModified\":\"2024-08-14T16:17:42+00:00\",\"description\":\"Diese recycelte Mini-K\u00fchltasche ist eine kleinere Version der klassischen K\u00fchltasche. Sie ist ideal f\u00fcr den Einsatz unterwegs, bei der Arbeit oder beim Picknick.\",\"breadcrumb\":{\"@id\":\"https:\\\/\\\/frutilu.com\\\/de\\\/produkt\\\/frutilu-mini-kuehltasche-aus-recyceltem-material-4-l\\\/#breadcrumb\"},\"inLanguage\":\"de\",\"potentialAction\":[{\"@type\":\"ReadAction\",\"target\":[\"https:\\\/\\\/frutilu.com\\\/de\\\/produkt\\\/frutilu-mini-kuehltasche-aus-recyceltem-material-4-l\\\/\"]}]},{\"@type\":\"ImageObject\",\"inLanguage\":\"de\",\"@id\":\"https:\\\/\\\/frutilu.com\\\/de\\\/produkt\\\/frutilu-mini-kuehltasche-aus-recyceltem-material-4-l\\\/#primaryimage\",\"url\":\"https:\\\/\\\/frutilu.com\\\/wp-content\\\/uploads\\\/2024\\\/05\\\/mini-cooler-bag-jpg.webp\",\"contentUrl\":\"https:\\\/\\\/frutilu.com\\\/wp-content\\\/uploads\\\/2024\\\/05\\\/mini-cooler-bag-jpg.webp\",\"width\":1391,\"height\":1772},{\"@type\":\"BreadcrumbList\",\"@id\":\"https:\\\/\\\/frutilu.com\\\/de\\\/produkt\\\/frutilu-mini-kuehltasche-aus-recyceltem-material-4-l\\\/#breadcrumb\",\"itemListElement\":[{\"@type\":\"ListItem\",\"position\":1,\"name\":\"Shop\",\"item\":\"https:\\\/\\\/frutilu.com\\\/de\\\/shop\\\/\"},{\"@type\":\"ListItem\",\"position\":2,\"name\":\"Frutilu Mini-K\u00fchltasche aus recyceltem Material (4 L)\"}]},{\"@type\":\"WebSite\",\"@id\":\"https:\\\/\\\/frutilu.com\\\/de\\\/#website\",\"url\":\"https:\\\/\\\/frutilu.com\\\/de\\\/\",\"name\":\"Frutilu.com\",\"description\":\"Stay hydrated!\",\"publisher\":{\"@id\":\"https:\\\/\\\/frutilu.com\\\/de\\\/#organization\"},\"potentialAction\":[{\"@type\":\"SearchAction\",\"target\":{\"@type\":\"EntryPoint\",\"urlTemplate\":\"https:\\\/\\\/frutilu.com\\\/de\\\/?s={search_term_string}\"},\"query-input\":{\"@type\":\"PropertyValueSpecification\",\"valueRequired\":true,\"valueName\":\"search_term_string\"}}],\"inLanguage\":\"de\"},{\"@type\":\"Organization\",\"@id\":\"https:\\\/\\\/frutilu.com\\\/de\\\/#organization\",\"name\":\"Frutilu.com\",\"url\":\"https:\\\/\\\/frutilu.com\\\/de\\\/\",\"logo\":{\"@type\":\"ImageObject\",\"inLanguage\":\"de\",\"@id\":\"https:\\\/\\\/frutilu.com\\\/de\\\/#\\\/schema\\\/logo\\\/image\\\/\",\"url\":\"https:\\\/\\\/frutilu.com\\\/wp-content\\\/uploads\\\/2024\\\/04\\\/frutilu-logo-BLK-02.png\",\"contentUrl\":\"https:\\\/\\\/frutilu.com\\\/wp-content\\\/uploads\\\/2024\\\/04\\\/frutilu-logo-BLK-02.png\",\"width\":1714,\"height\":571,\"caption\":\"Frutilu.com\"},\"image\":{\"@id\":\"https:\\\/\\\/frutilu.com\\\/de\\\/#\\\/schema\\\/logo\\\/image\\\/\"},\"sameAs\":[\"https:\\\/\\\/www.facebook.com\\\/people\\\/Frutilu-drinks\\\/61558194795721\\\/\",\"https:\\\/\\\/www.instagram.com\\\/frutiludeutschland\",\"https:\\\/\\\/www.youtube.com\\\/@FrutiluDrinks\"]}]}<\/script>\n<!-- \/ Yoast SEO plugin. -->","yoast_head_json":{"title":"Frutilu Mini-K\u00fchltasche aus recyceltem Material (4 L) - Frutilu.com","description":"Diese recycelte Mini-K\u00fchltasche ist eine kleinere Version der klassischen K\u00fchltasche. Sie ist ideal f\u00fcr den Einsatz unterwegs, bei der Arbeit oder beim Picknick.","robots":{"index":"index","follow":"follow","max-snippet":"max-snippet:-1","max-image-preview":"max-image-preview:large","max-video-preview":"max-video-preview:-1"},"canonical":"https:\/\/frutilu.com\/de\/produkt\/frutilu-mini-kuehltasche-aus-recyceltem-material-4-l\/","og_locale":"de_DE","og_type":"article","og_title":"Frutilu Mini-K\u00fchltasche aus recyceltem Material (4 L) - Frutilu.com","og_description":"Diese recycelte Mini-K\u00fchltasche ist eine kleinere Version der klassischen K\u00fchltasche. Sie ist ideal f\u00fcr den Einsatz unterwegs, bei der Arbeit oder beim Picknick.","og_url":"https:\/\/frutilu.com\/de\/produkt\/frutilu-mini-kuehltasche-aus-recyceltem-material-4-l\/","og_site_name":"Frutilu.com","article_publisher":"https:\/\/www.facebook.com\/people\/Frutilu-drinks\/61558194795721\/","article_modified_time":"2024-08-14T16:17:42+00:00","og_image":[{"width":1391,"height":1772,"url":"https:\/\/frutilu.com\/wp-content\/uploads\/2024\/05\/mini-cooler-bag-jpg.webp","type":"image\/jpeg"}],"twitter_card":"summary_large_image","twitter_misc":{"Gesch\u00e4tzte Lesezeit":"1\u00a0Minute"},"schema":{"@context":"https:\/\/schema.org","@graph":[{"@type":"WebPage","@id":"https:\/\/frutilu.com\/de\/produkt\/frutilu-mini-kuehltasche-aus-recyceltem-material-4-l\/","url":"https:\/\/frutilu.com\/de\/produkt\/frutilu-mini-kuehltasche-aus-recyceltem-material-4-l\/","name":"Frutilu Mini-K\u00fchltasche aus recyceltem Material (4 L) - Frutilu.com","isPartOf":{"@id":"https:\/\/frutilu.com\/de\/#website"},"primaryImageOfPage":{"@id":"https:\/\/frutilu.com\/de\/produkt\/frutilu-mini-kuehltasche-aus-recyceltem-material-4-l\/#primaryimage"},"image":{"@id":"https:\/\/frutilu.com\/de\/produkt\/frutilu-mini-kuehltasche-aus-recyceltem-material-4-l\/#primaryimage"},"thumbnailUrl":"https:\/\/frutilu.com\/wp-content\/uploads\/2024\/05\/mini-cooler-bag-jpg.webp","datePublished":"2024-05-21T10:59:35+00:00","dateModified":"2024-08-14T16:17:42+00:00","description":"Diese recycelte Mini-K\u00fchltasche ist eine kleinere Version der klassischen K\u00fchltasche. Sie ist ideal f\u00fcr den Einsatz unterwegs, bei der Arbeit oder beim Picknick.","breadcrumb":{"@id":"https:\/\/frutilu.com\/de\/produkt\/frutilu-mini-kuehltasche-aus-recyceltem-material-4-l\/#breadcrumb"},"inLanguage":"de","potentialAction":[{"@type":"ReadAction","target":["https:\/\/frutilu.com\/de\/produkt\/frutilu-mini-kuehltasche-aus-recyceltem-material-4-l\/"]}]},{"@type":"ImageObject","inLanguage":"de","@id":"https:\/\/frutilu.com\/de\/produkt\/frutilu-mini-kuehltasche-aus-recyceltem-material-4-l\/#primaryimage","url":"https:\/\/frutilu.com\/wp-content\/uploads\/2024\/05\/mini-cooler-bag-jpg.webp","contentUrl":"https:\/\/frutilu.com\/wp-content\/uploads\/2024\/05\/mini-cooler-bag-jpg.webp","width":1391,"height":1772},{"@type":"BreadcrumbList","@id":"https:\/\/frutilu.com\/de\/produkt\/frutilu-mini-kuehltasche-aus-recyceltem-material-4-l\/#breadcrumb","itemListElement":[{"@type":"ListItem","position":1,"name":"Shop","item":"https:\/\/frutilu.com\/de\/shop\/"},{"@type":"ListItem","position":2,"name":"Frutilu Mini-K\u00fchltasche aus recyceltem Material (4 L)"}]},{"@type":"WebSite","@id":"https:\/\/frutilu.com\/de\/#website","url":"https:\/\/frutilu.com\/de\/","name":"Frutilu.com","description":"Stay hydrated!","publisher":{"@id":"https:\/\/frutilu.com\/de\/#organization"},"potentialAction":[{"@type":"SearchAction","target":{"@type":"EntryPoint","urlTemplate":"https:\/\/frutilu.com\/de\/?s={search_term_string}"},"query-input":{"@type":"PropertyValueSpecification","valueRequired":true,"valueName":"search_term_string"}}],"inLanguage":"de"},{"@type":"Organization","@id":"https:\/\/frutilu.com\/de\/#organization","name":"Frutilu.com","url":"https:\/\/frutilu.com\/de\/","logo":{"@type":"ImageObject","inLanguage":"de","@id":"https:\/\/frutilu.com\/de\/#\/schema\/logo\/image\/","url":"https:\/\/frutilu.com\/wp-content\/uploads\/2024\/04\/frutilu-logo-BLK-02.png","contentUrl":"https:\/\/frutilu.com\/wp-content\/uploads\/2024\/04\/frutilu-logo-BLK-02.png","width":1714,"height":571,"caption":"Frutilu.com"},"image":{"@id":"https:\/\/frutilu.com\/de\/#\/schema\/logo\/image\/"},"sameAs":["https:\/\/www.facebook.com\/people\/Frutilu-drinks\/61558194795721\/","https:\/\/www.instagram.com\/frutiludeutschland","https:\/\/www.youtube.com\/@FrutiluDrinks"]}]}},"tiered_pricing_type":"fixed","tiered_pricing_fixed_rules":[],"tiered_pricing_product_settings":{"layout":"default","base_unit_name":{"singular":null,"plural":null},"default_variation":null},"tiered_pricing_minimum_quantity":null,"tiered_pricing_roles_data":[],"tiered_pricing_percentage_rules":[],"tiered_pricing_maximum_quantity":null,"tiered_pricing_quantity_step":null,"_links":{"self":[{"href":"https:\/\/frutilu.com\/de\/wp-json\/wp\/v2\/product\/10803","targetHints":{"allow":["GET"]}}],"collection":[{"href":"https:\/\/frutilu.com\/de\/wp-json\/wp\/v2\/product"}],"about":[{"href":"https:\/\/frutilu.com\/de\/wp-json\/wp\/v2\/types\/product"}],"replies":[{"embeddable":true,"href":"https:\/\/frutilu.com\/de\/wp-json\/wp\/v2\/comments?post=10803"}],"wp:featuredmedia":[{"embeddable":true,"href":"https:\/\/frutilu.com\/de\/wp-json\/wp\/v2\/media\/10805"}],"wp:attachment":[{"href":"https:\/\/frutilu.com\/de\/wp-json\/wp\/v2\/media?parent=10803"}],"wp:term":[{"taxonomy":"product_brand","embeddable":true,"href":"https:\/\/frutilu.com\/de\/wp-json\/wp\/v2\/product_brand?post=10803"},{"taxonomy":"product_cat","embeddable":true,"href":"https:\/\/frutilu.com\/de\/wp-json\/wp\/v2\/product_cat?post=10803"},{"taxonomy":"product_tag","embeddable":true,"href":"https:\/\/frutilu.com\/de\/wp-json\/wp\/v2\/product_tag?post=10803"}],"curies":[{"name":"wp","href":"https:\/\/api.w.org\/{rel}","templated":true}]}}