{"id":10821,"date":"2024-05-21T11:33:30","date_gmt":"2024-05-21T09:33:30","guid":{"rendered":"https:\/\/frutilu.com\/product\/frutilu-einkaufstasche-aus-baumwolle\/"},"modified":"2024-08-14T06:47:43","modified_gmt":"2024-08-14T04:47:43","slug":"frutilu-einkaufstasche-aus-baumwolle","status":"publish","type":"product","link":"https:\/\/frutilu.com\/de\/produkt\/frutilu-einkaufstasche-aus-baumwolle\/","title":{"rendered":"Frutilu Einkaufstasche aus Baumwolle"},"content":{"rendered":"<p><strong>Baumwolleinkaufstasche mit original Frutilu Design<\/strong><\/p>\n<p>Baumwolleinkaufstaschen sind in letzter Zeit eine sehr beliebte Alternative zu Plastikt\u00fcten geworden. Und das aus gutem Grund! Sie sind haltbar, abwaschbar, einfach zu benutzen und au\u00dferdem umweltfreundlich. Lassen Sie diese Frutilu Tasche mit modischem Aufdruck zu Ihrem t\u00e4glichen Einkaufsbegleiter werden!<\/p>\n<p><strong>Waschanleitung.<\/p>\n<p><strong>Material:<\/strong> 100% Baumwolle<br \/> <strong>Abmessung:<\/strong> 38 x 42 x 12 cm<br \/> <strong>Gewicht:<\/strong> 140 g\/m2<\/p>\n","protected":false},"excerpt":{"rendered":"<p>Baumwolleinkaufstasche mit original Frutilu Motiv. Baumwolleinkaufstaschen sind in letzter Zeit eine sehr beliebte Alternative zu&#8230;<\/p>\n","protected":false},"featured_media":10830,"comment_status":"open","ping_status":"closed","template":"","meta":[],"product_brand":[],"product_cat":[686,779],"product_tag":[762,764,770,774],"class_list":{"0":"post-10821","1":"product","2":"type-product","3":"status-publish","4":"has-post-thumbnail","6":"product_cat-andere","7":"product_cat-taschen","8":"product_tag-baumwolle","9":"product_tag-frutilu-de","10":"product_tag-kaufen","11":"product_tag-tasche","13":"first","14":"instock","15":"taxable","16":"shipping-taxable","17":"purchasable","18":"product-type-variable"},"yoast_head":"<!-- This site is optimized with the Yoast SEO plugin v27.4 - https:\/\/yoast.com\/product\/yoast-seo-wordpress\/ -->\n<title>Frutilu Einkaufstasche aus Baumwolle - Frutilu.com<\/title>\n<meta name=\"description\" content=\"Die Baumwoll-Einkaufstasche mit dem originellen Frutilu Motiv ist langlebig, abwaschbar, einfach zu benutzen und umweltfreundlich.\" \/>\n<meta name=\"robots\" content=\"index, follow, max-snippet:-1, max-image-preview:large, max-video-preview:-1\" \/>\n<link rel=\"canonical\" href=\"https:\/\/frutilu.com\/de\/produkt\/frutilu-einkaufstasche-aus-baumwolle\/\" \/>\n<meta property=\"og:locale\" content=\"de_DE\" \/>\n<meta property=\"og:type\" content=\"article\" \/>\n<meta property=\"og:title\" content=\"Frutilu Einkaufstasche aus Baumwolle - Frutilu.com\" \/>\n<meta property=\"og:description\" content=\"Die Baumwoll-Einkaufstasche mit dem originellen Frutilu Motiv ist langlebig, abwaschbar, einfach zu benutzen und umweltfreundlich.\" \/>\n<meta property=\"og:url\" content=\"https:\/\/frutilu.com\/de\/produkt\/frutilu-einkaufstasche-aus-baumwolle\/\" \/>\n<meta property=\"og:site_name\" content=\"Frutilu.com\" \/>\n<meta property=\"article:publisher\" content=\"https:\/\/www.facebook.com\/people\/Frutilu-drinks\/61558194795721\/\" \/>\n<meta property=\"article:modified_time\" content=\"2024-08-14T04:47:43+00:00\" \/>\n<meta property=\"og:image\" content=\"https:\/\/frutilu.com\/wp-content\/uploads\/2024\/05\/Untitled-1-04-jpg.webp\" \/>\n\t<meta property=\"og:image:width\" content=\"2133\" \/>\n\t<meta property=\"og:image:height\" content=\"2133\" \/>\n\t<meta property=\"og:image:type\" content=\"image\/jpeg\" \/>\n<meta name=\"twitter:card\" content=\"summary_large_image\" \/>\n<script type=\"application\/ld+json\" class=\"yoast-schema-graph\">{\"@context\":\"https:\\\/\\\/schema.org\",\"@graph\":[{\"@type\":\"WebPage\",\"@id\":\"https:\\\/\\\/frutilu.com\\\/de\\\/produkt\\\/frutilu-einkaufstasche-aus-baumwolle\\\/\",\"url\":\"https:\\\/\\\/frutilu.com\\\/de\\\/produkt\\\/frutilu-einkaufstasche-aus-baumwolle\\\/\",\"name\":\"Frutilu Einkaufstasche aus Baumwolle - Frutilu.com\",\"isPartOf\":{\"@id\":\"https:\\\/\\\/frutilu.com\\\/de\\\/#website\"},\"primaryImageOfPage\":{\"@id\":\"https:\\\/\\\/frutilu.com\\\/de\\\/produkt\\\/frutilu-einkaufstasche-aus-baumwolle\\\/#primaryimage\"},\"image\":{\"@id\":\"https:\\\/\\\/frutilu.com\\\/de\\\/produkt\\\/frutilu-einkaufstasche-aus-baumwolle\\\/#primaryimage\"},\"thumbnailUrl\":\"https:\\\/\\\/frutilu.com\\\/wp-content\\\/uploads\\\/2024\\\/05\\\/Untitled-1-04-jpg.webp\",\"datePublished\":\"2024-05-21T09:33:30+00:00\",\"dateModified\":\"2024-08-14T04:47:43+00:00\",\"description\":\"Die Baumwoll-Einkaufstasche mit dem originellen Frutilu Motiv ist langlebig, abwaschbar, einfach zu benutzen und umweltfreundlich.\",\"breadcrumb\":{\"@id\":\"https:\\\/\\\/frutilu.com\\\/de\\\/produkt\\\/frutilu-einkaufstasche-aus-baumwolle\\\/#breadcrumb\"},\"inLanguage\":\"de\",\"potentialAction\":[{\"@type\":\"ReadAction\",\"target\":[\"https:\\\/\\\/frutilu.com\\\/de\\\/produkt\\\/frutilu-einkaufstasche-aus-baumwolle\\\/\"]}]},{\"@type\":\"ImageObject\",\"inLanguage\":\"de\",\"@id\":\"https:\\\/\\\/frutilu.com\\\/de\\\/produkt\\\/frutilu-einkaufstasche-aus-baumwolle\\\/#primaryimage\",\"url\":\"https:\\\/\\\/frutilu.com\\\/wp-content\\\/uploads\\\/2024\\\/05\\\/Untitled-1-04-jpg.webp\",\"contentUrl\":\"https:\\\/\\\/frutilu.com\\\/wp-content\\\/uploads\\\/2024\\\/05\\\/Untitled-1-04-jpg.webp\",\"width\":2133,\"height\":2133},{\"@type\":\"BreadcrumbList\",\"@id\":\"https:\\\/\\\/frutilu.com\\\/de\\\/produkt\\\/frutilu-einkaufstasche-aus-baumwolle\\\/#breadcrumb\",\"itemListElement\":[{\"@type\":\"ListItem\",\"position\":1,\"name\":\"Shop\",\"item\":\"https:\\\/\\\/frutilu.com\\\/de\\\/shop\\\/\"},{\"@type\":\"ListItem\",\"position\":2,\"name\":\"Frutilu Einkaufstasche aus Baumwolle\"}]},{\"@type\":\"WebSite\",\"@id\":\"https:\\\/\\\/frutilu.com\\\/de\\\/#website\",\"url\":\"https:\\\/\\\/frutilu.com\\\/de\\\/\",\"name\":\"Frutilu.com\",\"description\":\"Stay hydrated!\",\"publisher\":{\"@id\":\"https:\\\/\\\/frutilu.com\\\/de\\\/#organization\"},\"potentialAction\":[{\"@type\":\"SearchAction\",\"target\":{\"@type\":\"EntryPoint\",\"urlTemplate\":\"https:\\\/\\\/frutilu.com\\\/de\\\/?s={search_term_string}\"},\"query-input\":{\"@type\":\"PropertyValueSpecification\",\"valueRequired\":true,\"valueName\":\"search_term_string\"}}],\"inLanguage\":\"de\"},{\"@type\":\"Organization\",\"@id\":\"https:\\\/\\\/frutilu.com\\\/de\\\/#organization\",\"name\":\"Frutilu.com\",\"url\":\"https:\\\/\\\/frutilu.com\\\/de\\\/\",\"logo\":{\"@type\":\"ImageObject\",\"inLanguage\":\"de\",\"@id\":\"https:\\\/\\\/frutilu.com\\\/de\\\/#\\\/schema\\\/logo\\\/image\\\/\",\"url\":\"https:\\\/\\\/frutilu.com\\\/wp-content\\\/uploads\\\/2024\\\/04\\\/frutilu-logo-BLK-02.png\",\"contentUrl\":\"https:\\\/\\\/frutilu.com\\\/wp-content\\\/uploads\\\/2024\\\/04\\\/frutilu-logo-BLK-02.png\",\"width\":1714,\"height\":571,\"caption\":\"Frutilu.com\"},\"image\":{\"@id\":\"https:\\\/\\\/frutilu.com\\\/de\\\/#\\\/schema\\\/logo\\\/image\\\/\"},\"sameAs\":[\"https:\\\/\\\/www.facebook.com\\\/people\\\/Frutilu-drinks\\\/61558194795721\\\/\",\"https:\\\/\\\/www.instagram.com\\\/frutiludeutschland\",\"https:\\\/\\\/www.youtube.com\\\/@FrutiluDrinks\"]}]}<\/script>\n<!-- \/ Yoast SEO plugin. -->","yoast_head_json":{"title":"Frutilu Einkaufstasche aus Baumwolle - Frutilu.com","description":"Die Baumwoll-Einkaufstasche mit dem originellen Frutilu Motiv ist langlebig, abwaschbar, einfach zu benutzen und umweltfreundlich.","robots":{"index":"index","follow":"follow","max-snippet":"max-snippet:-1","max-image-preview":"max-image-preview:large","max-video-preview":"max-video-preview:-1"},"canonical":"https:\/\/frutilu.com\/de\/produkt\/frutilu-einkaufstasche-aus-baumwolle\/","og_locale":"de_DE","og_type":"article","og_title":"Frutilu Einkaufstasche aus Baumwolle - Frutilu.com","og_description":"Die Baumwoll-Einkaufstasche mit dem originellen Frutilu Motiv ist langlebig, abwaschbar, einfach zu benutzen und umweltfreundlich.","og_url":"https:\/\/frutilu.com\/de\/produkt\/frutilu-einkaufstasche-aus-baumwolle\/","og_site_name":"Frutilu.com","article_publisher":"https:\/\/www.facebook.com\/people\/Frutilu-drinks\/61558194795721\/","article_modified_time":"2024-08-14T04:47:43+00:00","og_image":[{"width":2133,"height":2133,"url":"https:\/\/frutilu.com\/wp-content\/uploads\/2024\/05\/Untitled-1-04-jpg.webp","type":"image\/jpeg"}],"twitter_card":"summary_large_image","schema":{"@context":"https:\/\/schema.org","@graph":[{"@type":"WebPage","@id":"https:\/\/frutilu.com\/de\/produkt\/frutilu-einkaufstasche-aus-baumwolle\/","url":"https:\/\/frutilu.com\/de\/produkt\/frutilu-einkaufstasche-aus-baumwolle\/","name":"Frutilu Einkaufstasche aus Baumwolle - Frutilu.com","isPartOf":{"@id":"https:\/\/frutilu.com\/de\/#website"},"primaryImageOfPage":{"@id":"https:\/\/frutilu.com\/de\/produkt\/frutilu-einkaufstasche-aus-baumwolle\/#primaryimage"},"image":{"@id":"https:\/\/frutilu.com\/de\/produkt\/frutilu-einkaufstasche-aus-baumwolle\/#primaryimage"},"thumbnailUrl":"https:\/\/frutilu.com\/wp-content\/uploads\/2024\/05\/Untitled-1-04-jpg.webp","datePublished":"2024-05-21T09:33:30+00:00","dateModified":"2024-08-14T04:47:43+00:00","description":"Die Baumwoll-Einkaufstasche mit dem originellen Frutilu Motiv ist langlebig, abwaschbar, einfach zu benutzen und umweltfreundlich.","breadcrumb":{"@id":"https:\/\/frutilu.com\/de\/produkt\/frutilu-einkaufstasche-aus-baumwolle\/#breadcrumb"},"inLanguage":"de","potentialAction":[{"@type":"ReadAction","target":["https:\/\/frutilu.com\/de\/produkt\/frutilu-einkaufstasche-aus-baumwolle\/"]}]},{"@type":"ImageObject","inLanguage":"de","@id":"https:\/\/frutilu.com\/de\/produkt\/frutilu-einkaufstasche-aus-baumwolle\/#primaryimage","url":"https:\/\/frutilu.com\/wp-content\/uploads\/2024\/05\/Untitled-1-04-jpg.webp","contentUrl":"https:\/\/frutilu.com\/wp-content\/uploads\/2024\/05\/Untitled-1-04-jpg.webp","width":2133,"height":2133},{"@type":"BreadcrumbList","@id":"https:\/\/frutilu.com\/de\/produkt\/frutilu-einkaufstasche-aus-baumwolle\/#breadcrumb","itemListElement":[{"@type":"ListItem","position":1,"name":"Shop","item":"https:\/\/frutilu.com\/de\/shop\/"},{"@type":"ListItem","position":2,"name":"Frutilu Einkaufstasche aus Baumwolle"}]},{"@type":"WebSite","@id":"https:\/\/frutilu.com\/de\/#website","url":"https:\/\/frutilu.com\/de\/","name":"Frutilu.com","description":"Stay hydrated!","publisher":{"@id":"https:\/\/frutilu.com\/de\/#organization"},"potentialAction":[{"@type":"SearchAction","target":{"@type":"EntryPoint","urlTemplate":"https:\/\/frutilu.com\/de\/?s={search_term_string}"},"query-input":{"@type":"PropertyValueSpecification","valueRequired":true,"valueName":"search_term_string"}}],"inLanguage":"de"},{"@type":"Organization","@id":"https:\/\/frutilu.com\/de\/#organization","name":"Frutilu.com","url":"https:\/\/frutilu.com\/de\/","logo":{"@type":"ImageObject","inLanguage":"de","@id":"https:\/\/frutilu.com\/de\/#\/schema\/logo\/image\/","url":"https:\/\/frutilu.com\/wp-content\/uploads\/2024\/04\/frutilu-logo-BLK-02.png","contentUrl":"https:\/\/frutilu.com\/wp-content\/uploads\/2024\/04\/frutilu-logo-BLK-02.png","width":1714,"height":571,"caption":"Frutilu.com"},"image":{"@id":"https:\/\/frutilu.com\/de\/#\/schema\/logo\/image\/"},"sameAs":["https:\/\/www.facebook.com\/people\/Frutilu-drinks\/61558194795721\/","https:\/\/www.instagram.com\/frutiludeutschland","https:\/\/www.youtube.com\/@FrutiluDrinks"]}]}},"tiered_pricing_type":"fixed","tiered_pricing_fixed_rules":[],"tiered_pricing_product_settings":{"layout":"default","base_unit_name":{"singular":null,"plural":null},"default_variation":null},"tiered_pricing_minimum_quantity":null,"tiered_pricing_roles_data":[],"tiered_pricing_percentage_rules":[],"tiered_pricing_maximum_quantity":null,"tiered_pricing_quantity_step":null,"_links":{"self":[{"href":"https:\/\/frutilu.com\/de\/wp-json\/wp\/v2\/product\/10821","targetHints":{"allow":["GET"]}}],"collection":[{"href":"https:\/\/frutilu.com\/de\/wp-json\/wp\/v2\/product"}],"about":[{"href":"https:\/\/frutilu.com\/de\/wp-json\/wp\/v2\/types\/product"}],"replies":[{"embeddable":true,"href":"https:\/\/frutilu.com\/de\/wp-json\/wp\/v2\/comments?post=10821"}],"wp:featuredmedia":[{"embeddable":true,"href":"https:\/\/frutilu.com\/de\/wp-json\/wp\/v2\/media\/10830"}],"wp:attachment":[{"href":"https:\/\/frutilu.com\/de\/wp-json\/wp\/v2\/media?parent=10821"}],"wp:term":[{"taxonomy":"product_brand","embeddable":true,"href":"https:\/\/frutilu.com\/de\/wp-json\/wp\/v2\/product_brand?post=10821"},{"taxonomy":"product_cat","embeddable":true,"href":"https:\/\/frutilu.com\/de\/wp-json\/wp\/v2\/product_cat?post=10821"},{"taxonomy":"product_tag","embeddable":true,"href":"https:\/\/frutilu.com\/de\/wp-json\/wp\/v2\/product_tag?post=10821"}],"curies":[{"name":"wp","href":"https:\/\/api.w.org\/{rel}","templated":true}]}}