{"id":14543,"date":"2024-12-11T13:28:56","date_gmt":"2024-12-11T12:28:56","guid":{"rendered":"https:\/\/frutilu.com\/?post_type=product&#038;p=14543"},"modified":"2026-01-30T15:38:39","modified_gmt":"2026-01-30T14:38:39","slug":"neuer-frutilu-getraenkemix","status":"publish","type":"product","link":"https:\/\/frutilu.com\/de\/produkt\/neuer-frutilu-getraenkemix\/","title":{"rendered":"Neuer Frutilu-Getr\u00e4nkemix (9x 10g)"},"content":{"rendered":"<p><strong>Frutilu Mix der neusten Getr\u00e4nke: 3x Wassermelone, 3x Zitrone & Limette, 3x Energie-Cranberry<br \/>\n<\/strong><\/p>\n<p>Willkommen in der Frutilu Welt der reichhaltigen und leckeren Getr\u00e4nke, die Ihren Durst \u00fcberall und jederzeit l\u00f6schen. Mit einem Geschmack, den Sie sofort lieben werden, und einem praktischen Nutzen, der Ihr Leben einfacher macht, ist Frutilu ein unverzichtbarer Bestandteil Ihres aktiven Tagesablaufs. Von der belebenden Orange oder dem exotischen Tropengeschmack bis hin zur beliebten Cola und erfrischenden Zitrone bietet Frutilu etwas f\u00fcr jeden Geschmack. Bei der Entwicklung der Getr\u00e4nke wurde sorgf\u00e4ltig auf eine gesunde Lebensweise geachtet, so dass sie frei von Zucker und anderen unn\u00f6tigen Zusatzstoffen sind. Dank der praktischen Verpackung passen die Getr\u00e4nke in jede noch so kleine Tasche.<\/p>\n<p>Frutilu ist eine Reihe von <strong>zuckerfreien<\/strong> Instantgetr\u00e4nken in Pulverform. Sie schmecken hervorragend und sind voller Aroma, und mit dem Zusatz von <strong>Vitamin C<\/strong> tragen sie zur St\u00e4rkung des Immunsystems bei. Der s\u00fc\u00dfe Geschmack tr\u00e4gt dazu bei, <strong>den Hei\u00dfhunger auf S\u00fc\u00dfes zu reduzieren<\/strong>, so dass sie eine gro\u00dfe Hilfe f\u00fcr alle sind, die abnehmen wollen und eine <strong>zuckerfreie Di\u00e4t<\/strong> machen. Mit den Frutilu-Getr\u00e4nken ist es vorbei mit der Sorge um \u00fcberm\u00e4\u00dfige Kalorienzufuhr!<\/p>\n<p>Frutilu regt dank seines k\u00f6stlichen Geschmacks auch zum Trinken an, so dass man die empfohlene t\u00e4gliche Fl\u00fcssigkeitszufuhr leicht erreichen kann.<\/p>\n<p>Frutilu ist frei von herk\u00f6mmlichem Zucker und S\u00fc\u00dfungsmitteln wie Aspartam und Acesulfam K und damit eine willkommene Alternative zum Markt der Instant-Getr\u00e4nke, die in der Regel viel Zucker und andere ungesunde Inhaltsstoffe enthalten.<\/p>\n<p>Ein Beutel reicht f\u00fcr <strong>mindestens 1,5 l Getr\u00e4nk<\/strong>. Mischen Sie den Inhalt des Beutels mit Wasser, Limonade oder einem anderen Getr\u00e4nk Ihrer Wahl. F\u00fcr einen besseren Geschmack k\u00f6nnen Sie Eisw\u00fcrfel hinzuf\u00fcgen.<\/p>\n<p><em>Hinweis: Frutilu-Getr\u00e4nke k\u00f6nnen auch als Zutat f\u00fcr S\u00fc\u00dfspeisen, Cocktails, Shakes oder sogar zuckerfreie Eiscreme verwendet werden, da sie dank ihres vollen Geschmacks und Aromas jedes Gericht bereichern.<\/em><\/p>\n<p><strong>Die Getr\u00e4nke sind in praktischen Beuteln verpackt. Nettogewicht 9 x 10 g.<\/strong><\/p>\n","protected":false},"excerpt":{"rendered":"<p>Neue Frutilu Drinks sind da! In diesem Mix erh\u00e4ltst du 3 der neusten Geschmacksrichtungen, je&#8230;<\/p>\n","protected":false},"featured_media":21298,"comment_status":"open","ping_status":"closed","template":"","meta":[],"product_brand":[],"product_cat":[1156,685],"product_tag":[1065,764,1305],"class_list":{"0":"post-14543","1":"product","2":"type-product","3":"status-publish","4":"has-post-thumbnail","6":"product_cat-box-mix-de","7":"product_cat-getraenke","8":"product_tag-10-g","9":"product_tag-frutilu","10":"product_tag-instantgetraenk","12":"first","13":"instock","14":"taxable","15":"shipping-taxable","16":"purchasable","17":"product-type-simple"},"yoast_head":"<!-- This site is optimized with the Yoast SEO plugin v27.5 - https:\/\/yoast.com\/product\/yoast-seo-wordpress\/ -->\n<title>Neuer Frutilu-Getr\u00e4nkemix (9x 10g) - Frutilu.com<\/title>\n<meta name=\"description\" content=\"Genie\u00dfen Sie den erfrischenden Geschmack des Frutilu- Instantgetr\u00e4nks. Zuckerfrei und mit Vitamin C ist es ideal f\u00fcr einen gesunden Lebensstil. Mit Frutilu Mix k\u00f6nnen Sie alle 9 k\u00f6stlichen Geschmacksrichtungen probieren.\" \/>\n<meta name=\"robots\" content=\"index, follow, max-snippet:-1, max-image-preview:large, max-video-preview:-1\" \/>\n<link rel=\"canonical\" href=\"https:\/\/frutilu.com\/de\/produkt\/neuer-frutilu-getraenkemix\/\" \/>\n<meta property=\"og:locale\" content=\"de_DE\" \/>\n<meta property=\"og:type\" content=\"article\" \/>\n<meta property=\"og:title\" content=\"Neuer Frutilu-Getr\u00e4nkemix (9x 10g) - Frutilu.com\" \/>\n<meta property=\"og:description\" content=\"Genie\u00dfen Sie den erfrischenden Geschmack des Frutilu- Instantgetr\u00e4nks. Zuckerfrei und mit Vitamin C ist es ideal f\u00fcr einen gesunden Lebensstil. Mit Frutilu Mix k\u00f6nnen Sie alle 9 k\u00f6stlichen Geschmacksrichtungen probieren.\" \/>\n<meta property=\"og:url\" content=\"https:\/\/frutilu.com\/de\/produkt\/neuer-frutilu-getraenkemix\/\" \/>\n<meta property=\"og:site_name\" content=\"Frutilu.com\" \/>\n<meta property=\"article:publisher\" content=\"https:\/\/www.facebook.com\/people\/Frutilu-drinks\/61558194795721\/\" \/>\n<meta property=\"article:modified_time\" content=\"2026-01-30T14:38:39+00:00\" \/>\n<meta property=\"og:image\" content=\"https:\/\/frutilu.com\/wp-content\/uploads\/2025\/07\/novo-avgust-2025-7.png\" \/>\n\t<meta property=\"og:image:width\" content=\"1024\" \/>\n\t<meta property=\"og:image:height\" content=\"1024\" \/>\n\t<meta property=\"og:image:type\" content=\"image\/png\" \/>\n<meta name=\"twitter:card\" content=\"summary_large_image\" \/>\n<meta name=\"twitter:label1\" content=\"Gesch\u00e4tzte Lesezeit\" \/>\n\t<meta name=\"twitter:data1\" content=\"2\u00a0Minute\" \/>\n<script type=\"application\/ld+json\" class=\"yoast-schema-graph\">{\"@context\":\"https:\\\/\\\/schema.org\",\"@graph\":[{\"@type\":\"WebPage\",\"@id\":\"https:\\\/\\\/frutilu.com\\\/de\\\/produkt\\\/neuer-frutilu-getraenkemix\\\/\",\"url\":\"https:\\\/\\\/frutilu.com\\\/de\\\/produkt\\\/neuer-frutilu-getraenkemix\\\/\",\"name\":\"Neuer Frutilu-Getr\u00e4nkemix (9x 10g) - Frutilu.com\",\"isPartOf\":{\"@id\":\"https:\\\/\\\/frutilu.com\\\/de\\\/#website\"},\"primaryImageOfPage\":{\"@id\":\"https:\\\/\\\/frutilu.com\\\/de\\\/produkt\\\/neuer-frutilu-getraenkemix\\\/#primaryimage\"},\"image\":{\"@id\":\"https:\\\/\\\/frutilu.com\\\/de\\\/produkt\\\/neuer-frutilu-getraenkemix\\\/#primaryimage\"},\"thumbnailUrl\":\"https:\\\/\\\/frutilu.com\\\/wp-content\\\/uploads\\\/2025\\\/07\\\/novo-avgust-2025-7.png\",\"datePublished\":\"2024-12-11T12:28:56+00:00\",\"dateModified\":\"2026-01-30T14:38:39+00:00\",\"description\":\"Genie\u00dfen Sie den erfrischenden Geschmack des Frutilu- Instantgetr\u00e4nks. Zuckerfrei und mit Vitamin C ist es ideal f\u00fcr einen gesunden Lebensstil. Mit Frutilu Mix k\u00f6nnen Sie alle 9 k\u00f6stlichen Geschmacksrichtungen probieren.\",\"breadcrumb\":{\"@id\":\"https:\\\/\\\/frutilu.com\\\/de\\\/produkt\\\/neuer-frutilu-getraenkemix\\\/#breadcrumb\"},\"inLanguage\":\"de\",\"potentialAction\":[{\"@type\":\"ReadAction\",\"target\":[\"https:\\\/\\\/frutilu.com\\\/de\\\/produkt\\\/neuer-frutilu-getraenkemix\\\/\"]}]},{\"@type\":\"ImageObject\",\"inLanguage\":\"de\",\"@id\":\"https:\\\/\\\/frutilu.com\\\/de\\\/produkt\\\/neuer-frutilu-getraenkemix\\\/#primaryimage\",\"url\":\"https:\\\/\\\/frutilu.com\\\/wp-content\\\/uploads\\\/2025\\\/07\\\/novo-avgust-2025-7.png\",\"contentUrl\":\"https:\\\/\\\/frutilu.com\\\/wp-content\\\/uploads\\\/2025\\\/07\\\/novo-avgust-2025-7.png\",\"width\":1024,\"height\":1024},{\"@type\":\"BreadcrumbList\",\"@id\":\"https:\\\/\\\/frutilu.com\\\/de\\\/produkt\\\/neuer-frutilu-getraenkemix\\\/#breadcrumb\",\"itemListElement\":[{\"@type\":\"ListItem\",\"position\":1,\"name\":\"Shop\",\"item\":\"https:\\\/\\\/frutilu.com\\\/de\\\/shop\\\/\"},{\"@type\":\"ListItem\",\"position\":2,\"name\":\"Neuer Frutilu-Getr\u00e4nkemix (9x 10g)\"}]},{\"@type\":\"WebSite\",\"@id\":\"https:\\\/\\\/frutilu.com\\\/de\\\/#website\",\"url\":\"https:\\\/\\\/frutilu.com\\\/de\\\/\",\"name\":\"Frutilu.com\",\"description\":\"Stay hydrated!\",\"publisher\":{\"@id\":\"https:\\\/\\\/frutilu.com\\\/de\\\/#organization\"},\"potentialAction\":[{\"@type\":\"SearchAction\",\"target\":{\"@type\":\"EntryPoint\",\"urlTemplate\":\"https:\\\/\\\/frutilu.com\\\/de\\\/?s={search_term_string}\"},\"query-input\":{\"@type\":\"PropertyValueSpecification\",\"valueRequired\":true,\"valueName\":\"search_term_string\"}}],\"inLanguage\":\"de\"},{\"@type\":\"Organization\",\"@id\":\"https:\\\/\\\/frutilu.com\\\/de\\\/#organization\",\"name\":\"Frutilu.com\",\"url\":\"https:\\\/\\\/frutilu.com\\\/de\\\/\",\"logo\":{\"@type\":\"ImageObject\",\"inLanguage\":\"de\",\"@id\":\"https:\\\/\\\/frutilu.com\\\/de\\\/#\\\/schema\\\/logo\\\/image\\\/\",\"url\":\"https:\\\/\\\/frutilu.com\\\/wp-content\\\/uploads\\\/2024\\\/04\\\/frutilu-logo-BLK-02.png\",\"contentUrl\":\"https:\\\/\\\/frutilu.com\\\/wp-content\\\/uploads\\\/2024\\\/04\\\/frutilu-logo-BLK-02.png\",\"width\":1714,\"height\":571,\"caption\":\"Frutilu.com\"},\"image\":{\"@id\":\"https:\\\/\\\/frutilu.com\\\/de\\\/#\\\/schema\\\/logo\\\/image\\\/\"},\"sameAs\":[\"https:\\\/\\\/www.facebook.com\\\/people\\\/Frutilu-drinks\\\/61558194795721\\\/\",\"https:\\\/\\\/www.instagram.com\\\/frutiludeutschland\",\"https:\\\/\\\/www.youtube.com\\\/@FrutiluDrinks\"]}]}<\/script>\n<!-- \/ Yoast SEO plugin. -->","yoast_head_json":{"title":"Neuer Frutilu-Getr\u00e4nkemix (9x 10g) - Frutilu.com","description":"Genie\u00dfen Sie den erfrischenden Geschmack des Frutilu- Instantgetr\u00e4nks. Zuckerfrei und mit Vitamin C ist es ideal f\u00fcr einen gesunden Lebensstil. Mit Frutilu Mix k\u00f6nnen Sie alle 9 k\u00f6stlichen Geschmacksrichtungen probieren.","robots":{"index":"index","follow":"follow","max-snippet":"max-snippet:-1","max-image-preview":"max-image-preview:large","max-video-preview":"max-video-preview:-1"},"canonical":"https:\/\/frutilu.com\/de\/produkt\/neuer-frutilu-getraenkemix\/","og_locale":"de_DE","og_type":"article","og_title":"Neuer Frutilu-Getr\u00e4nkemix (9x 10g) - Frutilu.com","og_description":"Genie\u00dfen Sie den erfrischenden Geschmack des Frutilu- Instantgetr\u00e4nks. Zuckerfrei und mit Vitamin C ist es ideal f\u00fcr einen gesunden Lebensstil. Mit Frutilu Mix k\u00f6nnen Sie alle 9 k\u00f6stlichen Geschmacksrichtungen probieren.","og_url":"https:\/\/frutilu.com\/de\/produkt\/neuer-frutilu-getraenkemix\/","og_site_name":"Frutilu.com","article_publisher":"https:\/\/www.facebook.com\/people\/Frutilu-drinks\/61558194795721\/","article_modified_time":"2026-01-30T14:38:39+00:00","og_image":[{"width":1024,"height":1024,"url":"https:\/\/frutilu.com\/wp-content\/uploads\/2025\/07\/novo-avgust-2025-7.png","type":"image\/png"}],"twitter_card":"summary_large_image","twitter_misc":{"Gesch\u00e4tzte Lesezeit":"2\u00a0Minute"},"schema":{"@context":"https:\/\/schema.org","@graph":[{"@type":"WebPage","@id":"https:\/\/frutilu.com\/de\/produkt\/neuer-frutilu-getraenkemix\/","url":"https:\/\/frutilu.com\/de\/produkt\/neuer-frutilu-getraenkemix\/","name":"Neuer Frutilu-Getr\u00e4nkemix (9x 10g) - Frutilu.com","isPartOf":{"@id":"https:\/\/frutilu.com\/de\/#website"},"primaryImageOfPage":{"@id":"https:\/\/frutilu.com\/de\/produkt\/neuer-frutilu-getraenkemix\/#primaryimage"},"image":{"@id":"https:\/\/frutilu.com\/de\/produkt\/neuer-frutilu-getraenkemix\/#primaryimage"},"thumbnailUrl":"https:\/\/frutilu.com\/wp-content\/uploads\/2025\/07\/novo-avgust-2025-7.png","datePublished":"2024-12-11T12:28:56+00:00","dateModified":"2026-01-30T14:38:39+00:00","description":"Genie\u00dfen Sie den erfrischenden Geschmack des Frutilu- Instantgetr\u00e4nks. Zuckerfrei und mit Vitamin C ist es ideal f\u00fcr einen gesunden Lebensstil. Mit Frutilu Mix k\u00f6nnen Sie alle 9 k\u00f6stlichen Geschmacksrichtungen probieren.","breadcrumb":{"@id":"https:\/\/frutilu.com\/de\/produkt\/neuer-frutilu-getraenkemix\/#breadcrumb"},"inLanguage":"de","potentialAction":[{"@type":"ReadAction","target":["https:\/\/frutilu.com\/de\/produkt\/neuer-frutilu-getraenkemix\/"]}]},{"@type":"ImageObject","inLanguage":"de","@id":"https:\/\/frutilu.com\/de\/produkt\/neuer-frutilu-getraenkemix\/#primaryimage","url":"https:\/\/frutilu.com\/wp-content\/uploads\/2025\/07\/novo-avgust-2025-7.png","contentUrl":"https:\/\/frutilu.com\/wp-content\/uploads\/2025\/07\/novo-avgust-2025-7.png","width":1024,"height":1024},{"@type":"BreadcrumbList","@id":"https:\/\/frutilu.com\/de\/produkt\/neuer-frutilu-getraenkemix\/#breadcrumb","itemListElement":[{"@type":"ListItem","position":1,"name":"Shop","item":"https:\/\/frutilu.com\/de\/shop\/"},{"@type":"ListItem","position":2,"name":"Neuer Frutilu-Getr\u00e4nkemix (9x 10g)"}]},{"@type":"WebSite","@id":"https:\/\/frutilu.com\/de\/#website","url":"https:\/\/frutilu.com\/de\/","name":"Frutilu.com","description":"Stay hydrated!","publisher":{"@id":"https:\/\/frutilu.com\/de\/#organization"},"potentialAction":[{"@type":"SearchAction","target":{"@type":"EntryPoint","urlTemplate":"https:\/\/frutilu.com\/de\/?s={search_term_string}"},"query-input":{"@type":"PropertyValueSpecification","valueRequired":true,"valueName":"search_term_string"}}],"inLanguage":"de"},{"@type":"Organization","@id":"https:\/\/frutilu.com\/de\/#organization","name":"Frutilu.com","url":"https:\/\/frutilu.com\/de\/","logo":{"@type":"ImageObject","inLanguage":"de","@id":"https:\/\/frutilu.com\/de\/#\/schema\/logo\/image\/","url":"https:\/\/frutilu.com\/wp-content\/uploads\/2024\/04\/frutilu-logo-BLK-02.png","contentUrl":"https:\/\/frutilu.com\/wp-content\/uploads\/2024\/04\/frutilu-logo-BLK-02.png","width":1714,"height":571,"caption":"Frutilu.com"},"image":{"@id":"https:\/\/frutilu.com\/de\/#\/schema\/logo\/image\/"},"sameAs":["https:\/\/www.facebook.com\/people\/Frutilu-drinks\/61558194795721\/","https:\/\/www.instagram.com\/frutiludeutschland","https:\/\/www.youtube.com\/@FrutiluDrinks"]}]}},"tiered_pricing_type":"fixed","tiered_pricing_fixed_rules":[],"tiered_pricing_product_settings":{"layout":"default","base_unit_name":{"singular":null,"plural":null},"default_variation":null},"tiered_pricing_minimum_quantity":null,"tiered_pricing_roles_data":[],"tiered_pricing_percentage_rules":[],"tiered_pricing_maximum_quantity":null,"tiered_pricing_quantity_step":null,"_links":{"self":[{"href":"https:\/\/frutilu.com\/de\/wp-json\/wp\/v2\/product\/14543","targetHints":{"allow":["GET"]}}],"collection":[{"href":"https:\/\/frutilu.com\/de\/wp-json\/wp\/v2\/product"}],"about":[{"href":"https:\/\/frutilu.com\/de\/wp-json\/wp\/v2\/types\/product"}],"replies":[{"embeddable":true,"href":"https:\/\/frutilu.com\/de\/wp-json\/wp\/v2\/comments?post=14543"}],"wp:featuredmedia":[{"embeddable":true,"href":"https:\/\/frutilu.com\/de\/wp-json\/wp\/v2\/media\/21298"}],"wp:attachment":[{"href":"https:\/\/frutilu.com\/de\/wp-json\/wp\/v2\/media?parent=14543"}],"wp:term":[{"taxonomy":"product_brand","embeddable":true,"href":"https:\/\/frutilu.com\/de\/wp-json\/wp\/v2\/product_brand?post=14543"},{"taxonomy":"product_cat","embeddable":true,"href":"https:\/\/frutilu.com\/de\/wp-json\/wp\/v2\/product_cat?post=14543"},{"taxonomy":"product_tag","embeddable":true,"href":"https:\/\/frutilu.com\/de\/wp-json\/wp\/v2\/product_tag?post=14543"}],"curies":[{"name":"wp","href":"https:\/\/api.w.org\/{rel}","templated":true}]}}