{"id":17575,"date":"2025-05-07T00:38:41","date_gmt":"2025-05-06T22:38:41","guid":{"rendered":"https:\/\/frutilu.com\/product\/plasticne-sponke-za-zapiranje-vreck-5-kosov\/"},"modified":"2025-08-09T13:32:21","modified_gmt":"2025-08-09T11:32:21","slug":"kunststoffklammern-zum-verschliessen-von-beuteln-5-stueck","status":"publish","type":"product","link":"https:\/\/frutilu.com\/de\/produkt\/kunststoffklammern-zum-verschliessen-von-beuteln-5-stueck\/","title":{"rendered":"Kunststoffklammern zum Verschlie\u00dfen von Beuteln \u2013 5 St\u00fcck"},"content":{"rendered":"<p>Beutelverschl\u00fcsse sind ein praktisches und einfaches Hilfsmittel, um Ihre Getr\u00e4nke frisch zu halten. Damit k\u00f6nnen Sie<strong> ge\u00f6ffnete Getr\u00e4nke vor Feuchtigkeit sch\u00fctzen und deren Haltbarkeit verl\u00e4ngern.<\/strong> Ideal f\u00fcr den Einsatz zu Hause, im B\u00fcro oder auf Reisen. Hergestellt aus strapazierf\u00e4higem Kunststoff und in verschiedenen lebendigen Farben erh\u00e4ltlich.<\/p>\n<p>Die Verpackung enth\u00e4lt 5 St\u00fcck. Nicht sp\u00fclmaschinengeeignet.<\/p>\n<p>Hergestellt in Slowenien<\/p>\n<p><em>Das Bild ist symbolisch<\/em><br \/>\n<span style=\"color: #ff6600;\"><strong>\u00a0<\/strong><\/span><\/p>\n","protected":false},"excerpt":{"rendered":"<p>Die Klammern bestehen aus Kunststoff. Hergestellt in Slowenien. Die Verpackung enth\u00e4lt 5 St\u00fcck. Nicht sp\u00fclmaschinengeeignet&#8230;.<\/p>\n","protected":false},"featured_media":17545,"comment_status":"open","ping_status":"closed","template":"","meta":[],"product_brand":[],"product_cat":[380],"product_tag":[1219,1220],"class_list":{"0":"post-17575","1":"product","2":"type-product","3":"status-publish","4":"has-post-thumbnail","6":"product_cat-ostalo","7":"product_tag-sponke","8":"product_tag-zapiranje","10":"first","11":"instock","12":"taxable","13":"shipping-taxable","14":"purchasable","15":"product-type-simple"},"yoast_head":"<!-- This site is optimized with the Yoast SEO plugin v27.4 - https:\/\/yoast.com\/product\/yoast-seo-wordpress\/ -->\n<title>Kunststoffklammern zum Verschlie\u00dfen von Beuteln \u2013 5 St\u00fcck - Frutilu.com<\/title>\n<meta name=\"robots\" content=\"index, follow, max-snippet:-1, max-image-preview:large, max-video-preview:-1\" \/>\n<link rel=\"canonical\" href=\"https:\/\/frutilu.com\/de\/produkt\/kunststoffklammern-zum-verschliessen-von-beuteln-5-stueck\/\" \/>\n<meta property=\"og:locale\" content=\"de_DE\" \/>\n<meta property=\"og:type\" content=\"article\" \/>\n<meta property=\"og:title\" content=\"Kunststoffklammern zum Verschlie\u00dfen von Beuteln \u2013 5 St\u00fcck - Frutilu.com\" \/>\n<meta property=\"og:description\" content=\"Die Klammern bestehen aus Kunststoff. Hergestellt in Slowenien. Die Verpackung enth\u00e4lt 5 St\u00fcck. Nicht sp\u00fclmaschinengeeignet....\" \/>\n<meta property=\"og:url\" content=\"https:\/\/frutilu.com\/de\/produkt\/kunststoffklammern-zum-verschliessen-von-beuteln-5-stueck\/\" \/>\n<meta property=\"og:site_name\" content=\"Frutilu.com\" \/>\n<meta property=\"article:publisher\" content=\"https:\/\/www.facebook.com\/people\/Frutilu-drinks\/61558194795721\/\" \/>\n<meta property=\"article:modified_time\" content=\"2025-08-09T11:32:21+00:00\" \/>\n<meta property=\"og:image\" content=\"https:\/\/frutilu.com\/wp-content\/uploads\/2025\/05\/sponke_slika1_compressed.png\" \/>\n\t<meta property=\"og:image:width\" content=\"1024\" \/>\n\t<meta property=\"og:image:height\" content=\"1024\" \/>\n\t<meta property=\"og:image:type\" content=\"image\/png\" \/>\n<meta name=\"twitter:card\" content=\"summary_large_image\" \/>\n<meta name=\"twitter:label1\" content=\"Gesch\u00e4tzte Lesezeit\" \/>\n\t<meta name=\"twitter:data1\" content=\"1\u00a0Minute\" \/>\n<script type=\"application\/ld+json\" class=\"yoast-schema-graph\">{\"@context\":\"https:\\\/\\\/schema.org\",\"@graph\":[{\"@type\":\"WebPage\",\"@id\":\"https:\\\/\\\/frutilu.com\\\/de\\\/produkt\\\/kunststoffklammern-zum-verschliessen-von-beuteln-5-stueck\\\/\",\"url\":\"https:\\\/\\\/frutilu.com\\\/de\\\/produkt\\\/kunststoffklammern-zum-verschliessen-von-beuteln-5-stueck\\\/\",\"name\":\"Kunststoffklammern zum Verschlie\u00dfen von Beuteln \u2013 5 St\u00fcck - Frutilu.com\",\"isPartOf\":{\"@id\":\"https:\\\/\\\/frutilu.com\\\/de\\\/#website\"},\"primaryImageOfPage\":{\"@id\":\"https:\\\/\\\/frutilu.com\\\/de\\\/produkt\\\/kunststoffklammern-zum-verschliessen-von-beuteln-5-stueck\\\/#primaryimage\"},\"image\":{\"@id\":\"https:\\\/\\\/frutilu.com\\\/de\\\/produkt\\\/kunststoffklammern-zum-verschliessen-von-beuteln-5-stueck\\\/#primaryimage\"},\"thumbnailUrl\":\"https:\\\/\\\/frutilu.com\\\/wp-content\\\/uploads\\\/2025\\\/05\\\/sponke_slika1_compressed.png\",\"datePublished\":\"2025-05-06T22:38:41+00:00\",\"dateModified\":\"2025-08-09T11:32:21+00:00\",\"breadcrumb\":{\"@id\":\"https:\\\/\\\/frutilu.com\\\/de\\\/produkt\\\/kunststoffklammern-zum-verschliessen-von-beuteln-5-stueck\\\/#breadcrumb\"},\"inLanguage\":\"de\",\"potentialAction\":[{\"@type\":\"ReadAction\",\"target\":[\"https:\\\/\\\/frutilu.com\\\/de\\\/produkt\\\/kunststoffklammern-zum-verschliessen-von-beuteln-5-stueck\\\/\"]}]},{\"@type\":\"ImageObject\",\"inLanguage\":\"de\",\"@id\":\"https:\\\/\\\/frutilu.com\\\/de\\\/produkt\\\/kunststoffklammern-zum-verschliessen-von-beuteln-5-stueck\\\/#primaryimage\",\"url\":\"https:\\\/\\\/frutilu.com\\\/wp-content\\\/uploads\\\/2025\\\/05\\\/sponke_slika1_compressed.png\",\"contentUrl\":\"https:\\\/\\\/frutilu.com\\\/wp-content\\\/uploads\\\/2025\\\/05\\\/sponke_slika1_compressed.png\",\"width\":1024,\"height\":1024},{\"@type\":\"BreadcrumbList\",\"@id\":\"https:\\\/\\\/frutilu.com\\\/de\\\/produkt\\\/kunststoffklammern-zum-verschliessen-von-beuteln-5-stueck\\\/#breadcrumb\",\"itemListElement\":[{\"@type\":\"ListItem\",\"position\":1,\"name\":\"Shop\",\"item\":\"https:\\\/\\\/frutilu.com\\\/de\\\/shop\\\/\"},{\"@type\":\"ListItem\",\"position\":2,\"name\":\"Kunststoffklammern zum Verschlie\u00dfen von Beuteln \u2013 5 St\u00fcck\"}]},{\"@type\":\"WebSite\",\"@id\":\"https:\\\/\\\/frutilu.com\\\/de\\\/#website\",\"url\":\"https:\\\/\\\/frutilu.com\\\/de\\\/\",\"name\":\"Frutilu.com\",\"description\":\"Stay hydrated!\",\"publisher\":{\"@id\":\"https:\\\/\\\/frutilu.com\\\/de\\\/#organization\"},\"potentialAction\":[{\"@type\":\"SearchAction\",\"target\":{\"@type\":\"EntryPoint\",\"urlTemplate\":\"https:\\\/\\\/frutilu.com\\\/de\\\/?s={search_term_string}\"},\"query-input\":{\"@type\":\"PropertyValueSpecification\",\"valueRequired\":true,\"valueName\":\"search_term_string\"}}],\"inLanguage\":\"de\"},{\"@type\":\"Organization\",\"@id\":\"https:\\\/\\\/frutilu.com\\\/de\\\/#organization\",\"name\":\"Frutilu.com\",\"url\":\"https:\\\/\\\/frutilu.com\\\/de\\\/\",\"logo\":{\"@type\":\"ImageObject\",\"inLanguage\":\"de\",\"@id\":\"https:\\\/\\\/frutilu.com\\\/de\\\/#\\\/schema\\\/logo\\\/image\\\/\",\"url\":\"https:\\\/\\\/frutilu.com\\\/wp-content\\\/uploads\\\/2024\\\/04\\\/frutilu-logo-BLK-02.png\",\"contentUrl\":\"https:\\\/\\\/frutilu.com\\\/wp-content\\\/uploads\\\/2024\\\/04\\\/frutilu-logo-BLK-02.png\",\"width\":1714,\"height\":571,\"caption\":\"Frutilu.com\"},\"image\":{\"@id\":\"https:\\\/\\\/frutilu.com\\\/de\\\/#\\\/schema\\\/logo\\\/image\\\/\"},\"sameAs\":[\"https:\\\/\\\/www.facebook.com\\\/people\\\/Frutilu-drinks\\\/61558194795721\\\/\",\"https:\\\/\\\/www.instagram.com\\\/frutiludeutschland\",\"https:\\\/\\\/www.youtube.com\\\/@FrutiluDrinks\"]}]}<\/script>\n<!-- \/ Yoast SEO plugin. -->","yoast_head_json":{"title":"Kunststoffklammern zum Verschlie\u00dfen von Beuteln \u2013 5 St\u00fcck - Frutilu.com","robots":{"index":"index","follow":"follow","max-snippet":"max-snippet:-1","max-image-preview":"max-image-preview:large","max-video-preview":"max-video-preview:-1"},"canonical":"https:\/\/frutilu.com\/de\/produkt\/kunststoffklammern-zum-verschliessen-von-beuteln-5-stueck\/","og_locale":"de_DE","og_type":"article","og_title":"Kunststoffklammern zum Verschlie\u00dfen von Beuteln \u2013 5 St\u00fcck - Frutilu.com","og_description":"Die Klammern bestehen aus Kunststoff. Hergestellt in Slowenien. Die Verpackung enth\u00e4lt 5 St\u00fcck. Nicht sp\u00fclmaschinengeeignet....","og_url":"https:\/\/frutilu.com\/de\/produkt\/kunststoffklammern-zum-verschliessen-von-beuteln-5-stueck\/","og_site_name":"Frutilu.com","article_publisher":"https:\/\/www.facebook.com\/people\/Frutilu-drinks\/61558194795721\/","article_modified_time":"2025-08-09T11:32:21+00:00","og_image":[{"width":1024,"height":1024,"url":"https:\/\/frutilu.com\/wp-content\/uploads\/2025\/05\/sponke_slika1_compressed.png","type":"image\/png"}],"twitter_card":"summary_large_image","twitter_misc":{"Gesch\u00e4tzte Lesezeit":"1\u00a0Minute"},"schema":{"@context":"https:\/\/schema.org","@graph":[{"@type":"WebPage","@id":"https:\/\/frutilu.com\/de\/produkt\/kunststoffklammern-zum-verschliessen-von-beuteln-5-stueck\/","url":"https:\/\/frutilu.com\/de\/produkt\/kunststoffklammern-zum-verschliessen-von-beuteln-5-stueck\/","name":"Kunststoffklammern zum Verschlie\u00dfen von Beuteln \u2013 5 St\u00fcck - Frutilu.com","isPartOf":{"@id":"https:\/\/frutilu.com\/de\/#website"},"primaryImageOfPage":{"@id":"https:\/\/frutilu.com\/de\/produkt\/kunststoffklammern-zum-verschliessen-von-beuteln-5-stueck\/#primaryimage"},"image":{"@id":"https:\/\/frutilu.com\/de\/produkt\/kunststoffklammern-zum-verschliessen-von-beuteln-5-stueck\/#primaryimage"},"thumbnailUrl":"https:\/\/frutilu.com\/wp-content\/uploads\/2025\/05\/sponke_slika1_compressed.png","datePublished":"2025-05-06T22:38:41+00:00","dateModified":"2025-08-09T11:32:21+00:00","breadcrumb":{"@id":"https:\/\/frutilu.com\/de\/produkt\/kunststoffklammern-zum-verschliessen-von-beuteln-5-stueck\/#breadcrumb"},"inLanguage":"de","potentialAction":[{"@type":"ReadAction","target":["https:\/\/frutilu.com\/de\/produkt\/kunststoffklammern-zum-verschliessen-von-beuteln-5-stueck\/"]}]},{"@type":"ImageObject","inLanguage":"de","@id":"https:\/\/frutilu.com\/de\/produkt\/kunststoffklammern-zum-verschliessen-von-beuteln-5-stueck\/#primaryimage","url":"https:\/\/frutilu.com\/wp-content\/uploads\/2025\/05\/sponke_slika1_compressed.png","contentUrl":"https:\/\/frutilu.com\/wp-content\/uploads\/2025\/05\/sponke_slika1_compressed.png","width":1024,"height":1024},{"@type":"BreadcrumbList","@id":"https:\/\/frutilu.com\/de\/produkt\/kunststoffklammern-zum-verschliessen-von-beuteln-5-stueck\/#breadcrumb","itemListElement":[{"@type":"ListItem","position":1,"name":"Shop","item":"https:\/\/frutilu.com\/de\/shop\/"},{"@type":"ListItem","position":2,"name":"Kunststoffklammern zum Verschlie\u00dfen von Beuteln \u2013 5 St\u00fcck"}]},{"@type":"WebSite","@id":"https:\/\/frutilu.com\/de\/#website","url":"https:\/\/frutilu.com\/de\/","name":"Frutilu.com","description":"Stay hydrated!","publisher":{"@id":"https:\/\/frutilu.com\/de\/#organization"},"potentialAction":[{"@type":"SearchAction","target":{"@type":"EntryPoint","urlTemplate":"https:\/\/frutilu.com\/de\/?s={search_term_string}"},"query-input":{"@type":"PropertyValueSpecification","valueRequired":true,"valueName":"search_term_string"}}],"inLanguage":"de"},{"@type":"Organization","@id":"https:\/\/frutilu.com\/de\/#organization","name":"Frutilu.com","url":"https:\/\/frutilu.com\/de\/","logo":{"@type":"ImageObject","inLanguage":"de","@id":"https:\/\/frutilu.com\/de\/#\/schema\/logo\/image\/","url":"https:\/\/frutilu.com\/wp-content\/uploads\/2024\/04\/frutilu-logo-BLK-02.png","contentUrl":"https:\/\/frutilu.com\/wp-content\/uploads\/2024\/04\/frutilu-logo-BLK-02.png","width":1714,"height":571,"caption":"Frutilu.com"},"image":{"@id":"https:\/\/frutilu.com\/de\/#\/schema\/logo\/image\/"},"sameAs":["https:\/\/www.facebook.com\/people\/Frutilu-drinks\/61558194795721\/","https:\/\/www.instagram.com\/frutiludeutschland","https:\/\/www.youtube.com\/@FrutiluDrinks"]}]}},"tiered_pricing_type":"fixed","tiered_pricing_fixed_rules":[],"tiered_pricing_product_settings":{"layout":"default","base_unit_name":{"singular":null,"plural":null},"default_variation":null},"tiered_pricing_minimum_quantity":null,"tiered_pricing_roles_data":[],"tiered_pricing_percentage_rules":[],"tiered_pricing_maximum_quantity":null,"tiered_pricing_quantity_step":null,"_links":{"self":[{"href":"https:\/\/frutilu.com\/de\/wp-json\/wp\/v2\/product\/17575","targetHints":{"allow":["GET"]}}],"collection":[{"href":"https:\/\/frutilu.com\/de\/wp-json\/wp\/v2\/product"}],"about":[{"href":"https:\/\/frutilu.com\/de\/wp-json\/wp\/v2\/types\/product"}],"replies":[{"embeddable":true,"href":"https:\/\/frutilu.com\/de\/wp-json\/wp\/v2\/comments?post=17575"}],"wp:featuredmedia":[{"embeddable":true,"href":"https:\/\/frutilu.com\/de\/wp-json\/wp\/v2\/media\/17545"}],"wp:attachment":[{"href":"https:\/\/frutilu.com\/de\/wp-json\/wp\/v2\/media?parent=17575"}],"wp:term":[{"taxonomy":"product_brand","embeddable":true,"href":"https:\/\/frutilu.com\/de\/wp-json\/wp\/v2\/product_brand?post=17575"},{"taxonomy":"product_cat","embeddable":true,"href":"https:\/\/frutilu.com\/de\/wp-json\/wp\/v2\/product_cat?post=17575"},{"taxonomy":"product_tag","embeddable":true,"href":"https:\/\/frutilu.com\/de\/wp-json\/wp\/v2\/product_tag?post=17575"}],"curies":[{"name":"wp","href":"https:\/\/api.w.org\/{rel}","templated":true}]}}