{"id":19857,"date":"2025-07-08T11:36:14","date_gmt":"2025-07-08T09:36:14","guid":{"rendered":"https:\/\/frutilu.com\/?post_type=product&#038;p=19857"},"modified":"2026-04-22T13:17:30","modified_gmt":"2026-04-22T11:17:30","slug":"frutilu-shaker-600-ml","status":"publish","type":"product","link":"https:\/\/frutilu.com\/de\/produkt\/frutilu-shaker-600-ml\/","title":{"rendered":"Frutilu shaker 600 ml"},"content":{"rendered":"<p data-start=\"0\" data-end=\"344\">Bleib stilvoll erfrischt \u2013 mit dem <strong data-start=\"35\" data-end=\"53\">Frutilu Shaker<\/strong>, jederzeit und \u00fcberall. Dieser Shaker besticht durch sein modernes, sportliches Design und eine ergonomische Form. Er ist mit einer praktischen Aufh\u00e4ngung ausgestattet, die eine einfache Befestigung an Tasche oder Rucksack erm\u00f6glicht, sowie einem herausnehmbaren Sieb f\u00fcr m\u00fcheloses Mischen.<\/p>\n<p data-start=\"346\" data-end=\"555\" data-is-last-node=\"\" data-is-only-node=\"\">Erh\u00e4ltlich in mehreren lebendigen Farben, erg\u00e4nzt durch das unverkennbare <strong data-start=\"420\" data-end=\"436\">Frutilu Logo<\/strong>. Hergestellt aus hochwertigem, <strong>BPA-freiem<\/strong>, transparentem Kunststoff ist der Shaker robust und sicher in der Anwendung.<\/p>\n<p><strong>Fassungsverm\u00f6gen:<\/strong> 600 ml<br data-start=\"635\" data-end=\"638\" \/><strong data-start=\"638\" data-end=\"651\">Material:<\/strong> 100 % Kunststoff<br data-start=\"668\" data-end=\"671\" \/><strong data-start=\"671\" data-end=\"683\">Gewicht:<\/strong> 140 g<br data-start=\"689\" data-end=\"692\" \/><strong data-start=\"692\" data-end=\"715\" data-is-only-node=\"\">Gebrauchsanweisung:<\/strong> Die Flasche vor und nach dem Gebrauch reinigen. F\u00fcr die Aufbewahrung im K\u00fchlschrank geeignet.<\/p>\n<p><em>Hergestellt in der T\u00fcrkei<\/em><\/p>\n","protected":false},"excerpt":{"rendered":"<p>Bleib stilvoll erfrischt \u2013 mit dem Frutilu Shaker, jederzeit und \u00fcberall. Dieser Shaker besticht durch&#8230;<\/p>\n","protected":false},"featured_media":19892,"comment_status":"open","ping_status":"closed","template":"","meta":[],"product_brand":[],"product_cat":[383,470],"product_tag":[1806],"class_list":{"0":"post-19857","1":"product","2":"type-product","3":"status-publish","4":"has-post-thumbnail","6":"product_cat-other","7":"product_cat-bottles","8":"product_tag-shaker","10":"first","11":"instock","12":"taxable","13":"shipping-taxable","14":"purchasable","15":"product-type-variable"},"yoast_head":"<!-- This site is optimized with the Yoast SEO plugin v27.5 - https:\/\/yoast.com\/product\/yoast-seo-wordpress\/ -->\n<title>Frutilu shaker 600 ml - Frutilu.com<\/title>\n<meta name=\"description\" content=\"Bleib stilvoll erfrischt \u2013 mit dem Frutilu Shaker, jederzeit und \u00fcberall.\" \/>\n<meta name=\"robots\" content=\"index, follow, max-snippet:-1, max-image-preview:large, max-video-preview:-1\" \/>\n<link rel=\"canonical\" href=\"https:\/\/frutilu.com\/de\/produkt\/frutilu-shaker-600-ml\/\" \/>\n<meta property=\"og:locale\" content=\"de_DE\" \/>\n<meta property=\"og:type\" content=\"article\" \/>\n<meta property=\"og:title\" content=\"Frutilu shaker 600 ml - Frutilu.com\" \/>\n<meta property=\"og:description\" content=\"Bleib stilvoll erfrischt \u2013 mit dem Frutilu Shaker, jederzeit und \u00fcberall.\" \/>\n<meta property=\"og:url\" content=\"https:\/\/frutilu.com\/de\/produkt\/frutilu-shaker-600-ml\/\" \/>\n<meta property=\"og:site_name\" content=\"Frutilu.com\" \/>\n<meta property=\"article:publisher\" content=\"https:\/\/www.facebook.com\/people\/Frutilu-drinks\/61558194795721\/\" \/>\n<meta property=\"article:modified_time\" content=\"2026-04-22T11:17:30+00:00\" \/>\n<meta property=\"og:image\" content=\"https:\/\/frutilu.com\/wp-content\/uploads\/2025\/05\/vsi-2.png\" \/>\n\t<meta property=\"og:image:width\" content=\"1080\" \/>\n\t<meta property=\"og:image:height\" content=\"1080\" \/>\n\t<meta property=\"og:image:type\" content=\"image\/png\" \/>\n<meta name=\"twitter:card\" content=\"summary_large_image\" \/>\n<meta name=\"twitter:label1\" content=\"Gesch\u00e4tzte Lesezeit\" \/>\n\t<meta name=\"twitter:data1\" content=\"1\u00a0Minute\" \/>\n<script type=\"application\/ld+json\" class=\"yoast-schema-graph\">{\"@context\":\"https:\\\/\\\/schema.org\",\"@graph\":[{\"@type\":\"WebPage\",\"@id\":\"https:\\\/\\\/frutilu.com\\\/de\\\/produkt\\\/frutilu-shaker-600-ml\\\/\",\"url\":\"https:\\\/\\\/frutilu.com\\\/de\\\/produkt\\\/frutilu-shaker-600-ml\\\/\",\"name\":\"Frutilu shaker 600 ml - Frutilu.com\",\"isPartOf\":{\"@id\":\"https:\\\/\\\/frutilu.com\\\/de\\\/#website\"},\"primaryImageOfPage\":{\"@id\":\"https:\\\/\\\/frutilu.com\\\/de\\\/produkt\\\/frutilu-shaker-600-ml\\\/#primaryimage\"},\"image\":{\"@id\":\"https:\\\/\\\/frutilu.com\\\/de\\\/produkt\\\/frutilu-shaker-600-ml\\\/#primaryimage\"},\"thumbnailUrl\":\"https:\\\/\\\/frutilu.com\\\/wp-content\\\/uploads\\\/2025\\\/05\\\/vsi-2.png\",\"datePublished\":\"2025-07-08T09:36:14+00:00\",\"dateModified\":\"2026-04-22T11:17:30+00:00\",\"description\":\"Bleib stilvoll erfrischt \u2013 mit dem Frutilu Shaker, jederzeit und \u00fcberall.\",\"breadcrumb\":{\"@id\":\"https:\\\/\\\/frutilu.com\\\/de\\\/produkt\\\/frutilu-shaker-600-ml\\\/#breadcrumb\"},\"inLanguage\":\"de\",\"potentialAction\":[{\"@type\":\"ReadAction\",\"target\":[\"https:\\\/\\\/frutilu.com\\\/de\\\/produkt\\\/frutilu-shaker-600-ml\\\/\"]}]},{\"@type\":\"ImageObject\",\"inLanguage\":\"de\",\"@id\":\"https:\\\/\\\/frutilu.com\\\/de\\\/produkt\\\/frutilu-shaker-600-ml\\\/#primaryimage\",\"url\":\"https:\\\/\\\/frutilu.com\\\/wp-content\\\/uploads\\\/2025\\\/05\\\/vsi-2.png\",\"contentUrl\":\"https:\\\/\\\/frutilu.com\\\/wp-content\\\/uploads\\\/2025\\\/05\\\/vsi-2.png\",\"width\":1080,\"height\":1080},{\"@type\":\"BreadcrumbList\",\"@id\":\"https:\\\/\\\/frutilu.com\\\/de\\\/produkt\\\/frutilu-shaker-600-ml\\\/#breadcrumb\",\"itemListElement\":[{\"@type\":\"ListItem\",\"position\":1,\"name\":\"Shop\",\"item\":\"https:\\\/\\\/frutilu.com\\\/de\\\/shop\\\/\"},{\"@type\":\"ListItem\",\"position\":2,\"name\":\"Frutilu shaker 600 ml\"}]},{\"@type\":\"WebSite\",\"@id\":\"https:\\\/\\\/frutilu.com\\\/de\\\/#website\",\"url\":\"https:\\\/\\\/frutilu.com\\\/de\\\/\",\"name\":\"Frutilu.com\",\"description\":\"Stay hydrated!\",\"publisher\":{\"@id\":\"https:\\\/\\\/frutilu.com\\\/de\\\/#organization\"},\"potentialAction\":[{\"@type\":\"SearchAction\",\"target\":{\"@type\":\"EntryPoint\",\"urlTemplate\":\"https:\\\/\\\/frutilu.com\\\/de\\\/?s={search_term_string}\"},\"query-input\":{\"@type\":\"PropertyValueSpecification\",\"valueRequired\":true,\"valueName\":\"search_term_string\"}}],\"inLanguage\":\"de\"},{\"@type\":\"Organization\",\"@id\":\"https:\\\/\\\/frutilu.com\\\/de\\\/#organization\",\"name\":\"Frutilu.com\",\"url\":\"https:\\\/\\\/frutilu.com\\\/de\\\/\",\"logo\":{\"@type\":\"ImageObject\",\"inLanguage\":\"de\",\"@id\":\"https:\\\/\\\/frutilu.com\\\/de\\\/#\\\/schema\\\/logo\\\/image\\\/\",\"url\":\"https:\\\/\\\/frutilu.com\\\/wp-content\\\/uploads\\\/2024\\\/04\\\/frutilu-logo-BLK-02.png\",\"contentUrl\":\"https:\\\/\\\/frutilu.com\\\/wp-content\\\/uploads\\\/2024\\\/04\\\/frutilu-logo-BLK-02.png\",\"width\":1714,\"height\":571,\"caption\":\"Frutilu.com\"},\"image\":{\"@id\":\"https:\\\/\\\/frutilu.com\\\/de\\\/#\\\/schema\\\/logo\\\/image\\\/\"},\"sameAs\":[\"https:\\\/\\\/www.facebook.com\\\/people\\\/Frutilu-drinks\\\/61558194795721\\\/\",\"https:\\\/\\\/www.instagram.com\\\/frutiludeutschland\",\"https:\\\/\\\/www.youtube.com\\\/@FrutiluDrinks\"]}]}<\/script>\n<!-- \/ Yoast SEO plugin. -->","yoast_head_json":{"title":"Frutilu shaker 600 ml - Frutilu.com","description":"Bleib stilvoll erfrischt \u2013 mit dem Frutilu Shaker, jederzeit und \u00fcberall.","robots":{"index":"index","follow":"follow","max-snippet":"max-snippet:-1","max-image-preview":"max-image-preview:large","max-video-preview":"max-video-preview:-1"},"canonical":"https:\/\/frutilu.com\/de\/produkt\/frutilu-shaker-600-ml\/","og_locale":"de_DE","og_type":"article","og_title":"Frutilu shaker 600 ml - Frutilu.com","og_description":"Bleib stilvoll erfrischt \u2013 mit dem Frutilu Shaker, jederzeit und \u00fcberall.","og_url":"https:\/\/frutilu.com\/de\/produkt\/frutilu-shaker-600-ml\/","og_site_name":"Frutilu.com","article_publisher":"https:\/\/www.facebook.com\/people\/Frutilu-drinks\/61558194795721\/","article_modified_time":"2026-04-22T11:17:30+00:00","og_image":[{"width":1080,"height":1080,"url":"https:\/\/frutilu.com\/wp-content\/uploads\/2025\/05\/vsi-2.png","type":"image\/png"}],"twitter_card":"summary_large_image","twitter_misc":{"Gesch\u00e4tzte Lesezeit":"1\u00a0Minute"},"schema":{"@context":"https:\/\/schema.org","@graph":[{"@type":"WebPage","@id":"https:\/\/frutilu.com\/de\/produkt\/frutilu-shaker-600-ml\/","url":"https:\/\/frutilu.com\/de\/produkt\/frutilu-shaker-600-ml\/","name":"Frutilu shaker 600 ml - Frutilu.com","isPartOf":{"@id":"https:\/\/frutilu.com\/de\/#website"},"primaryImageOfPage":{"@id":"https:\/\/frutilu.com\/de\/produkt\/frutilu-shaker-600-ml\/#primaryimage"},"image":{"@id":"https:\/\/frutilu.com\/de\/produkt\/frutilu-shaker-600-ml\/#primaryimage"},"thumbnailUrl":"https:\/\/frutilu.com\/wp-content\/uploads\/2025\/05\/vsi-2.png","datePublished":"2025-07-08T09:36:14+00:00","dateModified":"2026-04-22T11:17:30+00:00","description":"Bleib stilvoll erfrischt \u2013 mit dem Frutilu Shaker, jederzeit und \u00fcberall.","breadcrumb":{"@id":"https:\/\/frutilu.com\/de\/produkt\/frutilu-shaker-600-ml\/#breadcrumb"},"inLanguage":"de","potentialAction":[{"@type":"ReadAction","target":["https:\/\/frutilu.com\/de\/produkt\/frutilu-shaker-600-ml\/"]}]},{"@type":"ImageObject","inLanguage":"de","@id":"https:\/\/frutilu.com\/de\/produkt\/frutilu-shaker-600-ml\/#primaryimage","url":"https:\/\/frutilu.com\/wp-content\/uploads\/2025\/05\/vsi-2.png","contentUrl":"https:\/\/frutilu.com\/wp-content\/uploads\/2025\/05\/vsi-2.png","width":1080,"height":1080},{"@type":"BreadcrumbList","@id":"https:\/\/frutilu.com\/de\/produkt\/frutilu-shaker-600-ml\/#breadcrumb","itemListElement":[{"@type":"ListItem","position":1,"name":"Shop","item":"https:\/\/frutilu.com\/de\/shop\/"},{"@type":"ListItem","position":2,"name":"Frutilu shaker 600 ml"}]},{"@type":"WebSite","@id":"https:\/\/frutilu.com\/de\/#website","url":"https:\/\/frutilu.com\/de\/","name":"Frutilu.com","description":"Stay hydrated!","publisher":{"@id":"https:\/\/frutilu.com\/de\/#organization"},"potentialAction":[{"@type":"SearchAction","target":{"@type":"EntryPoint","urlTemplate":"https:\/\/frutilu.com\/de\/?s={search_term_string}"},"query-input":{"@type":"PropertyValueSpecification","valueRequired":true,"valueName":"search_term_string"}}],"inLanguage":"de"},{"@type":"Organization","@id":"https:\/\/frutilu.com\/de\/#organization","name":"Frutilu.com","url":"https:\/\/frutilu.com\/de\/","logo":{"@type":"ImageObject","inLanguage":"de","@id":"https:\/\/frutilu.com\/de\/#\/schema\/logo\/image\/","url":"https:\/\/frutilu.com\/wp-content\/uploads\/2024\/04\/frutilu-logo-BLK-02.png","contentUrl":"https:\/\/frutilu.com\/wp-content\/uploads\/2024\/04\/frutilu-logo-BLK-02.png","width":1714,"height":571,"caption":"Frutilu.com"},"image":{"@id":"https:\/\/frutilu.com\/de\/#\/schema\/logo\/image\/"},"sameAs":["https:\/\/www.facebook.com\/people\/Frutilu-drinks\/61558194795721\/","https:\/\/www.instagram.com\/frutiludeutschland","https:\/\/www.youtube.com\/@FrutiluDrinks"]}]}},"tiered_pricing_type":"fixed","tiered_pricing_fixed_rules":[],"tiered_pricing_product_settings":{"layout":"default","base_unit_name":{"singular":null,"plural":null},"default_variation":null},"tiered_pricing_minimum_quantity":null,"tiered_pricing_roles_data":[],"tiered_pricing_percentage_rules":[],"tiered_pricing_maximum_quantity":null,"tiered_pricing_quantity_step":null,"_links":{"self":[{"href":"https:\/\/frutilu.com\/de\/wp-json\/wp\/v2\/product\/19857","targetHints":{"allow":["GET"]}}],"collection":[{"href":"https:\/\/frutilu.com\/de\/wp-json\/wp\/v2\/product"}],"about":[{"href":"https:\/\/frutilu.com\/de\/wp-json\/wp\/v2\/types\/product"}],"replies":[{"embeddable":true,"href":"https:\/\/frutilu.com\/de\/wp-json\/wp\/v2\/comments?post=19857"}],"wp:featuredmedia":[{"embeddable":true,"href":"https:\/\/frutilu.com\/de\/wp-json\/wp\/v2\/media\/19892"}],"wp:attachment":[{"href":"https:\/\/frutilu.com\/de\/wp-json\/wp\/v2\/media?parent=19857"}],"wp:term":[{"taxonomy":"product_brand","embeddable":true,"href":"https:\/\/frutilu.com\/de\/wp-json\/wp\/v2\/product_brand?post=19857"},{"taxonomy":"product_cat","embeddable":true,"href":"https:\/\/frutilu.com\/de\/wp-json\/wp\/v2\/product_cat?post=19857"},{"taxonomy":"product_tag","embeddable":true,"href":"https:\/\/frutilu.com\/de\/wp-json\/wp\/v2\/product_tag?post=19857"}],"curies":[{"name":"wp","href":"https:\/\/api.w.org\/{rel}","templated":true}]}}