{"id":34378,"date":"2024-05-23T23:51:46","date_gmt":"2024-05-23T21:51:46","guid":{"rendered":"https:\/\/frutilu.com\/politika-piskotkov\/"},"modified":"2026-05-07T01:16:52","modified_gmt":"2026-05-06T23:16:52","slug":"politika-kolacica","status":"publish","type":"page","link":"https:\/\/frutilu.com\/hr\/politika-kolacica\/","title":{"rendered":"Politika kola\u010di\u0107a"},"content":{"rendered":"<p>* \ud83c\udded\ud83c\uddf7: <\/p>\n<style>\n  a.cky-banner-element {\n  padding: 8px 30px;\n  background: #F8F9FA;\n  color: #858A8F;\n  border: 1px solid #DEE2E6;\n  box-sizing: border-box;\n  border-radius: 2px;\n  cursor: pointer;\n  }<\/p>\n<\/style>\n<p><strong>Datum stupanja na snagu:<\/strong> 29.02.2024 <strong>Zadnje a\u017euriranje:<\/strong> 25.05.2024<\/p>\n<h5>\u0160to su kola\u010di\u0107i?<\/h5>\n<div class=\"cookie-policy-p\">\n<p>Ova Politika kola\u010di\u0107a obja\u0161njava \u0161to su kola\u010di\u0107i i kako ih koristimo, vrste kola\u010di\u0107a koje koristimo, odnosno informacije koje prikupljamo kori\u0161tenjem kola\u010di\u0107a i kako te informacije koristimo, te kako upravljati postavkama kola\u010di\u0107a.<\/p>\n<p>Kola\u010di\u0107i su male tekstualne datoteke koje se koriste za pohranu malih koli\u010dina informacija. Pohranjuju se na va\u0161 ure\u0111aj kada se web stranica u\u010dita u va\u0161em pregledniku. Ovi kola\u010di\u0107i poma\u017eu nam da web stranica pravilno funkcionira, bude sigurnija, pru\u017ea bolje korisni\u010dko iskustvo te da razumijemo kako web stranica funkcionira i analiziramo \u0161to funkcionira, a gdje su potrebna pobolj\u0161anja.<\/p>\n<\/div>\n<p>\u00a0<\/p>\n<h5>Kako koristimo kola\u010di\u0107e?<\/h5>\n<div class=\"cookie-policy-p\">\n<p>Kao i ve\u0107ina internetskih usluga, na\u0161a web stranica koristi vlastite kola\u010di\u0107e i kola\u010di\u0107e tre\u0107ih strana u razli\u010dite svrhe. Vlastiti kola\u010di\u0107i uglavnom su nu\u017eni za pravilno funkcioniranje web stranice i ne prikupljaju nikakve va\u0161e osobne podatke koji bi omogu\u0107ili identifikaciju.<\/p>\n<p>Kola\u010di\u0107i tre\u0107ih strana koje koristimo na na\u0161oj web stranici uglavnom su namijenjeni razumijevanju rada web stranice, na\u010dina na koji komunicirate s na\u0161om web stranicom, odr\u017eavanju sigurnosti na\u0161ih usluga, prikazivanju relevantnih oglasa za vas te pru\u017eanju boljeg i pobolj\u0161anog korisni\u010dkog iskustva i br\u017eoj budu\u0107oj interakciji s na\u0161om web stranicom.<\/p>\n<\/div>\n<h5>Koje kola\u010di\u0107e koristimo na stranici<\/h5>\n<p>\u201c`<\/p>\n<div class=\"cky-audit-table-element\"><\/div>\n<p>\u201c`<\/p>\n<h5 style=\"margin-bottom: 20px;\">Upravljanje postavkama kola\u010di\u0107a<\/h5>\n<p><a class=\"cky-banner-element\">Postavke kola\u010di\u0107a<\/a><\/p>\n<div>\n<p>Svoje postavke kola\u010di\u0107a mo\u017eete promijeniti u bilo kojem trenutku klikom na gornji gumb. To \u0107e vam omogu\u0107iti da ponovno otvorite banner za privolu za kola\u010di\u0107e i promijenite svoje postavke ili odmah povu\u010dete svoju privolu.<\/p>\n<p>Osim toga, razli\u010diti preglednici nude razli\u010dite metode za blokiranje i brisanje kola\u010di\u0107a koje koriste web stranice. Postavke preglednika mo\u017eete promijeniti tako da blokirate\/bri\u0161ete kola\u010di\u0107e. U nastavku su navedene poveznice na dokumente podr\u0161ke o tome kako upravljati kola\u010di\u0107ima i brisati ih iz glavnih web preglednika.<\/p>\n<p>Chrome: <a href=\"https:\/\/support.google.com\/accounts\/answer\/32050\" target=\"_blank\" rel=\"noopener\">[https:\/\/support.google.com\/accounts\/answer\/32050](https:\/\/support.google.com\/accounts\/answer\/32050)<\/a><\/p>\n<p>Safari: <a href=\"https:\/\/support.apple.com\/en-in\/guide\/safari\/sfri11471\/mac\" target=\"_blank\" rel=\"noopener\">[https:\/\/support.apple.com\/en-in\/guide\/safari\/sfri11471\/mac](https:\/\/support.apple.com\/en-in\/guide\/safari\/sfri11471\/mac)<\/a><\/p>\n<p>Firefox: <a href=\"https:\/\/support.mozilla.org\/en-US\/kb\/clear-cookies-and-site-data-firefox?redirectslug=delete-cookies-remove-info-websites-stored&redirectlocale=en-US\" target=\"_blank\" rel=\"noopener\">[https:\/\/support.mozilla.org\/en-US\/kb\/clear-cookies-and-site-data-firefox?redirectslug=delete-cookies-remove-info-websites-stored&redirectlocale=en-US](https:\/\/support.mozilla.org\/en-US\/kb\/clear-cookies-and-site-data-firefox?redirectslug=delete-cookies-remove-info-websites-stored&redirectlocale=en-US)<\/a><\/p>\n<p>Internet Explorer: <a href=\"https:\/\/support.microsoft.com\/en-us\/topic\/how-to-delete-cookie-files-in-internet-explorer-bca9446f-d873-78de-77ba-d42645fa52fc\" target=\"_blank\" rel=\"noopener\">[https:\/\/support.microsoft.com\/en-us\/topic\/how-to-delete-cookie-files-in-internet-explorer-bca9446f-d873-78de-77ba-d42645fa52fc](https:\/\/support.microsoft.com\/en-us\/topic\/how-to-delete-cookie-files-in-internet-explorer-bca9446f-d873-78de-77ba-d42645fa52fc)<\/a><\/p>\n<p>Ako koristite bilo koji drugi web preglednik, posjetite slu\u017ebene dokumente podr\u0161ke svog preglednika.<\/p>\n<\/div>\n","protected":false},"excerpt":{"rendered":"<p>* \ud83c\udded\ud83c\uddf7: Datum stupanja na snagu: 29.02.2024 Zadnje a\u017euriranje: 25.05.2024 \u0160to su kola\u010di\u0107i? Ova Politika&#8230;<\/p>\n","protected":false},"author":1,"featured_media":0,"parent":0,"menu_order":0,"comment_status":"closed","ping_status":"closed","template":"","meta":{"footnotes":""},"class_list":["post-34378","page","type-page","status-publish","hentry"],"yoast_head":"<!-- This site is optimized with the Yoast SEO plugin v27.5 - https:\/\/yoast.com\/product\/yoast-seo-wordpress\/ -->\n<title>Politika kola\u010di\u0107a - Frutilu.com<\/title>\n<meta name=\"robots\" content=\"index, follow, max-snippet:-1, max-image-preview:large, max-video-preview:-1\" \/>\n<link rel=\"canonical\" href=\"https:\/\/frutilu.com\/hr\/politika-kolacica\/\" \/>\n<meta property=\"og:locale\" content=\"hr_HR\" \/>\n<meta property=\"og:type\" content=\"article\" \/>\n<meta property=\"og:title\" content=\"Politika kola\u010di\u0107a - Frutilu.com\" \/>\n<meta property=\"og:description\" content=\"* \ud83c\udded\ud83c\uddf7: Datum stupanja na snagu: 29.02.2024 Zadnje a\u017euriranje: 25.05.2024 \u0160to su kola\u010di\u0107i? Ova Politika...\" \/>\n<meta property=\"og:url\" content=\"https:\/\/frutilu.com\/hr\/politika-kolacica\/\" \/>\n<meta property=\"og:site_name\" content=\"Frutilu.com\" \/>\n<meta property=\"article:publisher\" content=\"https:\/\/www.facebook.com\/people\/Frutilu-drinks\/61558194795721\/\" \/>\n<meta property=\"article:modified_time\" content=\"2026-05-06T23:16:52+00:00\" \/>\n<meta property=\"og:image\" content=\"https:\/\/frutilu.com\/wp-content\/uploads\/2024\/06\/main_frutilu_picture.png\" \/>\n\t<meta property=\"og:image:width\" content=\"1080\" \/>\n\t<meta property=\"og:image:height\" content=\"1080\" \/>\n\t<meta property=\"og:image:type\" content=\"image\/png\" \/>\n<meta name=\"twitter:card\" content=\"summary_large_image\" \/>\n<meta name=\"twitter:label1\" content=\"Procijenjeno vrijeme \u010ditanja\" \/>\n\t<meta name=\"twitter:data1\" content=\"2 minuta\" \/>\n<script type=\"application\/ld+json\" class=\"yoast-schema-graph\">{\"@context\":\"https:\\\/\\\/schema.org\",\"@graph\":[{\"@type\":\"WebPage\",\"@id\":\"https:\\\/\\\/frutilu.com\\\/hr\\\/politika-kolacica\\\/\",\"url\":\"https:\\\/\\\/frutilu.com\\\/hr\\\/politika-kolacica\\\/\",\"name\":\"Politika kola\u010di\u0107a - Frutilu.com\",\"isPartOf\":{\"@id\":\"https:\\\/\\\/frutilu.com\\\/hr\\\/#website\"},\"datePublished\":\"2024-05-23T21:51:46+00:00\",\"dateModified\":\"2026-05-06T23:16:52+00:00\",\"inLanguage\":\"hr\",\"potentialAction\":[{\"@type\":\"ReadAction\",\"target\":[\"https:\\\/\\\/frutilu.com\\\/hr\\\/politika-kolacica\\\/\"]}]},{\"@type\":\"WebSite\",\"@id\":\"https:\\\/\\\/frutilu.com\\\/hr\\\/#website\",\"url\":\"https:\\\/\\\/frutilu.com\\\/hr\\\/\",\"name\":\"Frutilu.com\",\"description\":\"Stay hydrated!\",\"publisher\":{\"@id\":\"https:\\\/\\\/frutilu.com\\\/hr\\\/#organization\"},\"potentialAction\":[{\"@type\":\"SearchAction\",\"target\":{\"@type\":\"EntryPoint\",\"urlTemplate\":\"https:\\\/\\\/frutilu.com\\\/hr\\\/?s={search_term_string}\"},\"query-input\":{\"@type\":\"PropertyValueSpecification\",\"valueRequired\":true,\"valueName\":\"search_term_string\"}}],\"inLanguage\":\"hr\"},{\"@type\":\"Organization\",\"@id\":\"https:\\\/\\\/frutilu.com\\\/hr\\\/#organization\",\"name\":\"Frutilu.com\",\"url\":\"https:\\\/\\\/frutilu.com\\\/hr\\\/\",\"logo\":{\"@type\":\"ImageObject\",\"inLanguage\":\"hr\",\"@id\":\"https:\\\/\\\/frutilu.com\\\/hr\\\/#\\\/schema\\\/logo\\\/image\\\/\",\"url\":\"https:\\\/\\\/frutilu.com\\\/wp-content\\\/uploads\\\/2024\\\/04\\\/frutilu-logo-BLK-02.png\",\"contentUrl\":\"https:\\\/\\\/frutilu.com\\\/wp-content\\\/uploads\\\/2024\\\/04\\\/frutilu-logo-BLK-02.png\",\"width\":1714,\"height\":571,\"caption\":\"Frutilu.com\"},\"image\":{\"@id\":\"https:\\\/\\\/frutilu.com\\\/hr\\\/#\\\/schema\\\/logo\\\/image\\\/\"},\"sameAs\":[\"https:\\\/\\\/www.facebook.com\\\/people\\\/Frutilu-drinks\\\/61558194795721\\\/\",\"https:\\\/\\\/www.instagram.com\\\/frutiludrinks\\\/\",\"https:\\\/\\\/www.youtube.com\\\/@FrutiluDrinks\"]}]}<\/script>\n<!-- \/ Yoast SEO plugin. -->","yoast_head_json":{"title":"Politika kola\u010di\u0107a - Frutilu.com","robots":{"index":"index","follow":"follow","max-snippet":"max-snippet:-1","max-image-preview":"max-image-preview:large","max-video-preview":"max-video-preview:-1"},"canonical":"https:\/\/frutilu.com\/hr\/politika-kolacica\/","og_locale":"hr_HR","og_type":"article","og_title":"Politika kola\u010di\u0107a - Frutilu.com","og_description":"* \ud83c\udded\ud83c\uddf7: Datum stupanja na snagu: 29.02.2024 Zadnje a\u017euriranje: 25.05.2024 \u0160to su kola\u010di\u0107i? Ova Politika...","og_url":"https:\/\/frutilu.com\/hr\/politika-kolacica\/","og_site_name":"Frutilu.com","article_publisher":"https:\/\/www.facebook.com\/people\/Frutilu-drinks\/61558194795721\/","article_modified_time":"2026-05-06T23:16:52+00:00","og_image":[{"width":1080,"height":1080,"url":"https:\/\/frutilu.com\/wp-content\/uploads\/2024\/06\/main_frutilu_picture.png","type":"image\/png"}],"twitter_card":"summary_large_image","twitter_misc":{"Procijenjeno vrijeme \u010ditanja":"2 minuta"},"schema":{"@context":"https:\/\/schema.org","@graph":[{"@type":"WebPage","@id":"https:\/\/frutilu.com\/hr\/politika-kolacica\/","url":"https:\/\/frutilu.com\/hr\/politika-kolacica\/","name":"Politika kola\u010di\u0107a - Frutilu.com","isPartOf":{"@id":"https:\/\/frutilu.com\/hr\/#website"},"datePublished":"2024-05-23T21:51:46+00:00","dateModified":"2026-05-06T23:16:52+00:00","inLanguage":"hr","potentialAction":[{"@type":"ReadAction","target":["https:\/\/frutilu.com\/hr\/politika-kolacica\/"]}]},{"@type":"WebSite","@id":"https:\/\/frutilu.com\/hr\/#website","url":"https:\/\/frutilu.com\/hr\/","name":"Frutilu.com","description":"Stay hydrated!","publisher":{"@id":"https:\/\/frutilu.com\/hr\/#organization"},"potentialAction":[{"@type":"SearchAction","target":{"@type":"EntryPoint","urlTemplate":"https:\/\/frutilu.com\/hr\/?s={search_term_string}"},"query-input":{"@type":"PropertyValueSpecification","valueRequired":true,"valueName":"search_term_string"}}],"inLanguage":"hr"},{"@type":"Organization","@id":"https:\/\/frutilu.com\/hr\/#organization","name":"Frutilu.com","url":"https:\/\/frutilu.com\/hr\/","logo":{"@type":"ImageObject","inLanguage":"hr","@id":"https:\/\/frutilu.com\/hr\/#\/schema\/logo\/image\/","url":"https:\/\/frutilu.com\/wp-content\/uploads\/2024\/04\/frutilu-logo-BLK-02.png","contentUrl":"https:\/\/frutilu.com\/wp-content\/uploads\/2024\/04\/frutilu-logo-BLK-02.png","width":1714,"height":571,"caption":"Frutilu.com"},"image":{"@id":"https:\/\/frutilu.com\/hr\/#\/schema\/logo\/image\/"},"sameAs":["https:\/\/www.facebook.com\/people\/Frutilu-drinks\/61558194795721\/","https:\/\/www.instagram.com\/frutiludrinks\/","https:\/\/www.youtube.com\/@FrutiluDrinks"]}]}},"_links":{"self":[{"href":"https:\/\/frutilu.com\/hr\/wp-json\/wp\/v2\/pages\/34378","targetHints":{"allow":["GET"]}}],"collection":[{"href":"https:\/\/frutilu.com\/hr\/wp-json\/wp\/v2\/pages"}],"about":[{"href":"https:\/\/frutilu.com\/hr\/wp-json\/wp\/v2\/types\/page"}],"author":[{"embeddable":true,"href":"https:\/\/frutilu.com\/hr\/wp-json\/wp\/v2\/users\/1"}],"replies":[{"embeddable":true,"href":"https:\/\/frutilu.com\/hr\/wp-json\/wp\/v2\/comments?post=34378"}],"version-history":[{"count":2,"href":"https:\/\/frutilu.com\/hr\/wp-json\/wp\/v2\/pages\/34378\/revisions"}],"predecessor-version":[{"id":34380,"href":"https:\/\/frutilu.com\/hr\/wp-json\/wp\/v2\/pages\/34378\/revisions\/34380"}],"wp:attachment":[{"href":"https:\/\/frutilu.com\/hr\/wp-json\/wp\/v2\/media?parent=34378"}],"curies":[{"name":"wp","href":"https:\/\/api.w.org\/{rel}","templated":true}]}}