{"id":34529,"date":"2024-05-26T23:18:23","date_gmt":"2024-05-26T21:18:23","guid":{"rendered":"https:\/\/frutilu.com\/vprasanja-in-odgovori\/"},"modified":"2026-05-07T23:33:04","modified_gmt":"2026-05-07T21:33:04","slug":"pitanja-i-odgovori","status":"publish","type":"page","link":"https:\/\/frutilu.com\/hr\/pitanja-i-odgovori\/","title":{"rendered":"Pitanja i odgovori"},"content":{"rendered":"\t\t<div data-elementor-type=\"wp-page\" data-elementor-id=\"34529\" class=\"elementor elementor-34529 elementor-6190\">\n\t\t\t\t<div class=\"elementor-element elementor-element-15604fc0 e-flex e-con-boxed e-con e-parent\" data-id=\"15604fc0\" data-element_type=\"container\" data-e-type=\"container\">\n\t\t\t\t\t<div class=\"e-con-inner\">\n\t\t\t\t<div class=\"elementor-element elementor-element-85949c1 elementor-widget elementor-widget-shortcode\" data-id=\"85949c1\" data-element_type=\"widget\" data-e-type=\"widget\" data-widget_type=\"shortcode.default\">\n\t\t\t\t<div class=\"elementor-widget-container\">\n\t\t\t\t\t\t\t<div class=\"elementor-shortcode\">\t\t\t<div class=\"yith-faqs\">\n\t\t\t\t\t\t\t\t\t<div class=\"yith-faqs-search\">\n\t\t\t\t\t\t<div class=\"yith-faqs-search-container\">\n\t\t\t\t\t\t\t<div class=\"yith-faqs-search-input\">\n\t\t\t\t\t\t\t\t<label class=\"screen-reader-text\">Pretra\u017ei FAQ<\/label>\n\t\t\t\t\t\t\t\t<input type=\"text\" value=\"\" name=\"search\" placeholder=\"Pretra\u017ei FAQ\"\/>\n\t\t\t\t\t\t\t<\/div>\n\t\t\t\t\t\t\t<div class=\"yith-faqs-search-button\">\n\t\t\t\t\t\t\t\t<button type=\"submit\"><i class=\"yfwp-search\"><\/i><\/button>\n\t\t\t\t\t\t\t<\/div>\n\t\t\t\t\t\t<\/div>\n\t\t\t\t\t\t<div class=\"yith-faqs-reset-container\">\n\t\t\t\t\t\t\t<a class=\"yith-faqs-reset\" href=\"https:\/\/frutilu.com\/hr\/pitanja-i-odgovori\/\">Reset<\/a>\n\t\t\t\t\t\t<\/div>\n\t\t\t\t\t<\/div>\n\t\t\t\t\t\n\t\t\t\t\t<ul class=\"yith-faqs-categories pill\">\n\t\t\t\t\t\t<li>\n\t\t\t\t\t\t\t<a href=\"?term_id=all\" class=\"active\">Sve<\/a>\n\t\t\t\t\t\t<\/li>\n\t\t\t\t\t\t\t\t\t\t\t\t\t<li>\n\t\t\t\t\t\t\t\t<a href=\"?term_id=2008\" class=\"\">DOSTAVA<\/a>\n\t\t\t\t\t\t\t<\/li>\n\t\t\t\t\t\t\t\t\t\t\t\t\t<li>\n\t\t\t\t\t\t\t\t<a href=\"?term_id=2009\" class=\"\">PROIZVODI<\/a>\n\t\t\t\t\t\t\t<\/li>\n\t\t\t\t\t\t\t\t\t\t\t\t\t<li>\n\t\t\t\t\t\t\t\t<a href=\"?term_id=2010\" class=\"\">KUPNJA<\/a>\n\t\t\t\t\t\t\t<\/li>\n\t\t\t\t\t\t\t\t\t\t\t\t\t<li>\n\t\t\t\t\t\t\t\t<a href=\"?term_id=2011\" class=\"\">POVRAT<\/a>\n\t\t\t\t\t\t\t<\/li>\n\t\t\t\t\t\t\t\t\t\t\t<\/ul>\n\n\t\t\t\t\t\t\t\t<div id=\"yith-faqs-container\" class=\"yith-faqs-container yith-faq-type-accordion pill yith-faqs-no-page  default-loader\" style=\"--ywfp-icon-font-size: 14px;\">\n\n\t\t\t\t\t\n\t\t\t\t\t\n\t\t\t\t\t\t\t\t\t\t\t\t<div id=\"faq-34536\" class=\"yith-faqs-item icon-right opened active\">\n\t\t\t\t\t\t\t<div class=\"yith-faqs-title\">\n\t\t\t\t\t\t\t\t\t\t\t\t\t\t\t\t\t<div class=\"icon yfwp-chevron-down\"><\/div>\n\t\t\t\t\t\t\t\t\t\t\t\t\t\t\t\t<b>Koliko Frutila instant napitka trebam pomije\u0161ati s vodom?<\/b>\n\t\t\t\t\t\t\t<\/div>\n\t\t\t\t\t\t\t<div class=\"yith-faqs-content-wrapper\">\n\t\t\t\t\t\t\t\t<div class=\"yith-faqs-content\">\n\t\t\t\t\t\t\t\t\t<p>Koli\u010dina Frutilu instant napitka ovisi o tome koliko napitka \u017eelite pripremiti i koliko vam intenzivan okus odgovara. U nastavku su okvirne smjernice za pripremu napitka:<\/p>\r\n<!-- \/wp:post-content -->\r\n\r\n<!-- wp:list -->\r\n<ul class=\"wp-block-list\"><!-- wp:list-item -->\r\n<li><strong>Za 3 dcl vode<\/strong>: upotrijebite otprilike <strong><sup>1<\/sup>\/<sub>4<\/sub> \u010dajne \u017eli\u010dice<\/strong><\/li>\r\n<!-- \/wp:list-item -->\r\n\r\n<!-- wp:list-item -->\r\n<li><strong>Za <sup>1<\/sup>\/<sub>2<\/sub> litre (5 dcl) vode<\/strong>: upotrijebite otprilike <strong><sup>1<\/sup>\/<sub>2<\/sub> \u010dajne \u017eli\u010dice<\/strong><\/li>\r\n<!-- \/wp:list-item -->\r\n\r\n<!-- wp:list-item -->\r\n<li><strong>Za 1 litru vode<\/strong>: upotrijebite otprilike <strong>1 \u010dajnu \u017eli\u010dicu<\/strong><\/li>\r\n<!-- \/wp:list-item --><\/ul>\r\n<!-- \/wp:list -->\r\n\r\n<!-- wp:paragraph -->\r\n<p>Naravno, <strong>okus prilagodite sebi!<\/strong> Neki vi\u0161e vole intenzivniji, a drugi bla\u017ei napitak. Frutilu vam daje slobodu da stvorite savr\u0161en napitak po svom ukusu, uvijek bez dodanog \u0161e\u0107era i s prirodnom svje\u017einom.<\/p>\t\t\t\t\t\t\t\t<\/div>\n\t\t\t\t\t\t\t\t\t\t\t\t\t\t\t\t\t<div class=\"yith-faqs-link\">\n\t\t\t\t\t\t\t\t\t\t<a class=\"yith-faqs-copy\" href=\"#\" data-faq=\"https:\/\/frutilu.com\/hr\/pitanja-i-odgovori\/#faq-34536\">\n\t\t\t\t\t\t\t\t\t\t\t<span class=\"hover-text\">Kopiraj poveznicu<\/span>\n\t\t\t\t\t\t\t\t\t\t\t<span class=\"success-text\">Kopirano!<\/span>\n\t\t\t\t\t\t\t\t\t\t<\/a>\n\t\t\t\t\t\t\t\t\t<\/div>\n\t\t\t\t\t\t\t\t\t\t\t\t\t\t\t<\/div>\n\t\t\t\t\t\t<\/div>\n\n\t\t\t\t\t\n\t\t\t\t\t\t\t\t\t\t\t\t<div id=\"faq-34539\" class=\"yith-faqs-item icon-right\">\n\t\t\t\t\t\t\t<div class=\"yith-faqs-title\">\n\t\t\t\t\t\t\t\t\t\t\t\t\t\t\t\t\t<div class=\"icon yfwp-chevron-down\"><\/div>\n\t\t\t\t\t\t\t\t\t\t\t\t\t\t\t\t<b>Sadr\u017ee li Frutilu napitci \u0161e\u0107er?<\/b>\n\t\t\t\t\t\t\t<\/div>\n\t\t\t\t\t\t\t<div class=\"yith-faqs-content-wrapper\">\n\t\t\t\t\t\t\t\t<div class=\"yith-faqs-content\">\n\t\t\t\t\t\t\t\t\t<p>Frutilu napitci ne sadr\u017ee \u0161e\u0107er, ve\u0107 prirodno sladilo steviju te sladilo sukralozu.<\/p>\n\t\t\t\t\t\t\t\t<\/div>\n\t\t\t\t\t\t\t\t\t\t\t\t\t\t\t\t\t<div class=\"yith-faqs-link\">\n\t\t\t\t\t\t\t\t\t\t<a class=\"yith-faqs-copy\" href=\"#\" data-faq=\"https:\/\/frutilu.com\/hr\/pitanja-i-odgovori\/#faq-34539\">\n\t\t\t\t\t\t\t\t\t\t\t<span class=\"hover-text\">Kopiraj poveznicu<\/span>\n\t\t\t\t\t\t\t\t\t\t\t<span class=\"success-text\">Kopirano!<\/span>\n\t\t\t\t\t\t\t\t\t\t<\/a>\n\t\t\t\t\t\t\t\t\t<\/div>\n\t\t\t\t\t\t\t\t\t\t\t\t\t\t\t<\/div>\n\t\t\t\t\t\t<\/div>\n\n\t\t\t\t\t\n\t\t\t\t\t\t\t\t\t\t\t\t<div id=\"faq-34542\" class=\"yith-faqs-item icon-right\">\n\t\t\t\t\t\t\t<div class=\"yith-faqs-title\">\n\t\t\t\t\t\t\t\t\t\t\t\t\t\t\t\t\t<div class=\"icon yfwp-chevron-down\"><\/div>\n\t\t\t\t\t\t\t\t\t\t\t\t\t\t\t\t<b>Koja se sladila koriste u Frutilu napitcima?<\/b>\n\t\t\t\t\t\t\t<\/div>\n\t\t\t\t\t\t\t<div class=\"yith-faqs-content-wrapper\">\n\t\t\t\t\t\t\t\t<div class=\"yith-faqs-content\">\n\t\t\t\t\t\t\t\t\t<p>U Frutilu napitcima koriste se prirodno sladilo stevija i sladilo sukraloza. Oba sladila su bez energetske vrijednosti, ne podi\u017eu razinu \u0161e\u0107era u krvi i prikladna su i za dijabeti\u010dare. Na\u0161 je cilj ponuditi osvje\u017eavaju\u0107e napitke s prirodnom slatko\u0107om.<\/p>\n\t\t\t\t\t\t\t\t<\/div>\n\t\t\t\t\t\t\t\t\t\t\t\t\t\t\t\t\t<div class=\"yith-faqs-link\">\n\t\t\t\t\t\t\t\t\t\t<a class=\"yith-faqs-copy\" href=\"#\" data-faq=\"https:\/\/frutilu.com\/hr\/pitanja-i-odgovori\/#faq-34542\">\n\t\t\t\t\t\t\t\t\t\t\t<span class=\"hover-text\">Kopiraj poveznicu<\/span>\n\t\t\t\t\t\t\t\t\t\t\t<span class=\"success-text\">Kopirano!<\/span>\n\t\t\t\t\t\t\t\t\t\t<\/a>\n\t\t\t\t\t\t\t\t\t<\/div>\n\t\t\t\t\t\t\t\t\t\t\t\t\t\t\t<\/div>\n\t\t\t\t\t\t<\/div>\n\n\t\t\t\t\t\n\t\t\t\t\t\t\t\t\t\t\t\t<div id=\"faq-34547\" class=\"yith-faqs-item icon-right\">\n\t\t\t\t\t\t\t<div class=\"yith-faqs-title\">\n\t\t\t\t\t\t\t\t\t\t\t\t\t\t\t\t\t<div class=\"icon yfwp-chevron-down\"><\/div>\n\t\t\t\t\t\t\t\t\t\t\t\t\t\t\t\t<b>Jesu li Frutilu napitci prikladni za djecu?<\/b>\n\t\t\t\t\t\t\t<\/div>\n\t\t\t\t\t\t\t<div class=\"yith-faqs-content-wrapper\">\n\t\t\t\t\t\t\t\t<div class=\"yith-faqs-content\">\n\t\t\t\t\t\t\t\t\t<p>Frutilu napitci ne sadr\u017ee \u0161tetne tvari, stoga su prikladni za djecu, ali u umjerenim koli\u010dinama.<\/p>\n\t\t\t\t\t\t\t\t<\/div>\n\t\t\t\t\t\t\t\t\t\t\t\t\t\t\t\t\t<div class=\"yith-faqs-link\">\n\t\t\t\t\t\t\t\t\t\t<a class=\"yith-faqs-copy\" href=\"#\" data-faq=\"https:\/\/frutilu.com\/hr\/pitanja-i-odgovori\/#faq-34547\">\n\t\t\t\t\t\t\t\t\t\t\t<span class=\"hover-text\">Kopiraj poveznicu<\/span>\n\t\t\t\t\t\t\t\t\t\t\t<span class=\"success-text\">Kopirano!<\/span>\n\t\t\t\t\t\t\t\t\t\t<\/a>\n\t\t\t\t\t\t\t\t\t<\/div>\n\t\t\t\t\t\t\t\t\t\t\t\t\t\t\t<\/div>\n\t\t\t\t\t\t<\/div>\n\n\t\t\t\t\t\n\t\t\t\t\t\t\t\t\t\t\t\t<div id=\"faq-34550\" class=\"yith-faqs-item icon-right\">\n\t\t\t\t\t\t\t<div class=\"yith-faqs-title\">\n\t\t\t\t\t\t\t\t\t\t\t\t\t\t\t\t\t<div class=\"icon yfwp-chevron-down\"><\/div>\n\t\t\t\t\t\t\t\t\t\t\t\t\t\t\t\t<b>Jesu li Frutilu napitci prikladni za trudnice i dojilje?<\/b>\n\t\t\t\t\t\t\t<\/div>\n\t\t\t\t\t\t\t<div class=\"yith-faqs-content-wrapper\">\n\t\t\t\t\t\t\t\t<div class=\"yith-faqs-content\">\n\t\t\t\t\t\t\t\t\t<p>Frutilu napitci dobili su certifikat za sigurnu hranu, stoga su prikladni za trudnice i dojilje. Ipak, prije konzumacije preporu\u010dujemo savjetovanje s va\u0161im lije\u010dnikom.<\/p>\n\t\t\t\t\t\t\t\t<\/div>\n\t\t\t\t\t\t\t\t\t\t\t\t\t\t\t\t\t<div class=\"yith-faqs-link\">\n\t\t\t\t\t\t\t\t\t\t<a class=\"yith-faqs-copy\" href=\"#\" data-faq=\"https:\/\/frutilu.com\/hr\/pitanja-i-odgovori\/#faq-34550\">\n\t\t\t\t\t\t\t\t\t\t\t<span class=\"hover-text\">Kopiraj poveznicu<\/span>\n\t\t\t\t\t\t\t\t\t\t\t<span class=\"success-text\">Kopirano!<\/span>\n\t\t\t\t\t\t\t\t\t\t<\/a>\n\t\t\t\t\t\t\t\t\t<\/div>\n\t\t\t\t\t\t\t\t\t\t\t\t\t\t\t<\/div>\n\t\t\t\t\t\t<\/div>\n\n\t\t\t\t\t\n\t\t\t\t\t\t\t\t\t\t\t\t<div id=\"faq-34555\" class=\"yith-faqs-item icon-right\">\n\t\t\t\t\t\t\t<div class=\"yith-faqs-title\">\n\t\t\t\t\t\t\t\t\t\t\t\t\t\t\t\t\t<div class=\"icon yfwp-chevron-down\"><\/div>\n\t\t\t\t\t\t\t\t\t\t\t\t\t\t\t\t<b>Jesu li Frutilu napitci prikladni za mr\u0161avljenje?<\/b>\n\t\t\t\t\t\t\t<\/div>\n\t\t\t\t\t\t\t<div class=\"yith-faqs-content-wrapper\">\n\t\t\t\t\t\t\t\t<div class=\"yith-faqs-content\">\n\t\t\t\t\t\t\t\t\t<p>Frutilu napitci dobrodo\u0161la su raznolikost u dijetama za mr\u0161avljenje jer ne sadr\u017ee \u0161e\u0107er i poma\u017eu u smanjenju \u017eelje za slatkim. Napitci se mogu koristiti i kao sladilo i aroma za pripremu slatkih jela bez \u0161e\u0107era ili mocktaila.<\/p>\n\t\t\t\t\t\t\t\t<\/div>\n\t\t\t\t\t\t\t\t\t\t\t\t\t\t\t\t\t<div class=\"yith-faqs-link\">\n\t\t\t\t\t\t\t\t\t\t<a class=\"yith-faqs-copy\" href=\"#\" data-faq=\"https:\/\/frutilu.com\/hr\/pitanja-i-odgovori\/#faq-34555\">\n\t\t\t\t\t\t\t\t\t\t\t<span class=\"hover-text\">Kopiraj poveznicu<\/span>\n\t\t\t\t\t\t\t\t\t\t\t<span class=\"success-text\">Kopirano!<\/span>\n\t\t\t\t\t\t\t\t\t\t<\/a>\n\t\t\t\t\t\t\t\t\t<\/div>\n\t\t\t\t\t\t\t\t\t\t\t\t\t\t\t<\/div>\n\t\t\t\t\t\t<\/div>\n\n\t\t\t\t\t\n\t\t\t\t\t\t\t\t\t\t\t\t<div id=\"faq-34559\" class=\"yith-faqs-item icon-right\">\n\t\t\t\t\t\t\t<div class=\"yith-faqs-title\">\n\t\t\t\t\t\t\t\t\t\t\t\t\t\t\t\t\t<div class=\"icon yfwp-chevron-down\"><\/div>\n\t\t\t\t\t\t\t\t\t\t\t\t\t\t\t\t<b>Koje sastojke sadr\u017ee Frutilu napitci?<\/b>\n\t\t\t\t\t\t\t<\/div>\n\t\t\t\t\t\t\t<div class=\"yith-faqs-content-wrapper\">\n\t\t\t\t\t\t\t\t<div class=\"yith-faqs-content\">\n\t\t\t\t\t\t\t\t\t<p>Svi sastojci i nutritivne vrijednosti navedeni su ispod svakog pojedina\u010dnog okusa u kartici <strong>Nutritivne vrijednosti<\/strong><strong>.<\/strong><\/p>\n\t\t\t\t\t\t\t\t<\/div>\n\t\t\t\t\t\t\t\t\t\t\t\t\t\t\t\t\t<div class=\"yith-faqs-link\">\n\t\t\t\t\t\t\t\t\t\t<a class=\"yith-faqs-copy\" href=\"#\" data-faq=\"https:\/\/frutilu.com\/hr\/pitanja-i-odgovori\/#faq-34559\">\n\t\t\t\t\t\t\t\t\t\t\t<span class=\"hover-text\">Kopiraj poveznicu<\/span>\n\t\t\t\t\t\t\t\t\t\t\t<span class=\"success-text\">Kopirano!<\/span>\n\t\t\t\t\t\t\t\t\t\t<\/a>\n\t\t\t\t\t\t\t\t\t<\/div>\n\t\t\t\t\t\t\t\t\t\t\t\t\t\t\t<\/div>\n\t\t\t\t\t\t<\/div>\n\n\t\t\t\t\t\n\t\t\t\t\t\t\t\t\t\t\t\t<div id=\"faq-34565\" class=\"yith-faqs-item icon-right\">\n\t\t\t\t\t\t\t<div class=\"yith-faqs-title\">\n\t\t\t\t\t\t\t\t\t\t\t\t\t\t\t\t\t<div class=\"icon yfwp-chevron-down\"><\/div>\n\t\t\t\t\t\t\t\t\t\t\t\t\t\t\t\t<b>Na koju adresu mogu vratiti proizvode?<\/b>\n\t\t\t\t\t\t\t<\/div>\n\t\t\t\t\t\t\t<div class=\"yith-faqs-content-wrapper\">\n\t\t\t\t\t\t\t\t<div class=\"yith-faqs-content\">\n\t\t\t\t\t\t\t\t\t<p>Proizvode je mogu\u0107e vratiti na adresu: Frutilu d.o.o., \u017dlebe 78, 1215 Medvode, Slovenija.<\/p>\n\t\t\t\t\t\t\t\t<\/div>\n\t\t\t\t\t\t\t\t\t\t\t\t\t\t\t\t\t<div class=\"yith-faqs-link\">\n\t\t\t\t\t\t\t\t\t\t<a class=\"yith-faqs-copy\" href=\"#\" data-faq=\"https:\/\/frutilu.com\/hr\/pitanja-i-odgovori\/#faq-34565\">\n\t\t\t\t\t\t\t\t\t\t\t<span class=\"hover-text\">Kopiraj poveznicu<\/span>\n\t\t\t\t\t\t\t\t\t\t\t<span class=\"success-text\">Kopirano!<\/span>\n\t\t\t\t\t\t\t\t\t\t<\/a>\n\t\t\t\t\t\t\t\t\t<\/div>\n\t\t\t\t\t\t\t\t\t\t\t\t\t\t\t<\/div>\n\t\t\t\t\t\t<\/div>\n\n\t\t\t\t\t\n\t\t\t\t\t\t\t\t\t\t\t\t<div id=\"faq-34554\" class=\"yith-faqs-item icon-right\">\n\t\t\t\t\t\t\t<div class=\"yith-faqs-title\">\n\t\t\t\t\t\t\t\t\t\t\t\t\t\t\t\t\t<div class=\"icon yfwp-chevron-down\"><\/div>\n\t\t\t\t\t\t\t\t\t\t\t\t\t\t\t\t<b>Jesu li Frutilu napitci prikladni za dijabeti\u010dare?<\/b>\n\t\t\t\t\t\t\t<\/div>\n\t\t\t\t\t\t\t<div class=\"yith-faqs-content-wrapper\">\n\t\t\t\t\t\t\t\t<div class=\"yith-faqs-content\">\n\t\t\t\t\t\t\t\t\t<p>Frutilu napitci ne sadr\u017ee dodani \u0161e\u0107er, stoga su prikladni za dijabeti\u010dare. Ipak, preporu\u010dujemo da se prije konzumacije posavjetujete sa svojim lije\u010dnikom.<\/p>\n\t\t\t\t\t\t\t\t<\/div>\n\t\t\t\t\t\t\t\t\t\t\t\t\t\t\t\t\t<div class=\"yith-faqs-link\">\n\t\t\t\t\t\t\t\t\t\t<a class=\"yith-faqs-copy\" href=\"#\" data-faq=\"https:\/\/frutilu.com\/hr\/pitanja-i-odgovori\/#faq-34554\">\n\t\t\t\t\t\t\t\t\t\t\t<span class=\"hover-text\">Kopiraj poveznicu<\/span>\n\t\t\t\t\t\t\t\t\t\t\t<span class=\"success-text\">Kopirano!<\/span>\n\t\t\t\t\t\t\t\t\t\t<\/a>\n\t\t\t\t\t\t\t\t\t<\/div>\n\t\t\t\t\t\t\t\t\t\t\t\t\t\t\t<\/div>\n\t\t\t\t\t\t<\/div>\n\n\t\t\t\t\t\n\t\t\t\t\t\t\t\t\t\t\t\t<div id=\"faq-34571\" class=\"yith-faqs-item icon-right\">\n\t\t\t\t\t\t\t<div class=\"yith-faqs-title\">\n\t\t\t\t\t\t\t\t\t\t\t\t\t\t\t\t\t<div class=\"icon yfwp-chevron-down\"><\/div>\n\t\t\t\t\t\t\t\t\t\t\t\t\t\t\t\t<b>\u0160aljete li pakete po cijelom svijetu?<\/b>\n\t\t\t\t\t\t\t<\/div>\n\t\t\t\t\t\t\t<div class=\"yith-faqs-content-wrapper\">\n\t\t\t\t\t\t\t\t<div class=\"yith-faqs-content\">\n\t\t\t\t\t\t\t\t\t<p>Da, Frutilu \u0161alje pakete po https:\/\/frutilu.com\/wp-admin\/edit.php?post_type=yith_faqcijelom svijetu. Visina po\u0161tarine ovisi o dr\u017eavi.<\/p>\n\t\t\t\t\t\t\t\t<\/div>\n\t\t\t\t\t\t\t\t\t\t\t\t\t\t\t\t\t<div class=\"yith-faqs-link\">\n\t\t\t\t\t\t\t\t\t\t<a class=\"yith-faqs-copy\" href=\"#\" data-faq=\"https:\/\/frutilu.com\/hr\/pitanja-i-odgovori\/#faq-34571\">\n\t\t\t\t\t\t\t\t\t\t\t<span class=\"hover-text\">Kopiraj poveznicu<\/span>\n\t\t\t\t\t\t\t\t\t\t\t<span class=\"success-text\">Kopirano!<\/span>\n\t\t\t\t\t\t\t\t\t\t<\/a>\n\t\t\t\t\t\t\t\t\t<\/div>\n\t\t\t\t\t\t\t\t\t\t\t\t\t\t\t<\/div>\n\t\t\t\t\t\t<\/div>\n\n\t\t\t\t\t\n\t\t\t\t\t\t\t\t\t\t\t\t<div id=\"faq-34568\" class=\"yith-faqs-item icon-right\">\n\t\t\t\t\t\t\t<div class=\"yith-faqs-title\">\n\t\t\t\t\t\t\t\t\t\t\t\t\t\t\t\t\t<div class=\"icon yfwp-chevron-down\"><\/div>\n\t\t\t\t\t\t\t\t\t\t\t\t\t\t\t\t<b>Koji su uvjeti povrata?<\/b>\n\t\t\t\t\t\t\t<\/div>\n\t\t\t\t\t\t\t<div class=\"yith-faqs-content-wrapper\">\n\t\t\t\t\t\t\t\t<div class=\"yith-faqs-content\">\n\t\t\t\t\t\t\t\t\t<p>Kupac mo\u017ee u roku od <strong>14 dana<\/strong> od preuzimanja robe obavijestiti FRUTILU da \u017eeli vratiti proizvode. Tro\u0161kove povrata (po\u0161tarine) snosi kupac. Proizvode kupac mora vratiti najkasnije u roku od <strong>14 dana<\/strong> nakon obavijesti da \u017eeli vratiti proizvode.<\/p>\n<p>Kupac mora robu vratiti neo\u0161te\u0107enu, u originalnoj ambala\u017ei i u nepromijenjenoj koli\u010dini.<\/p>\n<p><strong>Odustanak od ugovora nije mogu\u0107 u sljede\u0107im slu\u010dajevima:<\/strong><\/p>\n<ul>\n<li>ako je roba o\u0161te\u0107ena, prljava ili ima vidljive tragove uporabe (fizi\u010dka o\u0161te\u0107enja ambala\u017ee, kontakt s teku\u0107inom),<\/li>\n<li>ako je ambala\u017ea otvorena, poderana ili je sadr\u017eaj djelomi\u010dno kori\u0161ten,<\/li>\n<li>ako je roba bila oprana,<\/li>\n<li>ako je roba prekrivena dlakama ili vlasima,<\/li>\n<li>ako roba nije potpuna (npr. ako nedostaju sastavni dijelovi koji \u010dine cjelinu).<\/li>\n<li><strong>Upozorenje: Povrat plasti\u010dnih boca i staklenih boca iz higijenskih razloga nije mogu\u0107.<\/strong><\/li>\n<\/ul>\n\t\t\t\t\t\t\t\t<\/div>\n\t\t\t\t\t\t\t\t\t\t\t\t\t\t\t\t\t<div class=\"yith-faqs-link\">\n\t\t\t\t\t\t\t\t\t\t<a class=\"yith-faqs-copy\" href=\"#\" data-faq=\"https:\/\/frutilu.com\/hr\/pitanja-i-odgovori\/#faq-34568\">\n\t\t\t\t\t\t\t\t\t\t\t<span class=\"hover-text\">Kopiraj poveznicu<\/span>\n\t\t\t\t\t\t\t\t\t\t\t<span class=\"success-text\">Kopirano!<\/span>\n\t\t\t\t\t\t\t\t\t\t<\/a>\n\t\t\t\t\t\t\t\t\t<\/div>\n\t\t\t\t\t\t\t\t\t\t\t\t\t\t\t<\/div>\n\t\t\t\t\t\t<\/div>\n\n\t\t\t\t\t\n\t\t\t\t\t\t\t\t\t\t\t\t<div id=\"faq-34577\" class=\"yith-faqs-item icon-right\">\n\t\t\t\t\t\t\t<div class=\"yith-faqs-title\">\n\t\t\t\t\t\t\t\t\t\t\t\t\t\t\t\t\t<div class=\"icon yfwp-chevron-down\"><\/div>\n\t\t\t\t\t\t\t\t\t\t\t\t\t\t\t\t<b>Koja je minimalna vrijednost narud\u017ebe?<\/b>\n\t\t\t\t\t\t\t<\/div>\n\t\t\t\t\t\t\t<div class=\"yith-faqs-content-wrapper\">\n\t\t\t\t\t\t\t\t<div class=\"yith-faqs-content\">\n\t\t\t\t\t\t\t\t\t<p>Minimalna vrijednost ko\u0161arice je 10,00 \u20ac.<\/p>\n\t\t\t\t\t\t\t\t<\/div>\n\t\t\t\t\t\t\t\t\t\t\t\t\t\t\t\t\t<div class=\"yith-faqs-link\">\n\t\t\t\t\t\t\t\t\t\t<a class=\"yith-faqs-copy\" href=\"#\" data-faq=\"https:\/\/frutilu.com\/hr\/pitanja-i-odgovori\/#faq-34577\">\n\t\t\t\t\t\t\t\t\t\t\t<span class=\"hover-text\">Kopiraj poveznicu<\/span>\n\t\t\t\t\t\t\t\t\t\t\t<span class=\"success-text\">Kopirano!<\/span>\n\t\t\t\t\t\t\t\t\t\t<\/a>\n\t\t\t\t\t\t\t\t\t<\/div>\n\t\t\t\t\t\t\t\t\t\t\t\t\t\t\t<\/div>\n\t\t\t\t\t\t<\/div>\n\n\t\t\t\t\t\n\t\t\t\t\t\t\t\t\t\t\t\t<div id=\"faq-34574\" class=\"yith-faqs-item icon-right\">\n\t\t\t\t\t\t\t<div class=\"yith-faqs-title\">\n\t\t\t\t\t\t\t\t\t\t\t\t\t\t\t\t\t<div class=\"icon yfwp-chevron-down\"><\/div>\n\t\t\t\t\t\t\t\t\t\t\t\t\t\t\t\t<b>Kada ostvarujem besplatnu dostavu?<\/b>\n\t\t\t\t\t\t\t<\/div>\n\t\t\t\t\t\t\t<div class=\"yith-faqs-content-wrapper\">\n\t\t\t\t\t\t\t\t<div class=\"yith-faqs-content\">\n\t\t\t\t\t\t\t\t\t<p>Za narud\u017ebe u vrijednosti od 50 \u20ac ili vi\u0161e ostvaruje se besplatna dostava.<\/p>\n\t\t\t\t\t\t\t\t<\/div>\n\t\t\t\t\t\t\t\t\t\t\t\t\t\t\t\t\t<div class=\"yith-faqs-link\">\n\t\t\t\t\t\t\t\t\t\t<a class=\"yith-faqs-copy\" href=\"#\" data-faq=\"https:\/\/frutilu.com\/hr\/pitanja-i-odgovori\/#faq-34574\">\n\t\t\t\t\t\t\t\t\t\t\t<span class=\"hover-text\">Kopiraj poveznicu<\/span>\n\t\t\t\t\t\t\t\t\t\t\t<span class=\"success-text\">Kopirano!<\/span>\n\t\t\t\t\t\t\t\t\t\t<\/a>\n\t\t\t\t\t\t\t\t\t<\/div>\n\t\t\t\t\t\t\t\t\t\t\t\t\t\t\t<\/div>\n\t\t\t\t\t\t<\/div>\n\n\t\t\t\t\t\n\t\t\t\t\t\t\t\t\t\t\t\t<div id=\"faq-34562\" class=\"yith-faqs-item icon-right\">\n\t\t\t\t\t\t\t<div class=\"yith-faqs-title\">\n\t\t\t\t\t\t\t\t\t\t\t\t\t\t\t\t\t<div class=\"icon yfwp-chevron-down\"><\/div>\n\t\t\t\t\t\t\t\t\t\t\t\t\t\t\t\t<b>Koliko napitka mogu pripremiti s jednom vre\u0107icom od 10 g?<\/b>\n\t\t\t\t\t\t\t<\/div>\n\t\t\t\t\t\t\t<div class=\"yith-faqs-content-wrapper\">\n\t\t\t\t\t\t\t\t<div class=\"yith-faqs-content\">\n\t\t\t\t\t\t\t\t\t<p>S jednom vre\u0107icom od 10 g mo\u017ee\u0161 pripremiti 3 litre napitka ili vi\u0161e, ovisno o tvom ukusu.<\/p>\n\t\t\t\t\t\t\t\t<\/div>\n\t\t\t\t\t\t\t\t\t\t\t\t\t\t\t\t\t<div class=\"yith-faqs-link\">\n\t\t\t\t\t\t\t\t\t\t<a class=\"yith-faqs-copy\" href=\"#\" data-faq=\"https:\/\/frutilu.com\/hr\/pitanja-i-odgovori\/#faq-34562\">\n\t\t\t\t\t\t\t\t\t\t\t<span class=\"hover-text\">Kopiraj poveznicu<\/span>\n\t\t\t\t\t\t\t\t\t\t\t<span class=\"success-text\">Kopirano!<\/span>\n\t\t\t\t\t\t\t\t\t\t<\/a>\n\t\t\t\t\t\t\t\t\t<\/div>\n\t\t\t\t\t\t\t\t\t\t\t\t\t\t\t<\/div>\n\t\t\t\t\t\t<\/div>\n\n\t\t\t\t\t\n\t\t\t\t<\/div>\n\t\t\t\t\t\t\t<\/div>\n\t\t\t<\/div>\n\t\t\t\t\t\t<\/div>\n\t\t\t\t<\/div>\n\t\t\t\t\t<\/div>\n\t\t\t\t<\/div>\n\t\t\t\t<\/div>\n\t\t","protected":false},"excerpt":{"rendered":"","protected":false},"author":1,"featured_media":0,"parent":0,"menu_order":0,"comment_status":"closed","ping_status":"closed","template":"","meta":{"footnotes":""},"class_list":["post-34529","page","type-page","status-publish","hentry"],"yoast_head":"<!-- This site is optimized with the Yoast SEO plugin v27.5 - https:\/\/yoast.com\/product\/yoast-seo-wordpress\/ -->\n<title>Pitanja i odgovori - Frutilu.com<\/title>\n<meta name=\"robots\" content=\"index, follow, max-snippet:-1, max-image-preview:large, max-video-preview:-1\" \/>\n<link rel=\"canonical\" href=\"https:\/\/frutilu.com\/hr\/pitanja-i-odgovori\/\" \/>\n<meta property=\"og:locale\" content=\"hr_HR\" \/>\n<meta property=\"og:type\" content=\"article\" \/>\n<meta property=\"og:title\" content=\"Pitanja i odgovori - Frutilu.com\" \/>\n<meta property=\"og:url\" content=\"https:\/\/frutilu.com\/hr\/pitanja-i-odgovori\/\" \/>\n<meta property=\"og:site_name\" content=\"Frutilu.com\" \/>\n<meta property=\"article:publisher\" content=\"https:\/\/www.facebook.com\/people\/Frutilu-drinks\/61558194795721\/\" \/>\n<meta property=\"article:modified_time\" content=\"2026-05-07T21:33:04+00:00\" \/>\n<meta property=\"og:image\" content=\"https:\/\/frutilu.com\/wp-content\/uploads\/2024\/06\/main_frutilu_picture.png\" \/>\n\t<meta property=\"og:image:width\" content=\"1080\" \/>\n\t<meta property=\"og:image:height\" content=\"1080\" \/>\n\t<meta property=\"og:image:type\" content=\"image\/png\" \/>\n<meta name=\"twitter:card\" content=\"summary_large_image\" \/>\n<meta name=\"twitter:label1\" content=\"Procijenjeno vrijeme \u010ditanja\" \/>\n\t<meta name=\"twitter:data1\" content=\"1 minuta\" \/>\n<script type=\"application\/ld+json\" class=\"yoast-schema-graph\">{\"@context\":\"https:\\\/\\\/schema.org\",\"@graph\":[{\"@type\":\"WebPage\",\"@id\":\"https:\\\/\\\/frutilu.com\\\/hr\\\/pitanja-i-odgovori\\\/\",\"url\":\"https:\\\/\\\/frutilu.com\\\/hr\\\/pitanja-i-odgovori\\\/\",\"name\":\"Pitanja i odgovori - Frutilu.com\",\"isPartOf\":{\"@id\":\"https:\\\/\\\/frutilu.com\\\/hr\\\/#website\"},\"datePublished\":\"2024-05-26T21:18:23+00:00\",\"dateModified\":\"2026-05-07T21:33:04+00:00\",\"inLanguage\":\"hr\",\"potentialAction\":[{\"@type\":\"ReadAction\",\"target\":[\"https:\\\/\\\/frutilu.com\\\/hr\\\/pitanja-i-odgovori\\\/\"]}]},{\"@type\":\"WebSite\",\"@id\":\"https:\\\/\\\/frutilu.com\\\/hr\\\/#website\",\"url\":\"https:\\\/\\\/frutilu.com\\\/hr\\\/\",\"name\":\"Frutilu.com\",\"description\":\"Stay hydrated!\",\"publisher\":{\"@id\":\"https:\\\/\\\/frutilu.com\\\/hr\\\/#organization\"},\"potentialAction\":[{\"@type\":\"SearchAction\",\"target\":{\"@type\":\"EntryPoint\",\"urlTemplate\":\"https:\\\/\\\/frutilu.com\\\/hr\\\/?s={search_term_string}\"},\"query-input\":{\"@type\":\"PropertyValueSpecification\",\"valueRequired\":true,\"valueName\":\"search_term_string\"}}],\"inLanguage\":\"hr\"},{\"@type\":\"Organization\",\"@id\":\"https:\\\/\\\/frutilu.com\\\/hr\\\/#organization\",\"name\":\"Frutilu.com\",\"url\":\"https:\\\/\\\/frutilu.com\\\/hr\\\/\",\"logo\":{\"@type\":\"ImageObject\",\"inLanguage\":\"hr\",\"@id\":\"https:\\\/\\\/frutilu.com\\\/hr\\\/#\\\/schema\\\/logo\\\/image\\\/\",\"url\":\"https:\\\/\\\/frutilu.com\\\/wp-content\\\/uploads\\\/2024\\\/04\\\/frutilu-logo-BLK-02.png\",\"contentUrl\":\"https:\\\/\\\/frutilu.com\\\/wp-content\\\/uploads\\\/2024\\\/04\\\/frutilu-logo-BLK-02.png\",\"width\":1714,\"height\":571,\"caption\":\"Frutilu.com\"},\"image\":{\"@id\":\"https:\\\/\\\/frutilu.com\\\/hr\\\/#\\\/schema\\\/logo\\\/image\\\/\"},\"sameAs\":[\"https:\\\/\\\/www.facebook.com\\\/people\\\/Frutilu-drinks\\\/61558194795721\\\/\",\"https:\\\/\\\/www.instagram.com\\\/frutiludrinks\\\/\",\"https:\\\/\\\/www.youtube.com\\\/@FrutiluDrinks\"]}]}<\/script>\n<!-- \/ Yoast SEO plugin. -->","yoast_head_json":{"title":"Pitanja i odgovori - Frutilu.com","robots":{"index":"index","follow":"follow","max-snippet":"max-snippet:-1","max-image-preview":"max-image-preview:large","max-video-preview":"max-video-preview:-1"},"canonical":"https:\/\/frutilu.com\/hr\/pitanja-i-odgovori\/","og_locale":"hr_HR","og_type":"article","og_title":"Pitanja i odgovori - Frutilu.com","og_url":"https:\/\/frutilu.com\/hr\/pitanja-i-odgovori\/","og_site_name":"Frutilu.com","article_publisher":"https:\/\/www.facebook.com\/people\/Frutilu-drinks\/61558194795721\/","article_modified_time":"2026-05-07T21:33:04+00:00","og_image":[{"width":1080,"height":1080,"url":"https:\/\/frutilu.com\/wp-content\/uploads\/2024\/06\/main_frutilu_picture.png","type":"image\/png"}],"twitter_card":"summary_large_image","twitter_misc":{"Procijenjeno vrijeme \u010ditanja":"1 minuta"},"schema":{"@context":"https:\/\/schema.org","@graph":[{"@type":"WebPage","@id":"https:\/\/frutilu.com\/hr\/pitanja-i-odgovori\/","url":"https:\/\/frutilu.com\/hr\/pitanja-i-odgovori\/","name":"Pitanja i odgovori - Frutilu.com","isPartOf":{"@id":"https:\/\/frutilu.com\/hr\/#website"},"datePublished":"2024-05-26T21:18:23+00:00","dateModified":"2026-05-07T21:33:04+00:00","inLanguage":"hr","potentialAction":[{"@type":"ReadAction","target":["https:\/\/frutilu.com\/hr\/pitanja-i-odgovori\/"]}]},{"@type":"WebSite","@id":"https:\/\/frutilu.com\/hr\/#website","url":"https:\/\/frutilu.com\/hr\/","name":"Frutilu.com","description":"Stay hydrated!","publisher":{"@id":"https:\/\/frutilu.com\/hr\/#organization"},"potentialAction":[{"@type":"SearchAction","target":{"@type":"EntryPoint","urlTemplate":"https:\/\/frutilu.com\/hr\/?s={search_term_string}"},"query-input":{"@type":"PropertyValueSpecification","valueRequired":true,"valueName":"search_term_string"}}],"inLanguage":"hr"},{"@type":"Organization","@id":"https:\/\/frutilu.com\/hr\/#organization","name":"Frutilu.com","url":"https:\/\/frutilu.com\/hr\/","logo":{"@type":"ImageObject","inLanguage":"hr","@id":"https:\/\/frutilu.com\/hr\/#\/schema\/logo\/image\/","url":"https:\/\/frutilu.com\/wp-content\/uploads\/2024\/04\/frutilu-logo-BLK-02.png","contentUrl":"https:\/\/frutilu.com\/wp-content\/uploads\/2024\/04\/frutilu-logo-BLK-02.png","width":1714,"height":571,"caption":"Frutilu.com"},"image":{"@id":"https:\/\/frutilu.com\/hr\/#\/schema\/logo\/image\/"},"sameAs":["https:\/\/www.facebook.com\/people\/Frutilu-drinks\/61558194795721\/","https:\/\/www.instagram.com\/frutiludrinks\/","https:\/\/www.youtube.com\/@FrutiluDrinks"]}]}},"_links":{"self":[{"href":"https:\/\/frutilu.com\/hr\/wp-json\/wp\/v2\/pages\/34529","targetHints":{"allow":["GET"]}}],"collection":[{"href":"https:\/\/frutilu.com\/hr\/wp-json\/wp\/v2\/pages"}],"about":[{"href":"https:\/\/frutilu.com\/hr\/wp-json\/wp\/v2\/types\/page"}],"author":[{"embeddable":true,"href":"https:\/\/frutilu.com\/hr\/wp-json\/wp\/v2\/users\/1"}],"replies":[{"embeddable":true,"href":"https:\/\/frutilu.com\/hr\/wp-json\/wp\/v2\/comments?post=34529"}],"version-history":[{"count":1,"href":"https:\/\/frutilu.com\/hr\/wp-json\/wp\/v2\/pages\/34529\/revisions"}],"predecessor-version":[{"id":34530,"href":"https:\/\/frutilu.com\/hr\/wp-json\/wp\/v2\/pages\/34529\/revisions\/34530"}],"wp:attachment":[{"href":"https:\/\/frutilu.com\/hr\/wp-json\/wp\/v2\/media?parent=34529"}],"curies":[{"name":"wp","href":"https:\/\/api.w.org\/{rel}","templated":true}]}}