{"id":32893,"date":"2025-08-14T09:05:44","date_gmt":"2025-08-14T07:05:44","guid":{"rendered":"https:\/\/frutilu.com\/product\/frutilu-instant-napitek-limona-limeta-100-g-maxi-pakiranje\/"},"modified":"2026-04-25T22:19:05","modified_gmt":"2026-04-25T20:19:05","slug":"frutilu-instant-napitek-limona-limeta-100-g-maxi-pakiranje","status":"publish","type":"product","link":"https:\/\/frutilu.com\/hr\/proizvod\/frutilu-instant-napitek-limona-limeta-100-g-maxi-pakiranje\/","title":{"rendered":"Frutilu instant napitak Limun &#038; Limeta, 100 g (maxi pakiranje)"},"content":{"rendered":"<p><strong>Frutilu instant napitak s okusom limuna i limete.<\/strong><\/p>\n<p>Dobro do\u0161li u Frutilu svijet bogatih i ukusnih napitaka koji gase va\u0161u \u017ee\u0111 bilo gdje i bilo kada. S okusom koji \u0107ete odmah zavoljeti i prakti\u010dno\u0161\u0107u koja \u0107e vam olak\u0161ati svakodnevicu, Frutilu je nezamjenjiv dio aktivnog \u017eivota. Frutilu nudi pone\u0161to za sva\u010diji ukus, od osvje\u017eavaju\u0107e naran\u010de ili egzoti\u010dnog tropskog okusa, do uvijek popularne kole i osvje\u017eavaju\u0107eg limuna. Napitci su pa\u017eljivo osmi\u0161ljeni imaju\u0107i na umu zdrav na\u010din \u017eivota, zato ne sadr\u017ee \u0161e\u0107er ni druge nepotrebne dodatke. Zahvaljuju\u0107i prakti\u010dnom pakiranju, napitci vas mogu pratiti kamo god krenuli, \u010dak i u najmanjoj torbi ili d\u017eepu.<\/p>\n<p>Frutilu je linija instant napitaka u prahu <strong>bez \u0161e\u0107era<\/strong>. Napitci su izvrsnog okusa i puni arome, a uz dodatak <strong>vitamina C<\/strong> poma\u017eu u ja\u010danju imunolo\u0161kog sustava. Zbog slatkog okusa poma\u017eu u <strong>smanjenju \u017eelje za slatkom hranom<\/strong>, pa su od velike pomo\u0107i svima koji \u017eele smr\u0161avjeti i pridr\u017eavaju se <strong>prehrane bez \u0161e\u0107era<\/strong>. Uz Frutilu napitke nema vi\u0161e brige oko unosa suvi\u0161nih kalorija!<\/p>\n<p>Frutilu zbog svog izvrsnog okusa <strong>poti\u010de i na pijenje<\/strong>, pa uz njegovu pomo\u0107 lako mo\u017eete dosegnuti preporu\u010deni dnevni unos teku\u0107ine.<\/p>\n<p>Frutilu ne sadr\u017ei klasi\u010dni \u0161e\u0107er ni sladila poput aspartama i acesulfama K, stoga predstavlja dobrodo\u0161lu alternativu na tr\u017ei\u0161tu instant napitaka, koji obi\u010dno sadr\u017ee puno \u0161e\u0107era i drugih nekorisnih sastojaka.<\/p>\n<p>Od jedne vre\u0107ice mo\u017eete pripremiti <strong>najmanje 15 L napitka<\/strong>. Sadr\u017eaj vre\u0107ice pomije\u0161ajte s vodom, mineralnom vodom ili nekim drugim pi\u0107em po vlastitom izboru. Za bolji okus mo\u017eete dodati kockice leda.<\/p>\n<p><em>Savjet: Frutilu napitci mogu se koristiti i kao sastojak za slastice, koktele, shakeove ili \u010dak ledene deserte bez \u0161e\u0107era, jer zahvaljuju\u0107i punom okusu i aromi oboga\u0107uju svako jelo.<\/em><\/p>\n<p><strong>Napitci su pakirani u prakti\u010dnu vre\u0107icu. Neto masa 100 g.<\/strong><\/p>\n","protected":false},"excerpt":{"rendered":"<p>Frutilu instant napitak s okusom limuna i limete u maxi pakiranju od 100 grama. NETO&#8230;<\/p>\n","protected":false},"featured_media":32894,"comment_status":"open","ping_status":"closed","template":"","meta":[],"product_brand":[],"product_cat":[1950,1952],"product_tag":[1571,1733,1737,1739,1692,1745],"class_list":{"0":"post-32893","1":"product","2":"type-product","3":"status-publish","4":"has-post-thumbnail","6":"product_cat-napitci","7":"product_cat-veliko-pakiranje","8":"product_tag-100-g","9":"product_tag-frutilu","10":"product_tag-instant-napitak","11":"product_tag-limeta","12":"product_tag-limun","13":"product_tag-maxi-pakiranje","15":"first","16":"instock","17":"featured","18":"taxable","19":"shipping-taxable","20":"purchasable","21":"product-type-simple"},"yoast_head":"<!-- This site is optimized with the Yoast SEO plugin v27.5 - https:\/\/yoast.com\/product\/yoast-seo-wordpress\/ -->\n<title>Frutilu instant napitak Limun &amp; Limeta, 100 g (maxi pakiranje) - Frutilu.com<\/title>\n<meta name=\"description\" content=\"U\u017eivajte u osvje\u017eavaju\u0107em okusu Frutilu instant napitka &quot;Limun &amp; Limeta&quot;. Bez \u0161e\u0107era i s vitaminom C, idealan je za zdrav na\u010din \u017eivota.\" \/>\n<meta name=\"robots\" content=\"index, follow, max-snippet:-1, max-image-preview:large, max-video-preview:-1\" \/>\n<link rel=\"canonical\" href=\"https:\/\/frutilu.com\/hr\/proizvod\/frutilu-instant-napitek-limona-limeta-100-g-maxi-pakiranje\/\" \/>\n<meta property=\"og:locale\" content=\"hr_HR\" \/>\n<meta property=\"og:type\" content=\"article\" \/>\n<meta property=\"og:title\" content=\"Frutilu instant napitak Limun &amp; Limeta, 100 g (maxi pakiranje) - Frutilu.com\" \/>\n<meta property=\"og:description\" content=\"U\u017eivajte u osvje\u017eavaju\u0107em okusu Frutilu instant napitka &quot;Limun &amp; Limeta&quot;. Bez \u0161e\u0107era i s vitaminom C, idealan je za zdrav na\u010din \u017eivota.\" \/>\n<meta property=\"og:url\" content=\"https:\/\/frutilu.com\/hr\/proizvod\/frutilu-instant-napitek-limona-limeta-100-g-maxi-pakiranje\/\" \/>\n<meta property=\"og:site_name\" content=\"Frutilu.com\" \/>\n<meta property=\"article:publisher\" content=\"https:\/\/www.facebook.com\/people\/Frutilu-drinks\/61558194795721\/\" \/>\n<meta property=\"article:modified_time\" content=\"2026-04-25T20:19:05+00:00\" \/>\n<meta property=\"og:image\" content=\"https:\/\/frutilu.com\/wp-content\/uploads\/2025\/07\/100g-frutilu-lemon-lime-s.png\" \/>\n\t<meta property=\"og:image:width\" content=\"1024\" \/>\n\t<meta property=\"og:image:height\" content=\"1024\" \/>\n\t<meta property=\"og:image:type\" content=\"image\/png\" \/>\n<meta name=\"twitter:card\" content=\"summary_large_image\" \/>\n<meta name=\"twitter:label1\" content=\"Procijenjeno vrijeme \u010ditanja\" \/>\n\t<meta name=\"twitter:data1\" content=\"2 minuta\" \/>\n<script type=\"application\/ld+json\" class=\"yoast-schema-graph\">{\"@context\":\"https:\\\/\\\/schema.org\",\"@graph\":[{\"@type\":\"WebPage\",\"@id\":\"https:\\\/\\\/frutilu.com\\\/hr\\\/proizvod\\\/frutilu-instant-napitek-limona-limeta-100-g-maxi-pakiranje\\\/\",\"url\":\"https:\\\/\\\/frutilu.com\\\/hr\\\/proizvod\\\/frutilu-instant-napitek-limona-limeta-100-g-maxi-pakiranje\\\/\",\"name\":\"Frutilu instant napitak Limun & Limeta, 100 g (maxi pakiranje) - Frutilu.com\",\"isPartOf\":{\"@id\":\"https:\\\/\\\/frutilu.com\\\/hr\\\/#website\"},\"primaryImageOfPage\":{\"@id\":\"https:\\\/\\\/frutilu.com\\\/hr\\\/proizvod\\\/frutilu-instant-napitek-limona-limeta-100-g-maxi-pakiranje\\\/#primaryimage\"},\"image\":{\"@id\":\"https:\\\/\\\/frutilu.com\\\/hr\\\/proizvod\\\/frutilu-instant-napitek-limona-limeta-100-g-maxi-pakiranje\\\/#primaryimage\"},\"thumbnailUrl\":\"https:\\\/\\\/frutilu.com\\\/wp-content\\\/uploads\\\/2025\\\/07\\\/100g-frutilu-lemon-lime-s.png\",\"datePublished\":\"2025-08-14T07:05:44+00:00\",\"dateModified\":\"2026-04-25T20:19:05+00:00\",\"description\":\"U\u017eivajte u osvje\u017eavaju\u0107em okusu Frutilu instant napitka \\\"Limun & Limeta\\\". Bez \u0161e\u0107era i s vitaminom C, idealan je za zdrav na\u010din \u017eivota.\",\"breadcrumb\":{\"@id\":\"https:\\\/\\\/frutilu.com\\\/hr\\\/proizvod\\\/frutilu-instant-napitek-limona-limeta-100-g-maxi-pakiranje\\\/#breadcrumb\"},\"inLanguage\":\"hr\",\"potentialAction\":[{\"@type\":\"ReadAction\",\"target\":[\"https:\\\/\\\/frutilu.com\\\/hr\\\/proizvod\\\/frutilu-instant-napitek-limona-limeta-100-g-maxi-pakiranje\\\/\"]}]},{\"@type\":\"ImageObject\",\"inLanguage\":\"hr\",\"@id\":\"https:\\\/\\\/frutilu.com\\\/hr\\\/proizvod\\\/frutilu-instant-napitek-limona-limeta-100-g-maxi-pakiranje\\\/#primaryimage\",\"url\":\"https:\\\/\\\/frutilu.com\\\/wp-content\\\/uploads\\\/2025\\\/07\\\/100g-frutilu-lemon-lime-s.png\",\"contentUrl\":\"https:\\\/\\\/frutilu.com\\\/wp-content\\\/uploads\\\/2025\\\/07\\\/100g-frutilu-lemon-lime-s.png\",\"width\":1024,\"height\":1024},{\"@type\":\"BreadcrumbList\",\"@id\":\"https:\\\/\\\/frutilu.com\\\/hr\\\/proizvod\\\/frutilu-instant-napitek-limona-limeta-100-g-maxi-pakiranje\\\/#breadcrumb\",\"itemListElement\":[{\"@type\":\"ListItem\",\"position\":1,\"name\":\"Trgovina\",\"item\":\"https:\\\/\\\/frutilu.com\\\/hr\\\/trgovina\\\/\"},{\"@type\":\"ListItem\",\"position\":2,\"name\":\"Frutilu instant napitak Limun &#038; Limeta, 100 g (maxi pakiranje)\"}]},{\"@type\":\"WebSite\",\"@id\":\"https:\\\/\\\/frutilu.com\\\/hr\\\/#website\",\"url\":\"https:\\\/\\\/frutilu.com\\\/hr\\\/\",\"name\":\"Frutilu.com\",\"description\":\"Stay hydrated!\",\"publisher\":{\"@id\":\"https:\\\/\\\/frutilu.com\\\/hr\\\/#organization\"},\"potentialAction\":[{\"@type\":\"SearchAction\",\"target\":{\"@type\":\"EntryPoint\",\"urlTemplate\":\"https:\\\/\\\/frutilu.com\\\/hr\\\/?s={search_term_string}\"},\"query-input\":{\"@type\":\"PropertyValueSpecification\",\"valueRequired\":true,\"valueName\":\"search_term_string\"}}],\"inLanguage\":\"hr\"},{\"@type\":\"Organization\",\"@id\":\"https:\\\/\\\/frutilu.com\\\/hr\\\/#organization\",\"name\":\"Frutilu.com\",\"url\":\"https:\\\/\\\/frutilu.com\\\/hr\\\/\",\"logo\":{\"@type\":\"ImageObject\",\"inLanguage\":\"hr\",\"@id\":\"https:\\\/\\\/frutilu.com\\\/hr\\\/#\\\/schema\\\/logo\\\/image\\\/\",\"url\":\"https:\\\/\\\/frutilu.com\\\/wp-content\\\/uploads\\\/2024\\\/04\\\/frutilu-logo-BLK-02.png\",\"contentUrl\":\"https:\\\/\\\/frutilu.com\\\/wp-content\\\/uploads\\\/2024\\\/04\\\/frutilu-logo-BLK-02.png\",\"width\":1714,\"height\":571,\"caption\":\"Frutilu.com\"},\"image\":{\"@id\":\"https:\\\/\\\/frutilu.com\\\/hr\\\/#\\\/schema\\\/logo\\\/image\\\/\"},\"sameAs\":[\"https:\\\/\\\/www.facebook.com\\\/people\\\/Frutilu-drinks\\\/61558194795721\\\/\",\"https:\\\/\\\/www.instagram.com\\\/frutiludrinks\\\/\",\"https:\\\/\\\/www.youtube.com\\\/@FrutiluDrinks\"]}]}<\/script>\n<!-- \/ Yoast SEO plugin. -->","yoast_head_json":{"title":"Frutilu instant napitak Limun & Limeta, 100 g (maxi pakiranje) - Frutilu.com","description":"U\u017eivajte u osvje\u017eavaju\u0107em okusu Frutilu instant napitka \"Limun & Limeta\". Bez \u0161e\u0107era i s vitaminom C, idealan je za zdrav na\u010din \u017eivota.","robots":{"index":"index","follow":"follow","max-snippet":"max-snippet:-1","max-image-preview":"max-image-preview:large","max-video-preview":"max-video-preview:-1"},"canonical":"https:\/\/frutilu.com\/hr\/proizvod\/frutilu-instant-napitek-limona-limeta-100-g-maxi-pakiranje\/","og_locale":"hr_HR","og_type":"article","og_title":"Frutilu instant napitak Limun & Limeta, 100 g (maxi pakiranje) - Frutilu.com","og_description":"U\u017eivajte u osvje\u017eavaju\u0107em okusu Frutilu instant napitka \"Limun & Limeta\". Bez \u0161e\u0107era i s vitaminom C, idealan je za zdrav na\u010din \u017eivota.","og_url":"https:\/\/frutilu.com\/hr\/proizvod\/frutilu-instant-napitek-limona-limeta-100-g-maxi-pakiranje\/","og_site_name":"Frutilu.com","article_publisher":"https:\/\/www.facebook.com\/people\/Frutilu-drinks\/61558194795721\/","article_modified_time":"2026-04-25T20:19:05+00:00","og_image":[{"width":1024,"height":1024,"url":"https:\/\/frutilu.com\/wp-content\/uploads\/2025\/07\/100g-frutilu-lemon-lime-s.png","type":"image\/png"}],"twitter_card":"summary_large_image","twitter_misc":{"Procijenjeno vrijeme \u010ditanja":"2 minuta"},"schema":{"@context":"https:\/\/schema.org","@graph":[{"@type":"WebPage","@id":"https:\/\/frutilu.com\/hr\/proizvod\/frutilu-instant-napitek-limona-limeta-100-g-maxi-pakiranje\/","url":"https:\/\/frutilu.com\/hr\/proizvod\/frutilu-instant-napitek-limona-limeta-100-g-maxi-pakiranje\/","name":"Frutilu instant napitak Limun & Limeta, 100 g (maxi pakiranje) - Frutilu.com","isPartOf":{"@id":"https:\/\/frutilu.com\/hr\/#website"},"primaryImageOfPage":{"@id":"https:\/\/frutilu.com\/hr\/proizvod\/frutilu-instant-napitek-limona-limeta-100-g-maxi-pakiranje\/#primaryimage"},"image":{"@id":"https:\/\/frutilu.com\/hr\/proizvod\/frutilu-instant-napitek-limona-limeta-100-g-maxi-pakiranje\/#primaryimage"},"thumbnailUrl":"https:\/\/frutilu.com\/wp-content\/uploads\/2025\/07\/100g-frutilu-lemon-lime-s.png","datePublished":"2025-08-14T07:05:44+00:00","dateModified":"2026-04-25T20:19:05+00:00","description":"U\u017eivajte u osvje\u017eavaju\u0107em okusu Frutilu instant napitka \"Limun & Limeta\". Bez \u0161e\u0107era i s vitaminom C, idealan je za zdrav na\u010din \u017eivota.","breadcrumb":{"@id":"https:\/\/frutilu.com\/hr\/proizvod\/frutilu-instant-napitek-limona-limeta-100-g-maxi-pakiranje\/#breadcrumb"},"inLanguage":"hr","potentialAction":[{"@type":"ReadAction","target":["https:\/\/frutilu.com\/hr\/proizvod\/frutilu-instant-napitek-limona-limeta-100-g-maxi-pakiranje\/"]}]},{"@type":"ImageObject","inLanguage":"hr","@id":"https:\/\/frutilu.com\/hr\/proizvod\/frutilu-instant-napitek-limona-limeta-100-g-maxi-pakiranje\/#primaryimage","url":"https:\/\/frutilu.com\/wp-content\/uploads\/2025\/07\/100g-frutilu-lemon-lime-s.png","contentUrl":"https:\/\/frutilu.com\/wp-content\/uploads\/2025\/07\/100g-frutilu-lemon-lime-s.png","width":1024,"height":1024},{"@type":"BreadcrumbList","@id":"https:\/\/frutilu.com\/hr\/proizvod\/frutilu-instant-napitek-limona-limeta-100-g-maxi-pakiranje\/#breadcrumb","itemListElement":[{"@type":"ListItem","position":1,"name":"Trgovina","item":"https:\/\/frutilu.com\/hr\/trgovina\/"},{"@type":"ListItem","position":2,"name":"Frutilu instant napitak Limun &#038; Limeta, 100 g (maxi pakiranje)"}]},{"@type":"WebSite","@id":"https:\/\/frutilu.com\/hr\/#website","url":"https:\/\/frutilu.com\/hr\/","name":"Frutilu.com","description":"Stay hydrated!","publisher":{"@id":"https:\/\/frutilu.com\/hr\/#organization"},"potentialAction":[{"@type":"SearchAction","target":{"@type":"EntryPoint","urlTemplate":"https:\/\/frutilu.com\/hr\/?s={search_term_string}"},"query-input":{"@type":"PropertyValueSpecification","valueRequired":true,"valueName":"search_term_string"}}],"inLanguage":"hr"},{"@type":"Organization","@id":"https:\/\/frutilu.com\/hr\/#organization","name":"Frutilu.com","url":"https:\/\/frutilu.com\/hr\/","logo":{"@type":"ImageObject","inLanguage":"hr","@id":"https:\/\/frutilu.com\/hr\/#\/schema\/logo\/image\/","url":"https:\/\/frutilu.com\/wp-content\/uploads\/2024\/04\/frutilu-logo-BLK-02.png","contentUrl":"https:\/\/frutilu.com\/wp-content\/uploads\/2024\/04\/frutilu-logo-BLK-02.png","width":1714,"height":571,"caption":"Frutilu.com"},"image":{"@id":"https:\/\/frutilu.com\/hr\/#\/schema\/logo\/image\/"},"sameAs":["https:\/\/www.facebook.com\/people\/Frutilu-drinks\/61558194795721\/","https:\/\/www.instagram.com\/frutiludrinks\/","https:\/\/www.youtube.com\/@FrutiluDrinks"]}]}},"tiered_pricing_type":"fixed","tiered_pricing_fixed_rules":[],"tiered_pricing_product_settings":{"layout":"default","base_unit_name":{"singular":null,"plural":null},"default_variation":null},"tiered_pricing_minimum_quantity":null,"tiered_pricing_roles_data":[],"tiered_pricing_percentage_rules":[],"tiered_pricing_maximum_quantity":null,"tiered_pricing_quantity_step":null,"_links":{"self":[{"href":"https:\/\/frutilu.com\/hr\/wp-json\/wp\/v2\/product\/32893","targetHints":{"allow":["GET"]}}],"collection":[{"href":"https:\/\/frutilu.com\/hr\/wp-json\/wp\/v2\/product"}],"about":[{"href":"https:\/\/frutilu.com\/hr\/wp-json\/wp\/v2\/types\/product"}],"replies":[{"embeddable":true,"href":"https:\/\/frutilu.com\/hr\/wp-json\/wp\/v2\/comments?post=32893"}],"wp:featuredmedia":[{"embeddable":true,"href":"https:\/\/frutilu.com\/hr\/wp-json\/wp\/v2\/media\/32894"}],"wp:attachment":[{"href":"https:\/\/frutilu.com\/hr\/wp-json\/wp\/v2\/media?parent=32893"}],"wp:term":[{"taxonomy":"product_brand","embeddable":true,"href":"https:\/\/frutilu.com\/hr\/wp-json\/wp\/v2\/product_brand?post=32893"},{"taxonomy":"product_cat","embeddable":true,"href":"https:\/\/frutilu.com\/hr\/wp-json\/wp\/v2\/product_cat?post=32893"},{"taxonomy":"product_tag","embeddable":true,"href":"https:\/\/frutilu.com\/hr\/wp-json\/wp\/v2\/product_tag?post=32893"}],"curies":[{"name":"wp","href":"https:\/\/api.w.org\/{rel}","templated":true}]}}