{"id":33063,"date":"2024-05-21T13:44:47","date_gmt":"2024-05-21T11:44:47","guid":{"rendered":"https:\/\/frutilu.com\/product\/frutilu-nahrbtnik-z-vrvico\/"},"modified":"2026-04-24T08:20:31","modified_gmt":"2026-04-24T06:20:31","slug":"frutilu-nahrbtnik-z-vrvico","status":"publish","type":"product","link":"https:\/\/frutilu.com\/hr\/proizvod\/frutilu-nahrbtnik-z-vrvico\/","title":{"rendered":"Frutilu ruksak s vezicom"},"content":{"rendered":"<p><strong>Frutilu ruksak s vezicom.<\/strong><\/p>\n<p>Ovaj razigrani Frutilu ruksak s vezicom izra\u0111en je od laganog i izdr\u017eljivog materijala koji je otporan na ki\u0161u. S originalnim printom i \u017eivom bojom unijet \u0107e svje\u017einu u tvoj svakodnevni stil.<\/p>\n<ul>\n<li>Ruksak s vezicom,<\/li>\n<li>oja\u010dani kutovi,<\/li>\n<li>vodootporan,<\/li>\n<li>kapacitet 13 litara.<\/li>\n<\/ul>\n<p> <strong>Materijal:<\/strong> 100% poliester <strong>Dimenzije:<\/strong> 34 x 44 cm <strong>Kapacitet:<\/strong> 13 litara<\/p>\n<p>Dostupan u razli\u010ditim bojama.<\/p>\n","protected":false},"excerpt":{"rendered":"<p>Frutilu torba s vezicom od materijala koji je otporan na ki\u0161u. Ova razigrana Frutilu torba&#8230;<\/p>\n","protected":false},"featured_media":33071,"comment_status":"open","ping_status":"closed","template":"","meta":[],"product_brand":[],"product_cat":[1955,1958],"product_tag":[1733,1828,1818,1814],"class_list":{"0":"post-33063","1":"product","2":"type-product","3":"status-publish","4":"has-post-thumbnail","6":"product_cat-ostalo","7":"product_cat-torbe","8":"product_tag-frutilu","9":"product_tag-ruksak","10":"product_tag-torba","11":"product_tag-vezica","13":"first","14":"instock","15":"taxable","16":"shipping-taxable","17":"purchasable","18":"product-type-variable"},"yoast_head":"<!-- This site is optimized with the Yoast SEO plugin v27.5 - https:\/\/yoast.com\/product\/yoast-seo-wordpress\/ -->\n<title>Frutilu ruksak s vezicom - Frutilu.com<\/title>\n<meta name=\"description\" content=\"Frutilu ruksak s vezicom izra\u0111en je od laganog i izdr\u017eljivog materijala koji je otporan na ki\u0161u. S originalnim printom i \u017eivom bojom unijet \u0107e svje\u017einu u tvoj svakodnevni stil.\" \/>\n<meta name=\"robots\" content=\"index, follow, max-snippet:-1, max-image-preview:large, max-video-preview:-1\" \/>\n<link rel=\"canonical\" href=\"https:\/\/frutilu.com\/hr\/proizvod\/frutilu-nahrbtnik-z-vrvico\/\" \/>\n<meta property=\"og:locale\" content=\"hr_HR\" \/>\n<meta property=\"og:type\" content=\"article\" \/>\n<meta property=\"og:title\" content=\"Frutilu ruksak s vezicom - Frutilu.com\" \/>\n<meta property=\"og:description\" content=\"Frutilu ruksak s vezicom izra\u0111en je od laganog i izdr\u017eljivog materijala koji je otporan na ki\u0161u. S originalnim printom i \u017eivom bojom unijet \u0107e svje\u017einu u tvoj svakodnevni stil.\" \/>\n<meta property=\"og:url\" content=\"https:\/\/frutilu.com\/hr\/proizvod\/frutilu-nahrbtnik-z-vrvico\/\" \/>\n<meta property=\"og:site_name\" content=\"Frutilu.com\" \/>\n<meta property=\"article:publisher\" content=\"https:\/\/www.facebook.com\/people\/Frutilu-drinks\/61558194795721\/\" \/>\n<meta property=\"article:modified_time\" content=\"2026-04-24T06:20:31+00:00\" \/>\n<meta property=\"og:image\" content=\"https:\/\/frutilu.com\/wp-content\/uploads\/2024\/05\/torbe-naslovna.png\" \/>\n\t<meta property=\"og:image:width\" content=\"2134\" \/>\n\t<meta property=\"og:image:height\" content=\"2134\" \/>\n\t<meta property=\"og:image:type\" content=\"image\/png\" \/>\n<meta name=\"twitter:card\" content=\"summary_large_image\" \/>\n<meta name=\"twitter:label1\" content=\"Procijenjeno vrijeme \u010ditanja\" \/>\n\t<meta name=\"twitter:data1\" content=\"1 minuta\" \/>\n<script type=\"application\/ld+json\" class=\"yoast-schema-graph\">{\"@context\":\"https:\\\/\\\/schema.org\",\"@graph\":[{\"@type\":\"WebPage\",\"@id\":\"https:\\\/\\\/frutilu.com\\\/hr\\\/proizvod\\\/frutilu-nahrbtnik-z-vrvico\\\/\",\"url\":\"https:\\\/\\\/frutilu.com\\\/hr\\\/proizvod\\\/frutilu-nahrbtnik-z-vrvico\\\/\",\"name\":\"Frutilu ruksak s vezicom - Frutilu.com\",\"isPartOf\":{\"@id\":\"https:\\\/\\\/frutilu.com\\\/hr\\\/#website\"},\"primaryImageOfPage\":{\"@id\":\"https:\\\/\\\/frutilu.com\\\/hr\\\/proizvod\\\/frutilu-nahrbtnik-z-vrvico\\\/#primaryimage\"},\"image\":{\"@id\":\"https:\\\/\\\/frutilu.com\\\/hr\\\/proizvod\\\/frutilu-nahrbtnik-z-vrvico\\\/#primaryimage\"},\"thumbnailUrl\":\"https:\\\/\\\/frutilu.com\\\/wp-content\\\/uploads\\\/2024\\\/05\\\/torbe-naslovna.png\",\"datePublished\":\"2024-05-21T11:44:47+00:00\",\"dateModified\":\"2026-04-24T06:20:31+00:00\",\"description\":\"Frutilu ruksak s vezicom izra\u0111en je od laganog i izdr\u017eljivog materijala koji je otporan na ki\u0161u. S originalnim printom i \u017eivom bojom unijet \u0107e svje\u017einu u tvoj svakodnevni stil.\",\"breadcrumb\":{\"@id\":\"https:\\\/\\\/frutilu.com\\\/hr\\\/proizvod\\\/frutilu-nahrbtnik-z-vrvico\\\/#breadcrumb\"},\"inLanguage\":\"hr\",\"potentialAction\":[{\"@type\":\"ReadAction\",\"target\":[\"https:\\\/\\\/frutilu.com\\\/hr\\\/proizvod\\\/frutilu-nahrbtnik-z-vrvico\\\/\"]}]},{\"@type\":\"ImageObject\",\"inLanguage\":\"hr\",\"@id\":\"https:\\\/\\\/frutilu.com\\\/hr\\\/proizvod\\\/frutilu-nahrbtnik-z-vrvico\\\/#primaryimage\",\"url\":\"https:\\\/\\\/frutilu.com\\\/wp-content\\\/uploads\\\/2024\\\/05\\\/torbe-naslovna.png\",\"contentUrl\":\"https:\\\/\\\/frutilu.com\\\/wp-content\\\/uploads\\\/2024\\\/05\\\/torbe-naslovna.png\",\"width\":2134,\"height\":2134},{\"@type\":\"BreadcrumbList\",\"@id\":\"https:\\\/\\\/frutilu.com\\\/hr\\\/proizvod\\\/frutilu-nahrbtnik-z-vrvico\\\/#breadcrumb\",\"itemListElement\":[{\"@type\":\"ListItem\",\"position\":1,\"name\":\"Trgovina\",\"item\":\"https:\\\/\\\/frutilu.com\\\/hr\\\/trgovina\\\/\"},{\"@type\":\"ListItem\",\"position\":2,\"name\":\"Frutilu ruksak s vezicom\"}]},{\"@type\":\"WebSite\",\"@id\":\"https:\\\/\\\/frutilu.com\\\/hr\\\/#website\",\"url\":\"https:\\\/\\\/frutilu.com\\\/hr\\\/\",\"name\":\"Frutilu.com\",\"description\":\"Stay hydrated!\",\"publisher\":{\"@id\":\"https:\\\/\\\/frutilu.com\\\/hr\\\/#organization\"},\"potentialAction\":[{\"@type\":\"SearchAction\",\"target\":{\"@type\":\"EntryPoint\",\"urlTemplate\":\"https:\\\/\\\/frutilu.com\\\/hr\\\/?s={search_term_string}\"},\"query-input\":{\"@type\":\"PropertyValueSpecification\",\"valueRequired\":true,\"valueName\":\"search_term_string\"}}],\"inLanguage\":\"hr\"},{\"@type\":\"Organization\",\"@id\":\"https:\\\/\\\/frutilu.com\\\/hr\\\/#organization\",\"name\":\"Frutilu.com\",\"url\":\"https:\\\/\\\/frutilu.com\\\/hr\\\/\",\"logo\":{\"@type\":\"ImageObject\",\"inLanguage\":\"hr\",\"@id\":\"https:\\\/\\\/frutilu.com\\\/hr\\\/#\\\/schema\\\/logo\\\/image\\\/\",\"url\":\"https:\\\/\\\/frutilu.com\\\/wp-content\\\/uploads\\\/2024\\\/04\\\/frutilu-logo-BLK-02.png\",\"contentUrl\":\"https:\\\/\\\/frutilu.com\\\/wp-content\\\/uploads\\\/2024\\\/04\\\/frutilu-logo-BLK-02.png\",\"width\":1714,\"height\":571,\"caption\":\"Frutilu.com\"},\"image\":{\"@id\":\"https:\\\/\\\/frutilu.com\\\/hr\\\/#\\\/schema\\\/logo\\\/image\\\/\"},\"sameAs\":[\"https:\\\/\\\/www.facebook.com\\\/people\\\/Frutilu-drinks\\\/61558194795721\\\/\",\"https:\\\/\\\/www.instagram.com\\\/frutiludrinks\\\/\",\"https:\\\/\\\/www.youtube.com\\\/@FrutiluDrinks\"]}]}<\/script>\n<!-- \/ Yoast SEO plugin. -->","yoast_head_json":{"title":"Frutilu ruksak s vezicom - Frutilu.com","description":"Frutilu ruksak s vezicom izra\u0111en je od laganog i izdr\u017eljivog materijala koji je otporan na ki\u0161u. S originalnim printom i \u017eivom bojom unijet \u0107e svje\u017einu u tvoj svakodnevni stil.","robots":{"index":"index","follow":"follow","max-snippet":"max-snippet:-1","max-image-preview":"max-image-preview:large","max-video-preview":"max-video-preview:-1"},"canonical":"https:\/\/frutilu.com\/hr\/proizvod\/frutilu-nahrbtnik-z-vrvico\/","og_locale":"hr_HR","og_type":"article","og_title":"Frutilu ruksak s vezicom - Frutilu.com","og_description":"Frutilu ruksak s vezicom izra\u0111en je od laganog i izdr\u017eljivog materijala koji je otporan na ki\u0161u. S originalnim printom i \u017eivom bojom unijet \u0107e svje\u017einu u tvoj svakodnevni stil.","og_url":"https:\/\/frutilu.com\/hr\/proizvod\/frutilu-nahrbtnik-z-vrvico\/","og_site_name":"Frutilu.com","article_publisher":"https:\/\/www.facebook.com\/people\/Frutilu-drinks\/61558194795721\/","article_modified_time":"2026-04-24T06:20:31+00:00","og_image":[{"width":2134,"height":2134,"url":"https:\/\/frutilu.com\/wp-content\/uploads\/2024\/05\/torbe-naslovna.png","type":"image\/png"}],"twitter_card":"summary_large_image","twitter_misc":{"Procijenjeno vrijeme \u010ditanja":"1 minuta"},"schema":{"@context":"https:\/\/schema.org","@graph":[{"@type":"WebPage","@id":"https:\/\/frutilu.com\/hr\/proizvod\/frutilu-nahrbtnik-z-vrvico\/","url":"https:\/\/frutilu.com\/hr\/proizvod\/frutilu-nahrbtnik-z-vrvico\/","name":"Frutilu ruksak s vezicom - Frutilu.com","isPartOf":{"@id":"https:\/\/frutilu.com\/hr\/#website"},"primaryImageOfPage":{"@id":"https:\/\/frutilu.com\/hr\/proizvod\/frutilu-nahrbtnik-z-vrvico\/#primaryimage"},"image":{"@id":"https:\/\/frutilu.com\/hr\/proizvod\/frutilu-nahrbtnik-z-vrvico\/#primaryimage"},"thumbnailUrl":"https:\/\/frutilu.com\/wp-content\/uploads\/2024\/05\/torbe-naslovna.png","datePublished":"2024-05-21T11:44:47+00:00","dateModified":"2026-04-24T06:20:31+00:00","description":"Frutilu ruksak s vezicom izra\u0111en je od laganog i izdr\u017eljivog materijala koji je otporan na ki\u0161u. S originalnim printom i \u017eivom bojom unijet \u0107e svje\u017einu u tvoj svakodnevni stil.","breadcrumb":{"@id":"https:\/\/frutilu.com\/hr\/proizvod\/frutilu-nahrbtnik-z-vrvico\/#breadcrumb"},"inLanguage":"hr","potentialAction":[{"@type":"ReadAction","target":["https:\/\/frutilu.com\/hr\/proizvod\/frutilu-nahrbtnik-z-vrvico\/"]}]},{"@type":"ImageObject","inLanguage":"hr","@id":"https:\/\/frutilu.com\/hr\/proizvod\/frutilu-nahrbtnik-z-vrvico\/#primaryimage","url":"https:\/\/frutilu.com\/wp-content\/uploads\/2024\/05\/torbe-naslovna.png","contentUrl":"https:\/\/frutilu.com\/wp-content\/uploads\/2024\/05\/torbe-naslovna.png","width":2134,"height":2134},{"@type":"BreadcrumbList","@id":"https:\/\/frutilu.com\/hr\/proizvod\/frutilu-nahrbtnik-z-vrvico\/#breadcrumb","itemListElement":[{"@type":"ListItem","position":1,"name":"Trgovina","item":"https:\/\/frutilu.com\/hr\/trgovina\/"},{"@type":"ListItem","position":2,"name":"Frutilu ruksak s vezicom"}]},{"@type":"WebSite","@id":"https:\/\/frutilu.com\/hr\/#website","url":"https:\/\/frutilu.com\/hr\/","name":"Frutilu.com","description":"Stay hydrated!","publisher":{"@id":"https:\/\/frutilu.com\/hr\/#organization"},"potentialAction":[{"@type":"SearchAction","target":{"@type":"EntryPoint","urlTemplate":"https:\/\/frutilu.com\/hr\/?s={search_term_string}"},"query-input":{"@type":"PropertyValueSpecification","valueRequired":true,"valueName":"search_term_string"}}],"inLanguage":"hr"},{"@type":"Organization","@id":"https:\/\/frutilu.com\/hr\/#organization","name":"Frutilu.com","url":"https:\/\/frutilu.com\/hr\/","logo":{"@type":"ImageObject","inLanguage":"hr","@id":"https:\/\/frutilu.com\/hr\/#\/schema\/logo\/image\/","url":"https:\/\/frutilu.com\/wp-content\/uploads\/2024\/04\/frutilu-logo-BLK-02.png","contentUrl":"https:\/\/frutilu.com\/wp-content\/uploads\/2024\/04\/frutilu-logo-BLK-02.png","width":1714,"height":571,"caption":"Frutilu.com"},"image":{"@id":"https:\/\/frutilu.com\/hr\/#\/schema\/logo\/image\/"},"sameAs":["https:\/\/www.facebook.com\/people\/Frutilu-drinks\/61558194795721\/","https:\/\/www.instagram.com\/frutiludrinks\/","https:\/\/www.youtube.com\/@FrutiluDrinks"]}]}},"tiered_pricing_type":"fixed","tiered_pricing_fixed_rules":[],"tiered_pricing_product_settings":{"layout":"default","base_unit_name":{"singular":null,"plural":null},"default_variation":null},"tiered_pricing_minimum_quantity":null,"tiered_pricing_roles_data":[],"tiered_pricing_percentage_rules":[],"tiered_pricing_maximum_quantity":null,"tiered_pricing_quantity_step":null,"_links":{"self":[{"href":"https:\/\/frutilu.com\/hr\/wp-json\/wp\/v2\/product\/33063","targetHints":{"allow":["GET"]}}],"collection":[{"href":"https:\/\/frutilu.com\/hr\/wp-json\/wp\/v2\/product"}],"about":[{"href":"https:\/\/frutilu.com\/hr\/wp-json\/wp\/v2\/types\/product"}],"replies":[{"embeddable":true,"href":"https:\/\/frutilu.com\/hr\/wp-json\/wp\/v2\/comments?post=33063"}],"wp:featuredmedia":[{"embeddable":true,"href":"https:\/\/frutilu.com\/hr\/wp-json\/wp\/v2\/media\/33071"}],"wp:attachment":[{"href":"https:\/\/frutilu.com\/hr\/wp-json\/wp\/v2\/media?parent=33063"}],"wp:term":[{"taxonomy":"product_brand","embeddable":true,"href":"https:\/\/frutilu.com\/hr\/wp-json\/wp\/v2\/product_brand?post=33063"},{"taxonomy":"product_cat","embeddable":true,"href":"https:\/\/frutilu.com\/hr\/wp-json\/wp\/v2\/product_cat?post=33063"},{"taxonomy":"product_tag","embeddable":true,"href":"https:\/\/frutilu.com\/hr\/wp-json\/wp\/v2\/product_tag?post=33063"}],"curies":[{"name":"wp","href":"https:\/\/api.w.org\/{rel}","templated":true}]}}