{"id":33125,"date":"2024-05-21T12:59:35","date_gmt":"2024-05-21T10:59:35","guid":{"rendered":"https:\/\/frutilu.com\/product\/frutilu-mini-hladilna-torba-iz-recikliranega-materiala-4-l\/"},"modified":"2026-04-24T09:58:39","modified_gmt":"2026-04-24T07:58:39","slug":"frutilu-mini-hladilna-torba-iz-recikliranega-materiala-4-l","status":"publish","type":"product","link":"https:\/\/frutilu.com\/hr\/proizvod\/frutilu-mini-hladilna-torba-iz-recikliranega-materiala-4-l\/","title":{"rendered":"Frutilu mini rashladna torba od recikliranog materijala (4 L)"},"content":{"rendered":"<p data-sourcepos=\"3:1-3:57\">Ova mini rashladna torba od recikliranog materijala manja je verzija klasi\u010dne rashladne torbe. Odli\u010dan je izbor za sve kojima je potrebno kompaktno rje\u0161enje za hla\u0111enje manjih koli\u010dina hrane i pi\u0107a. Torba je idealna za kori\u0161tenje na putu, na poslu ili na pikniku. S vanjske strane ima prakti\u010dan d\u017eep za pohranu manjih predmeta.<\/p>\n<p data-sourcepos=\"3:1-3:57\"><strong>Upute za odr\u017eavanje:<\/strong> Torba ima glatku unutra\u0161njost koju mo\u017eete obrisati vla\u017enom krpom. Torba se ne smije prati u perilici rublja niti su\u0161iti u su\u0161ilici. Bez upotrebe sredstava za \u010di\u0161\u0107enje.<\/p>\n<p> <strong>Materijal torbe:<\/strong> 100% poliester (600D, recikliran) <strong>Unutarnja podstava:<\/strong> 100% polietilen vinil acetat (PEVA), bez BPA <strong>Dimenzije:<\/strong> 24 x 17 x 17 cm <strong>Te\u017eina:<\/strong> 220 g<\/p>\n","protected":false},"excerpt":{"rendered":"<p>Frutilu mini rashladna torba od recikliranog materijala. Ova mini rashladna torba od recikliranog materijala manja&#8230;<\/p>\n","protected":false},"featured_media":33127,"comment_status":"open","ping_status":"closed","template":"","meta":[],"product_brand":[],"product_cat":[1955,1958],"product_tag":[1733,1735],"class_list":{"0":"post-33125","1":"product","2":"type-product","3":"status-publish","4":"has-post-thumbnail","6":"product_cat-ostalo","7":"product_cat-torbe","8":"product_tag-frutilu","9":"product_tag-hladna-torba","11":"first","12":"instock","13":"taxable","14":"shipping-taxable","15":"purchasable","16":"product-type-simple"},"yoast_head":"<!-- This site is optimized with the Yoast SEO plugin v27.5 - https:\/\/yoast.com\/product\/yoast-seo-wordpress\/ -->\n<title>Frutilu mini rashladna torba od recikliranog materijala (4 L) - Frutilu.com<\/title>\n<meta name=\"description\" content=\"Ova mini rashladna torba od recikliranog materijala manja je verzija klasi\u010dne rashladne torbe. Torba je idealna za kori\u0161tenje na putu, na poslu ili na pikniku.\" \/>\n<meta name=\"robots\" content=\"index, follow, max-snippet:-1, max-image-preview:large, max-video-preview:-1\" \/>\n<link rel=\"canonical\" href=\"https:\/\/frutilu.com\/hr\/proizvod\/frutilu-mini-hladilna-torba-iz-recikliranega-materiala-4-l\/\" \/>\n<meta property=\"og:locale\" content=\"hr_HR\" \/>\n<meta property=\"og:type\" content=\"article\" \/>\n<meta property=\"og:title\" content=\"Frutilu mini rashladna torba od recikliranog materijala (4 L) - Frutilu.com\" \/>\n<meta property=\"og:description\" content=\"Ova mini rashladna torba od recikliranog materijala manja je verzija klasi\u010dne rashladne torbe. Torba je idealna za kori\u0161tenje na putu, na poslu ili na pikniku.\" \/>\n<meta property=\"og:url\" content=\"https:\/\/frutilu.com\/hr\/proizvod\/frutilu-mini-hladilna-torba-iz-recikliranega-materiala-4-l\/\" \/>\n<meta property=\"og:site_name\" content=\"Frutilu.com\" \/>\n<meta property=\"article:publisher\" content=\"https:\/\/www.facebook.com\/people\/Frutilu-drinks\/61558194795721\/\" \/>\n<meta property=\"article:modified_time\" content=\"2026-04-24T07:58:39+00:00\" \/>\n<meta property=\"og:image\" content=\"https:\/\/frutilu.com\/wp-content\/uploads\/2024\/05\/mini-cooler-bag-jpg.webp\" \/>\n\t<meta property=\"og:image:width\" content=\"1295\" \/>\n\t<meta property=\"og:image:height\" content=\"1650\" \/>\n\t<meta property=\"og:image:type\" content=\"image\/jpeg\" \/>\n<meta name=\"twitter:card\" content=\"summary_large_image\" \/>\n<meta name=\"twitter:label1\" content=\"Procijenjeno vrijeme \u010ditanja\" \/>\n\t<meta name=\"twitter:data1\" content=\"1 minuta\" \/>\n<script type=\"application\/ld+json\" class=\"yoast-schema-graph\">{\"@context\":\"https:\\\/\\\/schema.org\",\"@graph\":[{\"@type\":\"WebPage\",\"@id\":\"https:\\\/\\\/frutilu.com\\\/hr\\\/proizvod\\\/frutilu-mini-hladilna-torba-iz-recikliranega-materiala-4-l\\\/\",\"url\":\"https:\\\/\\\/frutilu.com\\\/hr\\\/proizvod\\\/frutilu-mini-hladilna-torba-iz-recikliranega-materiala-4-l\\\/\",\"name\":\"Frutilu mini rashladna torba od recikliranog materijala (4 L) - Frutilu.com\",\"isPartOf\":{\"@id\":\"https:\\\/\\\/frutilu.com\\\/hr\\\/#website\"},\"primaryImageOfPage\":{\"@id\":\"https:\\\/\\\/frutilu.com\\\/hr\\\/proizvod\\\/frutilu-mini-hladilna-torba-iz-recikliranega-materiala-4-l\\\/#primaryimage\"},\"image\":{\"@id\":\"https:\\\/\\\/frutilu.com\\\/hr\\\/proizvod\\\/frutilu-mini-hladilna-torba-iz-recikliranega-materiala-4-l\\\/#primaryimage\"},\"thumbnailUrl\":\"https:\\\/\\\/frutilu.com\\\/wp-content\\\/uploads\\\/2024\\\/05\\\/mini-cooler-bag-jpg.webp\",\"datePublished\":\"2024-05-21T10:59:35+00:00\",\"dateModified\":\"2026-04-24T07:58:39+00:00\",\"description\":\"Ova mini rashladna torba od recikliranog materijala manja je verzija klasi\u010dne rashladne torbe. Torba je idealna za kori\u0161tenje na putu, na poslu ili na pikniku.\",\"breadcrumb\":{\"@id\":\"https:\\\/\\\/frutilu.com\\\/hr\\\/proizvod\\\/frutilu-mini-hladilna-torba-iz-recikliranega-materiala-4-l\\\/#breadcrumb\"},\"inLanguage\":\"hr\",\"potentialAction\":[{\"@type\":\"ReadAction\",\"target\":[\"https:\\\/\\\/frutilu.com\\\/hr\\\/proizvod\\\/frutilu-mini-hladilna-torba-iz-recikliranega-materiala-4-l\\\/\"]}]},{\"@type\":\"ImageObject\",\"inLanguage\":\"hr\",\"@id\":\"https:\\\/\\\/frutilu.com\\\/hr\\\/proizvod\\\/frutilu-mini-hladilna-torba-iz-recikliranega-materiala-4-l\\\/#primaryimage\",\"url\":\"https:\\\/\\\/frutilu.com\\\/wp-content\\\/uploads\\\/2024\\\/05\\\/mini-cooler-bag-jpg.webp\",\"contentUrl\":\"https:\\\/\\\/frutilu.com\\\/wp-content\\\/uploads\\\/2024\\\/05\\\/mini-cooler-bag-jpg.webp\",\"width\":1295,\"height\":1650},{\"@type\":\"BreadcrumbList\",\"@id\":\"https:\\\/\\\/frutilu.com\\\/hr\\\/proizvod\\\/frutilu-mini-hladilna-torba-iz-recikliranega-materiala-4-l\\\/#breadcrumb\",\"itemListElement\":[{\"@type\":\"ListItem\",\"position\":1,\"name\":\"Trgovina\",\"item\":\"https:\\\/\\\/frutilu.com\\\/hr\\\/trgovina\\\/\"},{\"@type\":\"ListItem\",\"position\":2,\"name\":\"Frutilu mini rashladna torba od recikliranog materijala (4 L)\"}]},{\"@type\":\"WebSite\",\"@id\":\"https:\\\/\\\/frutilu.com\\\/hr\\\/#website\",\"url\":\"https:\\\/\\\/frutilu.com\\\/hr\\\/\",\"name\":\"Frutilu.com\",\"description\":\"Stay hydrated!\",\"publisher\":{\"@id\":\"https:\\\/\\\/frutilu.com\\\/hr\\\/#organization\"},\"potentialAction\":[{\"@type\":\"SearchAction\",\"target\":{\"@type\":\"EntryPoint\",\"urlTemplate\":\"https:\\\/\\\/frutilu.com\\\/hr\\\/?s={search_term_string}\"},\"query-input\":{\"@type\":\"PropertyValueSpecification\",\"valueRequired\":true,\"valueName\":\"search_term_string\"}}],\"inLanguage\":\"hr\"},{\"@type\":\"Organization\",\"@id\":\"https:\\\/\\\/frutilu.com\\\/hr\\\/#organization\",\"name\":\"Frutilu.com\",\"url\":\"https:\\\/\\\/frutilu.com\\\/hr\\\/\",\"logo\":{\"@type\":\"ImageObject\",\"inLanguage\":\"hr\",\"@id\":\"https:\\\/\\\/frutilu.com\\\/hr\\\/#\\\/schema\\\/logo\\\/image\\\/\",\"url\":\"https:\\\/\\\/frutilu.com\\\/wp-content\\\/uploads\\\/2024\\\/04\\\/frutilu-logo-BLK-02.png\",\"contentUrl\":\"https:\\\/\\\/frutilu.com\\\/wp-content\\\/uploads\\\/2024\\\/04\\\/frutilu-logo-BLK-02.png\",\"width\":1714,\"height\":571,\"caption\":\"Frutilu.com\"},\"image\":{\"@id\":\"https:\\\/\\\/frutilu.com\\\/hr\\\/#\\\/schema\\\/logo\\\/image\\\/\"},\"sameAs\":[\"https:\\\/\\\/www.facebook.com\\\/people\\\/Frutilu-drinks\\\/61558194795721\\\/\",\"https:\\\/\\\/www.instagram.com\\\/frutiludrinks\\\/\",\"https:\\\/\\\/www.youtube.com\\\/@FrutiluDrinks\"]}]}<\/script>\n<!-- \/ Yoast SEO plugin. -->","yoast_head_json":{"title":"Frutilu mini rashladna torba od recikliranog materijala (4 L) - Frutilu.com","description":"Ova mini rashladna torba od recikliranog materijala manja je verzija klasi\u010dne rashladne torbe. Torba je idealna za kori\u0161tenje na putu, na poslu ili na pikniku.","robots":{"index":"index","follow":"follow","max-snippet":"max-snippet:-1","max-image-preview":"max-image-preview:large","max-video-preview":"max-video-preview:-1"},"canonical":"https:\/\/frutilu.com\/hr\/proizvod\/frutilu-mini-hladilna-torba-iz-recikliranega-materiala-4-l\/","og_locale":"hr_HR","og_type":"article","og_title":"Frutilu mini rashladna torba od recikliranog materijala (4 L) - Frutilu.com","og_description":"Ova mini rashladna torba od recikliranog materijala manja je verzija klasi\u010dne rashladne torbe. Torba je idealna za kori\u0161tenje na putu, na poslu ili na pikniku.","og_url":"https:\/\/frutilu.com\/hr\/proizvod\/frutilu-mini-hladilna-torba-iz-recikliranega-materiala-4-l\/","og_site_name":"Frutilu.com","article_publisher":"https:\/\/www.facebook.com\/people\/Frutilu-drinks\/61558194795721\/","article_modified_time":"2026-04-24T07:58:39+00:00","og_image":[{"width":1295,"height":1650,"url":"https:\/\/frutilu.com\/wp-content\/uploads\/2024\/05\/mini-cooler-bag-jpg.webp","type":"image\/jpeg"}],"twitter_card":"summary_large_image","twitter_misc":{"Procijenjeno vrijeme \u010ditanja":"1 minuta"},"schema":{"@context":"https:\/\/schema.org","@graph":[{"@type":"WebPage","@id":"https:\/\/frutilu.com\/hr\/proizvod\/frutilu-mini-hladilna-torba-iz-recikliranega-materiala-4-l\/","url":"https:\/\/frutilu.com\/hr\/proizvod\/frutilu-mini-hladilna-torba-iz-recikliranega-materiala-4-l\/","name":"Frutilu mini rashladna torba od recikliranog materijala (4 L) - Frutilu.com","isPartOf":{"@id":"https:\/\/frutilu.com\/hr\/#website"},"primaryImageOfPage":{"@id":"https:\/\/frutilu.com\/hr\/proizvod\/frutilu-mini-hladilna-torba-iz-recikliranega-materiala-4-l\/#primaryimage"},"image":{"@id":"https:\/\/frutilu.com\/hr\/proizvod\/frutilu-mini-hladilna-torba-iz-recikliranega-materiala-4-l\/#primaryimage"},"thumbnailUrl":"https:\/\/frutilu.com\/wp-content\/uploads\/2024\/05\/mini-cooler-bag-jpg.webp","datePublished":"2024-05-21T10:59:35+00:00","dateModified":"2026-04-24T07:58:39+00:00","description":"Ova mini rashladna torba od recikliranog materijala manja je verzija klasi\u010dne rashladne torbe. Torba je idealna za kori\u0161tenje na putu, na poslu ili na pikniku.","breadcrumb":{"@id":"https:\/\/frutilu.com\/hr\/proizvod\/frutilu-mini-hladilna-torba-iz-recikliranega-materiala-4-l\/#breadcrumb"},"inLanguage":"hr","potentialAction":[{"@type":"ReadAction","target":["https:\/\/frutilu.com\/hr\/proizvod\/frutilu-mini-hladilna-torba-iz-recikliranega-materiala-4-l\/"]}]},{"@type":"ImageObject","inLanguage":"hr","@id":"https:\/\/frutilu.com\/hr\/proizvod\/frutilu-mini-hladilna-torba-iz-recikliranega-materiala-4-l\/#primaryimage","url":"https:\/\/frutilu.com\/wp-content\/uploads\/2024\/05\/mini-cooler-bag-jpg.webp","contentUrl":"https:\/\/frutilu.com\/wp-content\/uploads\/2024\/05\/mini-cooler-bag-jpg.webp","width":1295,"height":1650},{"@type":"BreadcrumbList","@id":"https:\/\/frutilu.com\/hr\/proizvod\/frutilu-mini-hladilna-torba-iz-recikliranega-materiala-4-l\/#breadcrumb","itemListElement":[{"@type":"ListItem","position":1,"name":"Trgovina","item":"https:\/\/frutilu.com\/hr\/trgovina\/"},{"@type":"ListItem","position":2,"name":"Frutilu mini rashladna torba od recikliranog materijala (4 L)"}]},{"@type":"WebSite","@id":"https:\/\/frutilu.com\/hr\/#website","url":"https:\/\/frutilu.com\/hr\/","name":"Frutilu.com","description":"Stay hydrated!","publisher":{"@id":"https:\/\/frutilu.com\/hr\/#organization"},"potentialAction":[{"@type":"SearchAction","target":{"@type":"EntryPoint","urlTemplate":"https:\/\/frutilu.com\/hr\/?s={search_term_string}"},"query-input":{"@type":"PropertyValueSpecification","valueRequired":true,"valueName":"search_term_string"}}],"inLanguage":"hr"},{"@type":"Organization","@id":"https:\/\/frutilu.com\/hr\/#organization","name":"Frutilu.com","url":"https:\/\/frutilu.com\/hr\/","logo":{"@type":"ImageObject","inLanguage":"hr","@id":"https:\/\/frutilu.com\/hr\/#\/schema\/logo\/image\/","url":"https:\/\/frutilu.com\/wp-content\/uploads\/2024\/04\/frutilu-logo-BLK-02.png","contentUrl":"https:\/\/frutilu.com\/wp-content\/uploads\/2024\/04\/frutilu-logo-BLK-02.png","width":1714,"height":571,"caption":"Frutilu.com"},"image":{"@id":"https:\/\/frutilu.com\/hr\/#\/schema\/logo\/image\/"},"sameAs":["https:\/\/www.facebook.com\/people\/Frutilu-drinks\/61558194795721\/","https:\/\/www.instagram.com\/frutiludrinks\/","https:\/\/www.youtube.com\/@FrutiluDrinks"]}]}},"tiered_pricing_type":"fixed","tiered_pricing_fixed_rules":[],"tiered_pricing_product_settings":{"layout":"default","base_unit_name":{"singular":null,"plural":null},"default_variation":null},"tiered_pricing_minimum_quantity":null,"tiered_pricing_roles_data":[],"tiered_pricing_percentage_rules":[],"tiered_pricing_maximum_quantity":null,"tiered_pricing_quantity_step":null,"_links":{"self":[{"href":"https:\/\/frutilu.com\/hr\/wp-json\/wp\/v2\/product\/33125","targetHints":{"allow":["GET"]}}],"collection":[{"href":"https:\/\/frutilu.com\/hr\/wp-json\/wp\/v2\/product"}],"about":[{"href":"https:\/\/frutilu.com\/hr\/wp-json\/wp\/v2\/types\/product"}],"replies":[{"embeddable":true,"href":"https:\/\/frutilu.com\/hr\/wp-json\/wp\/v2\/comments?post=33125"}],"wp:featuredmedia":[{"embeddable":true,"href":"https:\/\/frutilu.com\/hr\/wp-json\/wp\/v2\/media\/33127"}],"wp:attachment":[{"href":"https:\/\/frutilu.com\/hr\/wp-json\/wp\/v2\/media?parent=33125"}],"wp:term":[{"taxonomy":"product_brand","embeddable":true,"href":"https:\/\/frutilu.com\/hr\/wp-json\/wp\/v2\/product_brand?post=33125"},{"taxonomy":"product_cat","embeddable":true,"href":"https:\/\/frutilu.com\/hr\/wp-json\/wp\/v2\/product_cat?post=33125"},{"taxonomy":"product_tag","embeddable":true,"href":"https:\/\/frutilu.com\/hr\/wp-json\/wp\/v2\/product_tag?post=33125"}],"curies":[{"name":"wp","href":"https:\/\/api.w.org\/{rel}","templated":true}]}}