{"id":33166,"date":"2024-05-21T11:33:30","date_gmt":"2024-05-21T09:33:30","guid":{"rendered":"https:\/\/frutilu.com\/product\/frutilu-bombazna-nakupovalna-torba\/"},"modified":"2026-04-24T12:48:23","modified_gmt":"2026-04-24T10:48:23","slug":"frutilu-bombazna-nakupovalna-torba","status":"publish","type":"product","link":"https:\/\/frutilu.com\/hr\/proizvod\/frutilu-bombazna-nakupovalna-torba\/","title":{"rendered":"Frutilu pamu\u010dna torba za kupnju"},"content":{"rendered":"<p><strong>Pamu\u010dna torba za kupnju s originalnim Frutilu motivom.<\/strong><\/p>\n<p>Pamu\u010dne torbe za kupnju u posljednje su vrijeme postale iznimno popularna alternativa plasti\u010dnim vre\u0107icama. I to s dobrim razlogom! Izdr\u017eljive su, perive i jednostavne za upotrebu, a istovremeno su i ekolo\u0161ki prihvatljive. Neka ova Frutilu torba s modernim printom postane tvoja pratiteljica za svakodnevnu kupnju!<\/p>\n<p><strong>Upute za pranje: <\/strong>Torbu prati na 30 \u00b0C, bez upotrebe su\u0161ilice, ne gla\u010dati preko printa, bez upotrebe izbjeljiva\u010da.<\/p>\n<p><strong>Materijal:<\/strong> 100% pamuk<br \/>\n<strong>Dimenzija:<\/strong> 38 x 42 x 12 cm<br \/>\n<strong>Gramatura:<\/strong> 140 g\/m<sup>2<\/sup><\/p>\n","protected":false},"excerpt":{"rendered":"<p>Pamu\u010dna torba za kupnju s originalnim Frutilu motivom. Pamu\u010dne torbe za kupnju u posljednje su&#8230;<\/p>\n","protected":false},"featured_media":33175,"comment_status":"open","ping_status":"closed","template":"","meta":[],"product_brand":[],"product_cat":[1955,1958],"product_tag":[1733,1827,1705,1818],"class_list":{"0":"post-33166","1":"product","2":"type-product","3":"status-publish","4":"has-post-thumbnail","6":"product_cat-ostalo","7":"product_cat-torbe","8":"product_tag-frutilu","9":"product_tag-kupnja","10":"product_tag-pamuk","11":"product_tag-torba","13":"first","14":"instock","15":"taxable","16":"shipping-taxable","17":"purchasable","18":"product-type-variable"},"yoast_head":"<!-- This site is optimized with the Yoast SEO plugin v27.5 - https:\/\/yoast.com\/product\/yoast-seo-wordpress\/ -->\n<title>Frutilu pamu\u010dna torba za kupnju - Frutilu.com<\/title>\n<meta name=\"description\" content=\"Pamu\u010dna torba za kupnju s originalnim Frutilu motivom izdr\u017eljiva je, periva i jednostavna za upotrebu, a istovremeno je i ekolo\u0161ki prihvatljiva.\" \/>\n<meta name=\"robots\" content=\"index, follow, max-snippet:-1, max-image-preview:large, max-video-preview:-1\" \/>\n<link rel=\"canonical\" href=\"https:\/\/frutilu.com\/hr\/proizvod\/frutilu-bombazna-nakupovalna-torba\/\" \/>\n<meta property=\"og:locale\" content=\"hr_HR\" \/>\n<meta property=\"og:type\" content=\"article\" \/>\n<meta property=\"og:title\" content=\"Frutilu pamu\u010dna torba za kupnju - Frutilu.com\" \/>\n<meta property=\"og:description\" content=\"Pamu\u010dna torba za kupnju s originalnim Frutilu motivom izdr\u017eljiva je, periva i jednostavna za upotrebu, a istovremeno je i ekolo\u0161ki prihvatljiva.\" \/>\n<meta property=\"og:url\" content=\"https:\/\/frutilu.com\/hr\/proizvod\/frutilu-bombazna-nakupovalna-torba\/\" \/>\n<meta property=\"og:site_name\" content=\"Frutilu.com\" \/>\n<meta property=\"article:publisher\" content=\"https:\/\/www.facebook.com\/people\/Frutilu-drinks\/61558194795721\/\" \/>\n<meta property=\"article:modified_time\" content=\"2026-04-24T10:48:23+00:00\" \/>\n<meta property=\"og:image\" content=\"https:\/\/frutilu.com\/wp-content\/uploads\/2024\/05\/Untitled-1-04-jpg.webp\" \/>\n\t<meta property=\"og:image:width\" content=\"2133\" \/>\n\t<meta property=\"og:image:height\" content=\"2133\" \/>\n\t<meta property=\"og:image:type\" content=\"image\/jpeg\" \/>\n<meta name=\"twitter:card\" content=\"summary_large_image\" \/>\n<meta name=\"twitter:label1\" content=\"Procijenjeno vrijeme \u010ditanja\" \/>\n\t<meta name=\"twitter:data1\" content=\"1 minuta\" \/>\n<script type=\"application\/ld+json\" class=\"yoast-schema-graph\">{\"@context\":\"https:\\\/\\\/schema.org\",\"@graph\":[{\"@type\":\"WebPage\",\"@id\":\"https:\\\/\\\/frutilu.com\\\/hr\\\/proizvod\\\/frutilu-bombazna-nakupovalna-torba\\\/\",\"url\":\"https:\\\/\\\/frutilu.com\\\/hr\\\/proizvod\\\/frutilu-bombazna-nakupovalna-torba\\\/\",\"name\":\"Frutilu pamu\u010dna torba za kupnju - Frutilu.com\",\"isPartOf\":{\"@id\":\"https:\\\/\\\/frutilu.com\\\/hr\\\/#website\"},\"primaryImageOfPage\":{\"@id\":\"https:\\\/\\\/frutilu.com\\\/hr\\\/proizvod\\\/frutilu-bombazna-nakupovalna-torba\\\/#primaryimage\"},\"image\":{\"@id\":\"https:\\\/\\\/frutilu.com\\\/hr\\\/proizvod\\\/frutilu-bombazna-nakupovalna-torba\\\/#primaryimage\"},\"thumbnailUrl\":\"https:\\\/\\\/frutilu.com\\\/wp-content\\\/uploads\\\/2024\\\/05\\\/Untitled-1-04-jpg.webp\",\"datePublished\":\"2024-05-21T09:33:30+00:00\",\"dateModified\":\"2026-04-24T10:48:23+00:00\",\"description\":\"Pamu\u010dna torba za kupnju s originalnim Frutilu motivom izdr\u017eljiva je, periva i jednostavna za upotrebu, a istovremeno je i ekolo\u0161ki prihvatljiva.\",\"breadcrumb\":{\"@id\":\"https:\\\/\\\/frutilu.com\\\/hr\\\/proizvod\\\/frutilu-bombazna-nakupovalna-torba\\\/#breadcrumb\"},\"inLanguage\":\"hr\",\"potentialAction\":[{\"@type\":\"ReadAction\",\"target\":[\"https:\\\/\\\/frutilu.com\\\/hr\\\/proizvod\\\/frutilu-bombazna-nakupovalna-torba\\\/\"]}]},{\"@type\":\"ImageObject\",\"inLanguage\":\"hr\",\"@id\":\"https:\\\/\\\/frutilu.com\\\/hr\\\/proizvod\\\/frutilu-bombazna-nakupovalna-torba\\\/#primaryimage\",\"url\":\"https:\\\/\\\/frutilu.com\\\/wp-content\\\/uploads\\\/2024\\\/05\\\/Untitled-1-04-jpg.webp\",\"contentUrl\":\"https:\\\/\\\/frutilu.com\\\/wp-content\\\/uploads\\\/2024\\\/05\\\/Untitled-1-04-jpg.webp\",\"width\":2133,\"height\":2133},{\"@type\":\"BreadcrumbList\",\"@id\":\"https:\\\/\\\/frutilu.com\\\/hr\\\/proizvod\\\/frutilu-bombazna-nakupovalna-torba\\\/#breadcrumb\",\"itemListElement\":[{\"@type\":\"ListItem\",\"position\":1,\"name\":\"Trgovina\",\"item\":\"https:\\\/\\\/frutilu.com\\\/hr\\\/trgovina\\\/\"},{\"@type\":\"ListItem\",\"position\":2,\"name\":\"Frutilu pamu\u010dna torba za kupnju\"}]},{\"@type\":\"WebSite\",\"@id\":\"https:\\\/\\\/frutilu.com\\\/hr\\\/#website\",\"url\":\"https:\\\/\\\/frutilu.com\\\/hr\\\/\",\"name\":\"Frutilu.com\",\"description\":\"Stay hydrated!\",\"publisher\":{\"@id\":\"https:\\\/\\\/frutilu.com\\\/hr\\\/#organization\"},\"potentialAction\":[{\"@type\":\"SearchAction\",\"target\":{\"@type\":\"EntryPoint\",\"urlTemplate\":\"https:\\\/\\\/frutilu.com\\\/hr\\\/?s={search_term_string}\"},\"query-input\":{\"@type\":\"PropertyValueSpecification\",\"valueRequired\":true,\"valueName\":\"search_term_string\"}}],\"inLanguage\":\"hr\"},{\"@type\":\"Organization\",\"@id\":\"https:\\\/\\\/frutilu.com\\\/hr\\\/#organization\",\"name\":\"Frutilu.com\",\"url\":\"https:\\\/\\\/frutilu.com\\\/hr\\\/\",\"logo\":{\"@type\":\"ImageObject\",\"inLanguage\":\"hr\",\"@id\":\"https:\\\/\\\/frutilu.com\\\/hr\\\/#\\\/schema\\\/logo\\\/image\\\/\",\"url\":\"https:\\\/\\\/frutilu.com\\\/wp-content\\\/uploads\\\/2024\\\/04\\\/frutilu-logo-BLK-02.png\",\"contentUrl\":\"https:\\\/\\\/frutilu.com\\\/wp-content\\\/uploads\\\/2024\\\/04\\\/frutilu-logo-BLK-02.png\",\"width\":1714,\"height\":571,\"caption\":\"Frutilu.com\"},\"image\":{\"@id\":\"https:\\\/\\\/frutilu.com\\\/hr\\\/#\\\/schema\\\/logo\\\/image\\\/\"},\"sameAs\":[\"https:\\\/\\\/www.facebook.com\\\/people\\\/Frutilu-drinks\\\/61558194795721\\\/\",\"https:\\\/\\\/www.instagram.com\\\/frutiludrinks\\\/\",\"https:\\\/\\\/www.youtube.com\\\/@FrutiluDrinks\"]}]}<\/script>\n<!-- \/ Yoast SEO plugin. -->","yoast_head_json":{"title":"Frutilu pamu\u010dna torba za kupnju - Frutilu.com","description":"Pamu\u010dna torba za kupnju s originalnim Frutilu motivom izdr\u017eljiva je, periva i jednostavna za upotrebu, a istovremeno je i ekolo\u0161ki prihvatljiva.","robots":{"index":"index","follow":"follow","max-snippet":"max-snippet:-1","max-image-preview":"max-image-preview:large","max-video-preview":"max-video-preview:-1"},"canonical":"https:\/\/frutilu.com\/hr\/proizvod\/frutilu-bombazna-nakupovalna-torba\/","og_locale":"hr_HR","og_type":"article","og_title":"Frutilu pamu\u010dna torba za kupnju - Frutilu.com","og_description":"Pamu\u010dna torba za kupnju s originalnim Frutilu motivom izdr\u017eljiva je, periva i jednostavna za upotrebu, a istovremeno je i ekolo\u0161ki prihvatljiva.","og_url":"https:\/\/frutilu.com\/hr\/proizvod\/frutilu-bombazna-nakupovalna-torba\/","og_site_name":"Frutilu.com","article_publisher":"https:\/\/www.facebook.com\/people\/Frutilu-drinks\/61558194795721\/","article_modified_time":"2026-04-24T10:48:23+00:00","og_image":[{"width":2133,"height":2133,"url":"https:\/\/frutilu.com\/wp-content\/uploads\/2024\/05\/Untitled-1-04-jpg.webp","type":"image\/jpeg"}],"twitter_card":"summary_large_image","twitter_misc":{"Procijenjeno vrijeme \u010ditanja":"1 minuta"},"schema":{"@context":"https:\/\/schema.org","@graph":[{"@type":"WebPage","@id":"https:\/\/frutilu.com\/hr\/proizvod\/frutilu-bombazna-nakupovalna-torba\/","url":"https:\/\/frutilu.com\/hr\/proizvod\/frutilu-bombazna-nakupovalna-torba\/","name":"Frutilu pamu\u010dna torba za kupnju - Frutilu.com","isPartOf":{"@id":"https:\/\/frutilu.com\/hr\/#website"},"primaryImageOfPage":{"@id":"https:\/\/frutilu.com\/hr\/proizvod\/frutilu-bombazna-nakupovalna-torba\/#primaryimage"},"image":{"@id":"https:\/\/frutilu.com\/hr\/proizvod\/frutilu-bombazna-nakupovalna-torba\/#primaryimage"},"thumbnailUrl":"https:\/\/frutilu.com\/wp-content\/uploads\/2024\/05\/Untitled-1-04-jpg.webp","datePublished":"2024-05-21T09:33:30+00:00","dateModified":"2026-04-24T10:48:23+00:00","description":"Pamu\u010dna torba za kupnju s originalnim Frutilu motivom izdr\u017eljiva je, periva i jednostavna za upotrebu, a istovremeno je i ekolo\u0161ki prihvatljiva.","breadcrumb":{"@id":"https:\/\/frutilu.com\/hr\/proizvod\/frutilu-bombazna-nakupovalna-torba\/#breadcrumb"},"inLanguage":"hr","potentialAction":[{"@type":"ReadAction","target":["https:\/\/frutilu.com\/hr\/proizvod\/frutilu-bombazna-nakupovalna-torba\/"]}]},{"@type":"ImageObject","inLanguage":"hr","@id":"https:\/\/frutilu.com\/hr\/proizvod\/frutilu-bombazna-nakupovalna-torba\/#primaryimage","url":"https:\/\/frutilu.com\/wp-content\/uploads\/2024\/05\/Untitled-1-04-jpg.webp","contentUrl":"https:\/\/frutilu.com\/wp-content\/uploads\/2024\/05\/Untitled-1-04-jpg.webp","width":2133,"height":2133},{"@type":"BreadcrumbList","@id":"https:\/\/frutilu.com\/hr\/proizvod\/frutilu-bombazna-nakupovalna-torba\/#breadcrumb","itemListElement":[{"@type":"ListItem","position":1,"name":"Trgovina","item":"https:\/\/frutilu.com\/hr\/trgovina\/"},{"@type":"ListItem","position":2,"name":"Frutilu pamu\u010dna torba za kupnju"}]},{"@type":"WebSite","@id":"https:\/\/frutilu.com\/hr\/#website","url":"https:\/\/frutilu.com\/hr\/","name":"Frutilu.com","description":"Stay hydrated!","publisher":{"@id":"https:\/\/frutilu.com\/hr\/#organization"},"potentialAction":[{"@type":"SearchAction","target":{"@type":"EntryPoint","urlTemplate":"https:\/\/frutilu.com\/hr\/?s={search_term_string}"},"query-input":{"@type":"PropertyValueSpecification","valueRequired":true,"valueName":"search_term_string"}}],"inLanguage":"hr"},{"@type":"Organization","@id":"https:\/\/frutilu.com\/hr\/#organization","name":"Frutilu.com","url":"https:\/\/frutilu.com\/hr\/","logo":{"@type":"ImageObject","inLanguage":"hr","@id":"https:\/\/frutilu.com\/hr\/#\/schema\/logo\/image\/","url":"https:\/\/frutilu.com\/wp-content\/uploads\/2024\/04\/frutilu-logo-BLK-02.png","contentUrl":"https:\/\/frutilu.com\/wp-content\/uploads\/2024\/04\/frutilu-logo-BLK-02.png","width":1714,"height":571,"caption":"Frutilu.com"},"image":{"@id":"https:\/\/frutilu.com\/hr\/#\/schema\/logo\/image\/"},"sameAs":["https:\/\/www.facebook.com\/people\/Frutilu-drinks\/61558194795721\/","https:\/\/www.instagram.com\/frutiludrinks\/","https:\/\/www.youtube.com\/@FrutiluDrinks"]}]}},"tiered_pricing_type":"fixed","tiered_pricing_fixed_rules":[],"tiered_pricing_product_settings":{"layout":"default","base_unit_name":{"singular":null,"plural":null},"default_variation":null},"tiered_pricing_minimum_quantity":null,"tiered_pricing_roles_data":[],"tiered_pricing_percentage_rules":[],"tiered_pricing_maximum_quantity":null,"tiered_pricing_quantity_step":null,"_links":{"self":[{"href":"https:\/\/frutilu.com\/hr\/wp-json\/wp\/v2\/product\/33166","targetHints":{"allow":["GET"]}}],"collection":[{"href":"https:\/\/frutilu.com\/hr\/wp-json\/wp\/v2\/product"}],"about":[{"href":"https:\/\/frutilu.com\/hr\/wp-json\/wp\/v2\/types\/product"}],"replies":[{"embeddable":true,"href":"https:\/\/frutilu.com\/hr\/wp-json\/wp\/v2\/comments?post=33166"}],"wp:featuredmedia":[{"embeddable":true,"href":"https:\/\/frutilu.com\/hr\/wp-json\/wp\/v2\/media\/33175"}],"wp:attachment":[{"href":"https:\/\/frutilu.com\/hr\/wp-json\/wp\/v2\/media?parent=33166"}],"wp:term":[{"taxonomy":"product_brand","embeddable":true,"href":"https:\/\/frutilu.com\/hr\/wp-json\/wp\/v2\/product_brand?post=33166"},{"taxonomy":"product_cat","embeddable":true,"href":"https:\/\/frutilu.com\/hr\/wp-json\/wp\/v2\/product_cat?post=33166"},{"taxonomy":"product_tag","embeddable":true,"href":"https:\/\/frutilu.com\/hr\/wp-json\/wp\/v2\/product_tag?post=33166"}],"curies":[{"name":"wp","href":"https:\/\/api.w.org\/{rel}","templated":true}]}}