{"id":33182,"date":"2024-05-21T10:54:52","date_gmt":"2024-05-21T08:54:52","guid":{"rendered":"https:\/\/frutilu.com\/product\/frutilu-flaska-500ml\/"},"modified":"2026-04-24T12:25:57","modified_gmt":"2026-04-24T10:25:57","slug":"frutilu-flaska-500ml","status":"publish","type":"product","link":"https:\/\/frutilu.com\/hr\/proizvod\/frutilu-flaska-500ml\/","title":{"rendered":"Frutilu bo\u010dica, 500 ml"},"content":{"rendered":"<p><strong>Frutilu bo\u010dica.<\/strong><\/p>\n<ul>\n<li>Izra\u0111ena od recikliranih boca,<\/li>\n<li>ne sadr\u017ei BPA,<\/li>\n<li>s vezicom za no\u0161enje oko zape\u0161\u0107a,<\/li>\n<li>za 500 ml napitka.<\/li>\n<\/ul>\n<p> Dostupna u raznim bojama.<\/p>\n<p>Bo\u010dica nije prikladna za vru\u0107e napitke!<\/p>\n<p><strong>Upute za \u010di\u0161\u0107enje:<\/strong> Bo\u010dica nije prikladna za pranje u perilici posu\u0111a.<\/p>\n","protected":false},"excerpt":{"rendered":"<p>Frutilu bo\u010dica kapaciteta 500 ml za osvje\u017eenje gdje god se nalazili. Izra\u0111ena je od reciklirane&#8230;<\/p>\n","protected":false},"featured_media":33188,"comment_status":"open","ping_status":"closed","template":"","meta":[],"product_brand":[],"product_cat":[1956,1955],"product_tag":[1732,1733,1825],"class_list":{"0":"post-33182","1":"product","2":"type-product","3":"status-publish","4":"has-post-thumbnail","6":"product_cat-boce","7":"product_cat-ostalo","8":"product_tag-bocica","9":"product_tag-frutilu","10":"product_tag-plasticna-boca","12":"first","13":"outofstock","14":"taxable","15":"shipping-taxable","16":"purchasable","17":"product-type-variable"},"yoast_head":"<!-- This site is optimized with the Yoast SEO plugin v27.5 - https:\/\/yoast.com\/product\/yoast-seo-wordpress\/ -->\n<title>Frutilu bo\u010dica, 500 ml - Frutilu.com<\/title>\n<meta name=\"description\" content=\"Frutilu bo\u010dica izra\u0111ena je od recikliranih boca, ne sadr\u017ei BPA i dostupna je u raznim nijansama.\" \/>\n<meta name=\"robots\" content=\"index, follow, max-snippet:-1, max-image-preview:large, max-video-preview:-1\" \/>\n<link rel=\"canonical\" href=\"https:\/\/frutilu.com\/hr\/proizvod\/frutilu-flaska-500ml\/\" \/>\n<meta property=\"og:locale\" content=\"hr_HR\" \/>\n<meta property=\"og:type\" content=\"article\" \/>\n<meta property=\"og:title\" content=\"Frutilu bo\u010dica, 500 ml - Frutilu.com\" \/>\n<meta property=\"og:description\" content=\"Frutilu bo\u010dica izra\u0111ena je od recikliranih boca, ne sadr\u017ei BPA i dostupna je u raznim nijansama.\" \/>\n<meta property=\"og:url\" content=\"https:\/\/frutilu.com\/hr\/proizvod\/frutilu-flaska-500ml\/\" \/>\n<meta property=\"og:site_name\" content=\"Frutilu.com\" \/>\n<meta property=\"article:publisher\" content=\"https:\/\/www.facebook.com\/people\/Frutilu-drinks\/61558194795721\/\" \/>\n<meta property=\"article:modified_time\" content=\"2026-04-24T10:25:57+00:00\" \/>\n<meta property=\"og:image\" content=\"https:\/\/frutilu.com\/wp-content\/uploads\/2024\/05\/flaske-profilna.png\" \/>\n\t<meta property=\"og:image:width\" content=\"1024\" \/>\n\t<meta property=\"og:image:height\" content=\"1024\" \/>\n\t<meta property=\"og:image:type\" content=\"image\/png\" \/>\n<meta name=\"twitter:card\" content=\"summary_large_image\" \/>\n<meta name=\"twitter:label1\" content=\"Procijenjeno vrijeme \u010ditanja\" \/>\n\t<meta name=\"twitter:data1\" content=\"1 minuta\" \/>\n<script type=\"application\/ld+json\" class=\"yoast-schema-graph\">{\"@context\":\"https:\\\/\\\/schema.org\",\"@graph\":[{\"@type\":\"WebPage\",\"@id\":\"https:\\\/\\\/frutilu.com\\\/hr\\\/proizvod\\\/frutilu-flaska-500ml\\\/\",\"url\":\"https:\\\/\\\/frutilu.com\\\/hr\\\/proizvod\\\/frutilu-flaska-500ml\\\/\",\"name\":\"Frutilu bo\u010dica, 500 ml - Frutilu.com\",\"isPartOf\":{\"@id\":\"https:\\\/\\\/frutilu.com\\\/hr\\\/#website\"},\"primaryImageOfPage\":{\"@id\":\"https:\\\/\\\/frutilu.com\\\/hr\\\/proizvod\\\/frutilu-flaska-500ml\\\/#primaryimage\"},\"image\":{\"@id\":\"https:\\\/\\\/frutilu.com\\\/hr\\\/proizvod\\\/frutilu-flaska-500ml\\\/#primaryimage\"},\"thumbnailUrl\":\"https:\\\/\\\/frutilu.com\\\/wp-content\\\/uploads\\\/2024\\\/05\\\/flaske-profilna.png\",\"datePublished\":\"2024-05-21T08:54:52+00:00\",\"dateModified\":\"2026-04-24T10:25:57+00:00\",\"description\":\"Frutilu bo\u010dica izra\u0111ena je od recikliranih boca, ne sadr\u017ei BPA i dostupna je u raznim nijansama.\",\"breadcrumb\":{\"@id\":\"https:\\\/\\\/frutilu.com\\\/hr\\\/proizvod\\\/frutilu-flaska-500ml\\\/#breadcrumb\"},\"inLanguage\":\"hr\",\"potentialAction\":[{\"@type\":\"ReadAction\",\"target\":[\"https:\\\/\\\/frutilu.com\\\/hr\\\/proizvod\\\/frutilu-flaska-500ml\\\/\"]}]},{\"@type\":\"ImageObject\",\"inLanguage\":\"hr\",\"@id\":\"https:\\\/\\\/frutilu.com\\\/hr\\\/proizvod\\\/frutilu-flaska-500ml\\\/#primaryimage\",\"url\":\"https:\\\/\\\/frutilu.com\\\/wp-content\\\/uploads\\\/2024\\\/05\\\/flaske-profilna.png\",\"contentUrl\":\"https:\\\/\\\/frutilu.com\\\/wp-content\\\/uploads\\\/2024\\\/05\\\/flaske-profilna.png\",\"width\":1024,\"height\":1024},{\"@type\":\"BreadcrumbList\",\"@id\":\"https:\\\/\\\/frutilu.com\\\/hr\\\/proizvod\\\/frutilu-flaska-500ml\\\/#breadcrumb\",\"itemListElement\":[{\"@type\":\"ListItem\",\"position\":1,\"name\":\"Trgovina\",\"item\":\"https:\\\/\\\/frutilu.com\\\/hr\\\/trgovina\\\/\"},{\"@type\":\"ListItem\",\"position\":2,\"name\":\"Frutilu bo\u010dica, 500 ml\"}]},{\"@type\":\"WebSite\",\"@id\":\"https:\\\/\\\/frutilu.com\\\/hr\\\/#website\",\"url\":\"https:\\\/\\\/frutilu.com\\\/hr\\\/\",\"name\":\"Frutilu.com\",\"description\":\"Stay hydrated!\",\"publisher\":{\"@id\":\"https:\\\/\\\/frutilu.com\\\/hr\\\/#organization\"},\"potentialAction\":[{\"@type\":\"SearchAction\",\"target\":{\"@type\":\"EntryPoint\",\"urlTemplate\":\"https:\\\/\\\/frutilu.com\\\/hr\\\/?s={search_term_string}\"},\"query-input\":{\"@type\":\"PropertyValueSpecification\",\"valueRequired\":true,\"valueName\":\"search_term_string\"}}],\"inLanguage\":\"hr\"},{\"@type\":\"Organization\",\"@id\":\"https:\\\/\\\/frutilu.com\\\/hr\\\/#organization\",\"name\":\"Frutilu.com\",\"url\":\"https:\\\/\\\/frutilu.com\\\/hr\\\/\",\"logo\":{\"@type\":\"ImageObject\",\"inLanguage\":\"hr\",\"@id\":\"https:\\\/\\\/frutilu.com\\\/hr\\\/#\\\/schema\\\/logo\\\/image\\\/\",\"url\":\"https:\\\/\\\/frutilu.com\\\/wp-content\\\/uploads\\\/2024\\\/04\\\/frutilu-logo-BLK-02.png\",\"contentUrl\":\"https:\\\/\\\/frutilu.com\\\/wp-content\\\/uploads\\\/2024\\\/04\\\/frutilu-logo-BLK-02.png\",\"width\":1714,\"height\":571,\"caption\":\"Frutilu.com\"},\"image\":{\"@id\":\"https:\\\/\\\/frutilu.com\\\/hr\\\/#\\\/schema\\\/logo\\\/image\\\/\"},\"sameAs\":[\"https:\\\/\\\/www.facebook.com\\\/people\\\/Frutilu-drinks\\\/61558194795721\\\/\",\"https:\\\/\\\/www.instagram.com\\\/frutiludrinks\\\/\",\"https:\\\/\\\/www.youtube.com\\\/@FrutiluDrinks\"]}]}<\/script>\n<!-- \/ Yoast SEO plugin. -->","yoast_head_json":{"title":"Frutilu bo\u010dica, 500 ml - Frutilu.com","description":"Frutilu bo\u010dica izra\u0111ena je od recikliranih boca, ne sadr\u017ei BPA i dostupna je u raznim nijansama.","robots":{"index":"index","follow":"follow","max-snippet":"max-snippet:-1","max-image-preview":"max-image-preview:large","max-video-preview":"max-video-preview:-1"},"canonical":"https:\/\/frutilu.com\/hr\/proizvod\/frutilu-flaska-500ml\/","og_locale":"hr_HR","og_type":"article","og_title":"Frutilu bo\u010dica, 500 ml - Frutilu.com","og_description":"Frutilu bo\u010dica izra\u0111ena je od recikliranih boca, ne sadr\u017ei BPA i dostupna je u raznim nijansama.","og_url":"https:\/\/frutilu.com\/hr\/proizvod\/frutilu-flaska-500ml\/","og_site_name":"Frutilu.com","article_publisher":"https:\/\/www.facebook.com\/people\/Frutilu-drinks\/61558194795721\/","article_modified_time":"2026-04-24T10:25:57+00:00","og_image":[{"width":1024,"height":1024,"url":"https:\/\/frutilu.com\/wp-content\/uploads\/2024\/05\/flaske-profilna.png","type":"image\/png"}],"twitter_card":"summary_large_image","twitter_misc":{"Procijenjeno vrijeme \u010ditanja":"1 minuta"},"schema":{"@context":"https:\/\/schema.org","@graph":[{"@type":"WebPage","@id":"https:\/\/frutilu.com\/hr\/proizvod\/frutilu-flaska-500ml\/","url":"https:\/\/frutilu.com\/hr\/proizvod\/frutilu-flaska-500ml\/","name":"Frutilu bo\u010dica, 500 ml - Frutilu.com","isPartOf":{"@id":"https:\/\/frutilu.com\/hr\/#website"},"primaryImageOfPage":{"@id":"https:\/\/frutilu.com\/hr\/proizvod\/frutilu-flaska-500ml\/#primaryimage"},"image":{"@id":"https:\/\/frutilu.com\/hr\/proizvod\/frutilu-flaska-500ml\/#primaryimage"},"thumbnailUrl":"https:\/\/frutilu.com\/wp-content\/uploads\/2024\/05\/flaske-profilna.png","datePublished":"2024-05-21T08:54:52+00:00","dateModified":"2026-04-24T10:25:57+00:00","description":"Frutilu bo\u010dica izra\u0111ena je od recikliranih boca, ne sadr\u017ei BPA i dostupna je u raznim nijansama.","breadcrumb":{"@id":"https:\/\/frutilu.com\/hr\/proizvod\/frutilu-flaska-500ml\/#breadcrumb"},"inLanguage":"hr","potentialAction":[{"@type":"ReadAction","target":["https:\/\/frutilu.com\/hr\/proizvod\/frutilu-flaska-500ml\/"]}]},{"@type":"ImageObject","inLanguage":"hr","@id":"https:\/\/frutilu.com\/hr\/proizvod\/frutilu-flaska-500ml\/#primaryimage","url":"https:\/\/frutilu.com\/wp-content\/uploads\/2024\/05\/flaske-profilna.png","contentUrl":"https:\/\/frutilu.com\/wp-content\/uploads\/2024\/05\/flaske-profilna.png","width":1024,"height":1024},{"@type":"BreadcrumbList","@id":"https:\/\/frutilu.com\/hr\/proizvod\/frutilu-flaska-500ml\/#breadcrumb","itemListElement":[{"@type":"ListItem","position":1,"name":"Trgovina","item":"https:\/\/frutilu.com\/hr\/trgovina\/"},{"@type":"ListItem","position":2,"name":"Frutilu bo\u010dica, 500 ml"}]},{"@type":"WebSite","@id":"https:\/\/frutilu.com\/hr\/#website","url":"https:\/\/frutilu.com\/hr\/","name":"Frutilu.com","description":"Stay hydrated!","publisher":{"@id":"https:\/\/frutilu.com\/hr\/#organization"},"potentialAction":[{"@type":"SearchAction","target":{"@type":"EntryPoint","urlTemplate":"https:\/\/frutilu.com\/hr\/?s={search_term_string}"},"query-input":{"@type":"PropertyValueSpecification","valueRequired":true,"valueName":"search_term_string"}}],"inLanguage":"hr"},{"@type":"Organization","@id":"https:\/\/frutilu.com\/hr\/#organization","name":"Frutilu.com","url":"https:\/\/frutilu.com\/hr\/","logo":{"@type":"ImageObject","inLanguage":"hr","@id":"https:\/\/frutilu.com\/hr\/#\/schema\/logo\/image\/","url":"https:\/\/frutilu.com\/wp-content\/uploads\/2024\/04\/frutilu-logo-BLK-02.png","contentUrl":"https:\/\/frutilu.com\/wp-content\/uploads\/2024\/04\/frutilu-logo-BLK-02.png","width":1714,"height":571,"caption":"Frutilu.com"},"image":{"@id":"https:\/\/frutilu.com\/hr\/#\/schema\/logo\/image\/"},"sameAs":["https:\/\/www.facebook.com\/people\/Frutilu-drinks\/61558194795721\/","https:\/\/www.instagram.com\/frutiludrinks\/","https:\/\/www.youtube.com\/@FrutiluDrinks"]}]}},"tiered_pricing_type":"fixed","tiered_pricing_fixed_rules":[],"tiered_pricing_product_settings":{"layout":"default","base_unit_name":{"singular":null,"plural":null},"default_variation":null},"tiered_pricing_minimum_quantity":null,"tiered_pricing_roles_data":[],"tiered_pricing_percentage_rules":[],"tiered_pricing_maximum_quantity":null,"tiered_pricing_quantity_step":null,"_links":{"self":[{"href":"https:\/\/frutilu.com\/hr\/wp-json\/wp\/v2\/product\/33182","targetHints":{"allow":["GET"]}}],"collection":[{"href":"https:\/\/frutilu.com\/hr\/wp-json\/wp\/v2\/product"}],"about":[{"href":"https:\/\/frutilu.com\/hr\/wp-json\/wp\/v2\/types\/product"}],"replies":[{"embeddable":true,"href":"https:\/\/frutilu.com\/hr\/wp-json\/wp\/v2\/comments?post=33182"}],"wp:featuredmedia":[{"embeddable":true,"href":"https:\/\/frutilu.com\/hr\/wp-json\/wp\/v2\/media\/33188"}],"wp:attachment":[{"href":"https:\/\/frutilu.com\/hr\/wp-json\/wp\/v2\/media?parent=33182"}],"wp:term":[{"taxonomy":"product_brand","embeddable":true,"href":"https:\/\/frutilu.com\/hr\/wp-json\/wp\/v2\/product_brand?post=33182"},{"taxonomy":"product_cat","embeddable":true,"href":"https:\/\/frutilu.com\/hr\/wp-json\/wp\/v2\/product_cat?post=33182"},{"taxonomy":"product_tag","embeddable":true,"href":"https:\/\/frutilu.com\/hr\/wp-json\/wp\/v2\/product_tag?post=33182"}],"curies":[{"name":"wp","href":"https:\/\/api.w.org\/{rel}","templated":true}]}}