{"id":6194,"date":"2024-05-26T23:18:23","date_gmt":"2024-05-26T21:18:23","guid":{"rendered":"https:\/\/frutilu.com\/?page_id=6194"},"modified":"2025-09-04T14:45:31","modified_gmt":"2025-09-04T12:45:31","slug":"domande-e-risposte","status":"publish","type":"page","link":"https:\/\/frutilu.com\/it\/domande-e-risposte\/","title":{"rendered":"Domande e risposte"},"content":{"rendered":"\t\t<div data-elementor-type=\"wp-page\" data-elementor-id=\"6194\" class=\"elementor elementor-6194 elementor-6190\" data-elementor-post-type=\"page\">\n\t\t\t\t<div class=\"elementor-element elementor-element-133221e4 e-flex e-con-boxed e-con e-parent\" data-id=\"133221e4\" data-element_type=\"container\" data-e-type=\"container\">\n\t\t\t\t\t<div class=\"e-con-inner\">\n\t\t\t\t<div class=\"elementor-element elementor-element-2d30220a elementor-widget elementor-widget-shortcode\" data-id=\"2d30220a\" data-element_type=\"widget\" data-e-type=\"widget\" data-widget_type=\"shortcode.default\">\n\t\t\t\t<div class=\"elementor-widget-container\">\n\t\t\t\t\t\t\t<div class=\"elementor-shortcode\">\t\t\t<div class=\"yith-faqs\">\n\t\t\t\t\t\t\t\t\t<div class=\"yith-faqs-search\">\n\t\t\t\t\t\t<div class=\"yith-faqs-search-container\">\n\t\t\t\t\t\t\t<div class=\"yith-faqs-search-input\">\n\t\t\t\t\t\t\t\t<label class=\"screen-reader-text\">Cerca ...<\/label>\n\t\t\t\t\t\t\t\t<input type=\"text\" value=\"\" name=\"search\" placeholder=\"Cerca ...\"\/>\n\t\t\t\t\t\t\t<\/div>\n\t\t\t\t\t\t\t<div class=\"yith-faqs-search-button\">\n\t\t\t\t\t\t\t\t<button type=\"submit\"><i class=\"yfwp-search\"><\/i><\/button>\n\t\t\t\t\t\t\t<\/div>\n\t\t\t\t\t\t<\/div>\n\t\t\t\t\t\t<div class=\"yith-faqs-reset-container\">\n\t\t\t\t\t\t\t<a class=\"yith-faqs-reset\" href=\"https:\/\/frutilu.com\/it\/domande-e-risposte\/\">Reimposta<\/a>\n\t\t\t\t\t\t<\/div>\n\t\t\t\t\t<\/div>\n\t\t\t\t\t\n\t\t\t\t\t<ul class=\"yith-faqs-categories pill\">\n\t\t\t\t\t\t<li>\n\t\t\t\t\t\t\t<a href=\"?term_id=all\" class=\"active\">TUTTE<\/a>\n\t\t\t\t\t\t<\/li>\n\t\t\t\t\t\t\t\t\t\t\t\t\t<li>\n\t\t\t\t\t\t\t\t<a href=\"?term_id=1234\" class=\"\">CONSEGNA<\/a>\n\t\t\t\t\t\t\t<\/li>\n\t\t\t\t\t\t\t\t\t\t\t\t\t<li>\n\t\t\t\t\t\t\t\t<a href=\"?term_id=1235\" class=\"\">PRODOTTI<\/a>\n\t\t\t\t\t\t\t<\/li>\n\t\t\t\t\t\t\t\t\t\t\t\t\t<li>\n\t\t\t\t\t\t\t\t<a href=\"?term_id=1238\" class=\"\">ACQUISTO<\/a>\n\t\t\t\t\t\t\t<\/li>\n\t\t\t\t\t\t\t\t\t\t\t\t\t<li>\n\t\t\t\t\t\t\t\t<a href=\"?term_id=1242\" class=\"\">RESO<\/a>\n\t\t\t\t\t\t\t<\/li>\n\t\t\t\t\t\t\t\t\t\t\t<\/ul>\n\n\t\t\t\t\t\t\t\t<div id=\"yith-faqs-container\" class=\"yith-faqs-container yith-faq-type-accordion pill yith-faqs-no-page  default-loader\" style=\"--ywfp-icon-font-size: 14px;\">\n\n\t\t\t\t\t\n\t\t\t\t\t\n\t\t\t\t\t\t\t\t\t\t\t\t<div id=\"faq-21243\" class=\"yith-faqs-item icon-right opened active\">\n\t\t\t\t\t\t\t<div class=\"yith-faqs-title\">\n\t\t\t\t\t\t\t\t\t\t\t\t\t\t\t\t\t<div class=\"icon yfwp-chevron-down\"><\/div>\n\t\t\t\t\t\t\t\t\t\t\t\t\t\t\t\t<b>Quanta bevanda istantanea Frutilu devo mescolare con l\u2019acqua?<\/b>\n\t\t\t\t\t\t\t<\/div>\n\t\t\t\t\t\t\t<div class=\"yith-faqs-content-wrapper\">\n\t\t\t\t\t\t\t\t<div class=\"yith-faqs-content\">\n\t\t\t\t\t\t\t\t\t\n<p>La quantit\u00e0 di Frutilu da usare dipende da quanta bevanda vuoi preparare e da quanto intenso preferisci il sapore. Ecco alcune linee guida generali:<\/p>\n\n\n\n<ul class=\"wp-block-list\">\n<li>Per <strong>3 dcl d\u2019acqua<\/strong>: usa circa <strong><sup>1<\/sup>\/<sub>4<\/sub> di cucchiaino<\/strong><\/li>\n\n\n\n<li>Per <strong><sup>1<\/sup>\/<sub>2<\/sub> litro (5 dcl) d\u2019acqua<\/strong>: usa circa <strong><sup>1<\/sup>\/<sub>2<\/sub> cucchiaino<\/strong><\/li>\n\n\n\n<li>Per <strong>1 litro d\u2019acqua<\/strong>: usa circa <strong>1 cucchiaino<\/strong><\/li>\n<\/ul>\n\n\n\n<p>Naturalmente, <strong>adatta il gusto secondo le tue preferenze<\/strong>! C\u2019\u00e8 chi lo ama pi\u00f9 intenso e chi lo preferisce pi\u00f9 delicato. Frutilu ti d\u00e0 la libert\u00e0 di creare la bevanda perfetta per te \u2013 sempre senza zuccheri aggiunti e con una freschezza tutta naturale.<\/p>\n\t\t\t\t\t\t\t\t<\/div>\n\t\t\t\t\t\t\t\t\t\t\t\t\t\t\t\t\t<div class=\"yith-faqs-link\">\n\t\t\t\t\t\t\t\t\t\t<a class=\"yith-faqs-copy\" href=\"#\" data-faq=\"https:\/\/frutilu.com\/it\/domande-e-risposte\/#faq-21243\">\n\t\t\t\t\t\t\t\t\t\t\t<span class=\"hover-text\">Copia link<\/span>\n\t\t\t\t\t\t\t\t\t\t\t<span class=\"success-text\">Copiato!<\/span>\n\t\t\t\t\t\t\t\t\t\t<\/a>\n\t\t\t\t\t\t\t\t\t<\/div>\n\t\t\t\t\t\t\t\t\t\t\t\t\t\t\t<\/div>\n\t\t\t\t\t\t<\/div>\n\n\t\t\t\t\t\n\t\t\t\t\t\t\t\t\t\t\t\t<div id=\"faq-6200\" class=\"yith-faqs-item icon-right\">\n\t\t\t\t\t\t\t<div class=\"yith-faqs-title\">\n\t\t\t\t\t\t\t\t\t\t\t\t\t\t\t\t\t<div class=\"icon yfwp-chevron-down\"><\/div>\n\t\t\t\t\t\t\t\t\t\t\t\t\t\t\t\t<b>I Frutilu drinks contengono zucchero?<\/b>\n\t\t\t\t\t\t\t<\/div>\n\t\t\t\t\t\t\t<div class=\"yith-faqs-content-wrapper\">\n\t\t\t\t\t\t\t\t<div class=\"yith-faqs-content\">\n\t\t\t\t\t\t\t\t\t<p>Le bevande Frutilu non contengono zucchero, ma utilizzano il dolcificante naturale stevia e il dolcificante sucralosio.<\/p>\n\t\t\t\t\t\t\t\t<\/div>\n\t\t\t\t\t\t\t\t\t\t\t\t\t\t\t\t\t<div class=\"yith-faqs-link\">\n\t\t\t\t\t\t\t\t\t\t<a class=\"yith-faqs-copy\" href=\"#\" data-faq=\"https:\/\/frutilu.com\/it\/domande-e-risposte\/#faq-6200\">\n\t\t\t\t\t\t\t\t\t\t\t<span class=\"hover-text\">Copia link<\/span>\n\t\t\t\t\t\t\t\t\t\t\t<span class=\"success-text\">Copiato!<\/span>\n\t\t\t\t\t\t\t\t\t\t<\/a>\n\t\t\t\t\t\t\t\t\t<\/div>\n\t\t\t\t\t\t\t\t\t\t\t\t\t\t\t<\/div>\n\t\t\t\t\t\t<\/div>\n\n\t\t\t\t\t\n\t\t\t\t\t\t\t\t\t\t\t\t<div id=\"faq-18652\" class=\"yith-faqs-item icon-right\">\n\t\t\t\t\t\t\t<div class=\"yith-faqs-title\">\n\t\t\t\t\t\t\t\t\t\t\t\t\t\t\t\t\t<div class=\"icon yfwp-chevron-down\"><\/div>\n\t\t\t\t\t\t\t\t\t\t\t\t\t\t\t\t<b>Quali dolcificanti sono utilizzati nelle bevande Frutilu?<\/b>\n\t\t\t\t\t\t\t<\/div>\n\t\t\t\t\t\t\t<div class=\"yith-faqs-content-wrapper\">\n\t\t\t\t\t\t\t\t<div class=\"yith-faqs-content\">\n\t\t\t\t\t\t\t\t\t<p>Le bevande Frutilu contengono il dolcificante naturale stevia e il dolcificante sucralosio. Entrambi i dolcificanti sono privi di calorie, non aumentano la glicemia e sono adatti anche ai diabetici. Il nostro obiettivo \u00e8 offrire bevande rinfrescanti con una dolcezza naturale.<\/p>\n\t\t\t\t\t\t\t\t<\/div>\n\t\t\t\t\t\t\t\t\t\t\t\t\t\t\t\t\t<div class=\"yith-faqs-link\">\n\t\t\t\t\t\t\t\t\t\t<a class=\"yith-faqs-copy\" href=\"#\" data-faq=\"https:\/\/frutilu.com\/it\/domande-e-risposte\/#faq-18652\">\n\t\t\t\t\t\t\t\t\t\t\t<span class=\"hover-text\">Copia link<\/span>\n\t\t\t\t\t\t\t\t\t\t\t<span class=\"success-text\">Copiato!<\/span>\n\t\t\t\t\t\t\t\t\t\t<\/a>\n\t\t\t\t\t\t\t\t\t<\/div>\n\t\t\t\t\t\t\t\t\t\t\t\t\t\t\t<\/div>\n\t\t\t\t\t\t<\/div>\n\n\t\t\t\t\t\n\t\t\t\t\t\t\t\t\t\t\t\t<div id=\"faq-18352\" class=\"yith-faqs-item icon-right\">\n\t\t\t\t\t\t\t<div class=\"yith-faqs-title\">\n\t\t\t\t\t\t\t\t\t\t\t\t\t\t\t\t\t<div class=\"icon yfwp-chevron-down\"><\/div>\n\t\t\t\t\t\t\t\t\t\t\t\t\t\t\t\t<b>Le bevande Frutilu sono adatte ai bambini?<\/b>\n\t\t\t\t\t\t\t<\/div>\n\t\t\t\t\t\t\t<div class=\"yith-faqs-content-wrapper\">\n\t\t\t\t\t\t\t\t<div class=\"yith-faqs-content\">\n\t\t\t\t\t\t\t\t\t<p>Le bevande Frutilu non contengono sostanze nocive, quindi sono adatte ai bambini, ma in quantit\u00e0 moderate.<\/p>\n\t\t\t\t\t\t\t\t<\/div>\n\t\t\t\t\t\t\t\t\t\t\t\t\t\t\t\t\t<div class=\"yith-faqs-link\">\n\t\t\t\t\t\t\t\t\t\t<a class=\"yith-faqs-copy\" href=\"#\" data-faq=\"https:\/\/frutilu.com\/it\/domande-e-risposte\/#faq-18352\">\n\t\t\t\t\t\t\t\t\t\t\t<span class=\"hover-text\">Copia link<\/span>\n\t\t\t\t\t\t\t\t\t\t\t<span class=\"success-text\">Copiato!<\/span>\n\t\t\t\t\t\t\t\t\t\t<\/a>\n\t\t\t\t\t\t\t\t\t<\/div>\n\t\t\t\t\t\t\t\t\t\t\t\t\t\t\t<\/div>\n\t\t\t\t\t\t<\/div>\n\n\t\t\t\t\t\n\t\t\t\t\t\t\t\t\t\t\t\t<div id=\"faq-18324\" class=\"yith-faqs-item icon-right\">\n\t\t\t\t\t\t\t<div class=\"yith-faqs-title\">\n\t\t\t\t\t\t\t\t\t\t\t\t\t\t\t\t\t<div class=\"icon yfwp-chevron-down\"><\/div>\n\t\t\t\t\t\t\t\t\t\t\t\t\t\t\t\t<b>Le bevande Frutilu sono adatte alle donne in gravidanza e allattamento?<\/b>\n\t\t\t\t\t\t\t<\/div>\n\t\t\t\t\t\t\t<div class=\"yith-faqs-content-wrapper\">\n\t\t\t\t\t\t\t\t<div class=\"yith-faqs-content\">\n\t\t\t\t\t\t\t\t\t<p>Le bevande Frutilu hanno ottenuto il certificato di sicurezza alimentare, quindi sono adatte alle donne in gravidanza e allattamento. Tuttavia, si consiglia di consultare il medico prima del consumo.<\/p>\n\t\t\t\t\t\t\t\t<\/div>\n\t\t\t\t\t\t\t\t\t\t\t\t\t\t\t\t\t<div class=\"yith-faqs-link\">\n\t\t\t\t\t\t\t\t\t\t<a class=\"yith-faqs-copy\" href=\"#\" data-faq=\"https:\/\/frutilu.com\/it\/domande-e-risposte\/#faq-18324\">\n\t\t\t\t\t\t\t\t\t\t\t<span class=\"hover-text\">Copia link<\/span>\n\t\t\t\t\t\t\t\t\t\t\t<span class=\"success-text\">Copiato!<\/span>\n\t\t\t\t\t\t\t\t\t\t<\/a>\n\t\t\t\t\t\t\t\t\t<\/div>\n\t\t\t\t\t\t\t\t\t\t\t\t\t\t\t<\/div>\n\t\t\t\t\t\t<\/div>\n\n\t\t\t\t\t\n\t\t\t\t\t\t\t\t\t\t\t\t<div id=\"faq-18314\" class=\"yith-faqs-item icon-right\">\n\t\t\t\t\t\t\t<div class=\"yith-faqs-title\">\n\t\t\t\t\t\t\t\t\t\t\t\t\t\t\t\t\t<div class=\"icon yfwp-chevron-down\"><\/div>\n\t\t\t\t\t\t\t\t\t\t\t\t\t\t\t\t<b>Le bevande Frutilu sono adatte ai diabetici?<\/b>\n\t\t\t\t\t\t\t<\/div>\n\t\t\t\t\t\t\t<div class=\"yith-faqs-content-wrapper\">\n\t\t\t\t\t\t\t\t<div class=\"yith-faqs-content\">\n\t\t\t\t\t\t\t\t\t<p>Le bevande Frutilu non contengono zuccheri aggiunti, quindi sono adatte ai diabetici. Tuttavia, consigliamo di consultare il medico prima di consumarle.<\/p>\n\t\t\t\t\t\t\t\t<\/div>\n\t\t\t\t\t\t\t\t\t\t\t\t\t\t\t\t\t<div class=\"yith-faqs-link\">\n\t\t\t\t\t\t\t\t\t\t<a class=\"yith-faqs-copy\" href=\"#\" data-faq=\"https:\/\/frutilu.com\/it\/domande-e-risposte\/#faq-18314\">\n\t\t\t\t\t\t\t\t\t\t\t<span class=\"hover-text\">Copia link<\/span>\n\t\t\t\t\t\t\t\t\t\t\t<span class=\"success-text\">Copiato!<\/span>\n\t\t\t\t\t\t\t\t\t\t<\/a>\n\t\t\t\t\t\t\t\t\t<\/div>\n\t\t\t\t\t\t\t\t\t\t\t\t\t\t\t<\/div>\n\t\t\t\t\t\t<\/div>\n\n\t\t\t\t\t\n\t\t\t\t\t\t\t\t\t\t\t\t<div id=\"faq-7774\" class=\"yith-faqs-item icon-right\">\n\t\t\t\t\t\t\t<div class=\"yith-faqs-title\">\n\t\t\t\t\t\t\t\t\t\t\t\t\t\t\t\t\t<div class=\"icon yfwp-chevron-down\"><\/div>\n\t\t\t\t\t\t\t\t\t\t\t\t\t\t\t\t<b>Le bevande Frutilu sono adatte per la perdita di peso?<\/b>\n\t\t\t\t\t\t\t<\/div>\n\t\t\t\t\t\t\t<div class=\"yith-faqs-content-wrapper\">\n\t\t\t\t\t\t\t\t<div class=\"yith-faqs-content\">\n\t\t\t\t\t\t\t\t\t<p>I drink Frutilu sono una scelta eccellente per ravvivare le diete dimagranti, poich\u00e9 non contengono zucchero e possono aiutare a ridurre l&#8217;appetito per il dolce. Possono essere utilizzati anche come sostituto dello zucchero e per aggiungere sapore nella preparazione di piatti dolci senza zucchero o mocktail senza alcolici.<\/p>\n\t\t\t\t\t\t\t\t<\/div>\n\t\t\t\t\t\t\t\t\t\t\t\t\t\t\t\t\t<div class=\"yith-faqs-link\">\n\t\t\t\t\t\t\t\t\t\t<a class=\"yith-faqs-copy\" href=\"#\" data-faq=\"https:\/\/frutilu.com\/it\/domande-e-risposte\/#faq-7774\">\n\t\t\t\t\t\t\t\t\t\t\t<span class=\"hover-text\">Copia link<\/span>\n\t\t\t\t\t\t\t\t\t\t\t<span class=\"success-text\">Copiato!<\/span>\n\t\t\t\t\t\t\t\t\t\t<\/a>\n\t\t\t\t\t\t\t\t\t<\/div>\n\t\t\t\t\t\t\t\t\t\t\t\t\t\t\t<\/div>\n\t\t\t\t\t\t<\/div>\n\n\t\t\t\t\t\n\t\t\t\t\t\t\t\t\t\t\t\t<div id=\"faq-7775\" class=\"yith-faqs-item icon-right\">\n\t\t\t\t\t\t\t<div class=\"yith-faqs-title\">\n\t\t\t\t\t\t\t\t\t\t\t\t\t\t\t\t\t<div class=\"icon yfwp-chevron-down\"><\/div>\n\t\t\t\t\t\t\t\t\t\t\t\t\t\t\t\t<b>Quali ingredienti contengono le bevande Frutilu?<\/b>\n\t\t\t\t\t\t\t<\/div>\n\t\t\t\t\t\t\t<div class=\"yith-faqs-content-wrapper\">\n\t\t\t\t\t\t\t\t<div class=\"yith-faqs-content\">\n\t\t\t\t\t\t\t\t\t<p>Tutti gli ingredienti e i valori nutrizionali sono indicati sotto ogni singolo gusto nella scheda dei valori nutrizionali.<\/p>\n\t\t\t\t\t\t\t\t<\/div>\n\t\t\t\t\t\t\t\t\t\t\t\t\t\t\t\t\t<div class=\"yith-faqs-link\">\n\t\t\t\t\t\t\t\t\t\t<a class=\"yith-faqs-copy\" href=\"#\" data-faq=\"https:\/\/frutilu.com\/it\/domande-e-risposte\/#faq-7775\">\n\t\t\t\t\t\t\t\t\t\t\t<span class=\"hover-text\">Copia link<\/span>\n\t\t\t\t\t\t\t\t\t\t\t<span class=\"success-text\">Copiato!<\/span>\n\t\t\t\t\t\t\t\t\t\t<\/a>\n\t\t\t\t\t\t\t\t\t<\/div>\n\t\t\t\t\t\t\t\t\t\t\t\t\t\t\t<\/div>\n\t\t\t\t\t\t<\/div>\n\n\t\t\t\t\t\n\t\t\t\t\t\t\t\t\t\t\t\t<div id=\"faq-7773\" class=\"yith-faqs-item icon-right\">\n\t\t\t\t\t\t\t<div class=\"yith-faqs-title\">\n\t\t\t\t\t\t\t\t\t\t\t\t\t\t\t\t\t<div class=\"icon yfwp-chevron-down\"><\/div>\n\t\t\t\t\t\t\t\t\t\t\t\t\t\t\t\t<b>Quanta bevanda posso preparare con una bustina da 10 g?<\/b>\n\t\t\t\t\t\t\t<\/div>\n\t\t\t\t\t\t\t<div class=\"yith-faqs-content-wrapper\">\n\t\t\t\t\t\t\t\t<div class=\"yith-faqs-content\">\n\t\t\t\t\t\t\t\t\t<p>Con una bustina da 10 g, puoi preparare da un minimo di 1,5 L di bevanda fino a 3 L, a seconda del tuo gusto.<\/p>\n\t\t\t\t\t\t\t\t<\/div>\n\t\t\t\t\t\t\t\t\t\t\t\t\t\t\t\t\t<div class=\"yith-faqs-link\">\n\t\t\t\t\t\t\t\t\t\t<a class=\"yith-faqs-copy\" href=\"#\" data-faq=\"https:\/\/frutilu.com\/it\/domande-e-risposte\/#faq-7773\">\n\t\t\t\t\t\t\t\t\t\t\t<span class=\"hover-text\">Copia link<\/span>\n\t\t\t\t\t\t\t\t\t\t\t<span class=\"success-text\">Copiato!<\/span>\n\t\t\t\t\t\t\t\t\t\t<\/a>\n\t\t\t\t\t\t\t\t\t<\/div>\n\t\t\t\t\t\t\t\t\t\t\t\t\t\t\t<\/div>\n\t\t\t\t\t\t<\/div>\n\n\t\t\t\t\t\n\t\t\t\t\t\t\t\t\t\t\t\t<div id=\"faq-7767\" class=\"yith-faqs-item icon-right\">\n\t\t\t\t\t\t\t<div class=\"yith-faqs-title\">\n\t\t\t\t\t\t\t\t\t\t\t\t\t\t\t\t\t<div class=\"icon yfwp-chevron-down\"><\/div>\n\t\t\t\t\t\t\t\t\t\t\t\t\t\t\t\t<b>A quale indirizzo posso restituire i prodotti?<\/b>\n\t\t\t\t\t\t\t<\/div>\n\t\t\t\t\t\t\t<div class=\"yith-faqs-content-wrapper\">\n\t\t\t\t\t\t\t\t<div class=\"yith-faqs-content\">\n\t\t\t\t\t\t\t\t\t<p>I prodotti possono essere restituiti al seguente indirizzo: Frutilu d.o.o., \u017dlebe 78, 1215 Medvode, Slovenia.<\/p>\n\t\t\t\t\t\t\t\t<\/div>\n\t\t\t\t\t\t\t\t\t\t\t\t\t\t\t\t\t<div class=\"yith-faqs-link\">\n\t\t\t\t\t\t\t\t\t\t<a class=\"yith-faqs-copy\" href=\"#\" data-faq=\"https:\/\/frutilu.com\/it\/domande-e-risposte\/#faq-7767\">\n\t\t\t\t\t\t\t\t\t\t\t<span class=\"hover-text\">Copia link<\/span>\n\t\t\t\t\t\t\t\t\t\t\t<span class=\"success-text\">Copiato!<\/span>\n\t\t\t\t\t\t\t\t\t\t<\/a>\n\t\t\t\t\t\t\t\t\t<\/div>\n\t\t\t\t\t\t\t\t\t\t\t\t\t\t\t<\/div>\n\t\t\t\t\t\t<\/div>\n\n\t\t\t\t\t\n\t\t\t\t\t\t\t\t\t\t\t\t<div id=\"faq-7768\" class=\"yith-faqs-item icon-right\">\n\t\t\t\t\t\t\t<div class=\"yith-faqs-title\">\n\t\t\t\t\t\t\t\t\t\t\t\t\t\t\t\t\t<div class=\"icon yfwp-chevron-down\"><\/div>\n\t\t\t\t\t\t\t\t\t\t\t\t\t\t\t\t<b>Qual \u00e8 la politica di restituzione?<\/b>\n\t\t\t\t\t\t\t<\/div>\n\t\t\t\t\t\t\t<div class=\"yith-faqs-content-wrapper\">\n\t\t\t\t\t\t\t\t<div class=\"yith-faqs-content\">\n\t\t\t\t\t\t\t\t\t<p>Cliente pu\u00f2 comunicare a <strong>FRUTILU<\/strong> la sua intenzione di restituire i prodotti entro<strong> 14 giorni<\/strong> dal ricevimento della merce. Le spese di restituzione (spedizione) sono a carico del cliente. Il cliente deve restituire i prodotti entro e non oltre 14 giorni dalla comunicazione della sua intenzione di restituirli.<\/p>\n<p>Il cliente deve restituire la merce non danneggiata, nell&#8217;imballaggio originale e nella quantit\u00e0 non modificata.<\/p>\n<p><strong>La rescissione del contratto non \u00e8 possibile nei seguenti casi:<\/strong><\/p>\n<ul>\n<li>Se la merce \u00e8 danneggiata, sporca o presenta segni visibili di utilizzo (danni fisici all&#8217;imballaggio, contatto con liquidi),<\/li>\n<li>Se l&#8217;imballaggio \u00e8 stato aperto, strappato o il contenuto \u00e8 stato parzialmente utilizzato,<\/li>\n<li>Se la merce \u00e8 stata lavata,<\/li>\n<li>Se la merce \u00e8 coperta di peli o capelli,<\/li>\n<li>Se la merce non \u00e8 completa (ad esempio, se mancano componenti che formano l&#8217;intero prodotto).<\/li>\n<\/ul>\n<p>Avvertenza: Per motivi igienici, non \u00e8 possibile restituire bottiglie di plastica e di vetro.<\/p>\n\t\t\t\t\t\t\t\t<\/div>\n\t\t\t\t\t\t\t\t\t\t\t\t\t\t\t\t\t<div class=\"yith-faqs-link\">\n\t\t\t\t\t\t\t\t\t\t<a class=\"yith-faqs-copy\" href=\"#\" data-faq=\"https:\/\/frutilu.com\/it\/domande-e-risposte\/#faq-7768\">\n\t\t\t\t\t\t\t\t\t\t\t<span class=\"hover-text\">Copia link<\/span>\n\t\t\t\t\t\t\t\t\t\t\t<span class=\"success-text\">Copiato!<\/span>\n\t\t\t\t\t\t\t\t\t\t<\/a>\n\t\t\t\t\t\t\t\t\t<\/div>\n\t\t\t\t\t\t\t\t\t\t\t\t\t\t\t<\/div>\n\t\t\t\t\t\t<\/div>\n\n\t\t\t\t\t\n\t\t\t\t\t\t\t\t\t\t\t\t<div id=\"faq-7769\" class=\"yith-faqs-item icon-right\">\n\t\t\t\t\t\t\t<div class=\"yith-faqs-title\">\n\t\t\t\t\t\t\t\t\t\t\t\t\t\t\t\t\t<div class=\"icon yfwp-chevron-down\"><\/div>\n\t\t\t\t\t\t\t\t\t\t\t\t\t\t\t\t<b>Spedite pacchi in tutto il mondo?<\/b>\n\t\t\t\t\t\t\t<\/div>\n\t\t\t\t\t\t\t<div class=\"yith-faqs-content-wrapper\">\n\t\t\t\t\t\t\t\t<div class=\"yith-faqs-content\">\n\t\t\t\t\t\t\t\t\t<p>S\u00ec, Frutilu spedisce pacchi in tutto il mondo. Le spese di spedizione dipendono dal paese di destinazione.<\/p>\n\t\t\t\t\t\t\t\t<\/div>\n\t\t\t\t\t\t\t\t\t\t\t\t\t\t\t\t\t<div class=\"yith-faqs-link\">\n\t\t\t\t\t\t\t\t\t\t<a class=\"yith-faqs-copy\" href=\"#\" data-faq=\"https:\/\/frutilu.com\/it\/domande-e-risposte\/#faq-7769\">\n\t\t\t\t\t\t\t\t\t\t\t<span class=\"hover-text\">Copia link<\/span>\n\t\t\t\t\t\t\t\t\t\t\t<span class=\"success-text\">Copiato!<\/span>\n\t\t\t\t\t\t\t\t\t\t<\/a>\n\t\t\t\t\t\t\t\t\t<\/div>\n\t\t\t\t\t\t\t\t\t\t\t\t\t\t\t<\/div>\n\t\t\t\t\t\t<\/div>\n\n\t\t\t\t\t\n\t\t\t\t\t\t\t\t\t\t\t\t<div id=\"faq-7771\" class=\"yith-faqs-item icon-right\">\n\t\t\t\t\t\t\t<div class=\"yith-faqs-title\">\n\t\t\t\t\t\t\t\t\t\t\t\t\t\t\t\t\t<div class=\"icon yfwp-chevron-down\"><\/div>\n\t\t\t\t\t\t\t\t\t\t\t\t\t\t\t\t<b>Ricevo la spedizione gratuita?<\/b>\n\t\t\t\t\t\t\t<\/div>\n\t\t\t\t\t\t\t<div class=\"yith-faqs-content-wrapper\">\n\t\t\t\t\t\t\t\t<div class=\"yith-faqs-content\">\n\t\t\t\t\t\t\t\t\t<p>Per ordini del valore di 30,00\u20ac o pi\u00f9, la spedizione \u00e8 gratuita, ma solo per la consegna nel territorio della Slovenia.<\/p>\n\t\t\t\t\t\t\t\t<\/div>\n\t\t\t\t\t\t\t\t\t\t\t\t\t\t\t\t\t<div class=\"yith-faqs-link\">\n\t\t\t\t\t\t\t\t\t\t<a class=\"yith-faqs-copy\" href=\"#\" data-faq=\"https:\/\/frutilu.com\/it\/domande-e-risposte\/#faq-7771\">\n\t\t\t\t\t\t\t\t\t\t\t<span class=\"hover-text\">Copia link<\/span>\n\t\t\t\t\t\t\t\t\t\t\t<span class=\"success-text\">Copiato!<\/span>\n\t\t\t\t\t\t\t\t\t\t<\/a>\n\t\t\t\t\t\t\t\t\t<\/div>\n\t\t\t\t\t\t\t\t\t\t\t\t\t\t\t<\/div>\n\t\t\t\t\t\t<\/div>\n\n\t\t\t\t\t\n\t\t\t\t\t\t\t\t\t\t\t\t<div id=\"faq-7772\" class=\"yith-faqs-item icon-right\">\n\t\t\t\t\t\t\t<div class=\"yith-faqs-title\">\n\t\t\t\t\t\t\t\t\t\t\t\t\t\t\t\t\t<div class=\"icon yfwp-chevron-down\"><\/div>\n\t\t\t\t\t\t\t\t\t\t\t\t\t\t\t\t<b>Qual \u00e8 il valore minimo dell&#8217;ordine?<\/b>\n\t\t\t\t\t\t\t<\/div>\n\t\t\t\t\t\t\t<div class=\"yith-faqs-content-wrapper\">\n\t\t\t\t\t\t\t\t<div class=\"yith-faqs-content\">\n\t\t\t\t\t\t\t\t\t<p>Il valore minimo del carrello \u00e8 di 10,00\u20ac.<\/p>\n\t\t\t\t\t\t\t\t<\/div>\n\t\t\t\t\t\t\t\t\t\t\t\t\t\t\t\t\t<div class=\"yith-faqs-link\">\n\t\t\t\t\t\t\t\t\t\t<a class=\"yith-faqs-copy\" href=\"#\" data-faq=\"https:\/\/frutilu.com\/it\/domande-e-risposte\/#faq-7772\">\n\t\t\t\t\t\t\t\t\t\t\t<span class=\"hover-text\">Copia link<\/span>\n\t\t\t\t\t\t\t\t\t\t\t<span class=\"success-text\">Copiato!<\/span>\n\t\t\t\t\t\t\t\t\t\t<\/a>\n\t\t\t\t\t\t\t\t\t<\/div>\n\t\t\t\t\t\t\t\t\t\t\t\t\t\t\t<\/div>\n\t\t\t\t\t\t<\/div>\n\n\t\t\t\t\t\n\t\t\t\t<\/div>\n\t\t\t\t\t\t\t<\/div>\n\t\t\t<\/div>\n\t\t\t\t\t\t<\/div>\n\t\t\t\t<\/div>\n\t\t\t\t\t<\/div>\n\t\t\t\t<\/div>\n\t\t\t\t<\/div>\n\t\t","protected":false},"excerpt":{"rendered":"","protected":false},"author":1,"featured_media":0,"parent":0,"menu_order":0,"comment_status":"closed","ping_status":"closed","template":"","meta":{"footnotes":""},"class_list":["post-6194","page","type-page","status-publish","hentry"],"yoast_head":"<!-- This site is optimized with the Yoast SEO plugin v27.3 - https:\/\/yoast.com\/product\/yoast-seo-wordpress\/ -->\n<title>Domande e risposte - Frutilu.com<\/title>\n<meta name=\"robots\" content=\"index, follow, max-snippet:-1, max-image-preview:large, max-video-preview:-1\" \/>\n<link rel=\"canonical\" href=\"https:\/\/frutilu.com\/it\/domande-e-risposte\/\" \/>\n<meta property=\"og:locale\" content=\"it_IT\" \/>\n<meta property=\"og:type\" content=\"article\" \/>\n<meta property=\"og:title\" content=\"Domande e risposte - Frutilu.com\" \/>\n<meta property=\"og:url\" content=\"https:\/\/frutilu.com\/it\/domande-e-risposte\/\" \/>\n<meta property=\"og:site_name\" content=\"Frutilu.com\" \/>\n<meta property=\"article:publisher\" content=\"https:\/\/www.facebook.com\/people\/Frutilu-drinks\/61558194795721\/\" \/>\n<meta property=\"article:modified_time\" content=\"2025-09-04T12:45:31+00:00\" \/>\n<meta property=\"og:image\" content=\"https:\/\/frutilu.com\/wp-content\/uploads\/2024\/06\/main_frutilu_picture.png\" \/>\n\t<meta property=\"og:image:width\" content=\"1080\" \/>\n\t<meta property=\"og:image:height\" content=\"1080\" \/>\n\t<meta property=\"og:image:type\" content=\"image\/png\" \/>\n<meta name=\"twitter:card\" content=\"summary_large_image\" \/>\n<script type=\"application\/ld+json\" class=\"yoast-schema-graph\">{\"@context\":\"https:\\\/\\\/schema.org\",\"@graph\":[{\"@type\":\"WebPage\",\"@id\":\"https:\\\/\\\/frutilu.com\\\/it\\\/domande-e-risposte\\\/\",\"url\":\"https:\\\/\\\/frutilu.com\\\/it\\\/domande-e-risposte\\\/\",\"name\":\"Domande e risposte - Frutilu.com\",\"isPartOf\":{\"@id\":\"https:\\\/\\\/frutilu.com\\\/it\\\/#website\"},\"datePublished\":\"2024-05-26T21:18:23+00:00\",\"dateModified\":\"2025-09-04T12:45:31+00:00\",\"inLanguage\":\"it-IT\",\"potentialAction\":[{\"@type\":\"ReadAction\",\"target\":[\"https:\\\/\\\/frutilu.com\\\/it\\\/domande-e-risposte\\\/\"]}]},{\"@type\":\"WebSite\",\"@id\":\"https:\\\/\\\/frutilu.com\\\/it\\\/#website\",\"url\":\"https:\\\/\\\/frutilu.com\\\/it\\\/\",\"name\":\"Frutilu.com\",\"description\":\"Stay hydrated!\",\"publisher\":{\"@id\":\"https:\\\/\\\/frutilu.com\\\/it\\\/#organization\"},\"potentialAction\":[{\"@type\":\"SearchAction\",\"target\":{\"@type\":\"EntryPoint\",\"urlTemplate\":\"https:\\\/\\\/frutilu.com\\\/it\\\/?s={search_term_string}\"},\"query-input\":{\"@type\":\"PropertyValueSpecification\",\"valueRequired\":true,\"valueName\":\"search_term_string\"}}],\"inLanguage\":\"it-IT\"},{\"@type\":\"Organization\",\"@id\":\"https:\\\/\\\/frutilu.com\\\/it\\\/#organization\",\"name\":\"Frutilu.com\",\"url\":\"https:\\\/\\\/frutilu.com\\\/it\\\/\",\"logo\":{\"@type\":\"ImageObject\",\"inLanguage\":\"it-IT\",\"@id\":\"https:\\\/\\\/frutilu.com\\\/it\\\/#\\\/schema\\\/logo\\\/image\\\/\",\"url\":\"https:\\\/\\\/frutilu.com\\\/wp-content\\\/uploads\\\/2024\\\/04\\\/frutilu-logo-BLK-02.png\",\"contentUrl\":\"https:\\\/\\\/frutilu.com\\\/wp-content\\\/uploads\\\/2024\\\/04\\\/frutilu-logo-BLK-02.png\",\"width\":1714,\"height\":571,\"caption\":\"Frutilu.com\"},\"image\":{\"@id\":\"https:\\\/\\\/frutilu.com\\\/it\\\/#\\\/schema\\\/logo\\\/image\\\/\"},\"sameAs\":[\"https:\\\/\\\/www.facebook.com\\\/people\\\/Frutilu-drinks\\\/61558194795721\\\/\",\"https:\\\/\\\/www.instagram.com\\\/frutilu_italia\",\"https:\\\/\\\/www.youtube.com\\\/@FrutiluDrinks\"]}]}<\/script>\n<!-- \/ Yoast SEO plugin. -->","yoast_head_json":{"title":"Domande e risposte - Frutilu.com","robots":{"index":"index","follow":"follow","max-snippet":"max-snippet:-1","max-image-preview":"max-image-preview:large","max-video-preview":"max-video-preview:-1"},"canonical":"https:\/\/frutilu.com\/it\/domande-e-risposte\/","og_locale":"it_IT","og_type":"article","og_title":"Domande e risposte - Frutilu.com","og_url":"https:\/\/frutilu.com\/it\/domande-e-risposte\/","og_site_name":"Frutilu.com","article_publisher":"https:\/\/www.facebook.com\/people\/Frutilu-drinks\/61558194795721\/","article_modified_time":"2025-09-04T12:45:31+00:00","og_image":[{"width":1080,"height":1080,"url":"https:\/\/frutilu.com\/wp-content\/uploads\/2024\/06\/main_frutilu_picture.png","type":"image\/png"}],"twitter_card":"summary_large_image","schema":{"@context":"https:\/\/schema.org","@graph":[{"@type":"WebPage","@id":"https:\/\/frutilu.com\/it\/domande-e-risposte\/","url":"https:\/\/frutilu.com\/it\/domande-e-risposte\/","name":"Domande e risposte - Frutilu.com","isPartOf":{"@id":"https:\/\/frutilu.com\/it\/#website"},"datePublished":"2024-05-26T21:18:23+00:00","dateModified":"2025-09-04T12:45:31+00:00","inLanguage":"it-IT","potentialAction":[{"@type":"ReadAction","target":["https:\/\/frutilu.com\/it\/domande-e-risposte\/"]}]},{"@type":"WebSite","@id":"https:\/\/frutilu.com\/it\/#website","url":"https:\/\/frutilu.com\/it\/","name":"Frutilu.com","description":"Stay hydrated!","publisher":{"@id":"https:\/\/frutilu.com\/it\/#organization"},"potentialAction":[{"@type":"SearchAction","target":{"@type":"EntryPoint","urlTemplate":"https:\/\/frutilu.com\/it\/?s={search_term_string}"},"query-input":{"@type":"PropertyValueSpecification","valueRequired":true,"valueName":"search_term_string"}}],"inLanguage":"it-IT"},{"@type":"Organization","@id":"https:\/\/frutilu.com\/it\/#organization","name":"Frutilu.com","url":"https:\/\/frutilu.com\/it\/","logo":{"@type":"ImageObject","inLanguage":"it-IT","@id":"https:\/\/frutilu.com\/it\/#\/schema\/logo\/image\/","url":"https:\/\/frutilu.com\/wp-content\/uploads\/2024\/04\/frutilu-logo-BLK-02.png","contentUrl":"https:\/\/frutilu.com\/wp-content\/uploads\/2024\/04\/frutilu-logo-BLK-02.png","width":1714,"height":571,"caption":"Frutilu.com"},"image":{"@id":"https:\/\/frutilu.com\/it\/#\/schema\/logo\/image\/"},"sameAs":["https:\/\/www.facebook.com\/people\/Frutilu-drinks\/61558194795721\/","https:\/\/www.instagram.com\/frutilu_italia","https:\/\/www.youtube.com\/@FrutiluDrinks"]}]}},"_links":{"self":[{"href":"https:\/\/frutilu.com\/it\/wp-json\/wp\/v2\/pages\/6194","targetHints":{"allow":["GET"]}}],"collection":[{"href":"https:\/\/frutilu.com\/it\/wp-json\/wp\/v2\/pages"}],"about":[{"href":"https:\/\/frutilu.com\/it\/wp-json\/wp\/v2\/types\/page"}],"author":[{"embeddable":true,"href":"https:\/\/frutilu.com\/it\/wp-json\/wp\/v2\/users\/1"}],"replies":[{"embeddable":true,"href":"https:\/\/frutilu.com\/it\/wp-json\/wp\/v2\/comments?post=6194"}],"version-history":[{"count":0,"href":"https:\/\/frutilu.com\/it\/wp-json\/wp\/v2\/pages\/6194\/revisions"}],"wp:attachment":[{"href":"https:\/\/frutilu.com\/it\/wp-json\/wp\/v2\/media?parent=6194"}],"curies":[{"name":"wp","href":"https:\/\/api.w.org\/{rel}","templated":true}]}}