{"id":8024,"date":"2024-06-27T01:26:16","date_gmt":"2024-06-26T23:26:16","guid":{"rendered":"https:\/\/frutilu.com\/odjava-enovice\/"},"modified":"2024-10-03T13:28:00","modified_gmt":"2024-10-03T11:28:00","slug":"state-gia-andando-via","status":"publish","type":"page","link":"https:\/\/frutilu.com\/it\/state-gia-andando-via\/","title":{"rendered":"State gi\u00e0 andando via?"},"content":{"rendered":"\t\t<div data-elementor-type=\"wp-page\" data-elementor-id=\"8024\" class=\"elementor elementor-8024 elementor-7688\">\n\t\t\t\t<div class=\"elementor-element elementor-element-03b9a98 e-con-full e-flex e-con e-parent\" data-id=\"03b9a98\" data-element_type=\"container\" data-e-type=\"container\">\n\t\t\t\t<div class=\"elementor-element elementor-element-debe21b elementor-widget elementor-widget-grogin-page-banner\" data-id=\"debe21b\" data-element_type=\"widget\" data-e-type=\"widget\" data-widget_type=\"grogin-page-banner.default\">\n\t\t\t\t<div class=\"elementor-widget-container\">\n\t\t\t\t\t<div class=\"page-header text-center\"><div class=\"container\"><h3 class=\"entry-subtitle text-12 sm-text-13\">Annulla l&#039;iscrizione alla newsletter<\/h3><h1 class=\"entry-title sm-text-56\">Addio e ci dispiace che stiate partendo!<\/h1><div class=\"max-w-520 mx-auto text-13 sm-text-15\"><p class=\"mb-0\">Attraverso il modulo a sinistra, potreste dirci cosa vi ha infastidito?<\/p><\/div><!-- entry-teaser --><\/div><!-- container --><\/div>\t\t\t\t<\/div>\n\t\t\t\t<\/div>\n\t\t\t\t<\/div>\n\t\t<div class=\"elementor-element elementor-element-fe373e1 e-flex e-con-boxed e-con e-parent\" data-id=\"fe373e1\" data-element_type=\"container\" data-e-type=\"container\">\n\t\t\t\t\t<div class=\"e-con-inner\">\n\t\t<div class=\"elementor-element elementor-element-43f3513 e-con-full e-flex e-con e-child\" data-id=\"43f3513\" data-element_type=\"container\" data-e-type=\"container\">\n\t\t\t\t<\/div>\n\t\t<div class=\"elementor-element elementor-element-2f5d3d2 e-con-full e-flex e-con e-child\" data-id=\"2f5d3d2\" data-element_type=\"container\" data-e-type=\"container\">\n\t\t\t\t<div class=\"elementor-element elementor-element-8ac34e5 elementor-widget elementor-widget-grogin-contact-form-7\" data-id=\"8ac34e5\" data-element_type=\"widget\" data-e-type=\"widget\" data-widget_type=\"grogin-contact-form-7.default\">\n\t\t\t\t<div class=\"elementor-widget-container\">\n\t\t\t\t\t<div class=\"klb-contact-form contact-form-wrapper\">\n<div class=\"wpcf7 no-js\" id=\"wpcf7-f6758-o1\" lang=\"it-IT\" dir=\"ltr\" data-wpcf7-id=\"6758\">\n<div class=\"screen-reader-response\"><p role=\"status\" aria-live=\"polite\" aria-atomic=\"true\"><\/p> <ul><\/ul><\/div>\n<form action=\"\/it\/wp-json\/wp\/v2\/pages\/8024#wpcf7-f6758-o1\" method=\"post\" class=\"wpcf7-form init\" aria-label=\"Modulo di contatto\" novalidate=\"novalidate\" data-status=\"init\">\n<fieldset class=\"hidden-fields-container\"><input type=\"hidden\" name=\"_wpcf7\" value=\"6758\" \/><input type=\"hidden\" name=\"_wpcf7_version\" value=\"6.1.5\" \/><input type=\"hidden\" name=\"_wpcf7_locale\" value=\"it_IT\" \/><input type=\"hidden\" name=\"_wpcf7_unit_tag\" value=\"wpcf7-f6758-o1\" \/><input type=\"hidden\" name=\"_wpcf7_container_post\" value=\"0\" \/><input type=\"hidden\" name=\"_wpcf7_posted_data_hash\" value=\"\" \/>\n<\/fieldset>\n<p><label> Il tuo nome<br \/>\n<span class=\"wpcf7-form-control-wrap\" data-name=\"your-name\"><input size=\"40\" maxlength=\"400\" class=\"wpcf7-form-control wpcf7-text wpcf7-validates-as-required\" autocomplete=\"name\" aria-required=\"true\" aria-invalid=\"false\" value=\"\" type=\"text\" name=\"your-name\" \/><\/span> <\/label>\n<\/p>\n<p><label> La tua email<br \/>\n<span class=\"wpcf7-form-control-wrap\" data-name=\"your-email\"><input size=\"40\" maxlength=\"400\" class=\"wpcf7-form-control wpcf7-email wpcf7-validates-as-required wpcf7-text wpcf7-validates-as-email\" autocomplete=\"email\" aria-required=\"true\" aria-invalid=\"false\" value=\"\" type=\"email\" name=\"your-email\" \/><\/span> <\/label>\n<\/p>\n<p><label> Il tuo cellulare (opzionale)<br \/>\n<span class=\"wpcf7-form-control-wrap\" data-name=\"tel-920\"><input size=\"40\" maxlength=\"400\" class=\"wpcf7-form-control wpcf7-tel wpcf7-text wpcf7-validates-as-tel\" autocomplete=\"tel\" aria-invalid=\"false\" value=\"\" type=\"tel\" name=\"tel-920\" \/><\/span> <\/label>\n<\/p>\n<p><label> Oggetto<br \/>\n<span class=\"wpcf7-form-control-wrap\" data-name=\"your-subject\"><input size=\"40\" maxlength=\"400\" class=\"wpcf7-form-control wpcf7-text wpcf7-validates-as-required\" aria-required=\"true\" aria-invalid=\"false\" value=\"\" type=\"text\" name=\"your-subject\" \/><\/span> <\/label>\n<\/p>\n<p><label> Il tuo messaggio<br \/>\n<span class=\"wpcf7-form-control-wrap\" data-name=\"your-message\"><textarea cols=\"40\" rows=\"10\" maxlength=\"2000\" class=\"wpcf7-form-control wpcf7-textarea\" aria-invalid=\"false\" name=\"your-message\"><\/textarea><\/span> <\/label>\n<\/p>\n<p><div class=\"cf7-cf-turnstile\" style=\"margin-top: 0px; margin-bottom: -15px;\"> <div id=\"cf-turnstile-cf7-601710245\" class=\"cf-turnstile\" data-sitekey=\"0x4AAAAAAA1W-XNiR1wkWleS\" data-theme=\"light\" data-language=\"auto\" data-size=\"normal\" data-retry=\"auto\" data-retry-interval=\"1000\" data-refresh-expired=\"auto\" data-refresh-timeout=\"auto\" data-action=\"contact-form-7\" data-callback=\"turnstileCF7Callback\" data-appearance=\"always\"><\/div> <script>document.addEventListener(\"DOMContentLoaded\", function() { setTimeout(function(){ var e=document.getElementById(\"cf-turnstile-cf7-601710245\"); if(e&&!e.innerHTML.trim()){turnstile.render(e, {sitekey:\"0x4AAAAAAA1W-XNiR1wkWleS\"});} }, 200); });<\/script> <br class=\"cf-turnstile-br cf-turnstile-br-cf7-601710245\"> <style>#cf-turnstile-cf7-601710245 { margin-left: -15px; }<\/style> <script>document.addEventListener(\"DOMContentLoaded\",function(){document.querySelectorAll('.wpcf7-form').forEach(function(e){e.addEventListener('submit',function(){if(document.getElementById('cf-turnstile-cf7-601710245')){setTimeout(function(){turnstile.reset('#cf-turnstile-cf7-601710245');},1000)}})})});<\/script> <\/div><br\/><input class=\"wpcf7-form-control wpcf7-submit has-spinner\" type=\"submit\" value=\"Invia\" \/>\n<\/p><div class=\"wpcf7-response-output\" aria-hidden=\"true\"><\/div>\n<\/form>\n<\/div>\n<\/div><!-- contact-form -->\t\t\t\t<\/div>\n\t\t\t\t<\/div>\n\t\t\t\t<\/div>\n\t\t<div class=\"elementor-element elementor-element-b168e3b e-con-full e-flex e-con e-child\" data-id=\"b168e3b\" data-element_type=\"container\" data-e-type=\"container\">\n\t\t\t\t<div class=\"elementor-element elementor-element-0ed616c elementor-widget elementor-widget-image\" data-id=\"0ed616c\" data-element_type=\"widget\" data-e-type=\"widget\" data-widget_type=\"image.default\">\n\t\t\t\t<div class=\"elementor-widget-container\">\n\t\t\t\t\t\t\t\t\t\t\t\t\t\t\t<img loading=\"lazy\" decoding=\"async\" width=\"300\" height=\"300\" src=\"https:\/\/frutilu.com\/wp-content\/uploads\/2024\/06\/sad.gif\" class=\"attachment-large size-large wp-image-7692 not-transparent\" alt=\"\" data-has-transparency=\"false\" data-dominant-color=\"f1de9d\" style=\"--dominant-color: #f1de9d\" \/>\t\t\t\t\t\t\t\t\t\t\t\t\t\t\t<\/div>\n\t\t\t\t<\/div>\n\t\t\t\t<\/div>\n\t\t\t\t\t<\/div>\n\t\t\t\t<\/div>\n\t\t<div class=\"elementor-element elementor-element-53fa539f e-flex e-con-boxed e-con e-parent\" data-id=\"53fa539f\" data-element_type=\"container\" data-e-type=\"container\" data-settings=\"{&quot;background_background&quot;:&quot;gradient&quot;}\">\n\t\t\t\t\t<div class=\"e-con-inner\">\n\t\t<div class=\"elementor-element elementor-element-41b3ca19 e-con-full e-flex e-con e-child\" data-id=\"41b3ca19\" data-element_type=\"container\" data-e-type=\"container\">\n\t\t\t\t<div class=\"elementor-element elementor-element-54fe91d9 elementor-widget elementor-widget-grogin-icon-box\" data-id=\"54fe91d9\" data-element_type=\"widget\" data-e-type=\"widget\" data-widget_type=\"grogin-icon-box.default\">\n\t\t\t\t<div class=\"elementor-widget-container\">\n\t\t\t\t\t<div class=\"site-iconbox d-flex align-items-start\"><div class=\"site-iconbox-icon\"><img decoding=\"async\" src=\"https:\/\/frutilu.com\/wp-content\/uploads\/2024\/04\/brezplacna-postnina.png\"><\/div><div class=\"site-iconbox-detail\"><h3 class=\"entry-title text-15 sm-text-16\">Brezpla\u010dna po\u0161tnina<\/h3><p class=\"text-13 text-gray-500 mb-0\">Pri nakupu izdelkov v vrednosti nad 30 EUR vam nudimo brezpla\u010dno po\u0161tnino!<\/p><\/div><\/div>\t\t\t\t<\/div>\n\t\t\t\t<\/div>\n\t\t\t\t<\/div>\n\t\t<div class=\"elementor-element elementor-element-1c155f0 e-con-full e-flex e-con e-child\" data-id=\"1c155f0\" data-element_type=\"container\" data-e-type=\"container\">\n\t\t\t\t<div class=\"elementor-element elementor-element-6df3eb0e elementor-widget elementor-widget-grogin-icon-box\" data-id=\"6df3eb0e\" data-element_type=\"widget\" data-e-type=\"widget\" data-widget_type=\"grogin-icon-box.default\">\n\t\t\t\t<div class=\"elementor-widget-container\">\n\t\t\t\t\t<div class=\"site-iconbox d-flex align-items-start\"><div class=\"site-iconbox-icon\"><img decoding=\"async\" src=\"https:\/\/frutilu.com\/wp-content\/uploads\/2024\/04\/hitra-dostava.png\"><\/div><div class=\"site-iconbox-detail\"><h3 class=\"entry-title text-15 sm-text-16\">Hitra dostava\n<\/h3><p class=\"text-13 text-gray-500 mb-0\">Zagotavljamo vam hitro in zanesljivo dostavo v najkraj\u0161em mo\u017enem \u010dasu.<\/p><\/div><\/div>\t\t\t\t<\/div>\n\t\t\t\t<\/div>\n\t\t\t\t<\/div>\n\t\t<div class=\"elementor-element elementor-element-3492227 e-con-full e-flex e-con e-child\" data-id=\"3492227\" data-element_type=\"container\" data-e-type=\"container\">\n\t\t\t\t<div class=\"elementor-element elementor-element-5ef06ba9 elementor-widget elementor-widget-grogin-icon-box\" data-id=\"5ef06ba9\" data-element_type=\"widget\" data-e-type=\"widget\" data-widget_type=\"grogin-icon-box.default\">\n\t\t\t\t<div class=\"elementor-widget-container\">\n\t\t\t\t\t<div class=\"site-iconbox d-flex align-items-start\"><div class=\"site-iconbox-icon\"><img decoding=\"async\" src=\"https:\/\/frutilu.com\/wp-content\/uploads\/2024\/04\/zagotavljena-kakovost.png\"><\/div><div class=\"site-iconbox-detail\"><h3 class=\"entry-title text-15 sm-text-16\">Preverjena kakovost<\/h3><p class=\"text-13 text-gray-500 mb-0\">Ponosni smo na preverjeno kakovost. Imamo izdelke vrhunskega standarda.<\/p><\/div><\/div>\t\t\t\t<\/div>\n\t\t\t\t<\/div>\n\t\t\t\t<\/div>\n\t\t<div class=\"elementor-element elementor-element-3ecfc9c0 e-con-full e-flex e-con e-child\" data-id=\"3ecfc9c0\" data-element_type=\"container\" data-e-type=\"container\">\n\t\t\t\t<div class=\"elementor-element elementor-element-53fcc802 elementor-widget elementor-widget-grogin-icon-box\" data-id=\"53fcc802\" data-element_type=\"widget\" data-e-type=\"widget\" data-widget_type=\"grogin-icon-box.default\">\n\t\t\t\t<div class=\"elementor-widget-container\">\n\t\t\t\t\t<div class=\"site-iconbox d-flex align-items-start\"><div class=\"site-iconbox-icon\"><img decoding=\"async\" src=\"https:\/\/frutilu.com\/wp-content\/uploads\/2024\/04\/varen-nakup.png\"><\/div><div class=\"site-iconbox-detail\"><h3 class=\"entry-title text-15 sm-text-16\">Varen nakup\n<\/h3><p class=\"text-13 text-gray-500 mb-0\">Pri nas varno nakupujete z najnovej\u0161imi varnostnimi tehnologijami (SSL itd.).<\/p><\/div><\/div>\t\t\t\t<\/div>\n\t\t\t\t<\/div>\n\t\t\t\t<\/div>\n\t\t\t\t\t<\/div>\n\t\t\t\t<\/div>\n\t\t\t\t<\/div>\n\t\t","protected":false},"excerpt":{"rendered":"<p>Annulla l\u2019iscrizione alla newsletter Addio e ci dispiace che stiate partendo! Attraverso il modulo a&#8230;<\/p>\n","protected":false},"author":1,"featured_media":0,"parent":0,"menu_order":0,"comment_status":"closed","ping_status":"closed","template":"","meta":{"footnotes":""},"class_list":["post-8024","page","type-page","status-publish","hentry"],"yoast_head":"<!-- This site is optimized with the Yoast SEO plugin v27.5 - https:\/\/yoast.com\/product\/yoast-seo-wordpress\/ -->\n<title>State gi\u00e0 andando via? - Frutilu.com<\/title>\n<meta name=\"robots\" content=\"index, follow, max-snippet:-1, max-image-preview:large, max-video-preview:-1\" \/>\n<link rel=\"canonical\" href=\"https:\/\/frutilu.com\/it\/state-gia-andando-via\/\" \/>\n<meta property=\"og:locale\" content=\"it_IT\" \/>\n<meta property=\"og:type\" content=\"article\" \/>\n<meta property=\"og:title\" content=\"State gi\u00e0 andando via? - Frutilu.com\" \/>\n<meta property=\"og:description\" content=\"Annulla l\u2019iscrizione alla newsletter Addio e ci dispiace che stiate partendo! Attraverso il modulo a...\" \/>\n<meta property=\"og:url\" content=\"https:\/\/frutilu.com\/it\/state-gia-andando-via\/\" \/>\n<meta property=\"og:site_name\" content=\"Frutilu.com\" \/>\n<meta property=\"article:publisher\" content=\"https:\/\/www.facebook.com\/people\/Frutilu-drinks\/61558194795721\/\" \/>\n<meta property=\"article:modified_time\" content=\"2024-10-03T11:28:00+00:00\" \/>\n<meta property=\"og:image\" content=\"https:\/\/frutilu.com\/wp-content\/uploads\/2024\/06\/sad.gif\" \/>\n<meta name=\"twitter:card\" content=\"summary_large_image\" \/>\n<meta name=\"twitter:label1\" content=\"Tempo di lettura stimato\" \/>\n\t<meta name=\"twitter:data1\" content=\"2 minuti\" \/>\n<script type=\"application\/ld+json\" class=\"yoast-schema-graph\">{\"@context\":\"https:\\\/\\\/schema.org\",\"@graph\":[{\"@type\":\"WebPage\",\"@id\":\"https:\\\/\\\/frutilu.com\\\/it\\\/state-gia-andando-via\\\/\",\"url\":\"https:\\\/\\\/frutilu.com\\\/it\\\/state-gia-andando-via\\\/\",\"name\":\"State gi\u00e0 andando via? - Frutilu.com\",\"isPartOf\":{\"@id\":\"https:\\\/\\\/frutilu.com\\\/it\\\/#website\"},\"primaryImageOfPage\":{\"@id\":\"https:\\\/\\\/frutilu.com\\\/it\\\/state-gia-andando-via\\\/#primaryimage\"},\"image\":{\"@id\":\"https:\\\/\\\/frutilu.com\\\/it\\\/state-gia-andando-via\\\/#primaryimage\"},\"thumbnailUrl\":\"https:\\\/\\\/frutilu.com\\\/wp-content\\\/uploads\\\/2024\\\/06\\\/sad.gif\",\"datePublished\":\"2024-06-26T23:26:16+00:00\",\"dateModified\":\"2024-10-03T11:28:00+00:00\",\"inLanguage\":\"it-IT\",\"potentialAction\":[{\"@type\":\"ReadAction\",\"target\":[\"https:\\\/\\\/frutilu.com\\\/it\\\/state-gia-andando-via\\\/\"]}]},{\"@type\":\"ImageObject\",\"inLanguage\":\"it-IT\",\"@id\":\"https:\\\/\\\/frutilu.com\\\/it\\\/state-gia-andando-via\\\/#primaryimage\",\"url\":\"https:\\\/\\\/frutilu.com\\\/wp-content\\\/uploads\\\/2024\\\/06\\\/sad.gif\",\"contentUrl\":\"https:\\\/\\\/frutilu.com\\\/wp-content\\\/uploads\\\/2024\\\/06\\\/sad.gif\"},{\"@type\":\"WebSite\",\"@id\":\"https:\\\/\\\/frutilu.com\\\/it\\\/#website\",\"url\":\"https:\\\/\\\/frutilu.com\\\/it\\\/\",\"name\":\"Frutilu.com\",\"description\":\"Stay hydrated!\",\"publisher\":{\"@id\":\"https:\\\/\\\/frutilu.com\\\/it\\\/#organization\"},\"potentialAction\":[{\"@type\":\"SearchAction\",\"target\":{\"@type\":\"EntryPoint\",\"urlTemplate\":\"https:\\\/\\\/frutilu.com\\\/it\\\/?s={search_term_string}\"},\"query-input\":{\"@type\":\"PropertyValueSpecification\",\"valueRequired\":true,\"valueName\":\"search_term_string\"}}],\"inLanguage\":\"it-IT\"},{\"@type\":\"Organization\",\"@id\":\"https:\\\/\\\/frutilu.com\\\/it\\\/#organization\",\"name\":\"Frutilu.com\",\"url\":\"https:\\\/\\\/frutilu.com\\\/it\\\/\",\"logo\":{\"@type\":\"ImageObject\",\"inLanguage\":\"it-IT\",\"@id\":\"https:\\\/\\\/frutilu.com\\\/it\\\/#\\\/schema\\\/logo\\\/image\\\/\",\"url\":\"https:\\\/\\\/frutilu.com\\\/wp-content\\\/uploads\\\/2024\\\/04\\\/frutilu-logo-BLK-02.png\",\"contentUrl\":\"https:\\\/\\\/frutilu.com\\\/wp-content\\\/uploads\\\/2024\\\/04\\\/frutilu-logo-BLK-02.png\",\"width\":1714,\"height\":571,\"caption\":\"Frutilu.com\"},\"image\":{\"@id\":\"https:\\\/\\\/frutilu.com\\\/it\\\/#\\\/schema\\\/logo\\\/image\\\/\"},\"sameAs\":[\"https:\\\/\\\/www.facebook.com\\\/people\\\/Frutilu-drinks\\\/61558194795721\\\/\",\"https:\\\/\\\/www.instagram.com\\\/frutilu_italia\",\"https:\\\/\\\/www.youtube.com\\\/@FrutiluDrinks\"]}]}<\/script>\n<!-- \/ Yoast SEO plugin. -->","yoast_head_json":{"title":"State gi\u00e0 andando via? - Frutilu.com","robots":{"index":"index","follow":"follow","max-snippet":"max-snippet:-1","max-image-preview":"max-image-preview:large","max-video-preview":"max-video-preview:-1"},"canonical":"https:\/\/frutilu.com\/it\/state-gia-andando-via\/","og_locale":"it_IT","og_type":"article","og_title":"State gi\u00e0 andando via? - Frutilu.com","og_description":"Annulla l\u2019iscrizione alla newsletter Addio e ci dispiace che stiate partendo! Attraverso il modulo a...","og_url":"https:\/\/frutilu.com\/it\/state-gia-andando-via\/","og_site_name":"Frutilu.com","article_publisher":"https:\/\/www.facebook.com\/people\/Frutilu-drinks\/61558194795721\/","article_modified_time":"2024-10-03T11:28:00+00:00","og_image":[{"url":"https:\/\/frutilu.com\/wp-content\/uploads\/2024\/06\/sad.gif","type":"","width":"","height":""}],"twitter_card":"summary_large_image","twitter_misc":{"Tempo di lettura stimato":"2 minuti"},"schema":{"@context":"https:\/\/schema.org","@graph":[{"@type":"WebPage","@id":"https:\/\/frutilu.com\/it\/state-gia-andando-via\/","url":"https:\/\/frutilu.com\/it\/state-gia-andando-via\/","name":"State gi\u00e0 andando via? - Frutilu.com","isPartOf":{"@id":"https:\/\/frutilu.com\/it\/#website"},"primaryImageOfPage":{"@id":"https:\/\/frutilu.com\/it\/state-gia-andando-via\/#primaryimage"},"image":{"@id":"https:\/\/frutilu.com\/it\/state-gia-andando-via\/#primaryimage"},"thumbnailUrl":"https:\/\/frutilu.com\/wp-content\/uploads\/2024\/06\/sad.gif","datePublished":"2024-06-26T23:26:16+00:00","dateModified":"2024-10-03T11:28:00+00:00","inLanguage":"it-IT","potentialAction":[{"@type":"ReadAction","target":["https:\/\/frutilu.com\/it\/state-gia-andando-via\/"]}]},{"@type":"ImageObject","inLanguage":"it-IT","@id":"https:\/\/frutilu.com\/it\/state-gia-andando-via\/#primaryimage","url":"https:\/\/frutilu.com\/wp-content\/uploads\/2024\/06\/sad.gif","contentUrl":"https:\/\/frutilu.com\/wp-content\/uploads\/2024\/06\/sad.gif"},{"@type":"WebSite","@id":"https:\/\/frutilu.com\/it\/#website","url":"https:\/\/frutilu.com\/it\/","name":"Frutilu.com","description":"Stay hydrated!","publisher":{"@id":"https:\/\/frutilu.com\/it\/#organization"},"potentialAction":[{"@type":"SearchAction","target":{"@type":"EntryPoint","urlTemplate":"https:\/\/frutilu.com\/it\/?s={search_term_string}"},"query-input":{"@type":"PropertyValueSpecification","valueRequired":true,"valueName":"search_term_string"}}],"inLanguage":"it-IT"},{"@type":"Organization","@id":"https:\/\/frutilu.com\/it\/#organization","name":"Frutilu.com","url":"https:\/\/frutilu.com\/it\/","logo":{"@type":"ImageObject","inLanguage":"it-IT","@id":"https:\/\/frutilu.com\/it\/#\/schema\/logo\/image\/","url":"https:\/\/frutilu.com\/wp-content\/uploads\/2024\/04\/frutilu-logo-BLK-02.png","contentUrl":"https:\/\/frutilu.com\/wp-content\/uploads\/2024\/04\/frutilu-logo-BLK-02.png","width":1714,"height":571,"caption":"Frutilu.com"},"image":{"@id":"https:\/\/frutilu.com\/it\/#\/schema\/logo\/image\/"},"sameAs":["https:\/\/www.facebook.com\/people\/Frutilu-drinks\/61558194795721\/","https:\/\/www.instagram.com\/frutilu_italia","https:\/\/www.youtube.com\/@FrutiluDrinks"]}]}},"_links":{"self":[{"href":"https:\/\/frutilu.com\/it\/wp-json\/wp\/v2\/pages\/8024","targetHints":{"allow":["GET"]}}],"collection":[{"href":"https:\/\/frutilu.com\/it\/wp-json\/wp\/v2\/pages"}],"about":[{"href":"https:\/\/frutilu.com\/it\/wp-json\/wp\/v2\/types\/page"}],"author":[{"embeddable":true,"href":"https:\/\/frutilu.com\/it\/wp-json\/wp\/v2\/users\/1"}],"replies":[{"embeddable":true,"href":"https:\/\/frutilu.com\/it\/wp-json\/wp\/v2\/comments?post=8024"}],"version-history":[{"count":0,"href":"https:\/\/frutilu.com\/it\/wp-json\/wp\/v2\/pages\/8024\/revisions"}],"wp:attachment":[{"href":"https:\/\/frutilu.com\/it\/wp-json\/wp\/v2\/media?parent=8024"}],"curies":[{"name":"wp","href":"https:\/\/api.w.org\/{rel}","templated":true}]}}