{"id":10502,"date":"2024-08-13T14:10:44","date_gmt":"2024-08-13T12:10:44","guid":{"rendered":"https:\/\/frutilu.com\/?post_type=product&#038;p=10502"},"modified":"2026-04-11T01:43:10","modified_gmt":"2026-04-10T23:43:10","slug":"frutilu-bevanda-istantanea-fruti-mix-box-33-x-10g","status":"publish","type":"product","link":"https:\/\/frutilu.com\/it\/prodotto\/frutilu-bevanda-istantanea-fruti-mix-box-33-x-10g\/","title":{"rendered":"Frutilu bevanda istantanea, Fruti mix box (33 x 10g)"},"content":{"rendered":"<p><strong>La scatola Frutilu contiene 33 bustine (3x frutti di bosco, 3x tropico, 3x ice tea limone, 3x ice tea pesca, 3x limone, 3x ananas, 3x mela verde, 3x arancia, 3x albicocca, 3x anguria, 3x limone-lime). Scegli il gusto che preferisci dal menu a tendina e aggiungilo al carrello.<\/strong><\/p>\n<p>Benvenuto nel mondo di bevande ricche e gustose di Frutilu che soddisfano la tua sete ovunque e in qualsiasi momento. Con un gusto di cui ti innamorerai subito e una praticit\u00e0 che ti semplificher\u00e0 la vita, Frutilu \u00e8 parte essenziale della vita attiva di tutti i giorni. Frutilu ha qualcosa per tutti i gusti, dall\u2019arancia succosa o dal sapore esotico tropicale, alla sempre popolare cola e al limone rinfrescante. Le bevande sono state attentamente progettate pensando a uno stile di vita sano, quindi non contengono zucchero e altri additivi non necessari. Grazie alla pratica confezione, queste bevande possono essere accompagnate ovunque anche in una piccola borsa o tasca.<\/p>\n<p>Frutilu \u00e8 una serie di bevande istantanee in polvere <strong>senza zucchero<\/strong>. Le bevande sono gustose e ricche di sapore e, con l\u2019aggiunta di <strong>vitamina C<\/strong>, aiutano a rafforzare il sistema immunitario. Grazie al loro sapore dolce, <strong>aiutano a ridurre l\u2019appetito per i cibi dolci<\/strong>, quindi sono di grande aiuto per chiunque voglia perdere peso e segua una <strong>dieta senza zucchero.<\/strong> Con i frullati Frutilu la preoccupazione per le calorie in eccesso \u00e8 finita!<\/p>\n<p>Grazie al suo gusto delizioso, Frutilu <strong>incoraggia anche a bere<\/strong>, quindi con il suo aiuto puoi raggiungere facilmente l\u2019assunzione giornaliera di liquidi raccomandata.<\/p>\n<p>Frutilu non contiene i classici zuccheri e dolcificanti come aspartame e acesulfame K, quindi rappresenta una gradita alternativa sul mercato delle bevande istantanee, che solitamente contengono molto zucchero e altri ingredienti inutili.<\/p>\n<p>Puoi preparare un <strong>minimo di 1,5 L di bevanda<\/strong> con una busta. Mescola il contenuto della busta con acqua, soda o qualsiasi altra bevanda a tua scelta. Puoi aggiungere cubetti di ghiaccio per un gusto migliore.<\/p>\n<p><em><strong>Consiglio:<\/strong> le bevande Frutilu possono essere utilizzate anche come ingrediente per piatti dolci, cocktail, frullati o anche gelati senza zucchero, poich\u00e9 arricchiscono ogni piatto grazie al loro gusto e aroma pieni.<\/em><\/p>\n<p><strong>Le bevande sono confezionate in comode buste. Peso netto 33 pz x 10 g.<\/strong><\/p>\n","protected":false},"excerpt":{"rendered":"<p>Bevanda istantanea in polvere Frutilu. La scatola Frutilu contiene 33 bustine di bevanda: 3x frutti&#8230;<\/p>\n","protected":false},"featured_media":21654,"comment_status":"open","ping_status":"closed","template":"","meta":[],"product_brand":[],"product_cat":[382,1155],"product_tag":[615,586,1304,1725],"class_list":{"0":"post-10502","1":"product","2":"type-product","3":"status-publish","4":"has-post-thumbnail","6":"product_cat-bevande","7":"product_cat-box-mix-it","8":"product_tag-box-it","9":"product_tag-frutilu","10":"product_tag-instant-napitek-it","11":"product_tag-miscela","13":"first","14":"instock","15":"sale","16":"taxable","17":"shipping-taxable","18":"purchasable","19":"product-type-simple"},"yoast_head":"<!-- This site is optimized with the Yoast SEO plugin v27.3 - https:\/\/yoast.com\/product\/yoast-seo-wordpress\/ -->\n<title>Frutilu bevanda istantanea, Fruti mix box (33 x 10g) - Frutilu.com<\/title>\n<meta name=\"description\" content=\"Goditi il gusto rinfrescante della bevanda istantanea Frutilu. Senza zucchero e con vitamina C aggiunta, \u00e8 ideale per uno stile di vita sano. La scatola Frutilu contiene 32 bustine un sapore di bevanda.\" \/>\n<meta name=\"robots\" content=\"index, follow, max-snippet:-1, max-image-preview:large, max-video-preview:-1\" \/>\n<link rel=\"canonical\" href=\"https:\/\/frutilu.com\/it\/prodotto\/frutilu-bevanda-istantanea-fruti-mix-box-33-x-10g\/\" \/>\n<meta property=\"og:locale\" content=\"it_IT\" \/>\n<meta property=\"og:type\" content=\"article\" \/>\n<meta property=\"og:title\" content=\"Frutilu bevanda istantanea, Fruti mix box (33 x 10g) - Frutilu.com\" \/>\n<meta property=\"og:description\" content=\"Goditi il gusto rinfrescante della bevanda istantanea Frutilu. Senza zucchero e con vitamina C aggiunta, \u00e8 ideale per uno stile di vita sano. La scatola Frutilu contiene 32 bustine un sapore di bevanda.\" \/>\n<meta property=\"og:url\" content=\"https:\/\/frutilu.com\/it\/prodotto\/frutilu-bevanda-istantanea-fruti-mix-box-33-x-10g\/\" \/>\n<meta property=\"og:site_name\" content=\"Frutilu.com\" \/>\n<meta property=\"article:publisher\" content=\"https:\/\/www.facebook.com\/people\/Frutilu-drinks\/61558194795721\/\" \/>\n<meta property=\"article:modified_time\" content=\"2026-04-10T23:43:10+00:00\" \/>\n<meta property=\"og:image\" content=\"https:\/\/frutilu.com\/wp-content\/uploads\/2025\/08\/novo-avgust-2025-11a.png\" \/>\n\t<meta property=\"og:image:width\" content=\"1024\" \/>\n\t<meta property=\"og:image:height\" content=\"1024\" \/>\n\t<meta property=\"og:image:type\" content=\"image\/png\" \/>\n<meta name=\"twitter:card\" content=\"summary_large_image\" \/>\n<meta name=\"twitter:label1\" content=\"Tempo di lettura stimato\" \/>\n\t<meta name=\"twitter:data1\" content=\"3 minuti\" \/>\n<script type=\"application\/ld+json\" class=\"yoast-schema-graph\">{\"@context\":\"https:\\\/\\\/schema.org\",\"@graph\":[{\"@type\":\"WebPage\",\"@id\":\"https:\\\/\\\/frutilu.com\\\/it\\\/prodotto\\\/frutilu-bevanda-istantanea-fruti-mix-box-33-x-10g\\\/\",\"url\":\"https:\\\/\\\/frutilu.com\\\/it\\\/prodotto\\\/frutilu-bevanda-istantanea-fruti-mix-box-33-x-10g\\\/\",\"name\":\"Frutilu bevanda istantanea, Fruti mix box (33 x 10g) - Frutilu.com\",\"isPartOf\":{\"@id\":\"https:\\\/\\\/frutilu.com\\\/it\\\/#website\"},\"primaryImageOfPage\":{\"@id\":\"https:\\\/\\\/frutilu.com\\\/it\\\/prodotto\\\/frutilu-bevanda-istantanea-fruti-mix-box-33-x-10g\\\/#primaryimage\"},\"image\":{\"@id\":\"https:\\\/\\\/frutilu.com\\\/it\\\/prodotto\\\/frutilu-bevanda-istantanea-fruti-mix-box-33-x-10g\\\/#primaryimage\"},\"thumbnailUrl\":\"https:\\\/\\\/frutilu.com\\\/wp-content\\\/uploads\\\/2025\\\/08\\\/novo-avgust-2025-11a.png\",\"datePublished\":\"2024-08-13T12:10:44+00:00\",\"dateModified\":\"2026-04-10T23:43:10+00:00\",\"description\":\"Goditi il gusto rinfrescante della bevanda istantanea Frutilu. Senza zucchero e con vitamina C aggiunta, \u00e8 ideale per uno stile di vita sano. La scatola Frutilu contiene 32 bustine un sapore di bevanda.\",\"breadcrumb\":{\"@id\":\"https:\\\/\\\/frutilu.com\\\/it\\\/prodotto\\\/frutilu-bevanda-istantanea-fruti-mix-box-33-x-10g\\\/#breadcrumb\"},\"inLanguage\":\"it-IT\",\"potentialAction\":[{\"@type\":\"ReadAction\",\"target\":[\"https:\\\/\\\/frutilu.com\\\/it\\\/prodotto\\\/frutilu-bevanda-istantanea-fruti-mix-box-33-x-10g\\\/\"]}]},{\"@type\":\"ImageObject\",\"inLanguage\":\"it-IT\",\"@id\":\"https:\\\/\\\/frutilu.com\\\/it\\\/prodotto\\\/frutilu-bevanda-istantanea-fruti-mix-box-33-x-10g\\\/#primaryimage\",\"url\":\"https:\\\/\\\/frutilu.com\\\/wp-content\\\/uploads\\\/2025\\\/08\\\/novo-avgust-2025-11a.png\",\"contentUrl\":\"https:\\\/\\\/frutilu.com\\\/wp-content\\\/uploads\\\/2025\\\/08\\\/novo-avgust-2025-11a.png\",\"width\":1024,\"height\":1024},{\"@type\":\"BreadcrumbList\",\"@id\":\"https:\\\/\\\/frutilu.com\\\/it\\\/prodotto\\\/frutilu-bevanda-istantanea-fruti-mix-box-33-x-10g\\\/#breadcrumb\",\"itemListElement\":[{\"@type\":\"ListItem\",\"position\":1,\"name\":\"Negozio\",\"item\":\"https:\\\/\\\/frutilu.com\\\/it\\\/negozio\\\/\"},{\"@type\":\"ListItem\",\"position\":2,\"name\":\"Frutilu bevanda istantanea, Fruti mix box (33 x 10g)\"}]},{\"@type\":\"WebSite\",\"@id\":\"https:\\\/\\\/frutilu.com\\\/it\\\/#website\",\"url\":\"https:\\\/\\\/frutilu.com\\\/it\\\/\",\"name\":\"Frutilu.com\",\"description\":\"Stay hydrated!\",\"publisher\":{\"@id\":\"https:\\\/\\\/frutilu.com\\\/it\\\/#organization\"},\"potentialAction\":[{\"@type\":\"SearchAction\",\"target\":{\"@type\":\"EntryPoint\",\"urlTemplate\":\"https:\\\/\\\/frutilu.com\\\/it\\\/?s={search_term_string}\"},\"query-input\":{\"@type\":\"PropertyValueSpecification\",\"valueRequired\":true,\"valueName\":\"search_term_string\"}}],\"inLanguage\":\"it-IT\"},{\"@type\":\"Organization\",\"@id\":\"https:\\\/\\\/frutilu.com\\\/it\\\/#organization\",\"name\":\"Frutilu.com\",\"url\":\"https:\\\/\\\/frutilu.com\\\/it\\\/\",\"logo\":{\"@type\":\"ImageObject\",\"inLanguage\":\"it-IT\",\"@id\":\"https:\\\/\\\/frutilu.com\\\/it\\\/#\\\/schema\\\/logo\\\/image\\\/\",\"url\":\"https:\\\/\\\/frutilu.com\\\/wp-content\\\/uploads\\\/2024\\\/04\\\/frutilu-logo-BLK-02.png\",\"contentUrl\":\"https:\\\/\\\/frutilu.com\\\/wp-content\\\/uploads\\\/2024\\\/04\\\/frutilu-logo-BLK-02.png\",\"width\":1714,\"height\":571,\"caption\":\"Frutilu.com\"},\"image\":{\"@id\":\"https:\\\/\\\/frutilu.com\\\/it\\\/#\\\/schema\\\/logo\\\/image\\\/\"},\"sameAs\":[\"https:\\\/\\\/www.facebook.com\\\/people\\\/Frutilu-drinks\\\/61558194795721\\\/\",\"https:\\\/\\\/www.instagram.com\\\/frutilu_italia\",\"https:\\\/\\\/www.youtube.com\\\/@FrutiluDrinks\"]}]}<\/script>\n<!-- \/ Yoast SEO plugin. -->","yoast_head_json":{"title":"Frutilu bevanda istantanea, Fruti mix box (33 x 10g) - Frutilu.com","description":"Goditi il gusto rinfrescante della bevanda istantanea Frutilu. Senza zucchero e con vitamina C aggiunta, \u00e8 ideale per uno stile di vita sano. La scatola Frutilu contiene 32 bustine un sapore di bevanda.","robots":{"index":"index","follow":"follow","max-snippet":"max-snippet:-1","max-image-preview":"max-image-preview:large","max-video-preview":"max-video-preview:-1"},"canonical":"https:\/\/frutilu.com\/it\/prodotto\/frutilu-bevanda-istantanea-fruti-mix-box-33-x-10g\/","og_locale":"it_IT","og_type":"article","og_title":"Frutilu bevanda istantanea, Fruti mix box (33 x 10g) - Frutilu.com","og_description":"Goditi il gusto rinfrescante della bevanda istantanea Frutilu. Senza zucchero e con vitamina C aggiunta, \u00e8 ideale per uno stile di vita sano. La scatola Frutilu contiene 32 bustine un sapore di bevanda.","og_url":"https:\/\/frutilu.com\/it\/prodotto\/frutilu-bevanda-istantanea-fruti-mix-box-33-x-10g\/","og_site_name":"Frutilu.com","article_publisher":"https:\/\/www.facebook.com\/people\/Frutilu-drinks\/61558194795721\/","article_modified_time":"2026-04-10T23:43:10+00:00","og_image":[{"width":1024,"height":1024,"url":"https:\/\/frutilu.com\/wp-content\/uploads\/2025\/08\/novo-avgust-2025-11a.png","type":"image\/png"}],"twitter_card":"summary_large_image","twitter_misc":{"Tempo di lettura stimato":"3 minuti"},"schema":{"@context":"https:\/\/schema.org","@graph":[{"@type":"WebPage","@id":"https:\/\/frutilu.com\/it\/prodotto\/frutilu-bevanda-istantanea-fruti-mix-box-33-x-10g\/","url":"https:\/\/frutilu.com\/it\/prodotto\/frutilu-bevanda-istantanea-fruti-mix-box-33-x-10g\/","name":"Frutilu bevanda istantanea, Fruti mix box (33 x 10g) - Frutilu.com","isPartOf":{"@id":"https:\/\/frutilu.com\/it\/#website"},"primaryImageOfPage":{"@id":"https:\/\/frutilu.com\/it\/prodotto\/frutilu-bevanda-istantanea-fruti-mix-box-33-x-10g\/#primaryimage"},"image":{"@id":"https:\/\/frutilu.com\/it\/prodotto\/frutilu-bevanda-istantanea-fruti-mix-box-33-x-10g\/#primaryimage"},"thumbnailUrl":"https:\/\/frutilu.com\/wp-content\/uploads\/2025\/08\/novo-avgust-2025-11a.png","datePublished":"2024-08-13T12:10:44+00:00","dateModified":"2026-04-10T23:43:10+00:00","description":"Goditi il gusto rinfrescante della bevanda istantanea Frutilu. Senza zucchero e con vitamina C aggiunta, \u00e8 ideale per uno stile di vita sano. La scatola Frutilu contiene 32 bustine un sapore di bevanda.","breadcrumb":{"@id":"https:\/\/frutilu.com\/it\/prodotto\/frutilu-bevanda-istantanea-fruti-mix-box-33-x-10g\/#breadcrumb"},"inLanguage":"it-IT","potentialAction":[{"@type":"ReadAction","target":["https:\/\/frutilu.com\/it\/prodotto\/frutilu-bevanda-istantanea-fruti-mix-box-33-x-10g\/"]}]},{"@type":"ImageObject","inLanguage":"it-IT","@id":"https:\/\/frutilu.com\/it\/prodotto\/frutilu-bevanda-istantanea-fruti-mix-box-33-x-10g\/#primaryimage","url":"https:\/\/frutilu.com\/wp-content\/uploads\/2025\/08\/novo-avgust-2025-11a.png","contentUrl":"https:\/\/frutilu.com\/wp-content\/uploads\/2025\/08\/novo-avgust-2025-11a.png","width":1024,"height":1024},{"@type":"BreadcrumbList","@id":"https:\/\/frutilu.com\/it\/prodotto\/frutilu-bevanda-istantanea-fruti-mix-box-33-x-10g\/#breadcrumb","itemListElement":[{"@type":"ListItem","position":1,"name":"Negozio","item":"https:\/\/frutilu.com\/it\/negozio\/"},{"@type":"ListItem","position":2,"name":"Frutilu bevanda istantanea, Fruti mix box (33 x 10g)"}]},{"@type":"WebSite","@id":"https:\/\/frutilu.com\/it\/#website","url":"https:\/\/frutilu.com\/it\/","name":"Frutilu.com","description":"Stay hydrated!","publisher":{"@id":"https:\/\/frutilu.com\/it\/#organization"},"potentialAction":[{"@type":"SearchAction","target":{"@type":"EntryPoint","urlTemplate":"https:\/\/frutilu.com\/it\/?s={search_term_string}"},"query-input":{"@type":"PropertyValueSpecification","valueRequired":true,"valueName":"search_term_string"}}],"inLanguage":"it-IT"},{"@type":"Organization","@id":"https:\/\/frutilu.com\/it\/#organization","name":"Frutilu.com","url":"https:\/\/frutilu.com\/it\/","logo":{"@type":"ImageObject","inLanguage":"it-IT","@id":"https:\/\/frutilu.com\/it\/#\/schema\/logo\/image\/","url":"https:\/\/frutilu.com\/wp-content\/uploads\/2024\/04\/frutilu-logo-BLK-02.png","contentUrl":"https:\/\/frutilu.com\/wp-content\/uploads\/2024\/04\/frutilu-logo-BLK-02.png","width":1714,"height":571,"caption":"Frutilu.com"},"image":{"@id":"https:\/\/frutilu.com\/it\/#\/schema\/logo\/image\/"},"sameAs":["https:\/\/www.facebook.com\/people\/Frutilu-drinks\/61558194795721\/","https:\/\/www.instagram.com\/frutilu_italia","https:\/\/www.youtube.com\/@FrutiluDrinks"]}]}},"tiered_pricing_type":"fixed","tiered_pricing_fixed_rules":[],"tiered_pricing_product_settings":{"layout":"default","base_unit_name":{"singular":null,"plural":null},"default_variation":null},"tiered_pricing_minimum_quantity":null,"tiered_pricing_roles_data":[],"tiered_pricing_percentage_rules":[],"tiered_pricing_maximum_quantity":null,"tiered_pricing_quantity_step":null,"_links":{"self":[{"href":"https:\/\/frutilu.com\/it\/wp-json\/wp\/v2\/product\/10502","targetHints":{"allow":["GET"]}}],"collection":[{"href":"https:\/\/frutilu.com\/it\/wp-json\/wp\/v2\/product"}],"about":[{"href":"https:\/\/frutilu.com\/it\/wp-json\/wp\/v2\/types\/product"}],"replies":[{"embeddable":true,"href":"https:\/\/frutilu.com\/it\/wp-json\/wp\/v2\/comments?post=10502"}],"wp:featuredmedia":[{"embeddable":true,"href":"https:\/\/frutilu.com\/it\/wp-json\/wp\/v2\/media\/21654"}],"wp:attachment":[{"href":"https:\/\/frutilu.com\/it\/wp-json\/wp\/v2\/media?parent=10502"}],"wp:term":[{"taxonomy":"product_brand","embeddable":true,"href":"https:\/\/frutilu.com\/it\/wp-json\/wp\/v2\/product_brand?post=10502"},{"taxonomy":"product_cat","embeddable":true,"href":"https:\/\/frutilu.com\/it\/wp-json\/wp\/v2\/product_cat?post=10502"},{"taxonomy":"product_tag","embeddable":true,"href":"https:\/\/frutilu.com\/it\/wp-json\/wp\/v2\/product_tag?post=10502"}],"curies":[{"name":"wp","href":"https:\/\/api.w.org\/{rel}","templated":true}]}}