{"id":6273,"date":"2024-05-21T12:59:35","date_gmt":"2024-05-21T10:59:35","guid":{"rendered":"https:\/\/frutilu.com\/?post_type=product&#038;p=6273"},"modified":"2024-12-10T10:31:25","modified_gmt":"2024-12-10T09:31:25","slug":"mini-borsa-frigo-frutilu-in-materiale-riciclato-4-l","status":"publish","type":"product","link":"https:\/\/frutilu.com\/it\/prodotto\/mini-borsa-frigo-frutilu-in-materiale-riciclato-4-l\/","title":{"rendered":"Mini borsa frigo Frutilu in materiale riciclato (4 L)"},"content":{"rendered":"<p>Questa mini borsa termica realizzata in materiale riciclato \u00e8 una versione pi\u00f9 piccola della classica borsa termica. \u00c8 una scelta eccellente per chiunque abbia bisogno di una soluzione compatta per raffreddare piccole quantit\u00e0 di cibi e bevande. La borsa \u00e8 ideale per l&#8217;uso in viaggio, al lavoro o durante un picnic. Ha una comoda tasca esterna per riporre gli oggetti pi\u00f9 piccoli.<\/p>\n<p><strong>Istruzioni per la cura:<\/strong> la borsa ha un interno liscio che pu\u00f2 essere pulito con un panno umido. La borsa non deve essere lavata in lavatrice o asciugata in asciugatrice. Senza l&#8217;uso di detersivi.<br \/>\n<strong>Materiale borsa:<\/strong> 100% poliestere (600D, riciclato)<br \/>\n<strong>Fodera interna:<\/strong> 100% polietilene vinil acetato (PEVA), senza BPA<br \/>\n<strong>Dimensioni:<\/strong> 24 x 17 x 17 cm<br \/>\n<strong>Peso:<\/strong> 220 g<\/p>\n","protected":false},"excerpt":{"rendered":"<p>Mini borsa termica Frutilu realizzata in materiale riciclato. Questa mini borsa termica realizzata in materiale&#8230;<\/p>\n","protected":false},"featured_media":8838,"comment_status":"open","ping_status":"closed","template":"","meta":[],"product_brand":[],"product_cat":[384,557],"product_tag":[640,586],"class_list":{"0":"post-6273","1":"product","2":"type-product","3":"status-publish","4":"has-post-thumbnail","6":"product_cat-altro","7":"product_cat-borse","8":"product_tag-borsa-termica","9":"product_tag-frutilu","11":"first","12":"instock","13":"taxable","14":"shipping-taxable","15":"purchasable","16":"product-type-simple"},"yoast_head":"<!-- This site is optimized with the Yoast SEO plugin v27.4 - https:\/\/yoast.com\/product\/yoast-seo-wordpress\/ -->\n<title>Mini borsa frigo Frutilu in materiale riciclato (4 L) - Frutilu.com<\/title>\n<meta name=\"description\" content=\"Questa mini borsa termica realizzata in materiale riciclato \u00e8 una versione pi\u00f9 piccola della classica borsa termica. La borsa \u00e8 ideale per l&#039;uso in viaggio, al lavoro o durante un picnic.\" \/>\n<meta name=\"robots\" content=\"index, follow, max-snippet:-1, max-image-preview:large, max-video-preview:-1\" \/>\n<link rel=\"canonical\" href=\"https:\/\/frutilu.com\/it\/prodotto\/mini-borsa-frigo-frutilu-in-materiale-riciclato-4-l\/\" \/>\n<meta property=\"og:locale\" content=\"it_IT\" \/>\n<meta property=\"og:type\" content=\"article\" \/>\n<meta property=\"og:title\" content=\"Mini borsa frigo Frutilu in materiale riciclato (4 L) - Frutilu.com\" \/>\n<meta property=\"og:description\" content=\"Questa mini borsa termica realizzata in materiale riciclato \u00e8 una versione pi\u00f9 piccola della classica borsa termica. La borsa \u00e8 ideale per l&#039;uso in viaggio, al lavoro o durante un picnic.\" \/>\n<meta property=\"og:url\" content=\"https:\/\/frutilu.com\/it\/prodotto\/mini-borsa-frigo-frutilu-in-materiale-riciclato-4-l\/\" \/>\n<meta property=\"og:site_name\" content=\"Frutilu.com\" \/>\n<meta property=\"article:publisher\" content=\"https:\/\/www.facebook.com\/people\/Frutilu-drinks\/61558194795721\/\" \/>\n<meta property=\"article:modified_time\" content=\"2024-12-10T09:31:25+00:00\" \/>\n<meta property=\"og:image\" content=\"https:\/\/frutilu.com\/wp-content\/uploads\/2024\/05\/mini-cooler-bag-jpg.webp\" \/>\n\t<meta property=\"og:image:width\" content=\"1391\" \/>\n\t<meta property=\"og:image:height\" content=\"1772\" \/>\n\t<meta property=\"og:image:type\" content=\"image\/jpeg\" \/>\n<meta name=\"twitter:card\" content=\"summary_large_image\" \/>\n<meta name=\"twitter:label1\" content=\"Tempo di lettura stimato\" \/>\n\t<meta name=\"twitter:data1\" content=\"1 minuto\" \/>\n<script type=\"application\/ld+json\" class=\"yoast-schema-graph\">{\"@context\":\"https:\\\/\\\/schema.org\",\"@graph\":[{\"@type\":\"WebPage\",\"@id\":\"https:\\\/\\\/frutilu.com\\\/it\\\/prodotto\\\/mini-borsa-frigo-frutilu-in-materiale-riciclato-4-l\\\/\",\"url\":\"https:\\\/\\\/frutilu.com\\\/it\\\/prodotto\\\/mini-borsa-frigo-frutilu-in-materiale-riciclato-4-l\\\/\",\"name\":\"Mini borsa frigo Frutilu in materiale riciclato (4 L) - Frutilu.com\",\"isPartOf\":{\"@id\":\"https:\\\/\\\/frutilu.com\\\/it\\\/#website\"},\"primaryImageOfPage\":{\"@id\":\"https:\\\/\\\/frutilu.com\\\/it\\\/prodotto\\\/mini-borsa-frigo-frutilu-in-materiale-riciclato-4-l\\\/#primaryimage\"},\"image\":{\"@id\":\"https:\\\/\\\/frutilu.com\\\/it\\\/prodotto\\\/mini-borsa-frigo-frutilu-in-materiale-riciclato-4-l\\\/#primaryimage\"},\"thumbnailUrl\":\"https:\\\/\\\/frutilu.com\\\/wp-content\\\/uploads\\\/2024\\\/05\\\/mini-cooler-bag-jpg.webp\",\"datePublished\":\"2024-05-21T10:59:35+00:00\",\"dateModified\":\"2024-12-10T09:31:25+00:00\",\"description\":\"Questa mini borsa termica realizzata in materiale riciclato \u00e8 una versione pi\u00f9 piccola della classica borsa termica. La borsa \u00e8 ideale per l'uso in viaggio, al lavoro o durante un picnic.\",\"breadcrumb\":{\"@id\":\"https:\\\/\\\/frutilu.com\\\/it\\\/prodotto\\\/mini-borsa-frigo-frutilu-in-materiale-riciclato-4-l\\\/#breadcrumb\"},\"inLanguage\":\"it-IT\",\"potentialAction\":[{\"@type\":\"ReadAction\",\"target\":[\"https:\\\/\\\/frutilu.com\\\/it\\\/prodotto\\\/mini-borsa-frigo-frutilu-in-materiale-riciclato-4-l\\\/\"]}]},{\"@type\":\"ImageObject\",\"inLanguage\":\"it-IT\",\"@id\":\"https:\\\/\\\/frutilu.com\\\/it\\\/prodotto\\\/mini-borsa-frigo-frutilu-in-materiale-riciclato-4-l\\\/#primaryimage\",\"url\":\"https:\\\/\\\/frutilu.com\\\/wp-content\\\/uploads\\\/2024\\\/05\\\/mini-cooler-bag-jpg.webp\",\"contentUrl\":\"https:\\\/\\\/frutilu.com\\\/wp-content\\\/uploads\\\/2024\\\/05\\\/mini-cooler-bag-jpg.webp\",\"width\":1391,\"height\":1772},{\"@type\":\"BreadcrumbList\",\"@id\":\"https:\\\/\\\/frutilu.com\\\/it\\\/prodotto\\\/mini-borsa-frigo-frutilu-in-materiale-riciclato-4-l\\\/#breadcrumb\",\"itemListElement\":[{\"@type\":\"ListItem\",\"position\":1,\"name\":\"Negozio\",\"item\":\"https:\\\/\\\/frutilu.com\\\/it\\\/negozio\\\/\"},{\"@type\":\"ListItem\",\"position\":2,\"name\":\"Mini borsa frigo Frutilu in materiale riciclato (4 L)\"}]},{\"@type\":\"WebSite\",\"@id\":\"https:\\\/\\\/frutilu.com\\\/it\\\/#website\",\"url\":\"https:\\\/\\\/frutilu.com\\\/it\\\/\",\"name\":\"Frutilu.com\",\"description\":\"Stay hydrated!\",\"publisher\":{\"@id\":\"https:\\\/\\\/frutilu.com\\\/it\\\/#organization\"},\"potentialAction\":[{\"@type\":\"SearchAction\",\"target\":{\"@type\":\"EntryPoint\",\"urlTemplate\":\"https:\\\/\\\/frutilu.com\\\/it\\\/?s={search_term_string}\"},\"query-input\":{\"@type\":\"PropertyValueSpecification\",\"valueRequired\":true,\"valueName\":\"search_term_string\"}}],\"inLanguage\":\"it-IT\"},{\"@type\":\"Organization\",\"@id\":\"https:\\\/\\\/frutilu.com\\\/it\\\/#organization\",\"name\":\"Frutilu.com\",\"url\":\"https:\\\/\\\/frutilu.com\\\/it\\\/\",\"logo\":{\"@type\":\"ImageObject\",\"inLanguage\":\"it-IT\",\"@id\":\"https:\\\/\\\/frutilu.com\\\/it\\\/#\\\/schema\\\/logo\\\/image\\\/\",\"url\":\"https:\\\/\\\/frutilu.com\\\/wp-content\\\/uploads\\\/2024\\\/04\\\/frutilu-logo-BLK-02.png\",\"contentUrl\":\"https:\\\/\\\/frutilu.com\\\/wp-content\\\/uploads\\\/2024\\\/04\\\/frutilu-logo-BLK-02.png\",\"width\":1714,\"height\":571,\"caption\":\"Frutilu.com\"},\"image\":{\"@id\":\"https:\\\/\\\/frutilu.com\\\/it\\\/#\\\/schema\\\/logo\\\/image\\\/\"},\"sameAs\":[\"https:\\\/\\\/www.facebook.com\\\/people\\\/Frutilu-drinks\\\/61558194795721\\\/\",\"https:\\\/\\\/www.instagram.com\\\/frutilu_italia\",\"https:\\\/\\\/www.youtube.com\\\/@FrutiluDrinks\"]}]}<\/script>\n<!-- \/ Yoast SEO plugin. -->","yoast_head_json":{"title":"Mini borsa frigo Frutilu in materiale riciclato (4 L) - Frutilu.com","description":"Questa mini borsa termica realizzata in materiale riciclato \u00e8 una versione pi\u00f9 piccola della classica borsa termica. La borsa \u00e8 ideale per l'uso in viaggio, al lavoro o durante un picnic.","robots":{"index":"index","follow":"follow","max-snippet":"max-snippet:-1","max-image-preview":"max-image-preview:large","max-video-preview":"max-video-preview:-1"},"canonical":"https:\/\/frutilu.com\/it\/prodotto\/mini-borsa-frigo-frutilu-in-materiale-riciclato-4-l\/","og_locale":"it_IT","og_type":"article","og_title":"Mini borsa frigo Frutilu in materiale riciclato (4 L) - Frutilu.com","og_description":"Questa mini borsa termica realizzata in materiale riciclato \u00e8 una versione pi\u00f9 piccola della classica borsa termica. La borsa \u00e8 ideale per l'uso in viaggio, al lavoro o durante un picnic.","og_url":"https:\/\/frutilu.com\/it\/prodotto\/mini-borsa-frigo-frutilu-in-materiale-riciclato-4-l\/","og_site_name":"Frutilu.com","article_publisher":"https:\/\/www.facebook.com\/people\/Frutilu-drinks\/61558194795721\/","article_modified_time":"2024-12-10T09:31:25+00:00","og_image":[{"width":1391,"height":1772,"url":"https:\/\/frutilu.com\/wp-content\/uploads\/2024\/05\/mini-cooler-bag-jpg.webp","type":"image\/jpeg"}],"twitter_card":"summary_large_image","twitter_misc":{"Tempo di lettura stimato":"1 minuto"},"schema":{"@context":"https:\/\/schema.org","@graph":[{"@type":"WebPage","@id":"https:\/\/frutilu.com\/it\/prodotto\/mini-borsa-frigo-frutilu-in-materiale-riciclato-4-l\/","url":"https:\/\/frutilu.com\/it\/prodotto\/mini-borsa-frigo-frutilu-in-materiale-riciclato-4-l\/","name":"Mini borsa frigo Frutilu in materiale riciclato (4 L) - Frutilu.com","isPartOf":{"@id":"https:\/\/frutilu.com\/it\/#website"},"primaryImageOfPage":{"@id":"https:\/\/frutilu.com\/it\/prodotto\/mini-borsa-frigo-frutilu-in-materiale-riciclato-4-l\/#primaryimage"},"image":{"@id":"https:\/\/frutilu.com\/it\/prodotto\/mini-borsa-frigo-frutilu-in-materiale-riciclato-4-l\/#primaryimage"},"thumbnailUrl":"https:\/\/frutilu.com\/wp-content\/uploads\/2024\/05\/mini-cooler-bag-jpg.webp","datePublished":"2024-05-21T10:59:35+00:00","dateModified":"2024-12-10T09:31:25+00:00","description":"Questa mini borsa termica realizzata in materiale riciclato \u00e8 una versione pi\u00f9 piccola della classica borsa termica. La borsa \u00e8 ideale per l'uso in viaggio, al lavoro o durante un picnic.","breadcrumb":{"@id":"https:\/\/frutilu.com\/it\/prodotto\/mini-borsa-frigo-frutilu-in-materiale-riciclato-4-l\/#breadcrumb"},"inLanguage":"it-IT","potentialAction":[{"@type":"ReadAction","target":["https:\/\/frutilu.com\/it\/prodotto\/mini-borsa-frigo-frutilu-in-materiale-riciclato-4-l\/"]}]},{"@type":"ImageObject","inLanguage":"it-IT","@id":"https:\/\/frutilu.com\/it\/prodotto\/mini-borsa-frigo-frutilu-in-materiale-riciclato-4-l\/#primaryimage","url":"https:\/\/frutilu.com\/wp-content\/uploads\/2024\/05\/mini-cooler-bag-jpg.webp","contentUrl":"https:\/\/frutilu.com\/wp-content\/uploads\/2024\/05\/mini-cooler-bag-jpg.webp","width":1391,"height":1772},{"@type":"BreadcrumbList","@id":"https:\/\/frutilu.com\/it\/prodotto\/mini-borsa-frigo-frutilu-in-materiale-riciclato-4-l\/#breadcrumb","itemListElement":[{"@type":"ListItem","position":1,"name":"Negozio","item":"https:\/\/frutilu.com\/it\/negozio\/"},{"@type":"ListItem","position":2,"name":"Mini borsa frigo Frutilu in materiale riciclato (4 L)"}]},{"@type":"WebSite","@id":"https:\/\/frutilu.com\/it\/#website","url":"https:\/\/frutilu.com\/it\/","name":"Frutilu.com","description":"Stay hydrated!","publisher":{"@id":"https:\/\/frutilu.com\/it\/#organization"},"potentialAction":[{"@type":"SearchAction","target":{"@type":"EntryPoint","urlTemplate":"https:\/\/frutilu.com\/it\/?s={search_term_string}"},"query-input":{"@type":"PropertyValueSpecification","valueRequired":true,"valueName":"search_term_string"}}],"inLanguage":"it-IT"},{"@type":"Organization","@id":"https:\/\/frutilu.com\/it\/#organization","name":"Frutilu.com","url":"https:\/\/frutilu.com\/it\/","logo":{"@type":"ImageObject","inLanguage":"it-IT","@id":"https:\/\/frutilu.com\/it\/#\/schema\/logo\/image\/","url":"https:\/\/frutilu.com\/wp-content\/uploads\/2024\/04\/frutilu-logo-BLK-02.png","contentUrl":"https:\/\/frutilu.com\/wp-content\/uploads\/2024\/04\/frutilu-logo-BLK-02.png","width":1714,"height":571,"caption":"Frutilu.com"},"image":{"@id":"https:\/\/frutilu.com\/it\/#\/schema\/logo\/image\/"},"sameAs":["https:\/\/www.facebook.com\/people\/Frutilu-drinks\/61558194795721\/","https:\/\/www.instagram.com\/frutilu_italia","https:\/\/www.youtube.com\/@FrutiluDrinks"]}]}},"tiered_pricing_type":"fixed","tiered_pricing_fixed_rules":[],"tiered_pricing_product_settings":{"layout":"default","base_unit_name":{"singular":null,"plural":null},"default_variation":null},"tiered_pricing_minimum_quantity":null,"tiered_pricing_roles_data":[],"tiered_pricing_percentage_rules":[],"tiered_pricing_maximum_quantity":null,"tiered_pricing_quantity_step":null,"_links":{"self":[{"href":"https:\/\/frutilu.com\/it\/wp-json\/wp\/v2\/product\/6273","targetHints":{"allow":["GET"]}}],"collection":[{"href":"https:\/\/frutilu.com\/it\/wp-json\/wp\/v2\/product"}],"about":[{"href":"https:\/\/frutilu.com\/it\/wp-json\/wp\/v2\/types\/product"}],"replies":[{"embeddable":true,"href":"https:\/\/frutilu.com\/it\/wp-json\/wp\/v2\/comments?post=6273"}],"wp:featuredmedia":[{"embeddable":true,"href":"https:\/\/frutilu.com\/it\/wp-json\/wp\/v2\/media\/8838"}],"wp:attachment":[{"href":"https:\/\/frutilu.com\/it\/wp-json\/wp\/v2\/media?parent=6273"}],"wp:term":[{"taxonomy":"product_brand","embeddable":true,"href":"https:\/\/frutilu.com\/it\/wp-json\/wp\/v2\/product_brand?post=6273"},{"taxonomy":"product_cat","embeddable":true,"href":"https:\/\/frutilu.com\/it\/wp-json\/wp\/v2\/product_cat?post=6273"},{"taxonomy":"product_tag","embeddable":true,"href":"https:\/\/frutilu.com\/it\/wp-json\/wp\/v2\/product_tag?post=6273"}],"curies":[{"name":"wp","href":"https:\/\/api.w.org\/{rel}","templated":true}]}}